    {"id":114,"date":"2024-10-23T10:13:36","date_gmt":"2024-10-23T14:13:41","guid":{"rendered":"\/?page_id=114"},"modified":"2026-04-06T11:03:19","modified_gmt":"2026-04-06T15:03:19","slug":"paiements-en-ligne","status":"publish","type":"page","link":"https:\/\/uat.antechdiagnostics.com\/fr_ca\/imaging-equipment\/online-payments\/","title":{"rendered":"Paiements en ligne"},"content":{"rendered":"<div style=\"background-image:url(&apos;\/wp-content\/themes\/antech2024\/assets\/images\/cover.png&apos;);background-size:cover;\" class=\"wp-block-group alignfull is-section-banner is-layout-flow wp-block-group-is-layout-flow has-background\">\n<div class=\"wp-block-group alignwide has-global-padding is-content-justification-left is-layout-constrained wp-container-core-group-is-layout-12dd3699 wp-block-group-is-layout-constrained\">\n<div class=\"wp-block-group has-global-padding is-content-justification-left is-layout-constrained wp-container-core-group-is-layout-12dd3699 wp-block-group-is-layout-constrained\">\n<h1 class=\"wp-block-heading is-style-display-primary-bold\">Paiements en ligne pour les \u00e9quipements d&#039;imagerie<\/h1>\n<\/div>\n<\/div>\n<\/div>\n\n\n\n<div class=\"wp-block-group alignfull has-background is-layout-flow wp-block-group-is-layout-flow\" id=\"payments-banner-group-outer\" style=\"background-color:#fcb900;padding-top:24px;padding-bottom:24px\">\n<div id=\"payments-banner-group-inner\" class=\"wp-block-group has-global-padding is-layout-constrained wp-block-group-is-layout-constrained\">\n<p>La facturation Sound Powered by Antech sera interrompue via le site web le 1er mai 2026, Antech passant \u00e0 un syst\u00e8me de facturation unifi\u00e9.<\/p>\n\n\n\n<p>Vous auriez d\u00fb recevoir r\u00e9cemment par courrier votre nouveau num\u00e9ro de compte AH et les d\u00e9tails de la facturation simplifi\u00e9e, y compris une politique de facturation standardis\u00e9e.<\/p>\n\n\n\n<p><strong>Veuillez vous inscrire \u00e0 <a href=\"https:\/\/www.e-billexpress.com\/ebpp\/AntechSDxBP\/Login\/\" rel=\"noopener\">Antech Facturation \u00e9lectronique Express<\/a> pour une exp\u00e9rience de facturation am\u00e9lior\u00e9e \u00e0 compter du 1er mai<\/strong> et contactez le service client par e-mail \u00e0 <a href=\"mailto:arbilling.na@antechdx.com\">arbilling.na@antechdx.com<\/a> ou par t\u00e9l\u00e9phone <a href=\"tel:+18008721001\">1-800-872-1001<\/a> (\u00c9tats-Unis) et <a href=\"tel:+18003413440\">1-800-341-3440<\/a> (Canada) pour obtenir de l&#039;aide.<\/p>\n<\/div>\n\n\n\n<style>\n#payments-banner-group-inner, #payments-banner-group-inner p { background:transparent; }\n#payments-banner-group-inner a { text-decoration: underline; }\n#payments-banner-group-inner a[href^=\"tel\"] { display: inline-block; }\n<\/style>\n<\/div>\n\n\n\n<div class=\"wp-block-group alignwide has-global-padding is-layout-constrained wp-container-core-group-is-layout-6c5e93cb wp-block-group-is-layout-constrained\" style=\"margin-top:4rem;margin-bottom:4rem\">\n<div class=\"wp-block-buttons is-layout-flex wp-block-buttons-is-layout-flex\">\n<div class=\"wp-block-button is-style-button-3\"><a class=\"wp-block-button__link wp-element-button\" href=\"\/fr_ca\/equipement-dimagerie\/paiements-en-ligne\/canada\/\">? Pour les paiements au Canada, cliquez ici<\/a><\/div>\n<\/div>\n\n\n\n<p>Remarque\u00a0: ceci concerne les \u00e9quipements d\u2019imagerie (<strong>Legacy Sound Technologies, Inc.<\/strong>) Paiements uniquement. Pour les services d&#039;imagerie (ancien num\u00e9ro Antech Imaging Services (AIS), veuillez appeler le 1-800-872-1001.<br><br>Veuillez fournir les informations suivantes pour effectuer un paiement. Toutes les informations que vous fournissez sont crypt\u00e9es et confidentielles et ne seront partag\u00e9es avec aucune autre organisation. Les informations relatives \u00e0 votre carte bancaire ne sont pas stock\u00e9es et sont trait\u00e9es directement par Authorize.Net, notre syst\u00e8me de paiement en ligne s\u00e9curis\u00e9.<\/p>\n\n\n\n<p>Veuillez noter que le montant minimum de paiement que nous pouvons accepter en ligne est de <strong>$50.00<\/strong>Veuillez contacter l&#039;\u00e9quipe AR \u00e0 l&#039;adresse suivante : <a href=\"tel:+18002685354\" data-type=\"tel\" data-id=\"tel:+18002685354\">800-268-5354<\/a> effectuer un paiement sous $50.00. <\/p>\n\n\n\n\n\n<h2 class=\"wp-block-heading is-style-title-2-primary-bold\"><strong>Informations sur la facture<\/strong><\/h2>\n\n\n<form method=\"post\" action=\"https:\/\/secure.authorize.net\/gateway\/transact.dll\" id=\"payment-us\" class=\"custom-form\">\n    <label for=\"x_customer_num\">Num\u00e9ro de client <span class=\"optional\">(facultatif)<\/span><\/label>\n    <input type=\"text\" id=\"x_customer_num\" name=\"x_customer_num\">\n    <label for=\"x_invoice_num\">Num\u00e9ro de facture <span class=\"optional\">(facultatif)<\/span><\/label>\n    <input type=\"text\" id=\"x_invoice_num\" name=\"x_invoice_num\">\n    <label for=\"x_amount\">Montant du paiement <span class=\"required\">(obligatoire, doit \u00eatre \u00e9gal ou sup\u00e9rieur \u00e0 $50.00)<\/span><\/label>\n    <input type=\"text\" id=\"x_amount\" name=\"x_amount\" class=\"amount-field\" required>\n    <label for=\"description\">Description <span class=\"optional\">(facultatif)<\/span><\/label>\n    <textarea id=\"description\" name=\"description\"><\/textarea>\n    <input type='hidden' id='cad' name='cad' value=''>\n    <input type='hidden' id='usd' name='usd' value='1'>\n    <input type='hidden' id='formsubmitted' name='formsubmitted' value='1'>\n    <input type='hidden' id='x_login' name='x_login' value='7r8K5m2Yq'>\n    <input type='hidden' id='x_test_request' name='x_test_request' value='false'>\n    <input type='hidden' id='x_show_form' name='x_show_form' value='PAYMENT_FORM'>\n    <input type='hidden' id='x_email_customer' name='x_email_customer' value='TRUE'>\n    <input type='hidden' id='x_header_email_receipt' name='x_header_email_receipt'\n        value='Sound Technologies online payment receipt. (www.soundvet.com)'>\n    <input type='hidden' name='x_logo_URL' value='https:\/\/secure.authorize.net\/mgraphics\/logo_593315.jpg'>\n    <input type='hidden' name=\"x_header_html_receipt\"\n        value=\"Sound Technologies: www.soundvet.com&lt;br&gt;&lt;br&gt;&lt;br&gt;\">\n    <input type='hidden' name=\"x_header_html_payment_form\"\n        value=\"&lt;img src=https:\/\/secure.authorize.net\/mgraphics\/logo_593315.jpg&gt;&lt;br&gt;Sound Technologies secure payment form.\">\n    <div class=\"turnstile\"><\/div>\n    <div class=\"buttons\">\n        <div class=\"wp-block-button is-style-button-3\">\n            <button type=\"reset\" class=\"wp-block-button__link\">Annuler<\/button>\n        <\/div>\n        <div class=\"wp-block-button is-style-button-1\">\n            <button type=\"submit\" disabled class=\"wp-block-button__link\">Continuer vers le formulaire de paiement<\/button>\n        <\/div>\n    <\/div>\n<input type=\"hidden\" id=\"_wpnonce\" name=\"_wpnonce\" value=\"4da4b45713\" \/><input type=\"hidden\" name=\"_wp_http_referer\" value=\"\/fr_ca\/wp-json\/wp\/v2\/pages\/114\" \/>\n<\/form>\n<\/div>","protected":false},"excerpt":{"rendered":"<p>Imaging Equipment Online Payments Sound Powered by Antech billing will be discontinued via the website on May 1, 2026 as Antech transitions to a unified billing system. You should have recently received your new AH Account Number and details of the simplified billing in the mail, including a standardized billing policy. Please enroll in Antech [&hellip;]<\/p>","protected":false},"author":5,"featured_media":0,"parent":13,"menu_order":9,"comment_status":"closed","ping_status":"closed","template":"","meta":{"_acf_changed":false,"content-type":"","footnotes":""},"service-area":[],"class_list":["post-114","page","type-page","status-publish","hentry"],"acf":[],"publishpress_future_action":{"enabled":false,"date":"2026-05-13 13:34:32","action":"change-status","newStatus":"draft","terms":[],"taxonomy":"service-area","extraData":[]},"publishpress_future_workflow_manual_trigger":{"enabledWorkflows":[]},"_links":{"self":[{"href":"https:\/\/uat.antechdiagnostics.com\/fr_ca\/wp-json\/wp\/v2\/pages\/114","targetHints":{"allow":["GET"]}}],"collection":[{"href":"https:\/\/uat.antechdiagnostics.com\/fr_ca\/wp-json\/wp\/v2\/pages"}],"about":[{"href":"https:\/\/uat.antechdiagnostics.com\/fr_ca\/wp-json\/wp\/v2\/types\/page"}],"author":[{"embeddable":true,"href":"https:\/\/uat.antechdiagnostics.com\/fr_ca\/wp-json\/wp\/v2\/users\/5"}],"replies":[{"embeddable":true,"href":"https:\/\/uat.antechdiagnostics.com\/fr_ca\/wp-json\/wp\/v2\/comments?post=114"}],"version-history":[{"count":0,"href":"https:\/\/uat.antechdiagnostics.com\/fr_ca\/wp-json\/wp\/v2\/pages\/114\/revisions"}],"up":[{"embeddable":true,"href":"https:\/\/uat.antechdiagnostics.com\/fr_ca\/wp-json\/wp\/v2\/pages\/13"}],"wp:attachment":[{"href":"https:\/\/uat.antechdiagnostics.com\/fr_ca\/wp-json\/wp\/v2\/media?parent=114"}],"wp:term":[{"taxonomy":"service-area","embeddable":true,"href":"https:\/\/uat.antechdiagnostics.com\/fr_ca\/wp-json\/wp\/v2\/service-area?post=114"}],"curies":[{"name":"wp","href":"https:\/\/api.w.org\/{rel}","templated":true}]}}