    {"id":123,"date":"2024-10-23T10:18:06","date_gmt":"2024-10-23T14:18:06","guid":{"rendered":"\/?page_id=123"},"modified":"2026-03-31T09:02:23","modified_gmt":"2026-03-31T13:02:23","slug":"services-dimagerie","status":"publish","type":"page","link":"https:\/\/uat.antechdiagnostics.com\/fr_ca\/imaging-services\/","title":{"rendered":"Services d&#039;imagerie"},"content":{"rendered":"<div class=\"wp-block-firsttracks-page-section alignfull is-section-hero is-style-section-1 has-global-padding is-layout-constrained wp-block-firsttracks-page-section-is-layout-constrained\">\n<div class=\"wp-block-columns alignfull is-layout-flex wp-container-core-columns-is-layout-28f84493 wp-block-columns-is-layout-flex\">\n<div class=\"wp-block-column is-vertically-aligned-center is-layout-flow wp-block-column-is-layout-flow\" style=\"flex-basis:50%\">\n<h1 class=\"wp-block-heading is-style-display-primary-bold\">Services d&#039;imagerie<\/h1>\n\n\n\n<p>Faites passer votre pratique au niveau sup\u00e9rieur.<br><\/p>\n\n\n\n<p>Antech\u2122 propose des \u00e9valuations d\u2019experts et une technologie de pointe pour vous aider \u00e0 fournir les meilleurs traitements \u00e0 vos patients.<\/p>\n\n\n\n<div class=\"wp-block-buttons is-layout-flex wp-block-buttons-is-layout-flex\">\n<div class=\"wp-block-button\"><a class=\"wp-block-button__link wp-element-button\" href=\"\/fr_ca\/services-dimagerie\/#account-login\">Connexion au compte<\/a><\/div>\n<\/div>\n<\/div>\n\n\n\n<div class=\"wp-block-column is-layout-flow wp-block-column-is-layout-flow\" style=\"flex-basis:50%\">\n<div class=\"wp-block-group has-global-padding is-content-justification-right is-layout-constrained wp-container-core-group-is-layout-f1f2ed93 wp-block-group-is-layout-constrained\">\n<div class=\"wp-block-group is-hero-gallery is-layout-grid wp-container-core-group-is-layout-e2bd5cb0 wp-block-group-is-layout-grid\">\n<figure class=\"wp-block-image size-large size-full\"><img loading=\"lazy\" decoding=\"async\" width=\"1024\" height=\"683\" src=\"\/wp-content\/uploads\/2025\/01\/Antech_Thriving_Practice_2_RGB-1024x683.png\" alt=\"\" class=\"wp-image-4708\" style=\"aspect-ratio:2\/1;object-fit:cover\" srcset=\"https:\/\/uat.antechdiagnostics.com\/wp-content\/uploads\/2025\/01\/Antech_Thriving_Practice_2_RGB-1024x683.png 1024w, https:\/\/uat.antechdiagnostics.com\/wp-content\/uploads\/2025\/01\/Antech_Thriving_Practice_2_RGB-300x200.png 300w, https:\/\/uat.antechdiagnostics.com\/wp-content\/uploads\/2025\/01\/Antech_Thriving_Practice_2_RGB-768x512.png 768w, https:\/\/uat.antechdiagnostics.com\/wp-content\/uploads\/2025\/01\/Antech_Thriving_Practice_2_RGB-1536x1024.png 1536w, https:\/\/uat.antechdiagnostics.com\/wp-content\/uploads\/2025\/01\/Antech_Thriving_Practice_2_RGB-2048x1365.png 2048w, https:\/\/uat.antechdiagnostics.com\/wp-content\/uploads\/2025\/01\/Antech_Thriving_Practice_2_RGB-18x12.png 18w\" sizes=\"auto, (max-width: 1024px) 100vw, 1024px\" \/><\/figure>\n\n\n\n<figure class=\"wp-block-image size-full\"><img decoding=\"async\" src=\"\/wp-content\/themes\/antech2024\/assets\/images\/placeholder-7.png\" alt=\"\" style=\"aspect-ratio:2\/1;object-fit:cover\"\/><\/figure>\n<\/div>\n<\/div>\n<\/div>\n<\/div>\n<\/div>\n\n\n\n<div class=\"wp-block-firsttracks-page-section alignfull is-section-content is-text-action is-style-section-3 has-global-padding is-layout-constrained wp-container-firsttracks-page-section-is-layout-e10269a9 wp-block-firsttracks-page-section-is-layout-constrained\" style=\"margin-top:0;margin-bottom:27;padding-top:0;padding-right:0;padding-bottom:0;padding-left:0\">\n<div style=\"height:31px\" aria-hidden=\"true\" class=\"wp-block-spacer\"><\/div>\n\n\n\n<h2 class=\"wp-block-heading\" id=\"account-login\">Connexion au compte<\/h2>\n\n\n\n<p>Veuillez utiliser le formulaire ci-dessous <strong>pour se connecter \u00e0<\/strong> votre compte Services d&#039;imagerie Antech. <strong>Ce formulaire<\/strong> s'ouvrira dans une nouvelle fen\u00eatre. Vous quitterez le site d'Antech Diagnostics en vous connectant.<\/p>\n\n\n\n<div id=\"ais-billing-login-form\">\n<form target=\"_blank\" action=\"https:\/\/wf2.antechimagingservices.com\/portal\/login!loginSubmit.action\" id=\"PACSLogInForm\" method=\"POST\" onsubmit=\"return logon();\">\n<input type=\"text\" id=\"PACSLogInUsername\" name=\"username\" placeholder=\"Nom d&#039;utilisateur\" required style=\"display:inline-block; float:left; width:250px; background-color:#FFF; margin-right:20px;\" \/>\n<input type=\"password\" id=\"PACSLogInPassword\" name=\"password\" placeholder=\"Mot de passe\" required style=\"display:inline-block; float:left; width:250px; background-color:#FFF; margin-right:20px;\" \/>\n<input id=\"\" type=\"submit\" value=\"Se connecter\" style=\"display:inline-block;  float:left; width:200px; color:#FFF; background-color:#463797;\">\n<\/form>\n<\/div>\n<br style=\"display:block; clear:both;\" \/>\n\n\n\n<p><a href=\"\/fr_ca\/services-dimagerie\/mot-de-passe-oublie\/\">Mot de passe oubli\u00e9<\/a>&nbsp;&nbsp;&nbsp;&nbsp;|&nbsp;&nbsp;&nbsp;&nbsp;<a href=\"\/fr_ca\/services-dimagerie\/registre\/\">Cr\u00e9er un nouveau compte<\/a><\/p>\n\n\n\n<div style=\"height:40px\" aria-hidden=\"true\" class=\"wp-block-spacer\"><\/div>\n<\/div>\n\n\n\n<div class=\"wp-block-firsttracks-page-section alignfull is-section-content has-global-padding is-layout-constrained wp-block-firsttracks-page-section-is-layout-constrained\">\n<div class=\"wp-block-group has-global-padding is-layout-constrained wp-block-group-is-layout-constrained\">\n<h2 class=\"wp-block-heading is-style-heading-3-primary-bold\">La m\u00e9decine traditionnelle rencontre l&#039;innovation<\/h2>\n\n\n\n<p>Interpr\u00e9tations radiologiques, consultations et \u00e9valuations rapides de vos patients par des sp\u00e9cialistes certifi\u00e9s. Un service de radiologie qui associe l&#039;expertise de radiologues certifi\u00e9s \u00e0 une technologie d&#039;imagerie diagnostique de pointe pour fournir des rapports radiologiques rapides, pr\u00e9cis et pertinents, bas\u00e9s sur l&#039;IA. Et un d\u00e9pistage pr\u00e9coce de l&#039;arthrose pour contribuer \u00e0 pr\u00e9venir ou \u00e0 att\u00e9nuer la gravit\u00e9 de la dysplasie de la hanche chez le chien.<\/p>\n<\/div>\n<\/div>\n\n\n\n<div class=\"wp-block-firsttracks-page-section alignfull is-section-grid has-global-padding is-layout-constrained wp-block-firsttracks-page-section-is-layout-constrained\">\n<div class=\"wp-block-group alignwide is-grid-card is-layout-grid wp-container-core-group-is-layout-d88a0cef wp-block-group-is-layout-grid\">\n<div class=\"wp-block-group has-global-padding is-layout-constrained wp-block-group-is-layout-constrained\">\n\n\n<h3 class=\"wp-block-heading is-style-title-2-primary-bold\">Services de consultation<\/h3>\n\n\n\n<p>Radiographie<br>Ultrason<br>CT\/IRM<br>Cardiologie\/ECG<br>Oiseaux\/Exotiques<br>Dentisterie<br>M\u00e9decine interne<\/p>\n\n\n\n<div class=\"wp-block-buttons is-layout-flex wp-block-buttons-is-layout-flex\">\n<div class=\"wp-block-button is-style-button-6 has-icon__arrow-narrow-right\"><a class=\"wp-block-button__link wp-element-button\" href=\"\/fr_ca\/services-dimagerie\/services-de-consultation-en-imagerie\/\" target=\"_blank\" rel=\"noreferrer noopener\">En savoir plus<span class=\"wp-block-button__link-icon\" aria-hidden=\"true\"><svg xmlns='http:\/\/www.w3.org\/2000\/svg' viewbox='0 0 24 24'><path fill-rule='evenodd' d='m16.58 11.012-2.29-2.285v-.01a.987.987 0 0 1 0-1.418.992.992 0 0 1 1.42 0l4 3.992c.236.23.33.554.28.86a1 1 0 0 1-.39.656L15.7 16.7c-.19.18-.45.289-.71.289L15 17c-.27 0-.53-.11-.71-.29a.996.996 0 0 1-.01-1.417v-.01l2.28-2.275H5c-.56 0-1-.45-1-.998a.99.99 0 0 1 1-.998h11.58Z' clip-rule='evenodd'\/><\/svg><\/span><\/a><\/div>\n<\/div>\n<\/div>\n\n\n\n<div class=\"wp-block-group has-global-padding is-layout-constrained wp-block-group-is-layout-constrained\">\n\n\n<h3 class=\"wp-block-heading is-style-title-2-primary-bold\">Antech RapidRead\u2122<\/h3>\n\n\n\n<p>Technologie de pointe, d\u00e9velopp\u00e9e et soutenue par notre \u00e9quipe de sp\u00e9cialistes certifi\u00e9s.<\/p>\n\n\n\n<div class=\"wp-block-buttons is-layout-flex wp-block-buttons-is-layout-flex\">\n<div class=\"wp-block-button is-style-button-6 has-icon__arrow-narrow-right\"><a class=\"wp-block-button__link wp-element-button\" href=\"\/fr_ca\/services-dimagerie\/lecture-rapide\/\" target=\"_blank\" rel=\"noreferrer noopener\">En savoir plus<span class=\"wp-block-button__link-icon\" aria-hidden=\"true\"><svg xmlns='http:\/\/www.w3.org\/2000\/svg' viewbox='0 0 24 24'><path fill-rule='evenodd' d='m16.58 11.012-2.29-2.285v-.01a.987.987 0 0 1 0-1.418.992.992 0 0 1 1.42 0l4 3.992c.236.23.33.554.28.86a1 1 0 0 1-.39.656L15.7 16.7c-.19.18-.45.289-.71.289L15 17c-.27 0-.53-.11-.71-.29a.996.996 0 0 1-.01-1.417v-.01l2.28-2.275H5c-.56 0-1-.45-1-.998a.99.99 0 0 1 1-.998h11.58Z' clip-rule='evenodd'\/><\/svg><\/span><\/a><\/div>\n<\/div>\n<\/div>\n\n\n\n<div class=\"wp-block-group has-global-padding is-layout-constrained wp-block-group-is-layout-constrained\">\n\n\n<h3 class=\"wp-block-heading is-style-title-2-primary-bold\">Antech PennHIP\u2122<\/h3>\n\n\n\n<p>La m\u00e9thode PennHIP Antech est l\u2019outil de d\u00e9pistage de la hanche le plus efficace disponible pour les chiens.<\/p>\n\n\n\n<div class=\"wp-block-buttons is-layout-flex wp-block-buttons-is-layout-flex\">\n<div class=\"wp-block-button is-style-button-6 has-icon__arrow-narrow-right\"><a class=\"wp-block-button__link wp-element-button\" href=\"\/fr_ca\/services-dimagerie\/pennhip\/\" target=\"_blank\" rel=\"noreferrer noopener\">En savoir plus <span class=\"wp-block-button__link-icon\" aria-hidden=\"true\"><svg xmlns='http:\/\/www.w3.org\/2000\/svg' viewbox='0 0 24 24'><path fill-rule='evenodd' d='m16.58 11.012-2.29-2.285v-.01a.987.987 0 0 1 0-1.418.992.992 0 0 1 1.42 0l4 3.992c.236.23.33.554.28.86a1 1 0 0 1-.39.656L15.7 16.7c-.19.18-.45.289-.71.289L15 17c-.27 0-.53-.11-.71-.29a.996.996 0 0 1-.01-1.417v-.01l2.28-2.275H5c-.56 0-1-.45-1-.998a.99.99 0 0 1 1-.998h11.58Z' clip-rule='evenodd'\/><\/svg><\/span><\/a><\/div>\n<\/div>\n<\/div>\n\n\n\n<div class=\"wp-block-group has-global-padding is-layout-constrained wp-block-group-is-layout-constrained\">\n\n\n<h3 class=\"wp-block-heading is-style-title-2-primary-bold\">Stockage cloud Antech<\/h3>\n\n\n\n<p>Nous proposons un stockage PACS bas\u00e9 sur le cloud pour un archivage s\u00e9curis\u00e9 et un acc\u00e8s rapide \u00e0 vos images.<\/p>\n\n\n\n<div class=\"wp-block-buttons is-layout-flex wp-block-buttons-is-layout-flex\"><\/div>\n<\/div>\n<\/div>\n<\/div>\n\n\n\n<div class=\"wp-block-firsttracks-page-section alignfull is-section-content is-text-action is-style-section-7 has-global-padding is-layout-constrained wp-block-firsttracks-page-section-is-layout-constrained\">\n<div style=\"height:35px\" aria-hidden=\"true\" class=\"wp-block-spacer\"><\/div>\n\n\n\n<h3 class=\"wp-block-heading\">Acad\u00e9mie d&#039;imagerie Antech<\/h3>\n\n\n\n<p>Vous pouvez acc\u00e9der \u00e0 l&#039;Acad\u00e9mie d&#039;imagerie Antech en suivant le lien ci-dessous. Ce bouton ouvrira une nouvelle fen\u00eatre de navigateur et vous quitterez le site web de Antech Diagnostics.<\/p>\n\n\n\n<div class=\"wp-block-buttons is-layout-flex wp-block-buttons-is-layout-flex\">\n<div class=\"wp-block-button\"><a class=\"wp-block-button__link wp-element-button\" href=\"http:\/\/antechimagingacademy.com\" target=\"_blank\" rel=\"noreferrer noopener\">Connexion \u00e0 l&#039;Acad\u00e9mie d&#039;imagerie Antech<\/a><\/div>\n<\/div>\n\n\n\n<div style=\"height:35px\" aria-hidden=\"true\" class=\"wp-block-spacer\"><\/div>\n<\/div>\n\n\n\n<div class=\"wp-block-firsttracks-page-section alignfull is-section-list is-list-text is-style-section-3 has-global-padding is-layout-constrained wp-block-firsttracks-page-section-is-layout-constrained\">\n<div class=\"wp-block-columns alignwide is-layout-flex wp-container-core-columns-is-layout-28f84493 wp-block-columns-is-layout-flex\">\n<div class=\"wp-block-column is-layout-flow wp-block-column-is-layout-flow\" style=\"flex-basis:50%\">\n<h2 class=\"wp-block-heading is-style-heading-2-primary-bold\">Vous avez des questions sur les services d\u2019imagerie\u00a0?<\/h2>\n\n\n\n<p class=\"is-style-label-2-secondary-small-regular\">Remplissez le formulaire et un repr\u00e9sentant d'Antech vous contactera.<\/p>\n<\/div>\n\n\n\n<div class=\"wp-block-column is-layout-flow wp-block-column-is-layout-flow\" style=\"flex-basis:50%\">\n<p><\/p>\n\n\n\n<div class=\"wp-block-leadin-hubspot-form-block\">\n\t\t\t<div\n\t\t\tclass=\"hs-form-frame\"\n\t\t\tdata-region=\"na1\"\n\t\t\tdata-form-id=\"12d6fe52-f5ac-4bd5-a1a6-62423d6487d8\"\n\t\t\tdata-portal-id=\"4747723\"\n\t\t\t >\n\t\t\t<\/div>\n\t\t\t<\/div>\n<\/div>\n<\/div>\n<\/div>","protected":false},"excerpt":{"rendered":"","protected":false},"author":5,"featured_media":0,"parent":0,"menu_order":24,"comment_status":"closed","ping_status":"closed","template":"","meta":{"_acf_changed":false,"content-type":"","footnotes":""},"service-area":[],"class_list":["post-123","page","type-page","status-publish","hentry"],"acf":[],"publishpress_future_action":{"enabled":false,"date":"2026-05-13 10:12:27","action":"change-status","newStatus":"draft","terms":[],"taxonomy":"service-area","extraData":[]},"publishpress_future_workflow_manual_trigger":{"enabledWorkflows":[]},"_links":{"self":[{"href":"https:\/\/uat.antechdiagnostics.com\/fr_ca\/wp-json\/wp\/v2\/pages\/123","targetHints":{"allow":["GET"]}}],"collection":[{"href":"https:\/\/uat.antechdiagnostics.com\/fr_ca\/wp-json\/wp\/v2\/pages"}],"about":[{"href":"https:\/\/uat.antechdiagnostics.com\/fr_ca\/wp-json\/wp\/v2\/types\/page"}],"author":[{"embeddable":true,"href":"https:\/\/uat.antechdiagnostics.com\/fr_ca\/wp-json\/wp\/v2\/users\/5"}],"replies":[{"embeddable":true,"href":"https:\/\/uat.antechdiagnostics.com\/fr_ca\/wp-json\/wp\/v2\/comments?post=123"}],"version-history":[{"count":0,"href":"https:\/\/uat.antechdiagnostics.com\/fr_ca\/wp-json\/wp\/v2\/pages\/123\/revisions"}],"wp:attachment":[{"href":"https:\/\/uat.antechdiagnostics.com\/fr_ca\/wp-json\/wp\/v2\/media?parent=123"}],"wp:term":[{"taxonomy":"service-area","embeddable":true,"href":"https:\/\/uat.antechdiagnostics.com\/fr_ca\/wp-json\/wp\/v2\/service-area?post=123"}],"curies":[{"name":"wp","href":"https:\/\/api.w.org\/{rel}","templated":true}]}}