    {"id":125,"date":"2024-10-23T10:18:49","date_gmt":"2024-10-23T14:18:49","guid":{"rendered":"\/?page_id=125"},"modified":"2026-03-27T11:54:37","modified_gmt":"2026-03-27T15:54:37","slug":"lecture-rapide","status":"publish","type":"page","link":"https:\/\/uat.antechdiagnostics.com\/fr_ca\/imaging-services\/rapidread\/","title":{"rendered":"RapidRead\u2122"},"content":{"rendered":"<div class=\"wp-block-firsttracks-page-section alignfull is-section-hero is-style-section-1 has-global-padding is-layout-constrained wp-block-firsttracks-page-section-is-layout-constrained\">\n<div class=\"wp-block-columns alignwide is-layout-flex wp-container-core-columns-is-layout-28f84493 wp-block-columns-is-layout-flex\">\n<div class=\"wp-block-column is-vertically-aligned-center is-layout-flow wp-block-column-is-layout-flow\" style=\"flex-basis:50%\">\n<p class=\"is-style-body-secondary-bold\"><a href=\"\/fr_ca\/services-dimagerie\/\" data-type=\"page\" data-id=\"123\">Services d&#039;imagerie<\/a><\/p>\n\n\n\n<h1 class=\"wp-block-heading is-style-display-primary-bold\">RapidRead\u2122<\/h1>\n\n\n\n<p>Technologie de pointe, d\u00e9velopp\u00e9e et soutenue par notre \u00e9quipe de sp\u00e9cialistes certifi\u00e9s.<\/p>\n\n\n\n<div class=\"wp-block-buttons is-layout-flex wp-block-buttons-is-layout-flex\">\n<div class=\"wp-block-button has-icon__arrow-narrow-right\"><a class=\"wp-block-button__link wp-element-button\" href=\"\/fr_ca\/services-dimagerie\/lecture-rapide\/formulaire-dactivation-de-rapidread\/\" target=\"_blank\" rel=\"noreferrer noopener\">Activer RapidRead\u2122<span class=\"wp-block-button__link-icon\" aria-hidden=\"true\"><svg xmlns='http:\/\/www.w3.org\/2000\/svg' viewbox='0 0 24 24'><path fill-rule='evenodd' d='m16.58 11.012-2.29-2.285v-.01a.987.987 0 0 1 0-1.418.992.992 0 0 1 1.42 0l4 3.992c.236.23.33.554.28.86a1 1 0 0 1-.39.656L15.7 16.7c-.19.18-.45.289-.71.289L15 17c-.27 0-.53-.11-.71-.29a.996.996 0 0 1-.01-1.417v-.01l2.28-2.275H5c-.56 0-1-.45-1-.998a.99.99 0 0 1 1-.998h11.58Z' clip-rule='evenodd'\/><\/svg><\/span><\/a><\/div>\n\n\n\n<div class=\"wp-block-button has-icon__arrow-narrow-right\"><a class=\"wp-block-button__link wp-element-button\" href=\"\/fr_ca\/services-dimagerie\/registre\/\">Cr\u00e9er un compte<span class=\"wp-block-button__link-icon\" aria-hidden=\"true\"><svg xmlns='http:\/\/www.w3.org\/2000\/svg' viewbox='0 0 24 24'><path fill-rule='evenodd' d='m16.58 11.012-2.29-2.285v-.01a.987.987 0 0 1 0-1.418.992.992 0 0 1 1.42 0l4 3.992c.236.23.33.554.28.86a1 1 0 0 1-.39.656L15.7 16.7c-.19.18-.45.289-.71.289L15 17c-.27 0-.53-.11-.71-.29a.996.996 0 0 1-.01-1.417v-.01l2.28-2.275H5c-.56 0-1-.45-1-.998a.99.99 0 0 1 1-.998h11.58Z' clip-rule='evenodd'\/><\/svg><\/span><\/a><\/div>\n<\/div>\n<\/div>\n\n\n\n<div class=\"wp-block-column is-layout-flow wp-block-column-is-layout-flow\" style=\"flex-basis:50%\">\n<div class=\"wp-block-group has-global-padding is-layout-constrained wp-block-group-is-layout-constrained\">\n<figure class=\"wp-block-image size-full wp-container-content-d8344436\"><img loading=\"lazy\" decoding=\"async\" width=\"1400\" height=\"1399\" src=\"\/wp-content\/uploads\/2025\/05\/ais-09-1.jpg\" alt=\"\" class=\"wp-image-28291\" srcset=\"https:\/\/uat.antechdiagnostics.com\/wp-content\/uploads\/2025\/05\/ais-09-1.jpg 1400w, https:\/\/uat.antechdiagnostics.com\/wp-content\/uploads\/2025\/05\/ais-09-1-300x300.jpg 300w, https:\/\/uat.antechdiagnostics.com\/wp-content\/uploads\/2025\/05\/ais-09-1-1024x1024.jpg 1024w, https:\/\/uat.antechdiagnostics.com\/wp-content\/uploads\/2025\/05\/ais-09-1-80x80.jpg 80w, https:\/\/uat.antechdiagnostics.com\/wp-content\/uploads\/2025\/05\/ais-09-1-768x767.jpg 768w, https:\/\/uat.antechdiagnostics.com\/wp-content\/uploads\/2025\/05\/ais-09-1-12x12.jpg 12w\" sizes=\"auto, (max-width: 1400px) 100vw, 1400px\" \/><\/figure>\n<\/div>\n<\/div>\n<\/div>\n<\/div>\n\n\n\n<div class=\"wp-block-firsttracks-page-section alignfull is-section-content is-style-section-1 has-global-padding is-layout-constrained wp-block-firsttracks-page-section-is-layout-constrained\">\n<div class=\"wp-block-group has-global-padding is-layout-constrained wp-block-group-is-layout-constrained\">\n<h2 class=\"wp-block-heading is-style-heading-3-primary-bold\">Des \u00e9valuations significatives, perspicaces et pr\u00e9cises \u2014 en quelques minutes<\/h2>\n\n\n\n<p>Antech RapidRead est un outil d'aide au diagnostic qui allie la rapidit\u00e9 et l'efficacit\u00e9 de l'intelligence artificielle (IA) \u00e0 l'expertise d'une \u00e9quipe de radiologues v\u00e9t\u00e9rinaires et d'experts en analyse de donn\u00e9es de premier plan. D\u00e9velopp\u00e9 \u00e0 partir de 16 millions d'images, issues d'une biblioth\u00e8que sans pr\u00e9c\u00e9dent de plus de 8 milliards d'images, Antech RapidRead vous aide \u00e0 confirmer vos diagnostics et \u00e0 \u00e9viter les erreurs diagnostiques. Tout cela renforce votre confiance diagnostique.<br><\/p>\n\n\n\n<p>RapidRead fournit des rapports de radiologie pr\u00e9cis bas\u00e9s sur l&#039;IA, utilisant les r\u00e9sultats, les signaux et les observations cliniques pour fournir des \u00e9valuations pertinentes en quelques minutes.<br><\/p>\n\n\n\n<p>L'outil repose sur des mod\u00e8les d'apprentissage automatique discriminant, ce qui signifie qu'il identifie et cat\u00e9gorise uniquement ce pour quoi il a \u00e9t\u00e9 entra\u00een\u00e9, et ne peut \u00e9voluer seul. Notre \u00e9quipe RapidRead, compos\u00e9e de v\u00e9t\u00e9rinaires sp\u00e9cialistes certifi\u00e9s, forme et mesure en permanence la pr\u00e9cision du mod\u00e8le.<br><\/p>\n\n\n\n<p>Une fois votre rapport de cas g\u00e9n\u00e9r\u00e9, certains constatations urgentes sont automatiquement transmis \u00e0 l'un de nos v\u00e9t\u00e9rinaires sp\u00e9cialistes certifi\u00e9s pour une analyse STAT (sans frais suppl\u00e9mentaires) dans un d\u00e9lai d'environ deux heures. Et, bien s\u00fbr, si vous avez besoin d'informations ou d'assistance suppl\u00e9mentaires sur un cas, vous avez acc\u00e8s \u00e0 plus de 160 radiologues certifi\u00e9s pr\u00eats \u00e0 vous accompagner gr\u00e2ce aux services de consultation d'Antech.<\/p>\n<\/div>\n\n\n\n<div style=\"height:100px\" aria-hidden=\"true\" class=\"wp-block-spacer\"><\/div>\n<\/div>\n\n\n\n<div class=\"wp-block-firsttracks-page-section alignfull is-section-content is-text-action is-style-section-4 has-global-padding is-layout-constrained wp-block-firsttracks-page-section-is-layout-constrained\">\n<div class=\"wp-block-columns alignwide is-layout-flex wp-container-core-columns-is-layout-28f84493 wp-block-columns-is-layout-flex\">\n<div class=\"wp-block-column is-layout-flow wp-block-column-is-layout-flow\" style=\"flex-basis:50%\">\n<h2 class=\"wp-block-heading\">Soumettre un cas<\/h2>\n<\/div>\n\n\n\n<div class=\"wp-block-column is-layout-flow wp-block-column-is-layout-flow\" style=\"flex-basis:50%\">\n<p>Soumettre un cas pour une interpr\u00e9tation de radiologie RapidRead ne prend que quelques clics, co\u00fbte moins cher qu&#039;une lecture traditionnelle et les r\u00e9sultats vous sont renvoy\u00e9s dans les 10 minutes.<\/p>\n\n\n\n<ul class=\"wp-block-list\">\n<li>RapidRead Radiology \u00e9value le thorax, l\u2019abdomen et les membres des chiens et des chats.<\/li>\n<\/ul>\n\n\n\n<ul class=\"wp-block-list\">\n<li><a href=\"\/fr_ca\/services-dimagerie\/lecture-rapide\/resultats-de-rapidread\/\">Afficher une liste actuelle des r\u00e9sultats disponibles<\/a>Consultez souvent cette liste, car de nouvelles d\u00e9couvertes y sont ajout\u00e9es r\u00e9guli\u00e8rement.<\/li>\n<\/ul>\n\n\n\n<p>Processus de radiologie RapidRead :<\/p>\n\n\n\n<p>Assurez-vous de cocher sur les signes cliniques pertinents dans le formulaire de soumission. L'IA de RapidRead utilise les donn\u00e9es du patient, les signes cliniques et les r\u00e9sultats pour r\u00e9aliser des \u00e9valuations pertinentes.<\/p>\n\n\n\n<p>Si RapidRead identifie des anomalies urgentes, la consultation sera automatiquement orient\u00e9e vers une revue radiologique STAT sans frais suppl\u00e9mentaires. (D\u00e9lai d'ex\u00e9cution\u00a0: environ 2\u00a0heures.)<\/p>\n\n\n\n<p>Si vous demandez un examen par un radiologue : les frais RapidRead seront cr\u00e9dit\u00e9s et vos frais de consultation standard en services d&#039;imagerie (y compris les frais STAT, le cas \u00e9ch\u00e9ant) vous seront factur\u00e9s pour l&#039;examen radiologique.<\/p>\n\n\n\n<div class=\"wp-block-buttons is-layout-flex wp-block-buttons-is-layout-flex\">\n<div class=\"wp-block-button has-icon__arrow-narrow-right\"><a class=\"wp-block-button__link wp-element-button\" href=\"\/fr_ca\/services-dimagerie\/registre\/\" target=\"_blank\" rel=\"noreferrer noopener\">Cr\u00e9er un compte<span class=\"wp-block-button__link-icon\" aria-hidden=\"true\"><svg xmlns='http:\/\/www.w3.org\/2000\/svg' viewbox='0 0 24 24'><path fill-rule='evenodd' d='m16.58 11.012-2.29-2.285v-.01a.987.987 0 0 1 0-1.418.992.992 0 0 1 1.42 0l4 3.992c.236.23.33.554.28.86a1 1 0 0 1-.39.656L15.7 16.7c-.19.18-.45.289-.71.289L15 17c-.27 0-.53-.11-.71-.29a.996.996 0 0 1-.01-1.417v-.01l2.28-2.275H5c-.56 0-1-.45-1-.998a.99.99 0 0 1 1-.998h11.58Z' clip-rule='evenodd'\/><\/svg><\/span><\/a><\/div>\n\n\n\n<div class=\"wp-block-button has-icon__arrow-narrow-right\"><a class=\"wp-block-button__link wp-element-button\" href=\"\/fr_ca\/services-dimagerie\/services\/\" target=\"_blank\" rel=\"noreferrer noopener\">Contactez-nous<span class=\"wp-block-button__link-icon\" aria-hidden=\"true\"><svg xmlns='http:\/\/www.w3.org\/2000\/svg' viewbox='0 0 24 24'><path fill-rule='evenodd' d='m16.58 11.012-2.29-2.285v-.01a.987.987 0 0 1 0-1.418.992.992 0 0 1 1.42 0l4 3.992c.236.23.33.554.28.86a1 1 0 0 1-.39.656L15.7 16.7c-.19.18-.45.289-.71.289L15 17c-.27 0-.53-.11-.71-.29a.996.996 0 0 1-.01-1.417v-.01l2.28-2.275H5c-.56 0-1-.45-1-.998a.99.99 0 0 1 1-.998h11.58Z' clip-rule='evenodd'\/><\/svg><\/span><\/a><\/div>\n<\/div>\n<\/div>\n<\/div>\n\n\n\n<div class=\"wp-block-firsttracks-page-section alignfull is-section-list is-list-text is-style-section-4 has-global-padding is-layout-constrained wp-block-firsttracks-page-section-is-layout-constrained\">\n<div class=\"wp-block-columns alignwide is-layout-flex wp-container-core-columns-is-layout-28f84493 wp-block-columns-is-layout-flex\">\n<div class=\"wp-block-column is-layout-flow wp-block-column-is-layout-flow\" style=\"flex-basis:50%\">\n<h2 class=\"wp-block-heading is-style-heading-2-primary-bold\">Vous avez des questions sur RapidRead\u2122 ?<\/h2>\n\n\n\n<p class=\"is-style-label-2-secondary-small-regular\">Remplissez le formulaire et un repr\u00e9sentant d'Antech vous contactera.<\/p>\n<\/div>\n\n\n\n<div class=\"wp-block-column is-layout-flow wp-block-column-is-layout-flow\" style=\"flex-basis:50%\">\n<p><\/p>\n\n\n\n<div class=\"wp-block-leadin-hubspot-form-block\">\n\t\t\t<div\n\t\t\tclass=\"hs-form-frame\"\n\t\t\tdata-region=\"na1\"\n\t\t\tdata-form-id=\"ffdb24eb-35ce-467f-a1eb-fdc7b083b925\"\n\t\t\tdata-portal-id=\"4747723\"\n\t\t\t >\n\t\t\t<\/div>\n\t\t\t<\/div>\n<\/div>\n<\/div>\n<\/div>\n<\/div>","protected":false},"excerpt":{"rendered":"","protected":false},"author":5,"featured_media":0,"parent":123,"menu_order":0,"comment_status":"closed","ping_status":"closed","template":"","meta":{"_acf_changed":false,"content-type":"","footnotes":""},"service-area":[],"class_list":["post-125","page","type-page","status-publish","hentry"],"acf":[],"publishpress_future_action":{"enabled":false,"date":"2026-05-13 08:20:15","action":"change-status","newStatus":"draft","terms":[],"taxonomy":"service-area","extraData":[]},"publishpress_future_workflow_manual_trigger":{"enabledWorkflows":[]},"_links":{"self":[{"href":"https:\/\/uat.antechdiagnostics.com\/fr_ca\/wp-json\/wp\/v2\/pages\/125","targetHints":{"allow":["GET"]}}],"collection":[{"href":"https:\/\/uat.antechdiagnostics.com\/fr_ca\/wp-json\/wp\/v2\/pages"}],"about":[{"href":"https:\/\/uat.antechdiagnostics.com\/fr_ca\/wp-json\/wp\/v2\/types\/page"}],"author":[{"embeddable":true,"href":"https:\/\/uat.antechdiagnostics.com\/fr_ca\/wp-json\/wp\/v2\/users\/5"}],"replies":[{"embeddable":true,"href":"https:\/\/uat.antechdiagnostics.com\/fr_ca\/wp-json\/wp\/v2\/comments?post=125"}],"version-history":[{"count":0,"href":"https:\/\/uat.antechdiagnostics.com\/fr_ca\/wp-json\/wp\/v2\/pages\/125\/revisions"}],"up":[{"embeddable":true,"href":"https:\/\/uat.antechdiagnostics.com\/fr_ca\/wp-json\/wp\/v2\/pages\/123"}],"wp:attachment":[{"href":"https:\/\/uat.antechdiagnostics.com\/fr_ca\/wp-json\/wp\/v2\/media?parent=125"}],"wp:term":[{"taxonomy":"service-area","embeddable":true,"href":"https:\/\/uat.antechdiagnostics.com\/fr_ca\/wp-json\/wp\/v2\/service-area?post=125"}],"curies":[{"name":"wp","href":"https:\/\/api.w.org\/{rel}","templated":true}]}}