    {"id":127,"date":"2024-10-23T10:19:42","date_gmt":"2024-10-23T14:19:42","guid":{"rendered":"\/?page_id=127"},"modified":"2025-12-15T14:18:44","modified_gmt":"2025-12-15T19:18:44","slug":"resultats-de-rapidread","status":"publish","type":"page","link":"https:\/\/uat.antechdiagnostics.com\/fr_ca\/imaging-services\/rapidread\/rapidread-findings\/","title":{"rendered":"R\u00e9sultats de RapidRead"},"content":{"rendered":"<div class=\"wp-block-firsttracks-page-section alignfull is-section-hero is-style-section-1 has-global-padding is-layout-constrained wp-block-firsttracks-page-section-is-layout-constrained\">\n<div class=\"wp-block-columns alignfull is-layout-flex wp-container-core-columns-is-layout-28f84493 wp-block-columns-is-layout-flex\">\n<div class=\"wp-block-column is-vertically-aligned-center is-layout-flow wp-block-column-is-layout-flow\" style=\"flex-basis:50%\">\n<p><a href=\"\/fr_ca\/services-dimagerie\/\" data-type=\"page\" data-id=\"123\"><strong>Services d&#039;imagerie<\/strong><\/a><\/p>\n\n\n\n<h1 class=\"wp-block-heading is-style-display-primary-bold\">R\u00e9sultats de RapidRead\u2122<\/h1>\n<\/div>\n\n\n\n<div class=\"wp-block-column is-layout-flow wp-block-column-is-layout-flow\" style=\"flex-basis:50%\">\n<div class=\"wp-block-group is-content-justification-right is-nowrap is-layout-flex wp-container-core-group-is-layout-17124a9a wp-block-group-is-layout-flex\">\n<figure class=\"wp-block-image size-full wp-container-content-d8344436\"><img loading=\"lazy\" decoding=\"async\" width=\"1400\" height=\"1399\" src=\"\/wp-content\/uploads\/2025\/05\/ais-09-1.jpg\" alt=\"\" class=\"wp-image-28291\" srcset=\"https:\/\/uat.antechdiagnostics.com\/wp-content\/uploads\/2025\/05\/ais-09-1.jpg 1400w, https:\/\/uat.antechdiagnostics.com\/wp-content\/uploads\/2025\/05\/ais-09-1-300x300.jpg 300w, https:\/\/uat.antechdiagnostics.com\/wp-content\/uploads\/2025\/05\/ais-09-1-1024x1024.jpg 1024w, https:\/\/uat.antechdiagnostics.com\/wp-content\/uploads\/2025\/05\/ais-09-1-80x80.jpg 80w, https:\/\/uat.antechdiagnostics.com\/wp-content\/uploads\/2025\/05\/ais-09-1-768x767.jpg 768w, https:\/\/uat.antechdiagnostics.com\/wp-content\/uploads\/2025\/05\/ais-09-1-12x12.jpg 12w\" sizes=\"auto, (max-width: 1400px) 100vw, 1400px\" \/><\/figure>\n<\/div>\n<\/div>\n<\/div>\n<\/div>\n\n\n\n<div class=\"wp-block-firsttracks-page-section alignfull is-section-hero is-style-section-1 has-global-padding is-layout-constrained wp-block-firsttracks-page-section-is-layout-constrained\"><\/div>\n\n\n\n<p class=\"is-style-default\">Les r\u00e9sultats RapidRead marqu\u00e9s d&#039;un ast\u00e9risque sont automatiquement transmis pour une relecture STAT par un radiologue agr\u00e9\u00e9, sans frais suppl\u00e9mentaires. Ceci refl\u00e8te notre engagement envers vous et vos patients.<br><\/p>\n\n\n\n<div class=\"wp-block-firsttracks-page-section alignfull is-section-grid is-style-section-1 has-global-padding is-layout-constrained wp-block-firsttracks-page-section-is-layout-constrained\">\n<div class=\"wp-block-group alignwide is-grid-card is-layout-grid wp-container-core-group-is-layout-cdb28de3 wp-block-group-is-layout-grid\">\n<div class=\"wp-block-group has-global-padding is-layout-constrained wp-block-group-is-layout-constrained\">\n\n\n<h2 class=\"wp-block-heading is-style-title-2-primary-bold\">Cardiovasculaire<\/h2>\n\n\n\n<p>Les r\u00e9sultats RapidRead marqu\u00e9s d&#039;un ast\u00e9risque sont automatiquement transmis pour une relecture STAT par un radiologue agr\u00e9\u00e9, sans frais suppl\u00e9mentaires. Ceci refl\u00e8te notre engagement envers vous et vos patients.<\/p>\n<\/div>\n\n\n\n<div class=\"wp-block-group has-global-padding is-layout-constrained wp-block-group-is-layout-constrained\">\n\n\n<h2 class=\"wp-block-heading is-style-title-2-primary-bold\">Cardiovasculaire<\/h2>\n\n\n\n<p>Cardiom\u00e9galie<br>Hypertrophie auriculaire gauche<br>\u00c9largissement du ventricule gauche<br>Hypertrophie auriculaire droite<br>\u00c9largissement du ventricule droit<br>\u00c9largissement de l&#039;art\u00e8re pulmonaire principale<br>\u00c9largissement de la crosse aortique<br>Effet de masse de base du c\u0153ur<br>Microcardie<br>Score cardiaque vert\u00e9bral<\/p>\n<\/div>\n\n\n\n<div class=\"wp-block-group has-global-padding is-layout-constrained wp-block-group-is-layout-constrained\">\n\n\n<h2 class=\"wp-block-heading is-style-title-2-primary-bold\">Espace pleural<\/h2>\n\n\n\n<p>Effet de masse pleurale<br>Pneumothorax<br>Signe(s) d&#039;\u00e9panchement pleural<br>Ligne(s) de fissure pleurale fine(s)<\/p>\n<\/div>\n\n\n\n<div class=\"wp-block-group has-global-padding is-layout-constrained wp-block-group-is-layout-constrained\">\n\n\n<h2 class=\"wp-block-heading is-style-title-2-primary-bold\">Structures pulmonaires<\/h2>\n\n\n\n<p>Nodule(s) interstitiel(s) pulmonaire(s) *<br>Masse pulmonaire *<br>R\u00e9tr\u00e9cissement ou opacit\u00e9 trach\u00e9ale<br>Motif alv\u00e9olaire<br>Sch\u00e9ma bronchique<br>Motif interstitiel non structur\u00e9<br>Vasculaire pulmonaire<\/p>\n<\/div>\n\n\n\n<div class=\"wp-block-group has-global-padding is-layout-constrained wp-block-group-is-layout-constrained\">\n\n\n<h2 class=\"wp-block-heading is-style-title-2-primary-bold\">m\u00e9diastin<\/h2>\n\n\n\n<p>Hypertrophie des ganglions lymphatiques sternaux<br>\u00c9largissement\/opacit\u00e9 m\u00e9diastinale<\/p>\n<\/div>\n\n\n\n<div class=\"wp-block-group has-global-padding is-layout-constrained wp-block-group-is-layout-constrained\">\n\n\n<h2 class=\"wp-block-heading is-style-title-2-primary-bold\">Gastro-intestinal<\/h2>\n\n\n\n<p>Distension gastrique<br>Dilatation-Volvulus Gastrique *<br>Obstruction de l&#039;intestin gr\u00eale *<br>Corps \u00e9trangers gastriques (d\u00e9bris)<br>Dilatation de l&#039;\u0153sophage<\/p>\n<\/div>\n\n\n\n<div class=\"wp-block-group has-global-padding is-layout-constrained wp-block-group-is-layout-constrained\">\n\n\n<h2 class=\"wp-block-heading is-style-title-2-primary-bold\">h\u00e9patobiliaire<\/h2>\n\n\n\n<p>Min\u00e9ralisation h\u00e9patique<br>H\u00e9patom\u00e9galie<\/p>\n<\/div>\n\n\n\n<div class=\"wp-block-group has-global-padding is-layout-constrained wp-block-group-is-layout-constrained\">\n\n\n<h2 class=\"wp-block-heading is-style-title-2-primary-bold\">Autres abdominaux<\/h2>\n\n\n\n<p>Spl\u00e9nom\u00e9galie<br>Masse abdominale cr\u00e2nienne<br>Masse abdominale moyenne<br>Masse abdominale caudale<br>Diminution des d\u00e9tails s\u00e9reux<\/p>\n<\/div>\n\n\n\n<div class=\"wp-block-group has-global-padding is-layout-constrained wp-block-group-is-layout-constrained\">\n\n\n<h2 class=\"wp-block-heading is-style-title-2-primary-bold\">Squelettique<\/h2>\n\n\n\n<p>Spondylose<br>L\u00e9sion osseuse agressive*<br>Fracture d&#039;un membre<br>\u00c9panchement du grasset<br>Signe(s) d&#039;IVDD<br>maladie d\u00e9g\u00e9n\u00e9rative des articulations<\/p>\n<\/div>\n\n\n\n<div class=\"wp-block-group has-global-padding is-layout-constrained wp-block-group-is-layout-constrained\">\n\n\n<h2 class=\"wp-block-heading is-style-title-2-primary-bold\">Tissus mous<\/h2>\n\n\n\n<p>Masse d&#039;opacit\u00e9 graisseuse (par exemple, lipome)<br>masse sous-cutan\u00e9e<br>Nodule sous-cutan\u00e9<\/p>\n<\/div>\n\n\n\n<div class=\"wp-block-group has-global-padding is-layout-constrained wp-block-group-is-layout-constrained\">\n\n\n<h2 class=\"wp-block-heading is-style-title-2-primary-bold\">Urog\u00e9nital<\/h2>\n\n\n\n<p>Hypertrophie de la prostate<br>Calculs de la vessie<br>Rein(s) d\u00e9form\u00e9(s)<br>Petit(s) rein(s)<br>Min\u00e9ralisation r\u00e9nale<br>Augmentation de la taille de l&#039;ut\u00e9rus<\/p>\n<\/div>\n\n\n\n<div class=\"wp-block-group has-global-padding is-layout-constrained wp-block-group-is-layout-constrained\">\n\n\n<h2 class=\"wp-block-heading is-style-title-2-primary-bold\">Auto-STAT<\/h2>\n\n\n\n<p>L\u00e9sion osseuse agressive<br>Dilatation-volvulus gastrique<br>Obstruction de l&#039;intestin gr\u00eale<br>Nodule(s) interstitiel(s) pulmonaire(s)<\/p>\n<\/div>\n\n\n\n<div class=\"wp-block-group has-global-padding is-layout-constrained wp-block-group-is-layout-constrained\">\n\n\n<h2 class=\"wp-block-heading is-style-title-2-primary-bold\">T\u00e9l\u00e9chargez une version PDF de la d\u00e9couverte ici. <\/h2>\n\n\n\n<div class=\"wp-block-buttons is-layout-flex wp-block-buttons-is-layout-flex\">\n<div class=\"wp-block-button has-icon__download\"><a class=\"wp-block-button__link wp-element-button\" href=\"https:\/\/view-su2.highspot.com\/viewer\/660ec38d4962473bb0c27219#1\" target=\"_blank\" rel=\"noreferrer noopener\">T\u00e9l\u00e9charger<span class=\"wp-block-button__link-icon\" aria-hidden=\"true\"><svg xmlns='http:\/\/www.w3.org\/2000\/svg' viewbox='0 0 24 24'><path fill-rule='evenodd' d='M11.559 16.899a1.001 1.001 0 0 0 1.033-.094c.041-.03.081-.062.118-.097l5-5c.39-.4.39-1.03 0-1.42a.991.991 0 0 0-1.42 0l-3.29 3.3V4c0-.56-.45-1-1-1-.56 0-1 .44-1 1v9.586L7.71 10.29a.991.991 0 0 0-1.42 0 .99.99 0 0 0 0 1.42l5 5a.98.98 0 0 0 .269.19ZM21 19c0 1.65-1.35 3-3 3H6c-1.66 0-3-1.35-3-3v-2c0-.56.44-1 1-1 .55 0 1 .44 1 1v2c0 .55.44 1 1 1h12c.55 0 1-.45 1-1v-2c0-.56.44-1 1-1 .55 0 1 .44 1 1v2Z' clip-rule='evenodd'\/><\/svg><\/span><\/a><\/div>\n<\/div>\n<\/div>\n<\/div>\n<\/div>","protected":false},"excerpt":{"rendered":"<p>Les r\u00e9sultats RapidRead marqu\u00e9s d&#039;un ast\u00e9risque sont automatiquement transmis pour une relecture STAT par un radiologue agr\u00e9\u00e9, sans frais suppl\u00e9mentaires. Ceci refl\u00e8te notre engagement envers vous et vos patients.<\/p>","protected":false},"author":5,"featured_media":4732,"parent":125,"menu_order":0,"comment_status":"closed","ping_status":"closed","template":"","meta":{"_acf_changed":false,"content-type":"","footnotes":""},"service-area":[43],"class_list":["post-127","page","type-page","status-publish","has-post-thumbnail","hentry","service-area-imaging-services"],"acf":[],"publishpress_future_action":{"enabled":false,"date":"2026-05-13 08:20:16","action":"change-status","newStatus":"draft","terms":[],"taxonomy":"service-area","extraData":[]},"publishpress_future_workflow_manual_trigger":{"enabledWorkflows":[]},"_links":{"self":[{"href":"https:\/\/uat.antechdiagnostics.com\/fr_ca\/wp-json\/wp\/v2\/pages\/127","targetHints":{"allow":["GET"]}}],"collection":[{"href":"https:\/\/uat.antechdiagnostics.com\/fr_ca\/wp-json\/wp\/v2\/pages"}],"about":[{"href":"https:\/\/uat.antechdiagnostics.com\/fr_ca\/wp-json\/wp\/v2\/types\/page"}],"author":[{"embeddable":true,"href":"https:\/\/uat.antechdiagnostics.com\/fr_ca\/wp-json\/wp\/v2\/users\/5"}],"replies":[{"embeddable":true,"href":"https:\/\/uat.antechdiagnostics.com\/fr_ca\/wp-json\/wp\/v2\/comments?post=127"}],"version-history":[{"count":0,"href":"https:\/\/uat.antechdiagnostics.com\/fr_ca\/wp-json\/wp\/v2\/pages\/127\/revisions"}],"up":[{"embeddable":true,"href":"https:\/\/uat.antechdiagnostics.com\/fr_ca\/wp-json\/wp\/v2\/pages\/125"}],"wp:featuredmedia":[{"embeddable":true,"href":"https:\/\/uat.antechdiagnostics.com\/fr_ca\/wp-json\/wp\/v2\/media\/4732"}],"wp:attachment":[{"href":"https:\/\/uat.antechdiagnostics.com\/fr_ca\/wp-json\/wp\/v2\/media?parent=127"}],"wp:term":[{"taxonomy":"service-area","embeddable":true,"href":"https:\/\/uat.antechdiagnostics.com\/fr_ca\/wp-json\/wp\/v2\/service-area?post=127"}],"curies":[{"name":"wp","href":"https:\/\/api.w.org\/{rel}","templated":true}]}}