    {"id":141,"date":"2024-10-23T10:25:14","date_gmt":"2024-10-23T14:25:14","guid":{"rendered":"\/?page_id=141"},"modified":"2026-02-04T11:48:56","modified_gmt":"2026-02-04T16:48:56","slug":"pennhip","status":"publish","type":"page","link":"https:\/\/uat.antechdiagnostics.com\/fr_ca\/imaging-services\/pennhip\/","title":{"rendered":"PennHIP"},"content":{"rendered":"<div class=\"wp-block-firsttracks-page-section alignfull is-section-hero is-style-section-1 has-global-padding is-layout-constrained wp-block-firsttracks-page-section-is-layout-constrained\">\n<div class=\"wp-block-columns alignwide is-layout-flex wp-container-core-columns-is-layout-28f84493 wp-block-columns-is-layout-flex\">\n<div class=\"wp-block-column is-vertically-aligned-center is-layout-flow wp-block-column-is-layout-flow\" style=\"flex-basis:50%\">\n<p class=\"is-style-body-secondary-bold\">Services d&#039;imagerie<\/p>\n\n\n\n<h1 class=\"wp-block-heading is-style-display-primary-bold\">PennHIP<\/h1>\n\n\n\n<p>La m\u00e9thode PennHIP Antech est l\u2019outil de d\u00e9pistage de la hanche le plus efficace disponible pour les chiens.<\/p>\n<\/div>\n\n\n\n<div class=\"wp-block-column is-layout-flow wp-block-column-is-layout-flow\" style=\"flex-basis:50%\">\n<div class=\"wp-block-group has-global-padding is-layout-constrained wp-block-group-is-layout-constrained\">\n<div class=\"wp-block-group is-hero-gallery is-layout-grid wp-container-core-group-is-layout-e2bd5cb0 wp-block-group-is-layout-grid\">\n<figure class=\"wp-block-image size-full\"><img loading=\"lazy\" decoding=\"async\" width=\"3840\" height=\"2161\" src=\"\/wp-content\/uploads\/2025\/01\/Antech_Science_Inflammation_RGB.png\" alt=\"\" class=\"wp-image-4693\" style=\"aspect-ratio:2\/1;object-fit:cover\" srcset=\"https:\/\/uat.antechdiagnostics.com\/wp-content\/uploads\/2025\/01\/Antech_Science_Inflammation_RGB.png 3840w, https:\/\/uat.antechdiagnostics.com\/wp-content\/uploads\/2025\/01\/Antech_Science_Inflammation_RGB-300x169.png 300w, https:\/\/uat.antechdiagnostics.com\/wp-content\/uploads\/2025\/01\/Antech_Science_Inflammation_RGB-1024x576.png 1024w, https:\/\/uat.antechdiagnostics.com\/wp-content\/uploads\/2025\/01\/Antech_Science_Inflammation_RGB-768x432.png 768w, https:\/\/uat.antechdiagnostics.com\/wp-content\/uploads\/2025\/01\/Antech_Science_Inflammation_RGB-1536x864.png 1536w, https:\/\/uat.antechdiagnostics.com\/wp-content\/uploads\/2025\/01\/Antech_Science_Inflammation_RGB-2048x1153.png 2048w, https:\/\/uat.antechdiagnostics.com\/wp-content\/uploads\/2025\/01\/Antech_Science_Inflammation_RGB-18x10.png 18w\" sizes=\"auto, (max-width: 3840px) 100vw, 3840px\" \/><\/figure>\n\n\n\n<figure class=\"wp-block-image size-full\"><img decoding=\"async\" src=\"\/wp-content\/themes\/antech2024\/assets\/images\/placeholder-7.png\" alt=\"\" style=\"aspect-ratio:2\/1;object-fit:cover\"\/><\/figure>\n<\/div>\n<\/div>\n<\/div>\n<\/div>\n<\/div>\n\n\n\n<div class=\"wp-block-firsttracks-page-section alignfull is-section-content has-global-padding is-layout-constrained wp-block-firsttracks-page-section-is-layout-constrained\">\n<div class=\"wp-block-group has-global-padding is-layout-constrained wp-block-group-is-layout-constrained\">\n<p>Le test PennHIP d'Antech permet d'estimer le risque d'arthrose douloureuse associ\u00e9e \u00e0 une dysplasie de la hanche canine (CHD) plus tard dans la vie. Gr\u00e2ce \u00e0 ces informations, le v\u00e9t\u00e9rinaire form\u00e9 au PennHIP peut recommander des strat\u00e9gies pr\u00e9ventives et palliatives. Le test est pr\u00e9cis d\u00e8s l'\u00e2ge de 16 semaines.<\/p>\n\n\n\n<p>Tous les chiens (et leurs propri\u00e9taires) peuvent b\u00e9n\u00e9ficier du test PennHIP. Chez les chiens de compagnie pr\u00e9sentant un risque d'arthrose de la hanche, une intervention pr\u00e9coce peut contribuer \u00e0 pr\u00e9venir ou \u00e0 att\u00e9nuer la gravit\u00e9 de la maladie coronarienne. Chez les chiens de travail ou d'assistance, l'identification d'un chien aux hanches saines peut prolonger sa vie professionnelle. Chez les chiens reproducteurs, la d\u00e9tection pr\u00e9coce des hanches \u00e0 risque permet \u00e0 l'\u00e9leveur de prendre des d\u00e9cisions rapides et \u00e9clair\u00e9es quant aux chiens \u00e0 conserver dans les programmes de reproduction.<\/p>\n\n\n\n<p>Le d\u00e9lai d&#039;ex\u00e9cution d&#039;une consultation PennHIP est g\u00e9n\u00e9ralement de 72 heures.<\/p>\n\n\n\n<p>Trouvez un h\u00f4pital PennHIP et un sp\u00e9cialiste v\u00e9t\u00e9rinaire certifi\u00e9 PennHIP <a href=\"\/fr_ca\/services-dimagerie\/pennhip\/trouver-un-veterinaire-pennhip\/\">ici<\/a>.<\/p>\n\n\n\n<p>Pour les v\u00e9t\u00e9rinaires et les techniciens souhaitant obtenir la certification pour pratiquer la m\u00e9thode PennHIP, apprenez-en davantage sur la formation et la certification en ligne gratuites <a href=\"\/fr_ca\/services-dimagerie\/pennhip\/formation-en-ligne\/\" data-type=\"page\" data-id=\"149\">ici<\/a>.<\/p>\n<\/div>\n<\/div>\n\n\n\n<div class=\"wp-block-firsttracks-page-section alignfull is-section-list is-style-section-1 is-list-link has-global-padding is-layout-constrained wp-block-firsttracks-page-section-is-layout-constrained\">\n<div class=\"wp-block-columns alignwide is-layout-flex wp-container-core-columns-is-layout-28f84493 wp-block-columns-is-layout-flex\">\n<div class=\"wp-block-column is-layout-flow wp-block-column-is-layout-flow\" style=\"flex-basis:33%\">\n<h2 class=\"wp-block-heading is-style-heading-2-primary-bold\">Ressources<\/h2>\n\n\n\n<p><\/p>\n<\/div>\n\n\n\n<div class=\"wp-block-column is-layout-flow wp-block-column-is-layout-flow\" style=\"flex-basis:66%\">\n<div class=\"wp-block-group wp-container-content-77c34273 has-global-padding is-layout-constrained wp-block-group-is-layout-constrained\">\n<div class=\"wp-block-buttons is-vertical is-content-justification-left is-layout-flex wp-container-core-buttons-is-layout-810fbbe0 wp-block-buttons-is-layout-flex\">\n\n\n<div class=\"wp-block-button is-style-button-6 has-icon__arrow-narrow-right\"><a class=\"wp-block-button__link wp-element-button\" href=\"https:\/\/www.youtube.com\/watch?v=2p0kUjJYiRU&amp;feature=youtu.be\" rel=\"noopener\">Vid\u00e9o sur la proc\u00e9dure PennHIP<span class=\"wp-block-button__link-icon\" aria-hidden=\"true\"><svg xmlns='http:\/\/www.w3.org\/2000\/svg' viewbox='0 0 24 24'><path fill-rule='evenodd' d='m16.58 11.012-2.29-2.285v-.01a.987.987 0 0 1 0-1.418.992.992 0 0 1 1.42 0l4 3.992c.236.23.33.554.28.86a1 1 0 0 1-.39.656L15.7 16.7c-.19.18-.45.289-.71.289L15 17c-.27 0-.53-.11-.71-.29a.996.996 0 0 1-.01-1.417v-.01l2.28-2.275H5c-.56 0-1-.45-1-.998a.99.99 0 0 1 1-.998h11.58Z' clip-rule='evenodd'\/><\/svg><\/span><\/a><\/div>\n\n\n\n<div class=\"wp-block-button is-style-button-6 has-icon__arrow-narrow-right\"><a class=\"wp-block-button__link wp-element-button\" href=\"https:\/\/www.youtube.com\/watch?v=Q8A4YC4KqI0\" rel=\"noopener\">Vid\u00e9o d&#039;informations g\u00e9n\u00e9rales<span class=\"wp-block-button__link-icon\" aria-hidden=\"true\"><svg xmlns='http:\/\/www.w3.org\/2000\/svg' viewbox='0 0 24 24'><path fill-rule='evenodd' d='m16.58 11.012-2.29-2.285v-.01a.987.987 0 0 1 0-1.418.992.992 0 0 1 1.42 0l4 3.992c.236.23.33.554.28.86a1 1 0 0 1-.39.656L15.7 16.7c-.19.18-.45.289-.71.289L15 17c-.27 0-.53-.11-.71-.29a.996.996 0 0 1-.01-1.417v-.01l2.28-2.275H5c-.56 0-1-.45-1-.998a.99.99 0 0 1 1-.998h11.58Z' clip-rule='evenodd'\/><\/svg><\/span><\/a><\/div>\n\n\n\n<div class=\"wp-block-button is-style-button-6 has-icon__arrow-narrow-right\"><a class=\"wp-block-button__link wp-element-button\" href=\"\/fr_ca\/services-dimagerie\/pennhip\/formation-en-ligne\/\" target=\"_blank\" rel=\"noreferrer noopener\">Formation en ligne<span class=\"wp-block-button__link-icon\" aria-hidden=\"true\"><svg xmlns='http:\/\/www.w3.org\/2000\/svg' viewbox='0 0 24 24'><path fill-rule='evenodd' d='m16.58 11.012-2.29-2.285v-.01a.987.987 0 0 1 0-1.418.992.992 0 0 1 1.42 0l4 3.992c.236.23.33.554.28.86a1 1 0 0 1-.39.656L15.7 16.7c-.19.18-.45.289-.71.289L15 17c-.27 0-.53-.11-.71-.29a.996.996 0 0 1-.01-1.417v-.01l2.28-2.275H5c-.56 0-1-.45-1-.998a.99.99 0 0 1 1-.998h11.58Z' clip-rule='evenodd'\/><\/svg><\/span><\/a><\/div>\n<\/div>\n<\/div>\n<\/div>\n<\/div>\n<\/div>\n\n\n\n<p><\/p>","protected":false},"excerpt":{"rendered":"","protected":false},"author":5,"featured_media":0,"parent":123,"menu_order":5,"comment_status":"closed","ping_status":"closed","template":"","meta":{"_acf_changed":false,"content-type":"","footnotes":""},"service-area":[],"class_list":["post-141","page","type-page","status-publish","hentry"],"acf":[],"publishpress_future_action":{"enabled":false,"date":"2026-05-13 10:08:47","action":"change-status","newStatus":"draft","terms":[],"taxonomy":"service-area","extraData":[]},"publishpress_future_workflow_manual_trigger":{"enabledWorkflows":[]},"_links":{"self":[{"href":"https:\/\/uat.antechdiagnostics.com\/fr_ca\/wp-json\/wp\/v2\/pages\/141","targetHints":{"allow":["GET"]}}],"collection":[{"href":"https:\/\/uat.antechdiagnostics.com\/fr_ca\/wp-json\/wp\/v2\/pages"}],"about":[{"href":"https:\/\/uat.antechdiagnostics.com\/fr_ca\/wp-json\/wp\/v2\/types\/page"}],"author":[{"embeddable":true,"href":"https:\/\/uat.antechdiagnostics.com\/fr_ca\/wp-json\/wp\/v2\/users\/5"}],"replies":[{"embeddable":true,"href":"https:\/\/uat.antechdiagnostics.com\/fr_ca\/wp-json\/wp\/v2\/comments?post=141"}],"version-history":[{"count":0,"href":"https:\/\/uat.antechdiagnostics.com\/fr_ca\/wp-json\/wp\/v2\/pages\/141\/revisions"}],"up":[{"embeddable":true,"href":"https:\/\/uat.antechdiagnostics.com\/fr_ca\/wp-json\/wp\/v2\/pages\/123"}],"wp:attachment":[{"href":"https:\/\/uat.antechdiagnostics.com\/fr_ca\/wp-json\/wp\/v2\/media?parent=141"}],"wp:term":[{"taxonomy":"service-area","embeddable":true,"href":"https:\/\/uat.antechdiagnostics.com\/fr_ca\/wp-json\/wp\/v2\/service-area?post=141"}],"curies":[{"name":"wp","href":"https:\/\/api.w.org\/{rel}","templated":true}]}}