    {"id":142,"date":"2024-10-23T10:25:33","date_gmt":"2024-10-23T14:25:33","guid":{"rendered":"\/?page_id=142"},"modified":"2026-02-04T11:52:17","modified_gmt":"2026-02-04T16:52:17","slug":"quest-ce-que-le-pennhip","status":"publish","type":"page","link":"https:\/\/uat.antechdiagnostics.com\/fr_ca\/imaging-services\/pennhip\/what-is-pennhip\/","title":{"rendered":"Qu&#039;est-ce que PennHIP"},"content":{"rendered":"<div class=\"wp-block-firsttracks-page-section alignfull is-section-hero is-style-section-1 has-global-padding is-layout-constrained wp-block-firsttracks-page-section-is-layout-constrained\">\n<div class=\"wp-block-columns alignfull is-layout-flex wp-container-core-columns-is-layout-28f84493 wp-block-columns-is-layout-flex\">\n<div class=\"wp-block-column is-vertically-aligned-center is-layout-flow wp-block-column-is-layout-flow\" style=\"flex-basis:50%\">\n<p class=\"is-style-body-secondary-bold\">Services d&#039;imagerie<\/p>\n\n\n\n<h1 class=\"wp-block-heading is-style-display-primary-bold\">Qu'est-ce que PennHIP?<\/h1>\n<\/div>\n\n\n\n<div class=\"wp-block-column is-layout-flow wp-block-column-is-layout-flow\" style=\"flex-basis:50%\">\n<div class=\"wp-block-group is-style-section-8 has-global-padding is-layout-constrained wp-block-group-is-layout-constrained\"><figure style=\"aspect-ratio:4\/3;\" class=\"wp-block-post-featured-image\"><img loading=\"lazy\" decoding=\"async\" width=\"1000\" height=\"750\" src=\"https:\/\/uat.antechdiagnostics.com\/wp-content\/uploads\/2025\/01\/Antech_Technology_Network_1_RGB-1.png\" class=\"attachment-post-thumbnail size-post-thumbnail wp-post-image\" alt=\"\" style=\"width:100%;height:100%;object-fit:contain;\" srcset=\"https:\/\/uat.antechdiagnostics.com\/wp-content\/uploads\/2025\/01\/Antech_Technology_Network_1_RGB-1.png 1000w, https:\/\/uat.antechdiagnostics.com\/wp-content\/uploads\/2025\/01\/Antech_Technology_Network_1_RGB-1-300x225.png 300w, https:\/\/uat.antechdiagnostics.com\/wp-content\/uploads\/2025\/01\/Antech_Technology_Network_1_RGB-1-768x576.png 768w, https:\/\/uat.antechdiagnostics.com\/wp-content\/uploads\/2025\/01\/Antech_Technology_Network_1_RGB-1-16x12.png 16w\" sizes=\"auto, (max-width: 1000px) 100vw, 1000px\" \/><\/figure><\/div>\n<\/div>\n<\/div>\n<\/div>\n\n\n\n<div class=\"wp-block-firsttracks-page-section alignfull is-section-content has-global-padding is-layout-constrained wp-block-firsttracks-page-section-is-layout-constrained\">\n<div class=\"wp-block-group has-global-padding is-layout-constrained wp-block-group-is-layout-constrained\">\n<p>PennHIP est une m\u00e9thode de d\u00e9pistage radiographique de la hanche canine qui \u00e9value la qualit\u00e9 de la hanche canine et mesure quantitativement la laxit\u00e9 articulaire. PennHIP est plus pr\u00e9cis que la norme actuelle dans sa capacit\u00e9 \u00e0 pr\u00e9dire l&#039;apparition de l&#039;arthrose (AO), \u00e9galement appel\u00e9e maladie articulaire d\u00e9g\u00e9n\u00e9rative (MAD), caract\u00e9ristique de la dysplasie canine de la hanche (DCH).&nbsp;<\/p>\n\n\n\n<p>PennHIP est constitu\u00e9 d&#039;un r\u00e9seau de v\u00e9t\u00e9rinaires form\u00e9s pour appliquer correctement la m\u00e9thodologie PennHIP.&nbsp;<\/p>\n\n\n\n<p>Et surtout, PennHIP est une base de donn\u00e9es scientifique d&#039;images radiographiques r\u00e9alis\u00e9es par des membres certifi\u00e9s PennHIP du monde entier, envoy\u00e9es au Centre d&#039;analyse PennHIP pour analyse. Cette base de donn\u00e9es est continuellement surveill\u00e9e et enrichie afin d&#039;apporter des r\u00e9ponses plus pr\u00e9cises aux questions sur l&#039;\u00e9tiologie, la pr\u00e9diction et les bases g\u00e9n\u00e9tiques de la dysplasie de la hanche.<\/p>\n\n\n\n<p>Les r\u00e9sultats de PennHIP sont publi\u00e9s dans des revues scientifiques, diffus\u00e9s \u00e0 tous les membres de PennHIP et partag\u00e9s avec les clubs de race int\u00e9ress\u00e9s, apparaissant r\u00e9guli\u00e8rement dans des publications au sein du monde canin.<\/p>\n\n\n\n<p><strong>PennHIP en un coup d&#039;\u0153il<\/strong><\/p>\n\n\n\n<p>La m\u00e9thode PennHIP \u00e9value, mesure et interpr\u00e8te avec pr\u00e9cision la laxit\u00e9 de la hanche. Contrairement \u00e0 la radiographie conventionnelle, singuli\u00e8re et subjective, en extension de la hanche, utilis\u00e9e dans les syst\u00e8mes de d\u00e9pistage de la hanche \u00e0 l&#039;\u00e9chelle mondiale, la m\u00e9thode PennHIP consiste en trois radiographies distinctes\u00a0: la vue en distraction, la vue en compression et la vue en extension de la hanche. Elle s&#039;av\u00e8re \u00eatre un indicateur plus pr\u00e9cis et plus efficace de l&#039;apparition de l&#039;arthrose.<\/p>\n\n\n\n<p>Les vues en distraction et en compression permettent d&#039;obtenir des mesures pr\u00e9cises et exactes de la laxit\u00e9 et de la congruence articulaires, respectivement. La vue en extension de hanche, parfois appel\u00e9e vue OFA, permet d&#039;obtenir des informations compl\u00e9mentaires sur la pr\u00e9sence d&#039;arthrose de la hanche.&nbsp;<\/p>\n\n\n\n<p>Les radiographies pr\u00e9sent\u00e9es ici concernent le m\u00eame chien, mais les laxit\u00e9s articulaires de la hanche sont tr\u00e8s diff\u00e9rentes d&#039;une vue \u00e0 l&#039;autre. Notez que les hanches, en vue de distraction et en position neutre, semblent beaucoup plus rel\u00e2ch\u00e9es qu&#039;en vue de hanche \u00e9tendue.<\/p>\n\n\n\n<figure class=\"wp-block-image aligncenter size-full\"><img loading=\"lazy\" decoding=\"async\" width=\"861\" height=\"664\" src=\"\/wp-content\/uploads\/2025\/09\/antech-pennhip-radiograph-A.png\" alt=\"\" class=\"wp-image-29900\" srcset=\"https:\/\/uat.antechdiagnostics.com\/wp-content\/uploads\/2025\/09\/antech-pennhip-radiograph-A.png 861w, https:\/\/uat.antechdiagnostics.com\/wp-content\/uploads\/2025\/09\/antech-pennhip-radiograph-A-300x231.png 300w, https:\/\/uat.antechdiagnostics.com\/wp-content\/uploads\/2025\/09\/antech-pennhip-radiograph-A-768x592.png 768w, https:\/\/uat.antechdiagnostics.com\/wp-content\/uploads\/2025\/09\/antech-pennhip-radiograph-A-16x12.png 16w\" sizes=\"auto, (max-width: 861px) 100vw, 861px\" \/><\/figure>\n\n\n\n<figure class=\"wp-block-image aligncenter size-full\"><img loading=\"lazy\" decoding=\"async\" width=\"658\" height=\"999\" src=\"\/wp-content\/uploads\/2025\/09\/antech-pennhip-radiograph-B.png\" alt=\"\" class=\"wp-image-29901\" srcset=\"https:\/\/uat.antechdiagnostics.com\/wp-content\/uploads\/2025\/09\/antech-pennhip-radiograph-B.png 658w, https:\/\/uat.antechdiagnostics.com\/wp-content\/uploads\/2025\/09\/antech-pennhip-radiograph-B-198x300.png 198w, https:\/\/uat.antechdiagnostics.com\/wp-content\/uploads\/2025\/09\/antech-pennhip-radiograph-B-8x12.png 8w\" sizes=\"auto, (max-width: 658px) 100vw, 658px\" \/><\/figure>\n\n\n\n<p>Le contraste \u00e9vident de laxit\u00e9 articulaire entre les clich\u00e9s en distraction et en extension de hanche illustre la diff\u00e9rence fondamentale entre les deux radiographies. Plus l&#039;articulation est rel\u00e2ch\u00e9e sur le clich\u00e9 en distraction, plus le risque d&#039;arthrose de la hanche est \u00e9lev\u00e9. Le clich\u00e9 en extension de hanche tend \u00e0 masquer la v\u00e9ritable laxit\u00e9 articulaire de la hanche, car la capsule articulaire se contracte lors de l&#039;extension de hanche. Ceci explique pourquoi la laxit\u00e9 articulaire mesurable sur le clich\u00e9 en distraction est toujours sup\u00e9rieure \u00e0 celle mesur\u00e9e sur le clich\u00e9 en extension de hanche. En fait, la laxit\u00e9 en distraction peut \u00eatre jusqu&#039;\u00e0 11 fois sup\u00e9rieure, selon la race de chien \u00e9tudi\u00e9e.<\/p>\n\n\n\n<p>La vue en compression permet de d\u00e9terminer l&#039;ajustement correct des t\u00eates f\u00e9morales dans l&#039;ac\u00e9tabulum. Dans une hanche arthrosique, le remodelage de l&#039;ac\u00e9tabulum et\/ou de la t\u00eate f\u00e9morale entra\u00eene souvent un mauvais ajustement de la t\u00eate f\u00e9morale.<\/p>\n\n\n\n<p><strong>Pour r\u00e9sumer, la m\u00e9thode PennHIP :<\/strong><br>Obtient les lectures OA \u00e0 partir de la vue standard de la hanche \u00e9tendue.<br>Obtient les lectures de congruence de l&#039;articulation de la hanche \u00e0 partir de la vue de compression.<br>Obtient des mesures quantitatives de la laxit\u00e9 de l&#039;articulation de la hanche \u00e0 partir de la vue de distraction.<\/p>\n<\/div>\n<\/div>","protected":false},"excerpt":{"rendered":"","protected":false},"author":5,"featured_media":4792,"parent":141,"menu_order":0,"comment_status":"closed","ping_status":"closed","template":"","meta":{"_acf_changed":false,"content-type":"","footnotes":""},"service-area":[],"class_list":["post-142","page","type-page","status-publish","has-post-thumbnail","hentry"],"acf":[],"publishpress_future_action":{"enabled":false,"date":"2026-05-13 12:35:26","action":"change-status","newStatus":"draft","terms":[],"taxonomy":"service-area","extraData":[]},"publishpress_future_workflow_manual_trigger":{"enabledWorkflows":[]},"_links":{"self":[{"href":"https:\/\/uat.antechdiagnostics.com\/fr_ca\/wp-json\/wp\/v2\/pages\/142","targetHints":{"allow":["GET"]}}],"collection":[{"href":"https:\/\/uat.antechdiagnostics.com\/fr_ca\/wp-json\/wp\/v2\/pages"}],"about":[{"href":"https:\/\/uat.antechdiagnostics.com\/fr_ca\/wp-json\/wp\/v2\/types\/page"}],"author":[{"embeddable":true,"href":"https:\/\/uat.antechdiagnostics.com\/fr_ca\/wp-json\/wp\/v2\/users\/5"}],"replies":[{"embeddable":true,"href":"https:\/\/uat.antechdiagnostics.com\/fr_ca\/wp-json\/wp\/v2\/comments?post=142"}],"version-history":[{"count":0,"href":"https:\/\/uat.antechdiagnostics.com\/fr_ca\/wp-json\/wp\/v2\/pages\/142\/revisions"}],"up":[{"embeddable":true,"href":"https:\/\/uat.antechdiagnostics.com\/fr_ca\/wp-json\/wp\/v2\/pages\/141"}],"wp:featuredmedia":[{"embeddable":true,"href":"https:\/\/uat.antechdiagnostics.com\/fr_ca\/wp-json\/wp\/v2\/media\/4792"}],"wp:attachment":[{"href":"https:\/\/uat.antechdiagnostics.com\/fr_ca\/wp-json\/wp\/v2\/media?parent=142"}],"wp:term":[{"taxonomy":"service-area","embeddable":true,"href":"https:\/\/uat.antechdiagnostics.com\/fr_ca\/wp-json\/wp\/v2\/service-area?post=142"}],"curies":[{"name":"wp","href":"https:\/\/api.w.org\/{rel}","templated":true}]}}