    {"id":144,"date":"2024-10-23T10:26:24","date_gmt":"2024-10-23T14:26:24","guid":{"rendered":"\/?page_id=144"},"modified":"2025-12-15T14:21:48","modified_gmt":"2025-12-15T19:21:48","slug":"faq-sur-pennhip","status":"publish","type":"page","link":"https:\/\/uat.antechdiagnostics.com\/fr_ca\/imaging-services\/pennhip\/pennhip-faq\/","title":{"rendered":"FAQ PennHIP"},"content":{"rendered":"<div style=\"background-image:url(&apos;\/wp-content\/themes\/antech2024\/assets\/images\/cover.png&apos;);background-size:cover;\" class=\"wp-block-group alignfull is-section-banner is-layout-flow wp-block-group-is-layout-flow has-background\">\n<div class=\"wp-block-group alignwide has-global-padding is-content-justification-left is-layout-constrained wp-container-core-group-is-layout-12dd3699 wp-block-group-is-layout-constrained\">\n<div class=\"wp-block-group has-global-padding is-content-justification-left is-layout-constrained wp-container-core-group-is-layout-12dd3699 wp-block-group-is-layout-constrained\">\n<h1 class=\"wp-block-heading is-style-display-primary-bold\">FAQ PennHIP<\/h1>\n\n\n\n<p>Voici quelques-unes des questions les plus fr\u00e9quemment pos\u00e9es<br>\u00e0 propos de la m\u00e9thode PennHIP.<\/p>\n<\/div>\n<\/div>\n<\/div>\n\n\n\n<div class=\"wp-block-firsttracks-page-section alignfull is-section-grid has-global-padding is-layout-constrained wp-block-firsttracks-page-section-is-layout-constrained\">\n<div class=\"wp-block-group alignwide is-grid-card is-layout-grid wp-container-core-group-is-layout-ceae93ee wp-block-group-is-layout-grid\">\n<div class=\"wp-block-group has-global-padding is-layout-constrained wp-block-group-is-layout-constrained\">\n\n\n<h2 class=\"wp-block-heading is-style-title-2-primary-bold\">Qu'est-ce que PennHIP?<\/h2>\n\n\n\n<p>La m\u00e9thode PennHIP est une m\u00e9thode innovante pour \u00e9valuer, mesurer et interpr\u00e9ter l&#039;\u00e9tat de la hanche chez le chien. Elle consiste en trois radiographies distinctes\u00a0: la vue en distraction, la vue en compression et la vue en extension de la hanche. Les vues en distraction et en compression permettent d&#039;obtenir des mesures pr\u00e9cises et exactes de la laxit\u00e9 et de la congruence de la hanche, respectivement. La vue en extension de la hanche permet d&#039;obtenir des informations compl\u00e9mentaires sur la pr\u00e9sence d&#039;arthrose de la hanche.<\/p>\n\n\n\n<p><\/p>\n\n\n\n<p>PennHIP est un service propos\u00e9 en collaboration avec un r\u00e9seau mondial de v\u00e9t\u00e9rinaires certifi\u00e9s et form\u00e9s par PennHIP. Gr\u00e2ce \u00e0 ce r\u00e9seau de v\u00e9t\u00e9rinaires appliquant la m\u00e9thode, PennHIP constitue une vaste base de donn\u00e9es scientifiques sur l&#039;\u00e9tiologie (cause), la pr\u00e9diction et les bases g\u00e9n\u00e9tiques de la dysplasie de la hanche canine, dans le but de contribuer \u00e0 r\u00e9duire la fr\u00e9quence et la gravit\u00e9 de cette maladie chez toutes les races de chiens.<\/p>\n<\/div>\n\n\n\n<div class=\"wp-block-group has-global-padding is-layout-constrained wp-block-group-is-layout-constrained\">\n\n\n<h2 class=\"wp-block-heading is-style-title-2-primary-bold\">Pourquoi utiliser PennHIP ?<\/h2>\n\n\n\n<p>Un nombre croissant d&#039;informations scientifiques provenant de plusieurs laboratoires ind\u00e9pendants confirment que la m\u00e9thode PennHIP surpasse les autres m\u00e9thodes de diagnostic par sa capacit\u00e9 \u00e0 mesurer la laxit\u00e9 de la hanche et \u00e0 pr\u00e9dire avec pr\u00e9cision l&#039;apparition de l&#039;arthrose (OA) associ\u00e9e \u00e0 la dysplasie de la hanche canine (DHC). L&#039;arthrose est \u00e9galement appel\u00e9e maladie d\u00e9g\u00e9n\u00e9rative des articulations (MDA).<\/p>\n\n\n\n<p><\/p>\n\n\n\n<p>La m\u00e9thode PennHIP peut \u00eatre r\u00e9alis\u00e9e sur des chiens d\u00e8s l&#039;\u00e2ge de 16 semaines, contre deux ans avec la technique standard.<\/p>\n\n\n\n<p><\/p>\n\n\n\n<p>Les donn\u00e9es g\u00e9n\u00e9r\u00e9es par PennHIP permettent aux \u00e9leveurs d&#039;identifier en toute confiance les membres de leurs reproducteurs pr\u00e9sentant les hanches les plus fermes et le meilleur potentiel reproducteur. L&#039;interpr\u00e9tation des donn\u00e9es PennHIP leur permet \u00e9galement d&#039;\u00e9valuer les progr\u00e8s de leur programme d&#039;\u00e9levage. Les propri\u00e9taires peuvent ainsi estimer le risque de d\u00e9velopper une DJD chez leur chien et, sur recommandation de leur v\u00e9t\u00e9rinaire, adapter leur mode de vie afin d&#039;am\u00e9liorer sa qualit\u00e9 de vie.<\/p>\n<\/div>\n\n\n\n<div class=\"wp-block-group has-global-padding is-layout-constrained wp-block-group-is-layout-constrained\">\n\n\n<h2 class=\"wp-block-heading is-style-title-2-primary-bold\">Quelle est la raison d\u2019\u00eatre de PennHIP ?<\/h2>\n\n\n\n<p>Des \u00e9tudes biom\u00e9caniques sophistiqu\u00e9es ont montr\u00e9 que la hanche canine est plus rel\u00e2ch\u00e9e en position neutre ou \u00ab debout \u00bb (aussi appel\u00e9e phase d&#039;appui). On en a d\u00e9duit que ce point est \u00e9galement la position optimale du patient pour mesurer la laxit\u00e9 maximale de l&#039;articulation de la hanche sur une radiographie. Ironiquement, la position standard du patient, hanche \u00e9tendue, a plac\u00e9 la hanche dans l&#039;une de ses configurations les plus serr\u00e9es, masquant ainsi la laxit\u00e9 inh\u00e9rente \u00e0 la hanche du chien.<\/p>\n\n\n\n<p><\/p>\n\n\n\n<p>La laxit\u00e9 passive de la hanche, mesur\u00e9e en position neutre, a \u00e9t\u00e9 surveill\u00e9e radiographiquement chez des chiens \u00e0 mesure qu&#039;ils grandissaient. Il a \u00e9t\u00e9 d\u00e9montr\u00e9 que 1) la mesure radiographique de la laxit\u00e9 passive de l&#039;articulation de la hanche par la m\u00e9thode PennHIP \u00e9tait pr\u00e9cise d\u00e8s l&#039;\u00e2ge de 16 semaines, et 2) la laxit\u00e9 de la hanche \u00e9tait le principal facteur de risque pr\u00e9dictif de d\u00e9veloppement de l&#039;arthrose. Plus pr\u00e9cis\u00e9ment, plus l&#039;articulation de la hanche est rel\u00e2ch\u00e9e selon la m\u00e9thode PennHIP, plus le risque de d\u00e9velopper une arthrose est \u00e9lev\u00e9.<\/p>\n\n\n\n<p><\/p>\n\n\n\n<p>La m\u00e9thode PennHIP int\u00e8gre \u00e9galement la radiographie de la hanche \u00e9tendue pour \u00e9valuer les signes d\u2019arthrose.<\/p>\n<\/div>\n\n\n\n<div class=\"wp-block-group has-global-padding is-layout-constrained wp-block-group-is-layout-constrained\">\n\n\n<h2 class=\"wp-block-heading is-style-title-2-primary-bold\">Comment PennHIP a-t-il \u00e9t\u00e9 d\u00e9velopp\u00e9 ?<\/h2>\n\n\n\n<p>En 1983, alors qu&#039;elle \u00e9tait \u00e0 la Facult\u00e9 de m\u00e9decine v\u00e9t\u00e9rinaire de l&#039;Universit\u00e9 de Pennsylvanie, le Dr Gail Smith a entrepris des recherches et d\u00e9velopp\u00e9 une m\u00e9thode scientifique pour le diagnostic pr\u00e9coce des maladies coronariennes. Plusieurs disciplines scientifiques \u2013 dont la biom\u00e9canique, l&#039;orthop\u00e9die, la m\u00e9decine clinique, la radiologie, l&#039;\u00e9pid\u00e9miologie et la g\u00e9n\u00e9tique quantitative \u2013 ont \u00e9t\u00e9 int\u00e9gr\u00e9es au d\u00e9veloppement de PennHIP. Ces recherches ont abouti \u00e0 une m\u00e9thode diagnostique permettant d&#039;estimer la susceptibilit\u00e9 aux maladies coronariennes chez les chiens d\u00e8s l&#039;\u00e2ge de 16 semaines.<\/p>\n\n\n\n<p><\/p>\n\n\n\n<p>En 1993, le Dr Smith a cr\u00e9\u00e9 PennHIP, un programme initialement ax\u00e9 sur les essais cliniques de la nouvelle technologie de diagnostic de la dysplasie de la hanche, et qui a rapidement connu une croissance. PennHip a \u00e9t\u00e9 rachet\u00e9 \u00e0 l&#039;Universit\u00e9 de Pennsylvanie par Antech Diagnostics en 2013.<\/p>\n<\/div>\n\n\n\n<div class=\"wp-block-group has-global-padding is-layout-constrained wp-block-group-is-layout-constrained\">\n\n\n<h2 class=\"wp-block-heading is-style-title-2-primary-bold\">Qu&#039;arrive-t-il \u00e0 mon chien lors d&#039;une \u00e9valuation PennHIP ?<\/h2>\n\n\n\n<p>Pour obtenir des radiographies diagnostiques, le patient et les muscles environnants doivent \u00eatre compl\u00e8tement d\u00e9tendus. Pour le confort et la s\u00e9curit\u00e9 de l&#039;animal, une s\u00e9dation et\/ou une anesth\u00e9sie g\u00e9n\u00e9rale sont n\u00e9cessaires. G\u00e9n\u00e9ralement, trois radiographies distinctes sont r\u00e9alis\u00e9es lors d&#039;une \u00e9valuation\u00a0: une incidence en compression, une incidence en distraction et une incidence en extension de la hanche. La proc\u00e9dure PennHIP a \u00e9t\u00e9 r\u00e9alis\u00e9e en toute s\u00e9curit\u00e9 sur des milliers de patients.<\/p>\n<\/div>\n\n\n\n<div class=\"wp-block-group has-global-padding is-layout-constrained wp-block-group-is-layout-constrained\">\n\n\n<h2 class=\"wp-block-heading is-style-title-2-primary-bold\">\u00c0 quel \u00e2ge mon chien peut-il avoir une radiographie PennHIP ?<\/h2>\n\n\n\n<p>La m\u00e9thode PennHIP peut \u00eatre r\u00e9alis\u00e9e de mani\u00e8re fiable sur un chien d\u00e8s l&#039;\u00e2ge de 16 semaines. Une laxit\u00e9 passive de la hanche \u00e0 16 semaines est fortement corr\u00e9l\u00e9e \u00e0 une laxit\u00e9 ult\u00e9rieure. Autrement dit, la laxit\u00e9 de la hanche d&#039;un chien \u00e0 16 semaines sera sensiblement la m\u00eame \u00e0 un an, deux ans, voire trois ans.<\/p>\n\n\n\n<p><\/p>\n\n\n\n<p>Il existe des avantages \u00e9vidents \u00e0 d\u00e9pister la laxit\u00e9 de la hanche chez les chiens d\u00e8s l&#039;\u00e2ge de 16 semaines (ou six mois, un an, etc.) plut\u00f4t que d&#039;attendre deux ans. La fiabilit\u00e9 de la m\u00e9thode PennHIP s&#039;am\u00e9liore l\u00e9g\u00e8rement avec l&#039;\u00e2ge, un an \u00e9tant l\u00e9g\u00e8rement sup\u00e9rieur \u00e0 six mois, qui sont eux-m\u00eames l\u00e9g\u00e8rement meilleurs que 16 semaines. Pour tous les chiens, nous recommandons, lorsque cela est possible, d&#039;utiliser la moyenne des \u00e9valuations r\u00e9p\u00e9t\u00e9es afin d&#039;obtenir une estimation plus fiable de la laxit\u00e9 de la hanche.<\/p>\n<\/div>\n\n\n\n<div class=\"wp-block-group has-global-padding is-layout-constrained wp-block-group-is-layout-constrained\">\n\n\n<h2 class=\"wp-block-heading is-style-title-2-primary-bold\">Cette proc\u00e9dure n\u00e9cessite-t-elle une s\u00e9dation et\/ou une anesth\u00e9sie ?<\/h2>\n\n\n\n<p>Pour obtenir des radiographies de qualit\u00e9 diagnostique, la musculature entourant l&#039;articulation de la hanche doit \u00eatre compl\u00e8tement rel\u00e2ch\u00e9e. Pour le confort et la s\u00e9curit\u00e9 de l&#039;animal, une s\u00e9dation lourde ou une anesth\u00e9sie g\u00e9n\u00e9rale sont n\u00e9cessaires.<\/p>\n<\/div>\n\n\n\n<div class=\"wp-block-group has-global-padding is-layout-constrained wp-block-group-is-layout-constrained\">\n\n\n<h2 class=\"wp-block-heading is-style-title-2-primary-bold\">Est-il possible que la proc\u00e9dure blesse les hanches de mon chien ?<\/h2>\n\n\n\n<p>Apr\u00e8s de nombreuses \u00e9tudes, men\u00e9es au laboratoire PennHIP et dans des laboratoires ind\u00e9pendants, rien ne permet de penser que la proc\u00e9dure PennHIP soit plus nocive que l&#039;extension standard de la hanche. PennHIP n&#039;a connaissance que de quelques cas de chiens ayant pr\u00e9sent\u00e9 une g\u00eane apr\u00e8s l&#039;intervention. Toutes ces plaintes font l&#039;objet d&#039;un suivi et aucune douleur ni effet ind\u00e9sirable \u00e0 long terme n&#039;a \u00e9t\u00e9 observ\u00e9.<\/p>\n<\/div>\n\n\n\n<div class=\"wp-block-group has-global-padding is-layout-constrained wp-block-group-is-layout-constrained\">\n\n\n<h2 class=\"wp-block-heading is-style-title-2-primary-bold\">La proc\u00e9dure PennHIP est-elle plus ch\u00e8re que la proc\u00e9dure OFA ?<\/h2>\n\n\n\n<p>Le tarif total d&#039;une \u00e9valuation PennHIP est d\u00e9termin\u00e9 par le v\u00e9t\u00e9rinaire prestataire. Votre v\u00e9t\u00e9rinaire PennHIP facturera probablement plus cher un test PennHIP qu&#039;une \u00e9valuation OFA. L&#039;analyse PennHIP comprend trois radiographies au lieu d&#039;une. De plus, un v\u00e9t\u00e9rinaire certifi\u00e9 PennHIP engage des frais de formation, de tests d&#039;assurance qualit\u00e9 et d&#039;achat du mat\u00e9riel n\u00e9cessaire.<\/p>\n<\/div>\n\n\n\n<div class=\"wp-block-group has-global-padding is-layout-constrained wp-block-group-is-layout-constrained\">\n\n\n<h2 class=\"wp-block-heading is-style-title-2-primary-bold\">Comment puis-je trouver un v\u00e9t\u00e9rinaire PennHIP ou obtenir des r\u00e9ponses \u00e0 des questions suppl\u00e9mentaires\u00a0?<\/h2>\n\n\n\n<p>Recherchez un v\u00e9t\u00e9rinaire PennHIP dans votre r\u00e9gion <a href=\"https:\/\/antechimagingservices.com\/antechweb\/locate-a-pennhip-veterinarian\" rel=\"noopener\">ici<\/a>.<\/p>\n<\/div>\n\n\n\n<div class=\"wp-block-group has-global-padding is-layout-constrained wp-block-group-is-layout-constrained\">\n\n\n<h2 class=\"wp-block-heading is-style-title-2-primary-bold\">En quoi PennHIP diff\u00e8re-t-il des m\u00e9thodes d\u2019\u00e9valuation qui utilisent la position de la hanche \u00e9tendue\u00a0?<\/h2>\n\n\n\n<p>PennHIP diff\u00e8re des autres m\u00e9thodes de plusieurs mani\u00e8res tr\u00e8s fondamentales et importantes :<\/p>\n\n\n\n<p><strong>Protocole scientifique<br><\/strong>PennHIP a \u00e9t\u00e9 d\u00e9velopp\u00e9 et test\u00e9 selon des protocoles scientifiques rigoureux, et les r\u00e9sultats de ces \u00e9tudes ont \u00e9t\u00e9 et continuent d&#039;\u00eatre publi\u00e9s dans des revues scientifiques \u00e0 comit\u00e9 de lecture. Comme pour tous les tests diagnostiques, la pr\u00e9cision de PennHIP n&#039;est pas 100%, mais en comparaison directe, il est bien sup\u00e9rieur \u00e0 toutes les autres m\u00e9thodes diagnostiques de la dysplasie de la hanche disponibles.<\/p>\n\n\n\n<p><strong>\u00c9valuation objective<br><\/strong>Le protocole d&#039;\u00e9valuation de PennHIP mesure quantitativement la laxit\u00e9 passive de la hanche. En fonction du degr\u00e9 de laxit\u00e9, la laxit\u00e9 de chaque chien est rapport\u00e9e sur une \u00e9chelle continue par rapport aux autres membres de la m\u00eame race. Cela permet aux \u00e9leveurs d&#039;identifier facilement les animaux pr\u00e9sentant une raideur des hanches au sein de chaque race. Les chiens pr\u00e9sentant une raideur des hanches sont moins susceptibles de d\u00e9velopper une arthrose (dysplasie de la hanche).<\/p>\n\n\n\n<p><strong>Positionnement du patient<br><\/strong>\u00c9tant donn\u00e9 que PennHIP mesure la laxit\u00e9 passive maximale de la hanche, la position du patient est sensiblement diff\u00e9rente de celle en extension. Cette position est utilis\u00e9e depuis plus de 50 ans pour d\u00e9pister l&#039;arthrose, la laxit\u00e9, ou les deux. Cependant, des \u00e9tudes ont mis en \u00e9vidence une grande variabilit\u00e9 diagnostique entre les radiologues dans l&#039;interpr\u00e9tation de cette vue, et la vue en extension masquait la laxit\u00e9 articulaire sous-jacente. Par cons\u00e9quent, la valeur pr\u00e9dictive de la coronaropathie de la m\u00e9thode en extension est inf\u00e9rieure \u00e0 celle de la proc\u00e9dure PennHIP.<\/p>\n\n\n\n<p><strong>H\u00e9ritabilit\u00e9<br><\/strong>L&#039;h\u00e9ritabilit\u00e9 est une mesure statistique de la part de la variation d&#039;un trait au sein d&#039;une population due \u00e0 des facteurs g\u00e9n\u00e9tiques. Elle est exprim\u00e9e par un nombre compris entre 0 et 1. Plus l&#039;h\u00e9ritabilit\u00e9 est \u00e9lev\u00e9e, plus le taux de changement g\u00e9n\u00e9tique r\u00e9sultant de la pression de s\u00e9lection est \u00e9lev\u00e9. La pr\u00e9cision d&#039;un test diagnostique pour d\u00e9terminer une maladie, en l&#039;occurrence une cardiopathie cong\u00e9nitale, a un impact profond sur la valeur de la statistique d&#039;h\u00e9ritabilit\u00e9.<\/p>\n\n\n\n<p>Aux \u00c9tats-Unis, les estimations de l&#039;h\u00e9ritabilit\u00e9 du ph\u00e9notype subjectif de la hanche \u00e9tendue, \u00e9valu\u00e9 \u00e0 partir d&#039;une radiographie conventionnelle de la hanche \u00e9tendue, ne sont disponibles que pour quelques races de chiens. L&#039;h\u00e9ritabilit\u00e9 du ph\u00e9notype pathologique, \u00e9valu\u00e9 sur la vue de la hanche \u00e9tendue, n&#039;a pas \u00e9t\u00e9 \u00e9tudi\u00e9e chez la plupart des races de chiens aux \u00c9tats-Unis. Les estimations d&#039;h\u00e9ritabilit\u00e9 publi\u00e9es se situent g\u00e9n\u00e9ralement entre 0,17 et 0,35 dans les races \u00e9tudi\u00e9es. La faible h\u00e9ritabilit\u00e9 de la m\u00e9thode d&#039;\u00e9valuation de la hanche \u00e9tendue et sa faible corr\u00e9lation avec la pr\u00e9diction de l&#039;arthrose expliquent la lenteur de l&#039;am\u00e9lioration de l&#039;\u00e9tat de la hanche gr\u00e2ce \u00e0 cette m\u00e9thode.<\/p>\n\n\n\n<p>De nombreux clubs de race souhaitant d\u00e9terminer les estimations d&#039;h\u00e9ritabilit\u00e9 pour leur race particuli\u00e8re utilisent la m\u00e9thode PennHIP.<\/p>\n\n\n\n<p><strong>Contr\u00f4le de qualit\u00e9<br><\/strong>La m\u00e9thode PennHIP repose sur un contr\u00f4le qualit\u00e9 rigoureux. Les v\u00e9t\u00e9rinaires PennHIP doivent suivre une formation et une certification pour d\u00e9montrer leur comp\u00e9tence. Les films PennHIP sont \u00e9valu\u00e9s de mani\u00e8re critique et les v\u00e9t\u00e9rinaires sont invit\u00e9s \u00e0 r\u00e9p\u00e9ter la proc\u00e9dure s&#039;ils ne r\u00e9pondent pas aux normes strictes. Les donn\u00e9es g\u00e9n\u00e9r\u00e9es par PennHIP font l&#039;objet d&#039;un examen r\u00e9gulier et d&#039;une analyse statistique afin de disposer d&#039;informations utiles par race pour orienter les pratiques d&#039;\u00e9levage et \u00e9valuer les progr\u00e8s vers la r\u00e9duction des maladies coronariennes.<\/p>\n\n\n\n<p><strong>Soumission obligatoire du film<br><\/strong>Toutes les radiographies de la hanche prises par les v\u00e9t\u00e9rinaires de PennHIP sont soumises \u00e0 analyse et int\u00e9gr\u00e9es \u00e0 la base de donn\u00e9es PennHIP. Cette politique \u00e9limine les radiographies de \u00ab\u00a0pr\u00e9s\u00e9lection\u00a0\u00bb et ne soumet que les meilleures hanches \u00e0 l&#039;\u00e9valuation. Il a \u00e9t\u00e9 d\u00e9montr\u00e9 que cette pr\u00e9s\u00e9lection, parfois appel\u00e9e \u00ab\u00a0soumission volontaire de clich\u00e9s\u00a0\u00bb, biaise la base de donn\u00e9es, contenant une fr\u00e9quence de hanches saines sup\u00e9rieure \u00e0 celle des races canines concern\u00e9es. Exclure les hanches les plus ab\u00eem\u00e9es donne la fausse impression que des progr\u00e8s g\u00e9n\u00e9tiques sont r\u00e9alis\u00e9s pour r\u00e9duire l&#039;incidence de la dysplasie de la hanche.<\/p>\n<\/div>\n\n\n\n<div class=\"wp-block-group has-global-padding is-layout-constrained wp-block-group-is-layout-constrained\">\n\n\n<h2 class=\"wp-block-heading is-style-title-2-primary-bold\">PennHIP remplacera-t-il d\u2019autres syst\u00e8mes disponibles dans le commerce\u00a0?<\/h2>\n\n\n\n<p>PennHIP a \u00e9t\u00e9 accueilli avec enthousiasme, car il repr\u00e9sente une avanc\u00e9e majeure dans la r\u00e9duction de la fr\u00e9quence des cardiopathies cong\u00e9nitales, notamment au sein des associations de chiens de travail et d&#039;assistance. Nous encourageons et saluons la poursuite des \u00e9tudes scientifiques et la comparaison de PennHIP avec les m\u00e9thodes existantes ou nouvelles de diagnostic de la dysplasie de la hanche canine. Avec les progr\u00e8s technologiques, la communaut\u00e9 v\u00e9t\u00e9rinaire professionnelle utilisera les m\u00e9thodes de diagnostic les plus efficaces. Les \u00e9leveurs canins adopteront \u00e9galement les m\u00e9thodes qui les aideront \u00e0 atteindre leurs objectifs de r\u00e9duction de la fr\u00e9quence de la dysplasie de la hanche chez les chiens tout en pr\u00e9servant les autres caract\u00e9ristiques souhaitables. Aujourd&#039;hui, gr\u00e2ce \u00e0 ses solides bases scientifiques, la m\u00e9thode PennHIP est l&#039;outil de d\u00e9pistage de la hanche le plus efficace disponible chez les chiens.<\/p>\n<\/div>\n\n\n\n<div class=\"wp-block-group has-global-padding is-layout-constrained wp-block-group-is-layout-constrained\">\n\n\n<h2 class=\"wp-block-heading is-style-title-2-primary-bold\">L\u2019AKC et d\u2019autres organismes d\u2019enregistrement de races \u00ab reconna\u00eetront-ils \u00bb PennHIP ?<\/h2>\n\n\n\n<p>En 1996, le conseil d&#039;administration de l&#039;AKC a annonc\u00e9 son intention de supprimer toutes les informations m\u00e9dicales et g\u00e9n\u00e9tiques de l&#039;enregistrement officiel de l&#039;AKC et de les inclure, avec les informations PennHIP, dans la base de donn\u00e9es d&#039;information et de sant\u00e9, connue sous le nom de CHIC. Cette base de donn\u00e9es est g\u00e9r\u00e9e par l&#039;Orthopedic Foundation for Animals\u00a0; les \u00e9leveurs et les propri\u00e9taires de chiens peuvent y d\u00e9poser leurs informations PennHIP. Nous continuons de collaborer avec d&#039;autres organisations, aux niveaux national et international, pour pr\u00e9senter la technologie PennHIP et son impact positif sur la r\u00e9duction des maladies coronariennes.<\/p>\n<\/div>\n\n\n\n<div class=\"wp-block-group has-global-padding is-layout-constrained wp-block-group-is-layout-constrained\">\n\n\n<h2 class=\"wp-block-heading is-style-title-2-primary-bold\">En quoi le test PennHIP m&#039;est-il b\u00e9n\u00e9fique en tant que propri\u00e9taire ou \u00e9leveur de chiens ?<\/h2>\n\n\n\n<p>Des recherches ont montr\u00e9 que la m\u00e9thode PennHIP surpasse les autres m\u00e9thodes diagnostiques par sa capacit\u00e9 \u00e0 pr\u00e9dire avec pr\u00e9cision la susceptibilit\u00e9 d&#039;un chien \u00e0 d\u00e9velopper une arthrose de la hanche. La m\u00e9thode PennHIP peut \u00eatre utilis\u00e9e d\u00e8s l&#039;\u00e2ge de 16 semaines, contre deux ans avec la technique standard. Il est important de pouvoir \u00e9valuer pr\u00e9cocement l&#039;int\u00e9grit\u00e9 de la hanche d&#039;un chien, que ce soit pour la reproduction, le travail ou le service, ou comme animal de compagnie. Les donn\u00e9es collect\u00e9es et analys\u00e9es par PennHIP permettront aux \u00e9leveurs d&#039;identifier en toute confiance les membres de leurs reproducteurs pr\u00e9sentant les hanches les plus raides et d&#039;\u00e9valuer les progr\u00e8s r\u00e9alis\u00e9s dans leur programme d&#039;\u00e9levage pour r\u00e9duire la laxit\u00e9 de la hanche chez leurs chiens. Pour les propri\u00e9taires d&#039;animaux, comprendre le risque de d\u00e9velopper une arthrose de la hanche leur permettra d&#039;adapter le mode de vie de leur chien afin de r\u00e9duire ce risque et d&#039;am\u00e9liorer sa qualit\u00e9 de vie.<\/p>\n<\/div>\n<\/div>\n<\/div>","protected":false},"excerpt":{"rendered":"<p>FAQ PennHIP Voici quelques-unes des questions les plus fr\u00e9quemment pos\u00e9es sur la m\u00e9thode PennHIP.<\/p>","protected":false},"author":5,"featured_media":0,"parent":141,"menu_order":1,"comment_status":"closed","ping_status":"closed","template":"","meta":{"_acf_changed":false,"content-type":"","footnotes":""},"service-area":[],"class_list":["post-144","page","type-page","status-publish","hentry"],"acf":[],"publishpress_future_action":{"enabled":false,"date":"2026-05-13 13:34:05","action":"change-status","newStatus":"draft","terms":[],"taxonomy":"service-area","extraData":[]},"publishpress_future_workflow_manual_trigger":{"enabledWorkflows":[]},"_links":{"self":[{"href":"https:\/\/uat.antechdiagnostics.com\/fr_ca\/wp-json\/wp\/v2\/pages\/144","targetHints":{"allow":["GET"]}}],"collection":[{"href":"https:\/\/uat.antechdiagnostics.com\/fr_ca\/wp-json\/wp\/v2\/pages"}],"about":[{"href":"https:\/\/uat.antechdiagnostics.com\/fr_ca\/wp-json\/wp\/v2\/types\/page"}],"author":[{"embeddable":true,"href":"https:\/\/uat.antechdiagnostics.com\/fr_ca\/wp-json\/wp\/v2\/users\/5"}],"replies":[{"embeddable":true,"href":"https:\/\/uat.antechdiagnostics.com\/fr_ca\/wp-json\/wp\/v2\/comments?post=144"}],"version-history":[{"count":0,"href":"https:\/\/uat.antechdiagnostics.com\/fr_ca\/wp-json\/wp\/v2\/pages\/144\/revisions"}],"up":[{"embeddable":true,"href":"https:\/\/uat.antechdiagnostics.com\/fr_ca\/wp-json\/wp\/v2\/pages\/141"}],"wp:attachment":[{"href":"https:\/\/uat.antechdiagnostics.com\/fr_ca\/wp-json\/wp\/v2\/media?parent=144"}],"wp:term":[{"taxonomy":"service-area","embeddable":true,"href":"https:\/\/uat.antechdiagnostics.com\/fr_ca\/wp-json\/wp\/v2\/service-area?post=144"}],"curies":[{"name":"wp","href":"https:\/\/api.w.org\/{rel}","templated":true}]}}