    {"id":149,"date":"2024-10-23T10:28:48","date_gmt":"2024-10-23T14:28:48","guid":{"rendered":"\/?page_id=149"},"modified":"2025-12-15T14:22:32","modified_gmt":"2025-12-15T19:22:32","slug":"formation-en-ligne","status":"publish","type":"page","link":"https:\/\/uat.antechdiagnostics.com\/fr_ca\/imaging-services\/pennhip\/online-training\/","title":{"rendered":"Formation en ligne"},"content":{"rendered":"<div style=\"background-image:url(&apos;\/wp-content\/themes\/antech2024\/assets\/images\/cover.png&apos;);background-size:cover;\" class=\"wp-block-group alignfull is-section-banner is-layout-flow wp-block-group-is-layout-flow has-background\">\n<div class=\"wp-block-group alignwide has-global-padding is-content-justification-left is-layout-constrained wp-container-core-group-is-layout-12dd3699 wp-block-group-is-layout-constrained\">\n<div class=\"wp-block-group has-global-padding is-content-justification-left is-layout-constrained wp-container-core-group-is-layout-12dd3699 wp-block-group-is-layout-constrained\">\n<h1 class=\"wp-block-heading is-style-display-primary-bold\">Antech Formation en ligne PennHIP<\/h1>\n<\/div>\n<\/div>\n<\/div>\n\n\n\n<div style=\"height:25px\" aria-hidden=\"true\" class=\"wp-block-spacer\"><\/div>\n\n\n\n<p>La formation \u00e0 la m\u00e9thode PennHIP Antech est essentielle \u00e0 la r\u00e9ussite de la proc\u00e9dure. Pour devenir membre du r\u00e9seau PennHIP Antech, il faut\u00a0: 1) suivre la formation en ligne et r\u00e9ussir l&#039;examen final, puis 2) r\u00e9ussir les exercices de certification au sein de votre cabinet.<\/p>\n\n\n\n<p>La formation PennHIP est disponible en ligne. Elle est gratuite et a \u00e9t\u00e9 simplifi\u00e9 pour n\u00e9cessiter moins de temps que la version initiale en pr\u00e9sentiel. Des cr\u00e9dits RACE sont attribu\u00e9s \u00e0 l'issue de la formation.<\/p>\n\n\n\n<div style=\"height:20px\" aria-hidden=\"true\" class=\"wp-block-spacer\"><\/div>\n\n\n\n<div style=\"height:20px\" aria-hidden=\"true\" class=\"wp-block-spacer\"><\/div>\n\n\n\n<h2 class=\"wp-block-heading is-style-title-1-primary-bold\">Modules de formation et calendrier<\/h2>\n\n\n\n<p>La formation en ligne comprend cinq modules. Chacun d&#039;eux doit \u00eatre valid\u00e9 dans les 14 jours suivant l&#039;inscription. Chaque module ne dure que deux heures et peut \u00eatre suivi en une journ\u00e9e ou moins. Les personnes ne parvenant pas \u00e0 terminer la formation dans les 14 jours devront se r\u00e9inscrire et recommencer depuis le d\u00e9but. Apr\u00e8s avoir consult\u00e9 les modules de formation en ligne et r\u00e9ussi l&#039;examen en ligne, des cr\u00e9dits RACE seront attribu\u00e9s.<\/p>\n\n\n\n<div style=\"height:20px\" aria-hidden=\"true\" class=\"wp-block-spacer\"><\/div>\n\n\n\n<div style=\"height:20px\" aria-hidden=\"true\" class=\"wp-block-spacer\"><\/div>\n\n\n\n<h2 class=\"wp-block-heading is-style-title-1-primary-bold\">Certification<\/h2>\n\n\n\n<p>La certification est la derni\u00e8re \u00e9tape de la formation. Le stagiaire soumettra trois cas tests pour d\u00e9montrer sa ma\u00eetrise de la m\u00e9thode PennHIP. Le traitement des radiographies de certification est gratuit si elles sont soumises dans les 45 jours suivant la r\u00e9ussite de la formation en ligne. Les stagiaires peuvent soumettre autant de cas canins que n\u00e9cessaire pendant cette p\u00e9riode de 45 jours pour obtenir trois cas de r\u00e9ussite (sans frais). Apr\u00e8s 45 jours et jusqu&#039;\u00e0 60 jours, des frais de $160 US par cas seront factur\u00e9s jusqu&#039;\u00e0 ce qu&#039;il y ait trois cas de r\u00e9ussite. Apr\u00e8s 60 jours, si les trois cas de r\u00e9ussite n&#039;ont pas \u00e9t\u00e9 obtenus, le stagiaire doit se r\u00e9inscrire \u00e0 la formation en ligne et recommencer depuis le d\u00e9but.<\/p>\n\n\n\n<div style=\"height:20px\" aria-hidden=\"true\" class=\"wp-block-spacer\"><\/div>\n\n\n\n<div style=\"height:20px\" aria-hidden=\"true\" class=\"wp-block-spacer\"><\/div>\n\n\n\n<h2 class=\"wp-block-heading is-style-title-1-primary-bold\">Personnel technique<\/h2>\n\n\n\n<p>Pour les cabinets comptant au moins un v\u00e9t\u00e9rinaire certifi\u00e9 PennHIP (ou en formation), nous encourageons les techniciens v\u00e9t\u00e9rinaires du cabinet \u00e0 suivre \u00e9galement la formation en ligne afin d&#039;obtenir la certification pour pratiquer la proc\u00e9dure PennHIP, comme d\u00e9crit ci-dessus. Une fois la certification obtenue, tous les dossiers du cabinet doivent \u00eatre soumis \u00e0 PennHIP (Antech) sous le nom du v\u00e9t\u00e9rinaire certifi\u00e9 PennHIP, et non celui du technicien certifi\u00e9.<\/p>\n\n\n\n<div style=\"height:20px\" aria-hidden=\"true\" class=\"wp-block-spacer\"><\/div>\n\n\n\n<div style=\"height:20px\" aria-hidden=\"true\" class=\"wp-block-spacer\"><\/div>\n\n\n\n<h2 class=\"wp-block-heading is-style-title-1-primary-bold\">Recommandation<\/h2>\n\n\n\n<p>Nous vous recommandons d&#039;identifier trois chiens (ou plus) \u00e0 utiliser pour la certification avant de r\u00e9ussir la formation en ligne. Certains cas ne r\u00e9pondront pas \u00e0 nos crit\u00e8res\u00a0; nous vous sugg\u00e9rons donc d&#039;utiliser vos chiens (ou ceux de votre \u00e9quipe) plut\u00f4t que ceux de vos patients. Aucun rapport officiel ne sera \u00e9tabli pour les chiens utilis\u00e9s pour la certification. Si des rapports officiels sont requis pour des cas ayant satisfait aux normes de certification, le cas devra \u00eatre soumis \u00e0 nouveau en consultation PennHIP et les frais habituels seront appliqu\u00e9s.<\/p>\n\n\n\n<p>Lors de votre inscription \u00e0 la formation, vous aurez la possibilit\u00e9 d&#039;acheter le distracteur PennHIP Antech. \u00c0 moins que votre cabinet n&#039;en poss\u00e8de d\u00e9j\u00e0 un, nous vous recommandons de l&#039;acheter d\u00e8s votre inscription afin de pouvoir commencer les exercices de certification d\u00e8s la r\u00e9ussite.<\/p>\n\n\n\n<div style=\"height:25px\" aria-hidden=\"true\" class=\"wp-block-spacer\"><\/div>\n\n\n\n<div style=\"height:25px\" aria-hidden=\"true\" class=\"wp-block-spacer\"><\/div>\n\n\n\n<h2 class=\"wp-block-heading is-style-title-1-primary-bold\">Inscrivez-vous \u00e0 la formation PennHIP en ligne<\/h2>\n\n\n\n<div style=\"height:10px\" aria-hidden=\"true\" class=\"wp-block-spacer\"><\/div>\n\n\n\n<ol class=\"wp-block-list\">\n<li><strong>Cr\u00e9ez un compte PennHIP Antech.<\/strong><br>Vous devez avoir un compte pour pouvoir nous envoyer vos images PennHIP.<br>Si vous poss\u00e9dez actuellement un compte PennHIP, passez \u00e0 l\u2019\u00e9tape 2.<br>Si vous n&#039;avez pas de compte, veuillez nous contacter \u00e0 <a href=\"http:\/\/877-727-6800\">877-727-6800<\/a> ou support@antechimagingservices.com.<\/li>\n\n\n\n<li><strong>Cr\u00e9ez un compte dans Antech Learning Unleashed.<\/strong><br>Antech Learning Unleashed (ALU) est un site de formation en ligne h\u00e9berg\u00e9 par VCA. Vous devez \u00eatre inscrit en tant que client Antech ALU pour vous inscrire \u00e0 la formation PennHIP. Avec ALU, vous aurez \u00e9galement acc\u00e8s \u00e0 d&#039;autres cours Antech approuv\u00e9s par RACE.<br>Si vous avez un compte ALU, passez \u00e0 l\u2019\u00e9tape 3.<br>Si vous n&#039;avez pas de compte, <a href=\"https:\/\/mcve.csod.com\/selfreg\/register.aspx?p=mcve&amp;c=aisx\" rel=\"noopener\">Cliquez ici<\/a> pour cr\u00e9er un compte de formation.<\/li>\n\n\n\n<li><strong>Suivre la formation en ligne.<\/strong><br>Une fois vos comptes cr\u00e9\u00e9s (\u00e9tapes 1 et 2), vous pourrez suivre la formation en ligne. Rendez-vous sur le site du Centre d&#039;excellence v\u00e9t\u00e9rinaire Mars \u00e0 l&#039;adresse suivante\u00a0: <a href=\"https:\/\/mcve.csod.com\" target=\"_blank\" rel=\"noreferrer noopener\"><span style=\"text-decoration: underline;\">https:\/\/mcve.csod.com<\/span><\/a> Pour vous connecter, saisissez le mot \u00ab\u00a0PennHIP\u00a0\u00bb dans le champ de recherche en haut \u00e0 droite pour acc\u00e9der au programme. Vous serez invit\u00e9 \u00e0 accepter les conditions de participation au programme Antech PennHIP. Vous pourrez ensuite demander le programme et lancer chaque \u00e9l\u00e9ment du programme. Consultez attentivement le manuel PennHIP. Il constituera une source d&#039;information pr\u00e9cieuse tout au long de la formation et au-del\u00e0.<\/li>\n<\/ol>\n\n\n\n<div style=\"height:100px\" aria-hidden=\"true\" class=\"wp-block-spacer\"><\/div>","protected":false},"excerpt":{"rendered":"<p>Formation en ligne PennHIP Antech. La formation \u00e0 la m\u00e9thode PennHIP Antech est essentielle \u00e0 la r\u00e9ussite de la proc\u00e9dure. Pour devenir membre du r\u00e9seau PennHIP Antech, il faut\u00a0: 1) suivre la formation en ligne et r\u00e9ussir l&#039;examen final, puis 2) r\u00e9ussir les exercices de certification au sein de votre cabinet. La formation PennHIP est disponible [\u2026]<\/p>","protected":false},"author":5,"featured_media":0,"parent":141,"menu_order":3,"comment_status":"closed","ping_status":"closed","template":"","meta":{"_acf_changed":false,"content-type":"","footnotes":""},"service-area":[],"class_list":["post-149","page","type-page","status-publish","hentry"],"acf":[],"publishpress_future_action":{"enabled":false,"date":"2026-05-13 12:35:09","action":"change-status","newStatus":"draft","terms":[],"taxonomy":"service-area","extraData":[]},"publishpress_future_workflow_manual_trigger":{"enabledWorkflows":[]},"_links":{"self":[{"href":"https:\/\/uat.antechdiagnostics.com\/fr_ca\/wp-json\/wp\/v2\/pages\/149","targetHints":{"allow":["GET"]}}],"collection":[{"href":"https:\/\/uat.antechdiagnostics.com\/fr_ca\/wp-json\/wp\/v2\/pages"}],"about":[{"href":"https:\/\/uat.antechdiagnostics.com\/fr_ca\/wp-json\/wp\/v2\/types\/page"}],"author":[{"embeddable":true,"href":"https:\/\/uat.antechdiagnostics.com\/fr_ca\/wp-json\/wp\/v2\/users\/5"}],"replies":[{"embeddable":true,"href":"https:\/\/uat.antechdiagnostics.com\/fr_ca\/wp-json\/wp\/v2\/comments?post=149"}],"version-history":[{"count":0,"href":"https:\/\/uat.antechdiagnostics.com\/fr_ca\/wp-json\/wp\/v2\/pages\/149\/revisions"}],"up":[{"embeddable":true,"href":"https:\/\/uat.antechdiagnostics.com\/fr_ca\/wp-json\/wp\/v2\/pages\/141"}],"wp:attachment":[{"href":"https:\/\/uat.antechdiagnostics.com\/fr_ca\/wp-json\/wp\/v2\/media?parent=149"}],"wp:term":[{"taxonomy":"service-area","embeddable":true,"href":"https:\/\/uat.antechdiagnostics.com\/fr_ca\/wp-json\/wp\/v2\/service-area?post=149"}],"curies":[{"name":"wp","href":"https:\/\/api.w.org\/{rel}","templated":true}]}}