    {"id":19,"date":"2024-10-22T16:09:06","date_gmt":"2024-10-22T20:09:06","guid":{"rendered":"\/?page_id=19"},"modified":"2026-03-04T16:20:50","modified_gmt":"2026-03-04T21:20:50","slug":"diagnostic","status":"publish","type":"page","link":"https:\/\/uat.antechdiagnostics.com\/fr_ca\/reference-lab\/diagnostics\/","title":{"rendered":"Diagnostic"},"content":{"rendered":"<div class=\"wp-block-firsttracks-page-section alignfull is-section-hero is-style-section-1 has-global-padding is-layout-constrained wp-block-firsttracks-page-section-is-layout-constrained\">\n<div class=\"wp-block-columns alignfull is-layout-flex wp-container-core-columns-is-layout-28f84493 wp-block-columns-is-layout-flex\">\n<div class=\"wp-block-column is-vertically-aligned-center is-layout-flow wp-block-column-is-layout-flow\" style=\"flex-basis:50%\">\n<p class=\"is-style-body-secondary-bold\"><a href=\"\/fr_ca\/laboratoire-de-reference\/\">Laboratoire de r\u00e9f\u00e9rence<\/a><\/p>\n\n\n\n<h1 class=\"wp-block-heading is-style-display-primary-bold\">Diagnostics de laboratoire<\/h1>\n\n\n\n<p>Nos innovations en mati\u00e8re de diagnostic de laboratoire font progresser les soins de sant\u00e9 pour animaux de compagnie.<\/p>\n<\/div>\n\n\n\n<div class=\"wp-block-column is-layout-flow wp-block-column-is-layout-flow\" style=\"flex-basis:50%\">\n<div class=\"wp-block-group has-global-padding is-content-justification-right is-layout-constrained wp-container-core-group-is-layout-f1f2ed93 wp-block-group-is-layout-constrained\">\n<div class=\"wp-block-group is-hero-gallery is-layout-grid wp-container-core-group-is-layout-b757edec wp-block-group-is-layout-grid\">\n<figure class=\"wp-block-image size-full\"><img loading=\"lazy\" decoding=\"async\" width=\"1228\" height=\"992\" src=\"\/wp-content\/uploads\/2025\/01\/Antech_PetPortraits_Cat_2_RGB-1.png\" alt=\"\" class=\"wp-image-21878\" style=\"aspect-ratio:1;object-fit:cover\" srcset=\"https:\/\/uat.antechdiagnostics.com\/wp-content\/uploads\/2025\/01\/Antech_PetPortraits_Cat_2_RGB-1.png 1228w, https:\/\/uat.antechdiagnostics.com\/wp-content\/uploads\/2025\/01\/Antech_PetPortraits_Cat_2_RGB-1-300x242.png 300w, https:\/\/uat.antechdiagnostics.com\/wp-content\/uploads\/2025\/01\/Antech_PetPortraits_Cat_2_RGB-1-1024x827.png 1024w, https:\/\/uat.antechdiagnostics.com\/wp-content\/uploads\/2025\/01\/Antech_PetPortraits_Cat_2_RGB-1-768x620.png 768w, https:\/\/uat.antechdiagnostics.com\/wp-content\/uploads\/2025\/01\/Antech_PetPortraits_Cat_2_RGB-1-15x12.png 15w\" sizes=\"auto, (max-width: 1228px) 100vw, 1228px\" \/><\/figure>\n\n\n\n<figure class=\"wp-block-image size-full\"><img loading=\"lazy\" decoding=\"async\" width=\"480\" height=\"350\" src=\"\/wp-content\/uploads\/2025\/01\/Antech_PetPortraits_Cat_1_RGB-5.png\" alt=\"\" class=\"wp-image-4184\" style=\"aspect-ratio:1;object-fit:cover\" srcset=\"https:\/\/uat.antechdiagnostics.com\/wp-content\/uploads\/2025\/01\/Antech_PetPortraits_Cat_1_RGB-5.png 480w, https:\/\/uat.antechdiagnostics.com\/wp-content\/uploads\/2025\/01\/Antech_PetPortraits_Cat_1_RGB-5-300x219.png 300w, https:\/\/uat.antechdiagnostics.com\/wp-content\/uploads\/2025\/01\/Antech_PetPortraits_Cat_1_RGB-5-16x12.png 16w\" sizes=\"auto, (max-width: 480px) 100vw, 480px\" \/><\/figure>\n\n\n\n<figure class=\"wp-block-image size-full wp-container-content-e051a413\"><img decoding=\"async\" src=\"\/wp-content\/themes\/antech2024\/assets\/images\/placeholder-7.png\" alt=\"\" style=\"aspect-ratio:2\/1;object-fit:cover\"\/><\/figure>\n<\/div>\n<\/div>\n<\/div>\n<\/div>\n<\/div>\n\n\n\n<div class=\"wp-block-firsttracks-page-section alignfull is-section-content has-global-padding is-layout-constrained wp-block-firsttracks-page-section-is-layout-constrained\">\n<div class=\"wp-block-columns alignwide is-layout-flex wp-container-core-columns-is-layout-28f84493 wp-block-columns-is-layout-flex\">\n<div class=\"wp-block-column is-layout-flow wp-block-column-is-layout-flow\" style=\"flex-basis:50%\">\n<figure class=\"wp-block-image size-full\"><img loading=\"lazy\" decoding=\"async\" width=\"660\" height=\"371\" src=\"\/wp-content\/uploads\/2025\/02\/placeholder-8.webp\" alt=\"\" class=\"wp-image-26590\" style=\"aspect-ratio:3\/2;object-fit:cover\" srcset=\"https:\/\/uat.antechdiagnostics.com\/wp-content\/uploads\/2025\/02\/placeholder-8.webp 660w, https:\/\/uat.antechdiagnostics.com\/wp-content\/uploads\/2025\/02\/placeholder-8-300x169.webp 300w, https:\/\/uat.antechdiagnostics.com\/wp-content\/uploads\/2025\/02\/placeholder-8-18x10.webp 18w\" sizes=\"auto, (max-width: 660px) 100vw, 660px\" \/><\/figure>\n\n\n\n<h2 class=\"wp-block-heading is-style-heading-3-primary-bold\">Diagnostic du cancer chez le chien<\/h2>\n\n\n\n<p><strong>Tests bas\u00e9s sur une technologie mol\u00e9culaire \u00e0 large spectre<\/strong><\/p>\n\n\n\n<p>Les diagnostics du cancer chez le chien d'Antech\u2122 utilisent et d\u00e9veloppent de nouvelles technologies qui permettent des diagnostics plus rapides et plus personnalis\u00e9s.<\/p>\n\n\n\n<div class=\"wp-block-buttons is-layout-flex wp-block-buttons-is-layout-flex\">\n<div class=\"wp-block-button is-style-button-6 has-icon__arrow-narrow-right\"><a class=\"wp-block-button__link wp-element-button\" href=\"\/fr_ca\/laboratoire-de-reference\/diagnostic\/detection-du-cancer-canin\/\">En savoir plus<span class=\"wp-block-button__link-icon\" aria-hidden=\"true\"><svg xmlns='http:\/\/www.w3.org\/2000\/svg' viewbox='0 0 24 24'><path fill-rule='evenodd' d='m16.58 11.012-2.29-2.285v-.01a.987.987 0 0 1 0-1.418.992.992 0 0 1 1.42 0l4 3.992c.236.23.33.554.28.86a1 1 0 0 1-.39.656L15.7 16.7c-.19.18-.45.289-.71.289L15 17c-.27 0-.53-.11-.71-.29a.996.996 0 0 1-.01-1.417v-.01l2.28-2.275H5c-.56 0-1-.45-1-.998a.99.99 0 0 1 1-.998h11.58Z' clip-rule='evenodd'\/><\/svg><\/span><\/a><\/div>\n<\/div>\n<\/div>\n\n\n\n<div class=\"wp-block-column is-layout-flow wp-block-column-is-layout-flow\" style=\"flex-basis:50%\">\n<figure class=\"wp-block-image size-full\"><img loading=\"lazy\" decoding=\"async\" width=\"1920\" height=\"1280\" src=\"\/wp-content\/uploads\/2025\/02\/Antech_Thriving_Practice_Lab_2_RGB-1.jpg\" alt=\"\" class=\"wp-image-26591\" style=\"aspect-ratio:3\/2;object-fit:cover\" srcset=\"https:\/\/uat.antechdiagnostics.com\/wp-content\/uploads\/2025\/02\/Antech_Thriving_Practice_Lab_2_RGB-1.jpg 1920w, https:\/\/uat.antechdiagnostics.com\/wp-content\/uploads\/2025\/02\/Antech_Thriving_Practice_Lab_2_RGB-1-300x200.jpg 300w, https:\/\/uat.antechdiagnostics.com\/wp-content\/uploads\/2025\/02\/Antech_Thriving_Practice_Lab_2_RGB-1-1024x683.jpg 1024w, https:\/\/uat.antechdiagnostics.com\/wp-content\/uploads\/2025\/02\/Antech_Thriving_Practice_Lab_2_RGB-1-768x512.jpg 768w, https:\/\/uat.antechdiagnostics.com\/wp-content\/uploads\/2025\/02\/Antech_Thriving_Practice_Lab_2_RGB-1-1536x1024.jpg 1536w, https:\/\/uat.antechdiagnostics.com\/wp-content\/uploads\/2025\/02\/Antech_Thriving_Practice_Lab_2_RGB-1-18x12.jpg 18w\" sizes=\"auto, (max-width: 1920px) 100vw, 1920px\" \/><\/figure>\n\n\n\n<h2 class=\"wp-block-heading is-style-heading-3-primary-bold\">Diagnostics de base<\/h2>\n\n\n\n<p><strong>Technologie et qualit\u00e9 de classe mondiale<\/strong><\/p>\n\n\n\n<p>Une technologie de laboratoire de r\u00e9f\u00e9rence de pointe, pr\u00e9cise et fiable, fournit des r\u00e9sultats auxquels vous pouvez faire confiance, avec des d\u00e9lais d&#039;ex\u00e9cution rapides et une assistance de classe mondiale.<\/p>\n\n\n\n<div class=\"wp-block-buttons is-layout-flex wp-block-buttons-is-layout-flex\">\n<div class=\"wp-block-button is-style-button-6 has-icon__arrow-narrow-right\"><a class=\"wp-block-button__link wp-element-button\" href=\"\/fr_ca\/laboratoire-de-reference\/diagnostic\/diagnostics-de-base\/\">En savoir plus<span class=\"wp-block-button__link-icon\" aria-hidden=\"true\"><svg xmlns='http:\/\/www.w3.org\/2000\/svg' viewbox='0 0 24 24'><path fill-rule='evenodd' d='m16.58 11.012-2.29-2.285v-.01a.987.987 0 0 1 0-1.418.992.992 0 0 1 1.42 0l4 3.992c.236.23.33.554.28.86a1 1 0 0 1-.39.656L15.7 16.7c-.19.18-.45.289-.71.289L15 17c-.27 0-.53-.11-.71-.29a.996.996 0 0 1-.01-1.417v-.01l2.28-2.275H5c-.56 0-1-.45-1-.998a.99.99 0 0 1 1-.998h11.58Z' clip-rule='evenodd'\/><\/svg><\/span><\/a><\/div>\n<\/div>\n<\/div>\n<\/div>\n<\/div>\n\n\n\n<div class=\"wp-block-firsttracks-page-section alignfull is-section-content has-global-padding is-layout-constrained wp-block-firsttracks-page-section-is-layout-constrained\">\n<div class=\"wp-block-columns alignwide is-layout-flex wp-container-core-columns-is-layout-28f84493 wp-block-columns-is-layout-flex\">\n<div class=\"wp-block-column is-layout-flow wp-block-column-is-layout-flow\" style=\"flex-basis:50%\">\n<figure class=\"wp-block-image size-full\"><img loading=\"lazy\" decoding=\"async\" width=\"1000\" height=\"750\" src=\"\/wp-content\/uploads\/2025\/01\/Antech_Technology_Network_1_RGB-1.png\" alt=\"\" class=\"wp-image-4792\" style=\"aspect-ratio:3\/2;object-fit:cover\" srcset=\"https:\/\/uat.antechdiagnostics.com\/wp-content\/uploads\/2025\/01\/Antech_Technology_Network_1_RGB-1.png 1000w, https:\/\/uat.antechdiagnostics.com\/wp-content\/uploads\/2025\/01\/Antech_Technology_Network_1_RGB-1-300x225.png 300w, https:\/\/uat.antechdiagnostics.com\/wp-content\/uploads\/2025\/01\/Antech_Technology_Network_1_RGB-1-768x576.png 768w, https:\/\/uat.antechdiagnostics.com\/wp-content\/uploads\/2025\/01\/Antech_Technology_Network_1_RGB-1-16x12.png 16w\" sizes=\"auto, (max-width: 1000px) 100vw, 1000px\" \/><\/figure>\n\n\n\n<h2 class=\"wp-block-heading is-style-heading-3-primary-bold\">Pathologie<\/h2>\n\n\n\n<p><strong><strong>Une exp\u00e9rience certifi\u00e9e par un comit\u00e9 d\u2019experts pour des r\u00e9sultats rapides et pr\u00e9cis<\/strong><\/strong><\/p>\n\n\n\n<p>Les services de pathologie anatomique et clinique d'Antech comprennent plus de 70 pathologistes certifi\u00e9s couvrant plus d'une douzaine de sp\u00e9cialit\u00e9s, utilisant la technologie de pathologie num\u00e9rique la plus avanc\u00e9e.<\/p>\n\n\n\n<div class=\"wp-block-buttons is-layout-flex wp-block-buttons-is-layout-flex\">\n<div class=\"wp-block-button is-style-button-6 has-icon__arrow-narrow-right\"><a class=\"wp-block-button__link wp-element-button\" href=\"\/fr_ca\/laboratoire-de-reference\/diagnostic\/pathologie\/\">En savoir plus<span class=\"wp-block-button__link-icon\" aria-hidden=\"true\"><svg xmlns='http:\/\/www.w3.org\/2000\/svg' viewbox='0 0 24 24'><path fill-rule='evenodd' d='m16.58 11.012-2.29-2.285v-.01a.987.987 0 0 1 0-1.418.992.992 0 0 1 1.42 0l4 3.992c.236.23.33.554.28.86a1 1 0 0 1-.39.656L15.7 16.7c-.19.18-.45.289-.71.289L15 17c-.27 0-.53-.11-.71-.29a.996.996 0 0 1-.01-1.417v-.01l2.28-2.275H5c-.56 0-1-.45-1-.998a.99.99 0 0 1 1-.998h11.58Z' clip-rule='evenodd'\/><\/svg><\/span><\/a><\/div>\n<\/div>\n<\/div>\n\n\n\n<div class=\"wp-block-column is-layout-flow wp-block-column-is-layout-flow\" style=\"flex-basis:50%\"><\/div>\n<\/div>\n<\/div>\n\n\n\n<div class=\"wp-block-firsttracks-page-section alignwide is-section-cta is-style-section-5 has-global-padding is-layout-constrained wp-block-firsttracks-page-section-is-layout-constrained\">\n<div class=\"wp-block-columns alignwide is-layout-flex wp-container-core-columns-is-layout-28f84493 wp-block-columns-is-layout-flex\">\n<div class=\"wp-block-column is-vertically-aligned-center is-layout-flow wp-block-column-is-layout-flow\" style=\"flex-basis:70%\">\n<div class=\"wp-block-group has-global-padding is-layout-constrained wp-block-group-is-layout-constrained\">\n<h1 class=\"wp-block-heading is-style-body-secondary-bold\"><\/h1>\n\n\n\n<h2 class=\"wp-block-heading\">Tests et consultations d&#039;experts, \u00e0 port\u00e9e de main.<\/h2>\n\n\n\n<p>Consultez notre liste compl\u00e8te de tests en biochimie, h\u00e9matologie, cytologie, immunologie, parasitologie et bien plus encore. Des sp\u00e9cialistes et des pathologistes certifi\u00e9s sont \u00e0 votre disposition par t\u00e9l\u00e9phone ou par courriel pour des conseils d'experts.<br><\/p>\n\n\n\n<div class=\"wp-block-buttons is-layout-flex wp-block-buttons-is-layout-flex\">\n<div class=\"wp-block-button has-icon__arrow-narrow-right\"><a class=\"wp-block-button__link wp-element-button\" href=\"\/fr_ca\/guide-de-test\/\" target=\"_blank\" rel=\"noreferrer noopener\">Voir le r\u00e9pertoire<span class=\"wp-block-button__link-icon\" aria-hidden=\"true\"><svg xmlns='http:\/\/www.w3.org\/2000\/svg' viewbox='0 0 24 24'><path fill-rule='evenodd' d='m16.58 11.012-2.29-2.285v-.01a.987.987 0 0 1 0-1.418.992.992 0 0 1 1.42 0l4 3.992c.236.23.33.554.28.86a1 1 0 0 1-.39.656L15.7 16.7c-.19.18-.45.289-.71.289L15 17c-.27 0-.53-.11-.71-.29a.996.996 0 0 1-.01-1.417v-.01l2.28-2.275H5c-.56 0-1-.45-1-.998a.99.99 0 0 1 1-.998h11.58Z' clip-rule='evenodd'\/><\/svg><\/span><\/a><\/div>\n<\/div>\n<\/div>\n<\/div>\n\n\n\n<div class=\"wp-block-column is-layout-flow wp-block-column-is-layout-flow\" style=\"flex-basis:30%\">\n<figure class=\"wp-block-image alignright size-full\"><img decoding=\"async\" src=\"\/wp-content\/themes\/antech2024\/assets\/images\/placeholder-10.png\" alt=\"\" style=\"aspect-ratio:1;object-fit:cover\"\/><\/figure>\n<\/div>\n<\/div>\n<\/div>","protected":false},"excerpt":{"rendered":"","protected":false},"author":5,"featured_media":0,"parent":9,"menu_order":2,"comment_status":"closed","ping_status":"closed","template":"","meta":{"_acf_changed":false,"content-type":"","footnotes":""},"service-area":[],"class_list":["post-19","page","type-page","status-publish","hentry"],"acf":[],"publishpress_future_action":{"enabled":false,"date":"2026-05-13 09:59:14","action":"change-status","newStatus":"draft","terms":[],"taxonomy":"service-area","extraData":[]},"publishpress_future_workflow_manual_trigger":{"enabledWorkflows":[]},"_links":{"self":[{"href":"https:\/\/uat.antechdiagnostics.com\/fr_ca\/wp-json\/wp\/v2\/pages\/19","targetHints":{"allow":["GET"]}}],"collection":[{"href":"https:\/\/uat.antechdiagnostics.com\/fr_ca\/wp-json\/wp\/v2\/pages"}],"about":[{"href":"https:\/\/uat.antechdiagnostics.com\/fr_ca\/wp-json\/wp\/v2\/types\/page"}],"author":[{"embeddable":true,"href":"https:\/\/uat.antechdiagnostics.com\/fr_ca\/wp-json\/wp\/v2\/users\/5"}],"replies":[{"embeddable":true,"href":"https:\/\/uat.antechdiagnostics.com\/fr_ca\/wp-json\/wp\/v2\/comments?post=19"}],"version-history":[{"count":1,"href":"https:\/\/uat.antechdiagnostics.com\/fr_ca\/wp-json\/wp\/v2\/pages\/19\/revisions"}],"predecessor-version":[{"id":30814,"href":"https:\/\/uat.antechdiagnostics.com\/fr_ca\/wp-json\/wp\/v2\/pages\/19\/revisions\/30814"}],"up":[{"embeddable":true,"href":"https:\/\/uat.antechdiagnostics.com\/fr_ca\/wp-json\/wp\/v2\/pages\/9"}],"wp:attachment":[{"href":"https:\/\/uat.antechdiagnostics.com\/fr_ca\/wp-json\/wp\/v2\/media?parent=19"}],"wp:term":[{"taxonomy":"service-area","embeddable":true,"href":"https:\/\/uat.antechdiagnostics.com\/fr_ca\/wp-json\/wp\/v2\/service-area?post=19"}],"curies":[{"name":"wp","href":"https:\/\/api.w.org\/{rel}","templated":true}]}}