    {"id":21908,"date":"2025-01-21T15:03:42","date_gmt":"2025-01-21T20:03:42","guid":{"rendered":"\/reference-lab\/consulting-services\/"},"modified":"2026-02-02T13:58:04","modified_gmt":"2026-02-02T18:58:04","slug":"services-de-consultation","status":"publish","type":"page","link":"https:\/\/uat.antechdiagnostics.com\/fr_ca\/reference-lab\/consulting-services\/","title":{"rendered":"Services de consultation"},"content":{"rendered":"<div class=\"wp-block-firsttracks-page-section alignfull is-section-hero is-style-section-1 has-global-padding is-layout-constrained wp-block-firsttracks-page-section-is-layout-constrained\">\n<div class=\"wp-block-columns alignwide is-layout-flex wp-container-core-columns-is-layout-28f84493 wp-block-columns-is-layout-flex\">\n<div class=\"wp-block-column is-vertically-aligned-center is-layout-flow wp-block-column-is-layout-flow\" style=\"flex-basis:50%\">\n<p class=\"is-style-body-secondary-bold\"><a href=\"\/fr_ca\/laboratoire-de-reference\/\">Laboratoire de r\u00e9f\u00e9rence<\/a><\/p>\n\n\n\n<h1 class=\"wp-block-heading is-style-display-primary-bold\"><strong>Service de consultation Antech\u2122<\/strong><\/h1>\n\n\n\n<p>Apprenez \u00e0 nous conna\u00eetre<\/p>\n\n\n\n<p><\/p>\n<\/div>\n\n\n\n<div class=\"wp-block-column is-layout-flow wp-block-column-is-layout-flow\" style=\"flex-basis:50%\">\n<div class=\"wp-block-group has-global-padding is-layout-constrained wp-block-group-is-layout-constrained\">\n<figure class=\"wp-block-image size-full wp-container-content-d8344436\"><img loading=\"lazy\" decoding=\"async\" width=\"801\" height=\"535\" src=\"\/wp-content\/uploads\/2025\/06\/Antech-Ehrlichia-spp-Article-Featured-Image.png\" alt=\"\" class=\"wp-image-28532\" style=\"aspect-ratio:4\/3;object-fit:contain\" srcset=\"https:\/\/uat.antechdiagnostics.com\/wp-content\/uploads\/2025\/06\/Antech-Ehrlichia-spp-Article-Featured-Image.png 801w, https:\/\/uat.antechdiagnostics.com\/wp-content\/uploads\/2025\/06\/Antech-Ehrlichia-spp-Article-Featured-Image-300x200.png 300w, https:\/\/uat.antechdiagnostics.com\/wp-content\/uploads\/2025\/06\/Antech-Ehrlichia-spp-Article-Featured-Image-768x513.png 768w, https:\/\/uat.antechdiagnostics.com\/wp-content\/uploads\/2025\/06\/Antech-Ehrlichia-spp-Article-Featured-Image-18x12.png 18w\" sizes=\"auto, (max-width: 801px) 100vw, 801px\" \/><\/figure>\n<\/div>\n<\/div>\n<\/div>\n<\/div>\n\n\n\n<div style=\"height:25px\" aria-hidden=\"true\" class=\"wp-block-spacer\"><\/div>\n\n\n\n<p>Soutien entre pairs de plus de 50 sp\u00e9cialistes certifi\u00e9s dans neuf disciplines, pour vous aider \u00e0 interpr\u00e9ter, d\u00e9cider et fournir les meilleurs soins.<\/p>\n\n\n\n<div class=\"wp-block-firsttracks-page-section alignwide is-section-cta is-style-section-5 has-global-padding is-layout-constrained wp-block-firsttracks-page-section-is-layout-constrained\">\n<div class=\"wp-block-columns alignwide is-layout-flex wp-container-core-columns-is-layout-28f84493 wp-block-columns-is-layout-flex\">\n<div class=\"wp-block-column is-vertically-aligned-center is-layout-flow wp-block-column-is-layout-flow\" style=\"flex-basis:70%\">\n<div class=\"wp-block-group has-global-padding is-layout-constrained wp-block-group-is-layout-constrained\">\n<h1 class=\"wp-block-heading is-style-body-secondary-bold\"><\/h1>\n\n\n\n<h2 class=\"wp-block-heading\">Rencontrez nos consultants<\/h2>\n\n\n\n<p>Vous recherchez un expert pour vous aider \u00e0 interpr\u00e9ter les r\u00e9sultats d&#039;un diagnostic ou \u00e0 \u00e9laborer un plan de traitement\u00a0?<\/p>\n\n\n\n<p>L&#039;\u00e9quipe des services de consultation de Antech est l\u00e0 pour vous aider, sans frais suppl\u00e9mentaires.<\/p>\n\n\n\n<div class=\"wp-block-buttons is-layout-flex wp-block-buttons-is-layout-flex\">\n<div class=\"wp-block-button\"><a class=\"wp-block-button__link wp-element-button\" href=\"\/fr_ca\/personnel-des-services-veterinaires\/?consultant-type-search=consultant\" target=\"_blank\" rel=\"noreferrer noopener\">Voir le r\u00e9pertoire<\/a><\/div>\n<\/div>\n<\/div>\n<\/div>\n\n\n\n<div class=\"wp-block-column is-layout-flow wp-block-column-is-layout-flow\" style=\"flex-basis:30%\">\n<figure class=\"wp-block-image alignright size-full\"><img loading=\"lazy\" decoding=\"async\" width=\"768\" height=\"512\" src=\"\/wp-content\/uploads\/2025\/11\/2U7A4962-768x512-1-1.jpg\" alt=\"\" class=\"wp-image-30320\" srcset=\"https:\/\/uat.antechdiagnostics.com\/wp-content\/uploads\/2025\/11\/2U7A4962-768x512-1-1.jpg 768w, https:\/\/uat.antechdiagnostics.com\/wp-content\/uploads\/2025\/11\/2U7A4962-768x512-1-1-300x200.jpg 300w, https:\/\/uat.antechdiagnostics.com\/wp-content\/uploads\/2025\/11\/2U7A4962-768x512-1-1-18x12.jpg 18w\" sizes=\"auto, (max-width: 768px) 100vw, 768px\" \/><\/figure>\n<\/div>\n<\/div>\n<\/div>\n\n\n\n<div style=\"height:25px\" aria-hidden=\"true\" class=\"wp-block-spacer\"><\/div>\n\n\n\n<h2 class=\"wp-block-heading is-style-heading-3-primary-bold\"><strong>Sp\u00e9cialistes certifi\u00e9s disponibles dans ces domaines<\/strong><\/h2>\n\n\n\n<div style=\"height:25px\" aria-hidden=\"true\" class=\"wp-block-spacer\"><\/div>\n\n\n\n<ul class=\"wp-block-list\">\n<li>M\u00e9decine interne des petits animaux&nbsp;&nbsp;<\/li>\n\n\n\n<li>Oiseaux et exotiques&nbsp;&nbsp;<\/li>\n\n\n\n<li>Comportement&nbsp;&nbsp;<\/li>\n\n\n\n<li>Cardiologie&nbsp;&nbsp;<\/li>\n\n\n\n<li>Dermatologie&nbsp;&nbsp;<\/li>\n\n\n\n<li>\u00c9quins et grands animaux&nbsp;&nbsp;<\/li>\n\n\n\n<li>Neurologie&nbsp;&nbsp;<\/li>\n\n\n\n<li>Nutrition&nbsp;&nbsp;<\/li>\n\n\n\n<li>Oncologie&nbsp;&nbsp;<\/li>\n\n\n\n<li>Reproduction<\/li>\n<\/ul>\n\n\n\n<div style=\"height:34px\" aria-hidden=\"true\" class=\"wp-block-spacer\"><\/div>\n\n\n\n<p><strong>Accessible par t\u00e9l\u00e9phone et toujours gratuit, le service de consultation Antech est l\u00e0 pour fournir des conseils, du soutien et un partenariat dans les soins.<\/strong><br><br>Les sp\u00e9cialistes en m\u00e9decine interne des petits animaux sont disponibles directement, du lundi au vendredi, de 8 h \u00e0 20 h HE et le samedi de 9 h \u00e0 18 h HE.<\/p>\n\n\n\n<p>Tous les autres sp\u00e9cialistes sont disponibles sur rappel, g\u00e9n\u00e9ralement dans un d\u00e9lai de 24 \u00e0 48 heures.<\/p>\n\n\n\n<p>Vous pouvez demander un rappel via le support client ou en utilisant votre compte HealthTracks\u2122.<\/p>\n\n\n\n<p><strong>Vous souhaitez entrer en contact avec un pathologiste anatomique ou clinique ? <\/strong>&nbsp;<br><a href=\"\/fr_ca\/laboratoire-de-reference\/diagnostic\/pathologie\/\" data-type=\"page\" data-id=\"29\" target=\"_blank\" rel=\"noreferrer noopener\">Visitez notre page de pathologie&nbsp;<\/a><\/p>\n\n\n\n<p><strong>Vous souhaitez entrer en contact avec un radiologue ? <\/strong>&nbsp;<br><a href=\"\/fr_ca\/consultant-specialise\/radiologie\/\" data-type=\"consultant-speciality\" data-id=\"24\">Visitez notre page de radiologie&nbsp;<\/a><\/p>\n\n\n\n<div style=\"height:77px\" aria-hidden=\"true\" class=\"wp-block-spacer\"><\/div>\n\n\n\n<div class=\"wp-block-group has-global-padding is-layout-constrained wp-block-group-is-layout-constrained\">\n<div class=\"wp-block-media-text is-stacked-on-mobile\" style=\"grid-template-columns:30% auto\"><figure class=\"wp-block-media-text__media\"><img loading=\"lazy\" decoding=\"async\" width=\"1024\" height=\"1024\" src=\"\/wp-content\/uploads\/2025\/03\/Kelly-Mitchell-1024x1024.png\" alt=\"\" class=\"wp-image-26888 size-full\" srcset=\"https:\/\/uat.antechdiagnostics.com\/wp-content\/uploads\/2025\/03\/Kelly-Mitchell-1024x1024.png 1024w, https:\/\/uat.antechdiagnostics.com\/wp-content\/uploads\/2025\/03\/Kelly-Mitchell-300x300.png 300w, https:\/\/uat.antechdiagnostics.com\/wp-content\/uploads\/2025\/03\/Kelly-Mitchell-80x80.png 80w, https:\/\/uat.antechdiagnostics.com\/wp-content\/uploads\/2025\/03\/Kelly-Mitchell-768x768.png 768w, https:\/\/uat.antechdiagnostics.com\/wp-content\/uploads\/2025\/03\/Kelly-Mitchell-12x12.png 12w, https:\/\/uat.antechdiagnostics.com\/wp-content\/uploads\/2025\/03\/Kelly-Mitchell-400x400.png 400w, https:\/\/uat.antechdiagnostics.com\/wp-content\/uploads\/2025\/03\/Kelly-Mitchell-600x600.png 600w, https:\/\/uat.antechdiagnostics.com\/wp-content\/uploads\/2025\/03\/Kelly-Mitchell.png 1271w\" sizes=\"auto, (max-width: 1024px) 100vw, 1024px\" \/><\/figure><div class=\"wp-block-media-text__content\">\n<p><strong>Un message du Dr Kelly Mitchell <\/strong><br><strong>(BSc, DMV, DVSc, DACVIM (SAIM)), <\/strong><br><strong>Directeur des services de consultation du Antech<\/strong><\/p>\n<\/div><\/div>\n\n\n\n<p>&#8220;<em>Que vous recherchiez des \u00e9claircissements sur l&#039;interpr\u00e9tation des tests, une aide \u00e0 la formulation de plans diagnostiques et th\u00e9rapeutiques, des perspectives sur le pronostic ou un accompagnement pour des cas complexes, notre \u00e9quipe de sp\u00e9cialistes certifi\u00e9s est l\u00e0 pour vous accompagner. Notre service repose sur l&#039;\u00e9coute, la bienveillance, l&#039;empathie et le respect afin que vous vous sentiez soutenu dans vos d\u00e9cisions. Notre objectif est de vous offrir un soutien r\u00e9fl\u00e9chi, fond\u00e9 sur des donn\u00e9es probantes et adapt\u00e9 aux besoins de vos patients, afin qu&#039;ensemble, nous puissions leur offrir les meilleurs soins.<\/em>&#8220;<\/p>\n<\/div>\n\n\n\n<div style=\"height:77px\" aria-hidden=\"true\" class=\"wp-block-spacer\"><\/div>\n\n\n\n<div class=\"wp-block-firsttracks-page-section alignwide is-section-cta is-style-section-7 has-global-padding is-layout-constrained wp-block-firsttracks-page-section-is-layout-constrained\">\n<div class=\"wp-block-columns alignwide is-layout-flex wp-container-core-columns-is-layout-28f84493 wp-block-columns-is-layout-flex\">\n<div class=\"wp-block-column is-layout-flow wp-block-column-is-layout-flow\" style=\"flex-basis:30%\">\n<figure class=\"wp-block-image alignleft size-full\"><img loading=\"lazy\" decoding=\"async\" width=\"300\" height=\"301\" src=\"\/wp-content\/uploads\/2024\/12\/Antech_icon_customer_service_reverse_rgb-1.png\" alt=\"\" class=\"wp-image-3462\" srcset=\"https:\/\/uat.antechdiagnostics.com\/wp-content\/uploads\/2024\/12\/Antech_icon_customer_service_reverse_rgb-1.png 300w, https:\/\/uat.antechdiagnostics.com\/wp-content\/uploads\/2024\/12\/Antech_icon_customer_service_reverse_rgb-1-150x150.png 150w, https:\/\/uat.antechdiagnostics.com\/wp-content\/uploads\/2024\/12\/Antech_icon_customer_service_reverse_rgb-1-12x12.png 12w\" sizes=\"auto, (max-width: 300px) 100vw, 300px\" \/><\/figure>\n<\/div>\n\n\n\n<div class=\"wp-block-column is-vertically-aligned-center is-layout-flow wp-block-column-is-layout-flow\" style=\"flex-basis:70%\">\n<div class=\"wp-block-group has-global-padding is-layout-constrained wp-block-group-is-layout-constrained\">\n<p>Appelez le service client Antech au 800-872-1001 (\u00c9tats-Unis) ou au 800-341-3440 (Canada).<\/p>\n\n\n\n<h2 class=\"wp-block-heading\">Assistance client\u00e8le du laboratoire de r\u00e9f\u00e9rence Antech\u2122<\/h2>\n\n\n\n<ul class=\"wp-block-list\">\n<li>Du lundi au vendredi, de 8 h \u00e0 minuit (heure de l&#039;Est)<\/li>\n\n\n\n<li>Samedi de 8h \u00e0 20h heure de l&#039;Est<\/li>\n\n\n\n<li>Dimanche de 9h \u00e0 18h heure de l&#039;Est<\/li>\n<\/ul>\n\n\n\n<div class=\"wp-block-buttons is-layout-flex wp-block-buttons-is-layout-flex\">\n<div class=\"wp-block-button is-style-button-6 has-icon__arrow-narrow-right\"><a class=\"wp-block-button__link wp-element-button\" href=\"\/fr_ca\/contactez-nous\/\" target=\"_blank\" rel=\"noreferrer noopener\">Contactez-nous<span class=\"wp-block-button__link-icon\" aria-hidden=\"true\"><svg xmlns='http:\/\/www.w3.org\/2000\/svg' viewbox='0 0 24 24'><path fill-rule='evenodd' d='m16.58 11.012-2.29-2.285v-.01a.987.987 0 0 1 0-1.418.992.992 0 0 1 1.42 0l4 3.992c.236.23.33.554.28.86a1 1 0 0 1-.39.656L15.7 16.7c-.19.18-.45.289-.71.289L15 17c-.27 0-.53-.11-.71-.29a.996.996 0 0 1-.01-1.417v-.01l2.28-2.275H5c-.56 0-1-.45-1-.998a.99.99 0 0 1 1-.998h11.58Z' clip-rule='evenodd'\/><\/svg><\/span><\/a><\/div>\n<\/div>\n<\/div>\n<\/div>\n<\/div>\n<\/div>\n\n\n\n<hr class=\"wp-block-separator alignfull has-alpha-channel-opacity\"\/>\n\n\n\n<div class=\"wp-block-firsttracks-page-section is-layout-flow wp-block-firsttracks-page-section-is-layout-flow\"><\/div>","protected":false},"excerpt":{"rendered":"<p>Soutien entre pairs assur\u00e9 par plus de 50 sp\u00e9cialistes certifi\u00e9s dans neuf disciplines, pour vous aider \u00e0 interpr\u00e9ter, d\u00e9cider et prodiguer les meilleurs soins. Sp\u00e9cialistes certifi\u00e9s disponibles dans ces r\u00e9gions\u00a0: Accessible par t\u00e9l\u00e9phone et toujours gratuit, le service de consultation Antech vous accompagne, vous soutient et vous accompagne dans vos soins. Des sp\u00e9cialistes en m\u00e9decine interne pour petits animaux sont disponibles directement du lundi au vendredi, [\u2026]<\/p>","protected":false},"author":5,"featured_media":0,"parent":9,"menu_order":7,"comment_status":"closed","ping_status":"closed","template":"","meta":{"_acf_changed":false,"content-type":"","footnotes":""},"service-area":[42],"class_list":["post-21908","page","type-page","status-publish","hentry","service-area-reference-lab"],"acf":[],"publishpress_future_action":{"enabled":false,"date":"2026-05-13 10:12:27","action":"change-status","newStatus":"draft","terms":[],"taxonomy":"service-area","extraData":[]},"publishpress_future_workflow_manual_trigger":{"enabledWorkflows":[]},"_links":{"self":[{"href":"https:\/\/uat.antechdiagnostics.com\/fr_ca\/wp-json\/wp\/v2\/pages\/21908","targetHints":{"allow":["GET"]}}],"collection":[{"href":"https:\/\/uat.antechdiagnostics.com\/fr_ca\/wp-json\/wp\/v2\/pages"}],"about":[{"href":"https:\/\/uat.antechdiagnostics.com\/fr_ca\/wp-json\/wp\/v2\/types\/page"}],"author":[{"embeddable":true,"href":"https:\/\/uat.antechdiagnostics.com\/fr_ca\/wp-json\/wp\/v2\/users\/5"}],"replies":[{"embeddable":true,"href":"https:\/\/uat.antechdiagnostics.com\/fr_ca\/wp-json\/wp\/v2\/comments?post=21908"}],"version-history":[{"count":0,"href":"https:\/\/uat.antechdiagnostics.com\/fr_ca\/wp-json\/wp\/v2\/pages\/21908\/revisions"}],"up":[{"embeddable":true,"href":"https:\/\/uat.antechdiagnostics.com\/fr_ca\/wp-json\/wp\/v2\/pages\/9"}],"wp:attachment":[{"href":"https:\/\/uat.antechdiagnostics.com\/fr_ca\/wp-json\/wp\/v2\/media?parent=21908"}],"wp:term":[{"taxonomy":"service-area","embeddable":true,"href":"https:\/\/uat.antechdiagnostics.com\/fr_ca\/wp-json\/wp\/v2\/service-area?post=21908"}],"curies":[{"name":"wp","href":"https:\/\/api.w.org\/{rel}","templated":true}]}}