    {"id":22,"date":"2024-10-22T16:09:59","date_gmt":"2024-10-22T20:09:59","guid":{"rendered":"\/?page_id=22"},"modified":"2025-12-18T12:12:37","modified_gmt":"2025-12-18T17:12:37","slug":"pistes-de-sante","status":"publish","type":"page","link":"https:\/\/uat.antechdiagnostics.com\/fr_ca\/reference-lab\/healthtracks\/","title":{"rendered":"HealthTracks"},"content":{"rendered":"<div class=\"wp-block-firsttracks-page-section alignfull is-section-hero is-style-section-1 has-global-padding is-layout-constrained wp-block-firsttracks-page-section-is-layout-constrained\">\n<div class=\"wp-block-columns alignfull is-layout-flex wp-container-core-columns-is-layout-28f84493 wp-block-columns-is-layout-flex\">\n<div class=\"wp-block-column is-vertically-aligned-center is-layout-flow wp-block-column-is-layout-flow\" style=\"flex-basis:50%\">\n<h1 class=\"wp-block-heading is-style-display-primary-bold\">HealthTracks\u2122<\/h1>\n\n\n\n<p>Toute votre pratique.<br>Un centre num\u00e9rique.<br>Propuls\u00e9 par Antech\u2122.<\/p>\n\n\n\n<div class=\"wp-block-buttons is-style-button-5 is-layout-flex wp-block-buttons-is-layout-flex\">\n<div class=\"wp-block-button is-style-button-1\"><a class=\"wp-block-button__link wp-element-button\" href=\"https:\/\/www.healthtracks.com\/login\" target=\"_blank\" rel=\"noreferrer noopener\">Lancez HealthTracks maintenant<\/a><\/div>\n<\/div>\n<\/div>\n\n\n\n<div class=\"wp-block-column is-layout-flow wp-block-column-is-layout-flow\" style=\"flex-basis:50%\">\n<div class=\"wp-block-group is-style-section-7 has-global-padding is-layout-constrained wp-block-group-is-layout-constrained\">\n<figure class=\"wp-block-image size-full wp-container-content-d8344436\"><img loading=\"lazy\" decoding=\"async\" width=\"1058\" height=\"1140\" src=\"\/wp-content\/uploads\/2025\/01\/Antech_PetPortraits_Dog_5_RGB-1.png\" alt=\"\" class=\"wp-image-21906\" style=\"aspect-ratio:4\/3;object-fit:contain\" srcset=\"https:\/\/uat.antechdiagnostics.com\/wp-content\/uploads\/2025\/01\/Antech_PetPortraits_Dog_5_RGB-1.png 1058w, https:\/\/uat.antechdiagnostics.com\/wp-content\/uploads\/2025\/01\/Antech_PetPortraits_Dog_5_RGB-1-278x300.png 278w, https:\/\/uat.antechdiagnostics.com\/wp-content\/uploads\/2025\/01\/Antech_PetPortraits_Dog_5_RGB-1-950x1024.png 950w, https:\/\/uat.antechdiagnostics.com\/wp-content\/uploads\/2025\/01\/Antech_PetPortraits_Dog_5_RGB-1-768x828.png 768w, https:\/\/uat.antechdiagnostics.com\/wp-content\/uploads\/2025\/01\/Antech_PetPortraits_Dog_5_RGB-1-11x12.png 11w\" sizes=\"auto, (max-width: 1058px) 100vw, 1058px\" \/><\/figure>\n<\/div>\n<\/div>\n<\/div>\n<\/div>\n\n\n\n<div class=\"wp-block-firsttracks-page-section alignfull is-section-content has-global-padding is-layout-constrained wp-block-firsttracks-page-section-is-layout-constrained\">\n<div class=\"wp-block-group has-global-padding is-layout-constrained wp-block-group-is-layout-constrained\">\n<p>HealthTracks\u2122 h\u00e9berge tous vos diagnostics sur une plate-forme num\u00e9rique intuitive, simplifiant ainsi le flux de travail de diagnostique tout en vous offrant les fonctionnalit\u00e9s n\u00e9cessaires pour fournir les meilleurs soins \u00e0 vos patients.<\/p>\n\n\n\n<script src=\"https:\/\/fast.wistia.com\/player.js\" async><\/script><script src=\"https:\/\/fast.wistia.com\/embed\/njbmw38q9s.js\" async type=\"module\"><\/script><style>wistia-player[media-id='njbmw38q9s']:not(:defined) { background: center \/ contain no-repeat url('https:\/\/fast.wistia.com\/embed\/medias\/njbmw38q9s\/swatch'); display: block; filter: blur(5px); padding-top:56.25%; }<\/style> <wistia-player media-id=\"njbmw38q9s\" aspect=\"1.7777777777777777\"><\/wistia-player>\n<\/div>\n<\/div>\n\n\n\n<div class=\"wp-block-firsttracks-page-section alignfull is-section-content has-global-padding is-layout-constrained wp-block-firsttracks-page-section-is-layout-constrained\">\n<div class=\"wp-block-group has-global-padding is-layout-constrained wp-block-group-is-layout-constrained\">\n<h2 class=\"wp-block-heading is-style-heading-3-primary-bold\">Am\u00e9liorez votre exp\u00e9rience diagnostique<\/h2>\n\n\n\n<p><strong>R\u00e9sultats complets et tendances<\/strong><\/p>\n\n\n\n<p>Acc\u00e9dez facilement \u00e0 l'historique du patient et aux donn\u00e9es d\u00e9taill\u00e9es de suivi des r\u00e9sultats, pour vous aider \u00e0 prendre rapidement la bonne d\u00e9cision diagnostique pour votre patient<\/p>\n\n\n\n<p><strong><strong>Tendances unifi\u00e9es (\u00c9tats-Unis uniquement)&nbsp;<\/strong>&nbsp;<\/strong><\/p>\n\n\n\n<ul class=\"wp-block-list\">\n<li>Plus besoin de changer de syst\u00e8me. Plus de donn\u00e9es fragment\u00e9es. Une seule vue longitudinale et fluide du patient.&nbsp;&nbsp;<\/li>\n\n\n\n<li>&nbsp;Disponible pour les param\u00e8tres de test de chimie et d&#039;h\u00e9matologie qui se chevauchent dans vos r\u00e9sultats en clinique et en laboratoire de r\u00e9f\u00e9rence.&nbsp;<\/li>\n\n\n\n<li>Disponible sur la plateforme Web HealthTracks.&nbsp;<\/li>\n<\/ul>\n\n\n\n<p><strong>Communication fluide avec les clients<\/strong><\/p>\n\n\n\n<p>Personnalisez les r\u00e9sultats des patients avec vos commentaires et partagez-les par courriel ou SMS, le tout depuis la plateforme HealthTracks. Les questions des propri\u00e9taires d'animaux et vos r\u00e9ponses sont enregistr\u00e9es et archiv\u00e9es dans les syst\u00e8mes de gestion de cabinet participants.<\/p>\n<\/div>\n<\/div>\n\n\n\n<div class=\"wp-block-firsttracks-page-section alignfull is-section-list is-list-text is-style-section-3 has-global-padding is-layout-constrained wp-block-firsttracks-page-section-is-layout-constrained\">\n<div class=\"wp-block-columns alignwide is-layout-flex wp-container-core-columns-is-layout-28f84493 wp-block-columns-is-layout-flex\">\n<div class=\"wp-block-column is-layout-flow wp-block-column-is-layout-flow\" style=\"flex-basis:50%\">\n<h2 class=\"wp-block-heading\">Fonctionnalit\u00e9s de HealthTracks<\/h2>\n<\/div>\n\n\n\n<div class=\"wp-block-column is-layout-flow wp-block-column-is-layout-flow\" style=\"flex-basis:50%\">\n<details class=\"wp-block-details is-layout-flow wp-block-details-is-layout-flow\"><summary>Guide de tests<\/summary>\n<ul class=\"wp-block-list\">\n<li>Acc\u00e9dez aux informations sur les tests pour vous aider \u00e0 faire le bon choix diagnostique pour votre patient.<\/li>\n\n\n\n<li>Recherchez les codes de test, comparez les profils et \u00e9valuez diff\u00e9rents tests.<\/li>\n\n\n\n<li>Cr\u00e9ez une liste de \u00ab favoris \u00bb personnalis\u00e9e pour trouver rapidement vos tests et profils les plus command\u00e9s.<\/li>\n<\/ul>\n<\/details>\n\n\n\n<details class=\"wp-block-details is-layout-flow wp-block-details-is-layout-flow\"><summary>Horaire et suivi du service de cueillettes<\/summary>\n<ul class=\"wp-block-list\">\n<li>Planifiez un ramassage par coursier.<\/li>\n\n\n\n<li>Consultez l\u2019\u00e9tat de vos cueillettes programm\u00e9es.<\/li>\n\n\n\n<li>Consultez l\u2019historique d\u00e9taill\u00e9 de vos cueillettes<\/li>\n<\/ul>\n<\/details>\n\n\n\n<details class=\"wp-block-details is-layout-flow wp-block-details-is-layout-flow\"><summary>Commande simplifi\u00e9e<\/summary>\n<ul class=\"wp-block-list\">\n<li>Les informations existantes sur les clients et les patients sont automatiquement renseign\u00e9es et modifiables.<\/li>\n\n\n\n<li>Ajoutez facilement des d\u00e9tails sur les nouveaux m\u00e9decins lors de la passation d&#039;une commande.<\/li>\n\n\n\n<li>Annulez les commandes \u00e0 tout moment avant que les \u00e9chantillons n&#039;aient \u00e9t\u00e9 r\u00e9cup\u00e9r\u00e9s \u00e0 votre cabinet.<\/li>\n<\/ul>\n<\/details>\n\n\n\n<details class=\"wp-block-details is-layout-flow wp-block-details-is-layout-flow\"><summary>Demandes et rev\u00e9rifications Add-on enti\u00e8rement automatis\u00e9es<\/summary>\n<ul class=\"wp-block-list\">\n<li>Les demandes de modules compl\u00e9mentaires rapides et faciles permettent de gagner du temps.<\/li>\n\n\n\n<li>Les commandes sont rapidement achemin\u00e9es vers notre laboratoire et confirm\u00e9es par celui-ci.<\/li>\n<\/ul>\n<\/details>\n\n\n\n<details class=\"wp-block-details is-layout-flow wp-block-details-is-layout-flow\"><summary>Consultations en temps r\u00e9el<\/summary>\n<ul class=\"wp-block-list\">\n<li>Pour garantir l&#039;horaire de votre choix, demandez des consultations \u00e0 l&#039;avance.<\/li>\n<\/ul>\n<\/details>\n\n\n\n<details class=\"wp-block-details is-layout-flow wp-block-details-is-layout-flow\"><summary>Communications clients simplifi\u00e9es<\/summary>\n<ul class=\"wp-block-list\">\n<li>Envoyez des r\u00e9sultats conviviaux aux clients par e-mail ou par SMS.<\/li>\n\n\n\n<li>Personnalisez les r\u00e9sultats des patients avec vos commentaires.<\/li>\n<\/ul>\n<\/details>\n\n\n\n<details class=\"wp-block-details is-layout-flow wp-block-details-is-layout-flow\"><summary>Application mobile HealthTracks<\/summary>\n<ul class=\"wp-block-list\">\n<li>Consultez vos r\u00e9sultats o\u00f9 que vous soyez, quand et o\u00f9 vous en avez besoin.&nbsp;&nbsp;<\/li>\n\n\n\n<li>Communiquez facilement des r\u00e9sum\u00e9s adapt\u00e9s aux animaux de compagnie aux propri\u00e9taires, du bout des doigts.&nbsp;&nbsp;<\/li>\n\n\n\n<li>Acc\u00e8s direct \u00e0 votre \u00e9quipe de support Antech !&nbsp;&nbsp;<\/li>\n\n\n\n<li>T\u00e9l\u00e9chargez le <strong><a href=\"\/fr_ca\/laboratoire-de-reference\/healthtracks-mobile\/\" target=\"_blank\" data-type=\"link\" data-id=\"\/reference-lab\/healthtracks-mobile\/\" rel=\"noreferrer noopener\">application mobile<\/a><\/strong> aujourd&#039;hui<\/li>\n<\/ul>\n<\/details>\n<\/div>\n<\/div>\n<\/div>\n\n\n\n<div style=\"height:100px\" aria-hidden=\"true\" class=\"wp-block-spacer\"><\/div>\n\n\n\n<h2 class=\"wp-block-heading is-style-heading-3-primary-bold\">HealthTracks \u2014 Cr\u00e9ation d'une communication client<\/h2>\n\n\n\n<script src=\"https:\/\/fast.wistia.com\/player.js\" async><\/script><script src=\"https:\/\/fast.wistia.com\/embed\/l22rnbpjsp.js\" async type=\"module\"><\/script><style>wistia-player[media-id='l22rnbpjsp']:not(:defined) { background: center \/ contain no-repeat url('https:\/\/fast.wistia.com\/embed\/medias\/l22rnbpjsp\/swatch'); display: block; filter: blur(5px); padding-top:56.25%; }<\/style> <wistia-player media-id=\"l22rnbpjsp\" aspect=\"1.7777777777777777\"><\/wistia-player>\n\n\n\n<div class=\"wp-block-firsttracks-page-section alignfull is-section-content is-style-section-1 has-global-padding is-layout-constrained wp-block-firsttracks-page-section-is-layout-constrained\"><\/div>\n\n\n\n<div class=\"wp-block-firsttracks-page-section alignfull is-section-content has-global-padding is-layout-constrained wp-block-firsttracks-page-section-is-layout-constrained\">\n<div class=\"wp-block-group has-global-padding is-layout-constrained wp-block-group-is-layout-constrained\">\n<h2 class=\"wp-block-heading is-style-heading-3-primary-bold\">HealthTracks \u2013 Demander un ajout (Add-on)<\/h2>\n\n\n\n<script src=\"https:\/\/fast.wistia.com\/player.js\" async><\/script><script src=\"https:\/\/fast.wistia.com\/embed\/ddmq7tnxvp.js\" async type=\"module\"><\/script><style>wistia-player[media-id='ddmq7tnxvp']:not(:defined) { background: center \/ contain no-repeat url('https:\/\/fast.wistia.com\/embed\/medias\/ddmq7tnxvp\/swatch'); display: block; filter: blur(5px); padding-top:56.25%; }<\/style> <wistia-player media-id=\"ddmq7tnxvp\" aspect=\"1.7777777777777777\"><\/wistia-player>\n<\/div>\n<\/div>\n\n\n\n<div class=\"wp-block-firsttracks-page-section alignfull is-section-content has-global-padding is-layout-constrained wp-block-firsttracks-page-section-is-layout-constrained\">\n<div class=\"wp-block-group has-global-padding is-layout-constrained wp-block-group-is-layout-constrained\">\n<h2 class=\"wp-block-heading is-style-heading-3-primary-bold\">HealthTracks \u2013 Soumettre une commande<\/h2>\n\n\n\n<script src=\"https:\/\/fast.wistia.com\/player.js\" async><\/script><script src=\"https:\/\/fast.wistia.com\/embed\/0pjbnwqjon.js\" async type=\"module\"><\/script><style>wistia-player[media-id='0pjbnwqjon']:not(:defined) { background: center \/ contain no-repeat url('https:\/\/fast.wistia.com\/embed\/medias\/0pjbnwqjon\/swatch'); display: block; filter: blur(5px); padding-top:56.25%; }<\/style> <wistia-player media-id=\"0pjbnwqjon\" aspect=\"1.7777777777777777\"><\/wistia-player>\n<\/div>\n<\/div>\n\n\n\n<p><\/p>","protected":false},"excerpt":{"rendered":"<p>HealthTracks \u2014 Cr\u00e9ation d'une communication client<\/p>","protected":false},"author":5,"featured_media":0,"parent":9,"menu_order":4,"comment_status":"closed","ping_status":"closed","template":"","meta":{"_acf_changed":false,"content-type":"","footnotes":""},"service-area":[],"class_list":["post-22","page","type-page","status-publish","hentry"],"acf":[],"publishpress_future_action":{"enabled":false,"date":"2026-05-13 12:35:25","action":"change-status","newStatus":"draft","terms":[],"taxonomy":"service-area","extraData":[]},"publishpress_future_workflow_manual_trigger":{"enabledWorkflows":[]},"_links":{"self":[{"href":"https:\/\/uat.antechdiagnostics.com\/fr_ca\/wp-json\/wp\/v2\/pages\/22","targetHints":{"allow":["GET"]}}],"collection":[{"href":"https:\/\/uat.antechdiagnostics.com\/fr_ca\/wp-json\/wp\/v2\/pages"}],"about":[{"href":"https:\/\/uat.antechdiagnostics.com\/fr_ca\/wp-json\/wp\/v2\/types\/page"}],"author":[{"embeddable":true,"href":"https:\/\/uat.antechdiagnostics.com\/fr_ca\/wp-json\/wp\/v2\/users\/5"}],"replies":[{"embeddable":true,"href":"https:\/\/uat.antechdiagnostics.com\/fr_ca\/wp-json\/wp\/v2\/comments?post=22"}],"version-history":[{"count":0,"href":"https:\/\/uat.antechdiagnostics.com\/fr_ca\/wp-json\/wp\/v2\/pages\/22\/revisions"}],"up":[{"embeddable":true,"href":"https:\/\/uat.antechdiagnostics.com\/fr_ca\/wp-json\/wp\/v2\/pages\/9"}],"wp:attachment":[{"href":"https:\/\/uat.antechdiagnostics.com\/fr_ca\/wp-json\/wp\/v2\/media?parent=22"}],"wp:term":[{"taxonomy":"service-area","embeddable":true,"href":"https:\/\/uat.antechdiagnostics.com\/fr_ca\/wp-json\/wp\/v2\/service-area?post=22"}],"curies":[{"name":"wp","href":"https:\/\/api.w.org\/{rel}","templated":true}]}}