    {"id":24514,"date":"2025-01-22T16:11:22","date_gmt":"2025-01-22T21:11:22","guid":{"rendered":"\/imaging-equipment\/online-payments-copy\/"},"modified":"2026-02-02T16:26:22","modified_gmt":"2026-02-02T21:26:22","slug":"canada","status":"publish","type":"page","link":"https:\/\/uat.antechdiagnostics.com\/fr_ca\/imaging-equipment\/online-payments\/canada\/","title":{"rendered":"Paiements en ligne Canada"},"content":{"rendered":"<div style=\"background-image:url(&apos;\/wp-content\/themes\/antech2024\/assets\/images\/cover.png&apos;);background-size:cover;\" class=\"wp-block-group alignfull is-section-banner is-layout-flow wp-block-group-is-layout-flow has-background\">\n<div class=\"wp-block-group alignwide has-global-padding is-content-justification-left is-layout-constrained wp-container-core-group-is-layout-12dd3699 wp-block-group-is-layout-constrained\">\n<div class=\"wp-block-group has-global-padding is-content-justification-left is-layout-constrained wp-container-core-group-is-layout-12dd3699 wp-block-group-is-layout-constrained\">\n<h1 class=\"wp-block-heading is-style-display-primary-bold\">Paiements en ligne pour l&#039;\u00e9quipement d&#039;imagerie \u2013 Canada<\/h1>\n<\/div>\n<\/div>\n<\/div>\n\n\n\n<div class=\"wp-block-buttons is-layout-flex wp-block-buttons-is-layout-flex\" style=\"margin-top:2.5rem;margin-bottom:-2rem\">\n<div class=\"wp-block-button canada is-style-button-3\"><a class=\"wp-block-button__link wp-element-button\" href=\"\/fr_ca\/equipement-dimagerie\/paiements-en-ligne\/\"><img loading=\"lazy\" decoding=\"async\" width=\"24\" height=\"24\" class=\"wp-image-24568\" style=\"width: 24px;\" src=\"\/wp-content\/uploads\/2025\/01\/us.png\" alt=\"\" srcset=\"https:\/\/uat.antechdiagnostics.com\/wp-content\/uploads\/2025\/01\/us.png 256w, https:\/\/uat.antechdiagnostics.com\/wp-content\/uploads\/2025\/01\/us-80x80.png 80w, https:\/\/uat.antechdiagnostics.com\/wp-content\/uploads\/2025\/01\/us-12x12.png 12w\" sizes=\"auto, (max-width: 24px) 100vw, 24px\" \/>  Pour les paiements aux \u00c9tats-Unis, cliquez ici<\/a><\/div>\n<\/div>\n\n\n\n\n\n<div class=\"wp-block-group alignwide has-global-padding is-layout-constrained wp-container-core-group-is-layout-6c5e93cb wp-block-group-is-layout-constrained\" style=\"margin-top:4rem;margin-bottom:4rem\">\n<p>Chers clients de Antech Sound, nous ne sommes malheureusement pas en mesure d&#039;accepter les paiements en ligne pour les comptes canadiens. Veuillez contacter l&#039;\u00e9quipe AR \u00e0 l&#039;adresse suivante\u00a0: <a href=\"tel:+18002685354\">800-268-5354<\/a> effectuer un paiement.<\/p>\n<\/div>","protected":false},"excerpt":{"rendered":"<p>Paiements en ligne pour l&#039;\u00e9quipement d&#039;imagerie \u2013 Canada Remarque\u00a0: ceci concerne uniquement les paiements des clients de Legacy Sound Technologies, Inc. pour l&#039;\u00e9quipement d&#039;imagerie. Pour les services d&#039;imagerie (anciens services Antech \u2013 AIS), veuillez composer le 1\u00a0800\u00a0872-1001. Veuillez fournir les renseignements suivants pour effectuer un paiement. Tous les renseignements que vous fournissez sont crypt\u00e9s, confidentiels et ne seront communiqu\u00e9s \u00e0 aucune autre organisation. [\u2026]<\/p>","protected":false},"author":5,"featured_media":0,"parent":114,"menu_order":0,"comment_status":"closed","ping_status":"closed","template":"","meta":{"_acf_changed":false,"content-type":"","footnotes":""},"service-area":[],"class_list":["post-24514","page","type-page","status-publish","hentry"],"acf":[],"publishpress_future_action":{"enabled":false,"date":"2026-05-13 12:36:04","action":"change-status","newStatus":"draft","terms":[],"taxonomy":"service-area","extraData":[]},"publishpress_future_workflow_manual_trigger":{"enabledWorkflows":[]},"_links":{"self":[{"href":"https:\/\/uat.antechdiagnostics.com\/fr_ca\/wp-json\/wp\/v2\/pages\/24514","targetHints":{"allow":["GET"]}}],"collection":[{"href":"https:\/\/uat.antechdiagnostics.com\/fr_ca\/wp-json\/wp\/v2\/pages"}],"about":[{"href":"https:\/\/uat.antechdiagnostics.com\/fr_ca\/wp-json\/wp\/v2\/types\/page"}],"author":[{"embeddable":true,"href":"https:\/\/uat.antechdiagnostics.com\/fr_ca\/wp-json\/wp\/v2\/users\/5"}],"replies":[{"embeddable":true,"href":"https:\/\/uat.antechdiagnostics.com\/fr_ca\/wp-json\/wp\/v2\/comments?post=24514"}],"version-history":[{"count":0,"href":"https:\/\/uat.antechdiagnostics.com\/fr_ca\/wp-json\/wp\/v2\/pages\/24514\/revisions"}],"up":[{"embeddable":true,"href":"https:\/\/uat.antechdiagnostics.com\/fr_ca\/wp-json\/wp\/v2\/pages\/114"}],"wp:attachment":[{"href":"https:\/\/uat.antechdiagnostics.com\/fr_ca\/wp-json\/wp\/v2\/media?parent=24514"}],"wp:term":[{"taxonomy":"service-area","embeddable":true,"href":"https:\/\/uat.antechdiagnostics.com\/fr_ca\/wp-json\/wp\/v2\/service-area?post=24514"}],"curies":[{"name":"wp","href":"https:\/\/api.w.org\/{rel}","templated":true}]}}