    {"id":26266,"date":"2025-01-27T15:42:20","date_gmt":"2025-01-27T20:42:20","guid":{"rendered":"\/in-house-diagnostics\/support\/terms-conditions-copy\/"},"modified":"2025-01-27T15:43:29","modified_gmt":"2025-01-27T20:43:29","slug":"politique-de-confidentialite","status":"publish","type":"page","link":"https:\/\/uat.antechdiagnostics.com\/fr_ca\/in-house-diagnostics\/support\/privacy-policy\/","title":{"rendered":"Politique de confidentialit\u00e9"},"content":{"rendered":"<div style=\"background-image:url(&apos;\/wp-content\/themes\/antech2024\/assets\/images\/cover.png&apos;);background-size:cover;\" class=\"wp-block-group alignfull is-section-banner is-layout-flow wp-block-group-is-layout-flow has-background\">\n<div class=\"wp-block-group alignwide has-global-padding is-content-justification-left is-layout-constrained wp-container-core-group-is-layout-12dd3699 wp-block-group-is-layout-constrained\">\n<div class=\"wp-block-group has-global-padding is-content-justification-left is-layout-constrained wp-container-core-group-is-layout-12dd3699 wp-block-group-is-layout-constrained\">\n<h1 class=\"wp-block-heading is-style-display-primary-bold\">Politique de confidentialit\u00e9<\/h1>\n<\/div>\n<\/div>\n<\/div>\n\n\n\n<p>Antech et ses filiales, notamment Heska, LightDeck, Sound, scil animal company et VetZ, qui fait partie de Mars Science &amp; Diagnostics, une division mondiale de Mars Petcare, s&#039;engagent \u00e0 atteindre l&#039;objectif de Mars Petcare : un monde meilleur pour les animaux de compagnie\u2122.<\/p>\n\n\n\n<p>Dans le cadre de cet engagement, Antech et ses filiales s&#039;engagent \u00e9galement \u00e0 :<\/p>\n\n\n\n<ul class=\"wp-block-list\">\n<li>valoriser et respecter les donn\u00e9es personnelles qui nous sont confi\u00e9es,<\/li>\n\n\n\n<li>\u00eatre transparent et responsable sur la mani\u00e8re dont nous traitons les donn\u00e9es personnelles dont nous avons la charge, guid\u00e9s par les cinq principes de Mars et la loi,<\/li>\n\n\n\n<li>adh\u00e9rer et respecter les droits \u00e0 la vie priv\u00e9e accord\u00e9s \u00e0 nos clients et candidats \u00e0 un emploi, et<\/li>\n\n\n\n<li>am\u00e9liorer continuellement nos pratiques en mati\u00e8re de confidentialit\u00e9 et de s\u00e9curit\u00e9.<\/li>\n<\/ul>\n\n\n\n<p>Pour plus d&#039;informations sur nos pratiques de confidentialit\u00e9, veuillez\u00a0<a href=\"https:\/\/www.mars.com\/privacy\" rel=\"noopener\">Cliquez ici<\/a>.<\/p>","protected":false},"excerpt":{"rendered":"<p>Politique de confidentialit\u00e9. Antech et ses filiales, dont Heska, LightDeck, Sound, scil animal company et VetZ, filiale de Mars Science &amp; Diagnostics, division mondiale de Mars Petcare, adh\u00e8rent \u00e0 la mission de Mars Petcare\u00a0: Un monde meilleur pour les animaux de compagnie\u2122. Pour honorer cet engagement, Antech et ses filiales s&#039;engagent \u00e9galement \u00e0\u00a0: [\u2026]<\/p>","protected":false},"author":5,"featured_media":0,"parent":60,"menu_order":0,"comment_status":"closed","ping_status":"closed","template":"","meta":{"_acf_changed":false,"content-type":"","footnotes":""},"service-area":[],"class_list":["post-26266","page","type-page","status-publish","hentry"],"acf":[],"publishpress_future_action":{"enabled":false,"date":"2026-05-13 10:23:49","action":"change-status","newStatus":"draft","terms":[],"taxonomy":"service-area","extraData":[]},"publishpress_future_workflow_manual_trigger":{"enabledWorkflows":[]},"_links":{"self":[{"href":"https:\/\/uat.antechdiagnostics.com\/fr_ca\/wp-json\/wp\/v2\/pages\/26266","targetHints":{"allow":["GET"]}}],"collection":[{"href":"https:\/\/uat.antechdiagnostics.com\/fr_ca\/wp-json\/wp\/v2\/pages"}],"about":[{"href":"https:\/\/uat.antechdiagnostics.com\/fr_ca\/wp-json\/wp\/v2\/types\/page"}],"author":[{"embeddable":true,"href":"https:\/\/uat.antechdiagnostics.com\/fr_ca\/wp-json\/wp\/v2\/users\/5"}],"replies":[{"embeddable":true,"href":"https:\/\/uat.antechdiagnostics.com\/fr_ca\/wp-json\/wp\/v2\/comments?post=26266"}],"version-history":[{"count":0,"href":"https:\/\/uat.antechdiagnostics.com\/fr_ca\/wp-json\/wp\/v2\/pages\/26266\/revisions"}],"up":[{"embeddable":true,"href":"https:\/\/uat.antechdiagnostics.com\/fr_ca\/wp-json\/wp\/v2\/pages\/60"}],"wp:attachment":[{"href":"https:\/\/uat.antechdiagnostics.com\/fr_ca\/wp-json\/wp\/v2\/media?parent=26266"}],"wp:term":[{"taxonomy":"service-area","embeddable":true,"href":"https:\/\/uat.antechdiagnostics.com\/fr_ca\/wp-json\/wp\/v2\/service-area?post=26266"}],"curies":[{"name":"wp","href":"https:\/\/api.w.org\/{rel}","templated":true}]}}