    {"id":26488,"date":"2025-02-05T17:05:08","date_gmt":"2025-02-05T22:05:08","guid":{"rendered":"\/?page_id=26488"},"modified":"2026-01-30T15:25:17","modified_gmt":"2026-01-30T20:25:17","slug":"panels-dallergenes","status":"publish","type":"page","link":"https:\/\/uat.antechdiagnostics.com\/fr_ca\/reference-lab\/diagnostics\/allergy\/allergen-panels\/","title":{"rendered":"Profils d'allerg\u00e8nes"},"content":{"rendered":"<div class=\"wp-block-firsttracks-page-section alignfull is-section-hero is-style-section-1 has-global-padding is-layout-constrained wp-block-firsttracks-page-section-is-layout-constrained\">\n<div class=\"wp-block-columns alignfull is-layout-flex wp-container-core-columns-is-layout-28f84493 wp-block-columns-is-layout-flex\">\n<div class=\"wp-block-column is-vertically-aligned-center is-layout-flow wp-block-column-is-layout-flow\" style=\"flex-basis:50%\">\n<p><a href=\"\/fr_ca\/laboratoire-de-reference\/\"><strong>Laboratoire de r\u00e9f\u00e9rence<\/strong><\/a><\/p>\n\n\n\n<h1 class=\"wp-block-heading is-style-display-primary-bold\"><strong>Allercept\u2122 <\/strong><\/h1>\n\n\n\n<p><strong>Listes d&#039;allerg\u00e8nes pour animaux de compagnie, aliments et \u00e9quins<\/strong><\/p>\n\n\n\n<div class=\"wp-block-buttons is-layout-flex wp-block-buttons-is-layout-flex\">\n<div class=\"wp-block-button\"><a class=\"wp-block-button__link wp-element-button\" href=\"\/fr_ca\/laboratoire-de-reference\/diagnostic\/allergie\/\">En savoir plus sur Allercept<\/a><\/div>\n<\/div>\n<\/div>\n\n\n\n<div class=\"wp-block-column is-layout-flow wp-block-column-is-layout-flow\" style=\"flex-basis:50%\">\n<div class=\"wp-block-group is-content-justification-right is-nowrap is-layout-flex wp-container-core-group-is-layout-17124a9a wp-block-group-is-layout-flex\">\n<div class=\"wp-block-group is-hero-gallery is-layout-grid wp-container-core-group-is-layout-b757edec wp-block-group-is-layout-grid\">\n<figure class=\"wp-block-image size-full\"><img loading=\"lazy\" decoding=\"async\" width=\"476\" height=\"846\" src=\"\/wp-content\/uploads\/2025\/02\/cat-hero.png\" alt=\"\" class=\"wp-image-26743\" style=\"aspect-ratio:9\/16;object-fit:cover\" srcset=\"https:\/\/uat.antechdiagnostics.com\/wp-content\/uploads\/2025\/02\/cat-hero.png 476w, https:\/\/uat.antechdiagnostics.com\/wp-content\/uploads\/2025\/02\/cat-hero-169x300.png 169w, https:\/\/uat.antechdiagnostics.com\/wp-content\/uploads\/2025\/02\/cat-hero-7x12.png 7w\" sizes=\"auto, (max-width: 476px) 100vw, 476px\" \/><\/figure>\n\n\n\n<figure class=\"wp-block-image size-full\"><img loading=\"lazy\" decoding=\"async\" width=\"476\" height=\"846\" src=\"\/wp-content\/uploads\/2025\/02\/purple.png\" alt=\"\" class=\"wp-image-26745\" style=\"aspect-ratio:9\/16;object-fit:cover\" srcset=\"https:\/\/uat.antechdiagnostics.com\/wp-content\/uploads\/2025\/02\/purple.png 476w, https:\/\/uat.antechdiagnostics.com\/wp-content\/uploads\/2025\/02\/purple-169x300.png 169w, https:\/\/uat.antechdiagnostics.com\/wp-content\/uploads\/2025\/02\/purple-7x12.png 7w\" sizes=\"auto, (max-width: 476px) 100vw, 476px\" \/><\/figure>\n<\/div>\n<\/div>\n<\/div>\n<\/div>\n<\/div>\n\n\n\n<div class=\"wp-block-firsttracks-page-section alignfull is-section-content has-global-padding is-layout-constrained wp-block-firsttracks-page-section-is-layout-constrained\">\n<h2 class=\"wp-block-heading alignwide\">Profil pour animaux de compagnie Allercept&nbsp;<\/h2>\n\n\n\n<div class=\"wp-block-group alignwide is-grid-card is-layout-grid wp-container-core-group-is-layout-35427ff6 wp-block-group-is-layout-grid\">\n<div class=\"wp-block-group is-list-item is-vertical is-layout-flex wp-container-core-group-is-layout-fe9cc265 wp-block-group-is-layout-flex\">\n<p><span style=\"text-decoration: underline;\">Gramin\u00e9es<br><\/span>Herbe de juin (Kentucky Blue)<br>F\u00e9tuque des pr\u00e9s<br>Fl\u00e9ole des pr\u00e9s<br>Ray-grass vivace<br>Red Top (Agrostide)<br>Fl\u00e9ole (Phleum)<br>Herbe douce (V\u00e9ronique des pr\u00e9s)<br>Brome<br>Pollen d'avoine<br>Herbe de Johnson<br>Herbe de Bahia<br>Pollen de ma\u00efs<br>Herbe des Bermudes<br><br><span style=\"text-decoration: underline;\">Mauvaises herbes<br><\/span>Ch\u00e9nopode blanc<br>Kochia<br>Chardon russe<br>Atriplex annuel (Saltbush annuel)<br>M\u00e9lange d&#039;ambroisie (petite, grande)<br>Ambroisie fausse<br>Ambroisie du Sud<br>Ambroisie de l\u2019Ouest<br>M\u00e9lange de sauge et d'armoise (Sage, Mugwort Mix)<br>Xanthium (Cocklebur)<br>Ambroisie des marais (Burweed)<br>Ambroisie des marais rugueux (Rough)<br>Verge d'or (Goldenrod)<br>F\u00e9nugrec de chien (Dog Fennel)<br>M\u00e9lange de oseille et rumex (Sorrel, Dock Mix)<br>Plantain anglais<br>M\u00e9lange  de morelle (Pigweed Mix)<br>Ortie<\/p>\n<\/div>\n\n\n\n<div class=\"wp-block-group is-list-item is-vertical is-layout-flex wp-container-core-group-is-layout-fe9cc265 wp-block-group-is-layout-flex\">\n<p><span style=\"text-decoration: underline;\">Arbres<\/span><br>M\u00e9lange d&#039;\u00e9rable et d&#039;\u00e9rable \u00e0 Gigu\u00e8re<br>M\u00e9lange de ch\u00eanes<br>H\u00eatre<br>M\u00fbre<br>Hickory<br>Noix de p\u00e9can<br>Noyer, noir<br>Noyer noir de Californie<br>Saule<br>Tremble<br>Peuplier<br>Fr\u00eane am\u00e9ricain\/blanc<br>Ash, Arizona<br>Olive<br>Tro\u00e8ne<br>C\u00e8dre<br>Cypress, Arizona<br>Cypr\u00e8s chauve<br>M\u00e9lange d&#039;ormes<br>Aulne<br>M\u00e9lange de bouleaux<br>Noisette<br>Sycomore<br>Acacia<br>Mesquite<br>Liquidambar<br>Baie de myrtille<br>Poivrier<br>M\u00e9lange de pins<br>Palmier, Reine<br>Eucalyptus<br>M\u00e9laleuca<br>Pin d&#039;Australie<\/p>\n<\/div>\n\n\n\n<div class=\"wp-block-group is-list-item is-vertical is-layout-flex wp-container-core-group-is-layout-fe9cc265 wp-block-group-is-layout-flex\">\n<p><span style=\"text-decoration: underline;\">acariens<br><\/span>Acarien Dermatophagoides farinae<br>acarien Dermatophagoides pteronyssinus<br>acarien de stockage Tyrophagus<br>Acarien de stockage Acarus siro<br>acarien de stockage Lepidoglyphus<br>Acarien Blomia tropicalis<\/p>\n\n\n\n<p><span style=\"text-decoration: underline;\">\u00e9pith\u00e9liaux<br><\/span>Chien (si l&#039;\u00e9chantillon provient d&#039;un chat)<br>Chat (si l&#039;\u00e9chantillon provient d&#039;un chien)<br>M\u00e9lange de plumes<br><br><span style=\"text-decoration: underline;\">Insectes<br><\/span>Puce<br>M\u00e9lange de cafards<br>Moustique<br><br><span style=\"text-decoration: underline;\">Champignons<br><\/span>Malassezia<br>Fusarium<br>Aspergillus<br>P\u00e9nicillium<br>Cladosporium<br>Alternaria<br>Drechslera<br>M\u00e9lange de charbon<\/p>\n<\/div>\n<\/div>\n<\/div>\n\n\n\n<div class=\"wp-block-firsttracks-page-section alignfull is-section-content has-global-padding is-layout-constrained wp-block-firsttracks-page-section-is-layout-constrained\">\n<h2 class=\"wp-block-heading alignwide\">Liste des allerg\u00e8nes alimentaires Allercept*&nbsp;<\/h2>\n\n\n\n<div class=\"wp-block-group alignwide is-grid-card is-layout-grid wp-container-core-group-is-layout-35427ff6 wp-block-group-is-layout-grid\">\n<div class=\"wp-block-group is-list-item is-vertical is-layout-flex wp-container-core-group-is-layout-fe9cc265 wp-block-group-is-layout-flex\">\n<p>Pomme<br>Orge<br>B\u0153uf<br>levure de bi\u00e8re<br>Carotte<br>Poulet<br>Ma\u00efs<br><\/p>\n<\/div>\n\n\n\n<div class=\"wp-block-group is-list-item is-vertical is-layout-flex wp-container-core-group-is-layout-fe9cc265 wp-block-group-is-layout-flex\">\n<p>\u0152uf<br>M\u00e9lange de poissons<br>Lin<br>Haricot vert<br>Agneau<br>Lait d&#039;avoine<br>Pois<\/p>\n<\/div>\n\n\n\n<div class=\"wp-block-group is-list-item is-vertical is-layout-flex wp-container-core-group-is-layout-fe9cc265 wp-block-group-is-layout-flex\">\n<p>Arachide<br>Porc<br>Lapin<br>Riz<br>Soja<br>Patate douce<br>Turquie<br>Grain de bl\u00e9<br>Pomme de terre blanche<\/p>\n<\/div>\n<\/div>\n<\/div>\n\n\n\n<div style=\"height:50px\" aria-hidden=\"true\" class=\"wp-block-spacer\"><\/div>\n\n\n\n<p>*Antech, en accord avec l&#039;American College of Veterinary Dermatology, d\u00e9conseille les tests d&#039;IgE pour les aliments. Un essai de r\u00e9gime d&#039;exclusion conforme, suivi d&#039;une nouvelle provocation, est recommand\u00e9 pour les animaux suspect\u00e9s d&#039;avoir pr\u00e9sent\u00e9 une r\u00e9action ind\u00e9sirable \u00e0 un aliment.<\/p>\n\n\n\n<div style=\"height:50px\" aria-hidden=\"true\" class=\"wp-block-spacer\"><\/div>\n\n\n\n<div class=\"wp-block-firsttracks-page-section alignfull is-section-content has-global-padding is-layout-constrained wp-block-firsttracks-page-section-is-layout-constrained\">\n<h2 class=\"wp-block-heading alignwide\">Liste des allerg\u00e8nes \u00e9quins Allercept<\/h2>\n\n\n\n<div class=\"wp-block-group alignwide is-grid-card is-layout-grid wp-container-core-group-is-layout-35427ff6 wp-block-group-is-layout-grid\">\n<div class=\"wp-block-group is-list-item is-vertical is-layout-flex wp-container-core-group-is-layout-fe9cc265 wp-block-group-is-layout-flex\">\n<p><span style=\"text-decoration: underline;\">Gramin\u00e9es<\/span><br>Herbe de juin (Kentucky Blue)<br>F\u00e9tuque des pr\u00e9s<br>Fl\u00e9ole des pr\u00e9s<br>Ray-grass vivace<br>Red Top (Agrostide)<br>Fl\u00e9ole (Phleum)<br>Herbe douce (V\u00e9ronique des pr\u00e9s)<br>Brome<br>Pollen d'avoine<br>Herbe de Johnson<br>Herbe de Bahia<br>Pollen de ma\u00efs<br>Herbe des Bermudes<\/p>\n\n\n\n<p><span style=\"text-decoration: underline;\">Mauvaises herbes<br><\/span>Ch\u00e9nopode blanc<br>Kochia<br>Chardon russe<br>Atriplex annuel (Saltbush annuel)<br>M\u00e9lange d&#039;ambroisie (petite, grande)<br>Ambroisie fausse<br>Ambroisie du Sud<br>Ambroisie de l\u2019Ouest<br>M\u00e9lange de sauge et d'armoise (Sage, Mugwort Mix)<br>Xanthium (Cocklebur)<br>Ambroisie des marais (Burweed)<br>Ambroisie des marais rugueux (Rough)<br>Verge d'or (Goldenrod)<br>F\u00e9nugrec de chien (Dog Fennel)<br>M\u00e9lange de oseille et rumex (Sorrel, Dock Mix)<br>Plantain anglais<br>M\u00e9lange  de morelle (Pigweed Mix)<br>Ortie<br>Luzerne<br>tr\u00e8fle rouge<br><\/p>\n<\/div>\n\n\n\n<div class=\"wp-block-group is-list-item is-vertical is-layout-flex wp-container-core-group-is-layout-fe9cc265 wp-block-group-is-layout-flex\">\n<p><span style=\"text-decoration: underline;\">Arbres<\/span><br>M\u00e9lange d&#039;\u00e9rable et d&#039;\u00e9rable \u00e0 Gigu\u00e8re<br>M\u00e9lange de ch\u00eanes<br>H\u00eatre<br>M\u00fbre<br>Hickory<br>Noix de p\u00e9can<br>Noyer, noir<br>Noyer noir de Californie<br>Saule<br>Tremble<br>Peuplier<br>Fr\u00eane am\u00e9ricain\/blanc<br>Ash, Arizona<br>Olive<br>Tro\u00e8ne<br>C\u00e8dre<br>Cypress, Arizona<br>Cypr\u00e8s chauve<br>M\u00e9lange d&#039;ormes<br>Aulne<br>M\u00e9lange de bouleaux<br>Noisette<br>Sycomore<br>Acacia<br>Mesquite<br>Liquidambar<br>Baie de myrtille<br>Poivrier<br>M\u00e9lange de pins<br>Palmier, Reine<br>Eucalyptus<br>M\u00e9laleuca<br>Pin d&#039;Australie<\/p>\n<\/div>\n\n\n\n<div class=\"wp-block-group is-list-item is-vertical is-layout-flex wp-container-core-group-is-layout-fe9cc265 wp-block-group-is-layout-flex\">\n<p><span style=\"text-decoration: underline;\">acariens<\/span><br>Acarien Dermatophagoides farinae<br>acarien Dermatophagoides pteronyssinus<br>acarien de stockage Tyrophagus<br>Acarien de stockage Acarus siro<br>acarien de stockage Lepidoglyphus<br>Acarien Blomia tropicalis<\/p>\n\n\n\n<p><span style=\"text-decoration: underline;\">\u00e9pith\u00e9liaux<br><\/span>Chien<br>Chat<br>M\u00e9lange de plumes<\/p>\n\n\n\n<p><span style=\"text-decoration: underline;\">Insectes<\/span><br>Puce<br>M\u00e9lange de cafards<br>Moustique<br>Culico\u00efdes<br>Mouche du cerf<br>Taon<br>Mouche domestique<\/p>\n\n\n\n<p><span style=\"text-decoration: underline;\">Champignons<\/span><br>Malassezia<br>Fusarium<br>Aspergillus<br>P\u00e9nicillium<br>Cladosporium<br>Alternaria<br>Drechslera<br>M\u00e9lange de charbon<br>Rhodotorule<\/p>\n<\/div>\n<\/div>\n<\/div>","protected":false},"excerpt":{"rendered":"<p>*Antech, en accord avec l&#039;American College of Veterinary Dermatology, d\u00e9conseille les tests d&#039;IgE pour les aliments. Un essai de r\u00e9gime d&#039;exclusion conforme, suivi d&#039;une nouvelle provocation, est recommand\u00e9 pour les animaux suspect\u00e9s d&#039;avoir pr\u00e9sent\u00e9 une r\u00e9action ind\u00e9sirable \u00e0 un aliment.<\/p>","protected":false},"author":7,"featured_media":0,"parent":49,"menu_order":0,"comment_status":"closed","ping_status":"closed","template":"","meta":{"_acf_changed":false,"content-type":"","footnotes":""},"service-area":[],"class_list":["post-26488","page","type-page","status-publish","hentry"],"acf":[],"publishpress_future_action":{"enabled":false,"date":"2026-05-13 13:35:22","action":"change-status","newStatus":"draft","terms":[],"taxonomy":"service-area","extraData":[]},"publishpress_future_workflow_manual_trigger":{"enabledWorkflows":[]},"_links":{"self":[{"href":"https:\/\/uat.antechdiagnostics.com\/fr_ca\/wp-json\/wp\/v2\/pages\/26488","targetHints":{"allow":["GET"]}}],"collection":[{"href":"https:\/\/uat.antechdiagnostics.com\/fr_ca\/wp-json\/wp\/v2\/pages"}],"about":[{"href":"https:\/\/uat.antechdiagnostics.com\/fr_ca\/wp-json\/wp\/v2\/types\/page"}],"author":[{"embeddable":true,"href":"https:\/\/uat.antechdiagnostics.com\/fr_ca\/wp-json\/wp\/v2\/users\/7"}],"replies":[{"embeddable":true,"href":"https:\/\/uat.antechdiagnostics.com\/fr_ca\/wp-json\/wp\/v2\/comments?post=26488"}],"version-history":[{"count":0,"href":"https:\/\/uat.antechdiagnostics.com\/fr_ca\/wp-json\/wp\/v2\/pages\/26488\/revisions"}],"up":[{"embeddable":true,"href":"https:\/\/uat.antechdiagnostics.com\/fr_ca\/wp-json\/wp\/v2\/pages\/49"}],"wp:attachment":[{"href":"https:\/\/uat.antechdiagnostics.com\/fr_ca\/wp-json\/wp\/v2\/media?parent=26488"}],"wp:term":[{"taxonomy":"service-area","embeddable":true,"href":"https:\/\/uat.antechdiagnostics.com\/fr_ca\/wp-json\/wp\/v2\/service-area?post=26488"}],"curies":[{"name":"wp","href":"https:\/\/api.w.org\/{rel}","templated":true}]}}