    {"id":26510,"date":"2025-02-10T12:39:18","date_gmt":"2025-02-10T17:39:18","guid":{"rendered":"\/reference-lab\/support\/"},"modified":"2025-12-15T14:07:21","modified_gmt":"2025-12-15T19:07:21","slug":"soutien","status":"publish","type":"page","link":"https:\/\/uat.antechdiagnostics.com\/fr_ca\/reference-lab\/support\/","title":{"rendered":"Soutien au laboratoire de r\u00e9f\u00e9rence"},"content":{"rendered":"<div style=\"background-image:url(&apos;\/wp-content\/themes\/antech2024\/assets\/images\/cover.png&apos;);background-size:cover;\" class=\"wp-block-group alignfull is-section-banner is-layout-flow wp-block-group-is-layout-flow has-background\">\n<div class=\"wp-block-group alignwide has-global-padding is-content-justification-left is-layout-constrained wp-container-core-group-is-layout-12dd3699 wp-block-group-is-layout-constrained\">\n<div class=\"wp-block-group has-global-padding is-content-justification-left is-layout-constrained wp-container-core-group-is-layout-12dd3699 wp-block-group-is-layout-constrained\">\n<h1 class=\"wp-block-heading is-style-display-primary-bold\">Soutien au laboratoire de r\u00e9f\u00e9rence<\/h1>\n\n\n\n<h2 class=\"wp-block-heading is-style-title-1-primary-bold\">\u00c9tats-Unis et Canada<\/h2>\n<\/div>\n<\/div>\n<\/div>\n\n\n\n<div class=\"wp-block-firsttracks-page-section alignfull is-section-list is-list-text is-style-grid-card has-global-padding is-layout-constrained wp-block-firsttracks-page-section-is-layout-constrained\">\n<div class=\"wp-block-columns alignwide is-layout-flex wp-container-core-columns-is-layout-28f84493 wp-block-columns-is-layout-flex\">\n<div class=\"wp-block-column is-layout-flow wp-block-column-is-layout-flow\" style=\"flex-basis:50%\">\n<h3 class=\"wp-block-heading is-style-heading-2-primary-bold\">T\u00e9l\u00e9phone<\/h3>\n\n\n\n<figure class=\"wp-block-table\"><table style=\"border-style:none;border-width:0px\"><tbody><tr><td><strong>800-872-1001 <\/strong><br><strong>(\u00c9tats-Unis)<\/strong><\/td><td><strong>800-341-3440 <\/strong> <br><strong>(Canada \u2013 FR)<\/strong><\/td><td><\/td><td><\/td><td><strong>888-824-6838<br>(Canada \u2013 FR)<\/strong><\/td><td><\/td><td><\/td><td><\/td><td><\/td><\/tr><tr><td><\/td><td><\/td><td><\/td><td><\/td><td><\/td><td><\/td><td><\/td><td><\/td><td><\/td><\/tr><\/tbody><\/table><\/figure>\n\n\n\n<figure class=\"wp-block-table\"><table style=\"border-style:none;border-width:0px\"><tbody><tr><td>Assistance client\u00e8le :<\/td><td colspan=\"2\">Option 0<\/td><\/tr><tr><td>Exp\u00e9dition \/ R\u00e9cup\u00e9ration des \u00e9chantillons :<\/td><td colspan=\"2\">Option 1<\/td><\/tr><tr><td>Consultations m\u00e9dicales :<\/td><td colspan=\"2\">Option 2<\/td><\/tr><tr><td>Facturation:<\/td><td colspan=\"2\">Option 3<\/td><\/tr><tr><td>Assistance client\u00e8le \u00e9quine :<\/td><td colspan=\"2\">Option 4<\/td><\/tr><tr><td>Prise en charge de l&#039;int\u00e9gration des applications Web et du PIMS\u00a0:<\/td><td colspan=\"2\">Option 6<\/td><\/tr><\/tbody><\/table><\/figure>\n\n\n\n<p class=\"is-style-default\">Le support des applications Web et des int\u00e9grations PIMS peut \u00e9galement \u00eatre contact\u00e9 \u00e0 l&#039;adresse <a href=\"mailto:healthtrackssupport@antechmail.com\" target=\"_blank\" rel=\"noreferrer noopener\">healthtrackssupport@antechmail.com<\/a><\/p>\n<\/div>\n\n\n<\/div>\n<\/div>\n\n\n\n<div class=\"wp-block-firsttracks-page-section alignfull is-section-content has-global-padding is-layout-constrained wp-block-firsttracks-page-section-is-layout-constrained\">\n<div class=\"wp-block-group alignwide is-grid-card is-layout-grid wp-container-core-group-is-layout-ceae93ee wp-block-group-is-layout-grid\">\n<div class=\"wp-block-group is-list-item is-vertical is-layout-flex wp-container-core-group-is-layout-fe9cc265 wp-block-group-is-layout-flex\">\n<h3 class=\"wp-block-heading is-style-title-1-primary-bold\">Heures d&#039;ouverture<\/h3>\n\n\n\n<p>Du lundi au vendredi de 8 h \u00e0 20 h HE<\/p>\n\n\n\n<p>Samedi de 9 h \u00e0 18 h HE<\/p>\n\n\n\n<div class=\"wp-block-buttons is-layout-flex wp-block-buttons-is-layout-flex\">\n<div class=\"wp-block-button is-style-button-2 has-icon__arrow-narrow-right\"><a class=\"wp-block-button__link wp-element-button\" href=\"\/fr_ca\/laboratoire-de-reference\/pistes-de-sante\/\">Visitez Healthtracks<span class=\"wp-block-button__link-icon\" aria-hidden=\"true\"><svg xmlns='http:\/\/www.w3.org\/2000\/svg' viewbox='0 0 24 24'><path fill-rule='evenodd' d='m16.58 11.012-2.29-2.285v-.01a.987.987 0 0 1 0-1.418.992.992 0 0 1 1.42 0l4 3.992c.236.23.33.554.28.86a1 1 0 0 1-.39.656L15.7 16.7c-.19.18-.45.289-.71.289L15 17c-.27 0-.53-.11-.71-.29a.996.996 0 0 1-.01-1.417v-.01l2.28-2.275H5c-.56 0-1-.45-1-.998a.99.99 0 0 1 1-.998h11.58Z' clip-rule='evenodd'\/><\/svg><\/span><\/a><\/div>\n<\/div>\n<\/div>\n<\/div>\n<\/div>\n\n\n\n<div class=\"wp-block-firsttracks-page-section alignfull is-section-hero is-style-section-1 has-global-padding is-layout-constrained wp-block-firsttracks-page-section-is-layout-constrained\"><\/div>","protected":false},"excerpt":{"rendered":"<p>Assistance au laboratoire de r\u00e9f\u00e9rence aux \u00c9tats-Unis et au Canada<\/p>","protected":false},"author":5,"featured_media":0,"parent":9,"menu_order":8,"comment_status":"closed","ping_status":"closed","template":"","meta":{"_acf_changed":false,"content-type":"","footnotes":""},"service-area":[],"class_list":["post-26510","page","type-page","status-publish","hentry"],"acf":[],"publishpress_future_action":{"enabled":false,"date":"2026-05-13 13:35:20","action":"change-status","newStatus":"draft","terms":[],"taxonomy":"service-area","extraData":[]},"publishpress_future_workflow_manual_trigger":{"enabledWorkflows":[]},"_links":{"self":[{"href":"https:\/\/uat.antechdiagnostics.com\/fr_ca\/wp-json\/wp\/v2\/pages\/26510","targetHints":{"allow":["GET"]}}],"collection":[{"href":"https:\/\/uat.antechdiagnostics.com\/fr_ca\/wp-json\/wp\/v2\/pages"}],"about":[{"href":"https:\/\/uat.antechdiagnostics.com\/fr_ca\/wp-json\/wp\/v2\/types\/page"}],"author":[{"embeddable":true,"href":"https:\/\/uat.antechdiagnostics.com\/fr_ca\/wp-json\/wp\/v2\/users\/5"}],"replies":[{"embeddable":true,"href":"https:\/\/uat.antechdiagnostics.com\/fr_ca\/wp-json\/wp\/v2\/comments?post=26510"}],"version-history":[{"count":0,"href":"https:\/\/uat.antechdiagnostics.com\/fr_ca\/wp-json\/wp\/v2\/pages\/26510\/revisions"}],"up":[{"embeddable":true,"href":"https:\/\/uat.antechdiagnostics.com\/fr_ca\/wp-json\/wp\/v2\/pages\/9"}],"wp:attachment":[{"href":"https:\/\/uat.antechdiagnostics.com\/fr_ca\/wp-json\/wp\/v2\/media?parent=26510"}],"wp:term":[{"taxonomy":"service-area","embeddable":true,"href":"https:\/\/uat.antechdiagnostics.com\/fr_ca\/wp-json\/wp\/v2\/service-area?post=26510"}],"curies":[{"name":"wp","href":"https:\/\/api.w.org\/{rel}","templated":true}]}}