    {"id":26857,"date":"2025-03-06T09:50:58","date_gmt":"2025-03-06T14:50:58","guid":{"rendered":"\/?page_id=26857"},"modified":"2025-12-15T14:00:02","modified_gmt":"2025-12-15T19:00:02","slug":"technologie-renale","status":"publish","type":"page","link":"https:\/\/uat.antechdiagnostics.com\/fr_ca\/reference-lab\/renaltech\/","title":{"rendered":"RenalTech"},"content":{"rendered":"<div class=\"wp-block-firsttracks-page-section alignfull is-section-hero is-style-section-1 has-global-padding is-layout-constrained wp-block-firsttracks-page-section-is-layout-constrained\">\n<div class=\"wp-block-columns alignfull is-layout-flex wp-container-core-columns-is-layout-28f84493 wp-block-columns-is-layout-flex\">\n<div class=\"wp-block-column is-vertically-aligned-center is-layout-flow wp-block-column-is-layout-flow\" style=\"flex-basis:50%\">\n<p class=\"is-style-body-secondary-bold\"><a href=\"\/fr_ca\/laboratoire-de-reference\/\">Diagnostics de laboratoire de r\u00e9f\u00e9rence<\/a><\/p>\n\n\n\n<h1 class=\"wp-block-heading is-style-display-primary-bold\">Pr\u00e9sentation de RenalTech\u00ae<\/h1>\n\n\n\n<p>\u00c9liminez les surprises li\u00e9es aux maladies r\u00e9nales chroniques gr\u00e2ce \u00e0 l\u2019intelligence artificielle.<\/p>\n<\/div>\n\n\n\n<div class=\"wp-block-column is-layout-flow wp-block-column-is-layout-flow\" style=\"flex-basis:50%\">\n<div class=\"wp-block-group is-style-default is-content-justification-right is-nowrap is-layout-flex wp-container-core-group-is-layout-17124a9a wp-block-group-is-layout-flex\">\n<figure class=\"wp-block-image size-full wp-container-content-d8344436\"><img loading=\"lazy\" decoding=\"async\" width=\"1228\" height=\"992\" src=\"\/wp-content\/uploads\/2025\/03\/Antech_PetPortraits_Cat_2_RGB_Indigo.png\" alt=\"\" class=\"wp-image-26859\" style=\"aspect-ratio:4\/3;object-fit:cover\" srcset=\"https:\/\/uat.antechdiagnostics.com\/wp-content\/uploads\/2025\/03\/Antech_PetPortraits_Cat_2_RGB_Indigo.png 1228w, https:\/\/uat.antechdiagnostics.com\/wp-content\/uploads\/2025\/03\/Antech_PetPortraits_Cat_2_RGB_Indigo-300x242.png 300w, https:\/\/uat.antechdiagnostics.com\/wp-content\/uploads\/2025\/03\/Antech_PetPortraits_Cat_2_RGB_Indigo-1024x827.png 1024w, https:\/\/uat.antechdiagnostics.com\/wp-content\/uploads\/2025\/03\/Antech_PetPortraits_Cat_2_RGB_Indigo-768x620.png 768w, https:\/\/uat.antechdiagnostics.com\/wp-content\/uploads\/2025\/03\/Antech_PetPortraits_Cat_2_RGB_Indigo-15x12.png 15w\" sizes=\"auto, (max-width: 1228px) 100vw, 1228px\" \/><\/figure>\n<\/div>\n<\/div>\n<\/div>\n<\/div>\n\n\n\n<div class=\"wp-block-firsttracks-page-section alignfull is-section-content is-style-section-1 has-global-padding is-layout-constrained wp-block-firsttracks-page-section-is-layout-constrained\">\n<div class=\"wp-block-group has-global-padding is-layout-constrained wp-block-group-is-layout-constrained\">\n<h2 class=\"wp-block-heading is-style-heading-3-primary-bold\">Pr\u00e9dire l&#039;insuffisance r\u00e9nale chronique deux ans avant qu&#039;elle ne survienne<\/h2>\n\n\n\n<p>Disponible exclusivement via Antech, RenalTech\u00ae est une avanc\u00e9e majeure en m\u00e9decine pr\u00e9dictive. Optimis\u00e9 par l&#039;intelligence artificielle, RenalTech\u00ae utilise des tests s\u00e9riques et urinaires courants pour pr\u00e9dire si un chat d\u00e9veloppera une maladie r\u00e9nale chronique dans les deux prochaines ann\u00e9es, avec une pr\u00e9cision sup\u00e9rieure \u00e0 95%.<\/p>\n\n\n\n<h2 class=\"wp-block-heading is-style-heading-3-primary-bold\">Propuls\u00e9 par une innovation scientifique r\u00e9volutionnaire<\/h2>\n\n\n\n<p>RenalTech\u00ae a \u00e9t\u00e9 d\u00e9velopp\u00e9 \u00e0 l\u2019aide de l\u2019intelligence artificielle et de l\u2019apprentissage automatique et exploite des d\u00e9cennies de donn\u00e9es historiques sur les patients.<\/p>\n\n\n\n<ul class=\"wp-block-list\">\n<li><strong>20+<\/strong>&nbsp;ann\u00e9es de donn\u00e9es<\/li>\n\n\n\n<li><strong>700,000<\/strong>&nbsp;visites chez le v\u00e9t\u00e9rinaire<\/li>\n\n\n\n<li><strong>600,000<\/strong>&nbsp;heures de calcul<\/li>\n\n\n\n<li><strong>150,000<\/strong>&nbsp;chats<\/li>\n<\/ul>\n<\/div>\n<\/div>\n\n\n\n<div class=\"wp-block-firsttracks-page-section alignwide is-section-cta is-style-section-6 has-global-padding is-layout-constrained wp-block-firsttracks-page-section-is-layout-constrained\">\n<div class=\"wp-block-columns alignwide is-layout-flex wp-container-core-columns-is-layout-28f84493 wp-block-columns-is-layout-flex\">\n<div class=\"wp-block-column is-vertically-aligned-center is-layout-flow wp-block-column-is-layout-flow\" style=\"flex-basis:70%\">\n<div class=\"wp-block-group has-global-padding is-layout-constrained wp-block-group-is-layout-constrained\">\n<h2 class=\"wp-block-heading\">T\u00e9l\u00e9chargez la fiche d&#039;\u00e9valuation RenalTech\u2122<\/h2>\n\n\n\n<p>Dans une analyse r\u00e9trospective d&#039;un an portant sur 730 000 patients f\u00e9lins ayant visit\u00e9 des cliniques pour petits animaux, RenalTech a \u00e9t\u00e9 un facteur important d&#039;augmentation des visites, des achats d&#039;aliments li\u00e9s \u00e0 l&#039;IRC et des m\u00e9dicaments li\u00e9s \u00e0 l&#039;IRC.<\/p>\n\n\n\n<div class=\"wp-block-buttons is-layout-flex wp-block-buttons-is-layout-flex\">\n<div class=\"wp-block-button has-icon__external-arrow\"><a class=\"wp-block-button__link wp-element-button\" href=\"\/wp-content\/uploads\/2025\/03\/AD-200-03-01_RenalTech-Scorecard_Abstract_03-31-21_Digital-1.pdf\">T\u00e9l\u00e9charger<span class=\"wp-block-button__link-icon\" aria-hidden=\"true\"><svg xmlns='http:\/\/www.w3.org\/2000\/svg' viewbox='0 0 24 24'><path fill-rule='evenodd' d='M20.383 3.076A.997.997 0 0 0 20 3h-5l-.117.007A1 1 0 0 0 14 4l.007.117A1 1 0 0 0 15 5h2.586l-8.293 8.293-.083.094a1 1 0 0 0 1.497 1.32L19 6.414V9l.007.117A1 1 0 0 0 21 9V4l-.007-.116M11 6a1 1 0 0 1 .117 1.993L11 8H6a1 1 0 0 0-.993.883L5 9v9a1 1 0 0 0 .883.993L6 19h9a1 1 0 0 0 .993-.883L16 18v-5a1 1 0 0 1 1.993-.117L18 13v5a3 3 0 0 1-2.824 2.995L15 21H6a3 3 0 0 1-2.995-2.824L3 18V9a3 3 0 0 1 2.824-2.995L6 6h5Z' clip-rule='evenodd'\/><\/svg><\/span><\/a><\/div>\n<\/div>\n<\/div>\n<\/div>\n\n\n\n<div class=\"wp-block-column is-layout-flow wp-block-column-is-layout-flow\" style=\"flex-basis:30%\">\n<figure class=\"wp-block-image alignright size-full\"><img loading=\"lazy\" decoding=\"async\" width=\"350\" height=\"331\" src=\"\/wp-content\/uploads\/2025\/03\/RenalTech-Scorecard_01-1.jpg\" alt=\"\" class=\"wp-image-26861\" srcset=\"https:\/\/uat.antechdiagnostics.com\/wp-content\/uploads\/2025\/03\/RenalTech-Scorecard_01-1.jpg 350w, https:\/\/uat.antechdiagnostics.com\/wp-content\/uploads\/2025\/03\/RenalTech-Scorecard_01-1-300x284.jpg 300w, https:\/\/uat.antechdiagnostics.com\/wp-content\/uploads\/2025\/03\/RenalTech-Scorecard_01-1-13x12.jpg 13w\" sizes=\"auto, (max-width: 350px) 100vw, 350px\" \/><\/figure>\n<\/div>\n<\/div>\n<\/div>\n\n\n\n<div class=\"wp-block-firsttracks-page-section alignfull is-section-content is-style-section-1 has-global-padding is-layout-constrained wp-block-firsttracks-page-section-is-layout-constrained\">\n<div class=\"wp-block-group has-global-padding is-layout-constrained wp-block-group-is-layout-constrained\">\n<h2 class=\"wp-block-heading is-style-heading-3-primary-bold\">Comment fonctionne l&#039;outil de diagnostic pr\u00e9dictif RenalTech\u00ae ?<\/h2>\n\n\n\n<p>RenalTech\u00ae utilise des tests sanguins et urinaires courants que vous effectuez d\u00e9j\u00e0 r\u00e9guli\u00e8rement sur vos patients f\u00e9lins, combin\u00e9s \u00e0 l&#039;\u00e2ge de l&#039;animal.<\/p>\n\n\n\n<p>L&#039;intelligence artificielle qui alimente RenalTech\u00ae utilise les r\u00e9sultats de deux \u00e9v\u00e9nements de tests de diagnostic : un \u00e9v\u00e9nement de diagnostic actuel peut \u00eatre associ\u00e9 \u00e0 un autre ensemble de r\u00e9sultats captur\u00e9s au cours des 24 derniers mois.<\/p>\n\n\n\n<p>Sur la base de ces donn\u00e9es, RenalTech\u00ae produit une valeur qui indique la probabilit\u00e9 qu&#039;un chat d\u00e9veloppe une maladie r\u00e9nale chronique.<\/p>\n<\/div>\n<\/div>\n\n\n\n<div class=\"wp-block-firsttracks-page-section alignfull is-section-list is-list-text is-style-section-8 has-global-padding is-layout-constrained wp-block-firsttracks-page-section-is-layout-constrained\">\n<div class=\"wp-block-columns alignwide is-layout-flex wp-container-core-columns-is-layout-28f84493 wp-block-columns-is-layout-flex\">\n<div class=\"wp-block-column is-layout-flow wp-block-column-is-layout-flow\" style=\"flex-basis:50%\">\n<h2 class=\"wp-block-heading is-style-heading-3-primary-bold\">Utilisez RenalTech\u00ae pour d\u00e9velopper un plan de soins personnalis\u00e9 pour vos patients f\u00e9lins<\/h2>\n\n\n\n<p>Une fois que vous avez une valeur RenalTech\u00ae pour un patient f\u00e9lin, vous pouvez commencer \u00e0 cr\u00e9er un plan de soins complet et personnalis\u00e9 pour garantir que l&#039;animal vive la vie la plus longue et la plus saine possible.<\/p>\n<\/div>\n\n\n\n<div class=\"wp-block-column is-layout-flow wp-block-column-is-layout-flow\" style=\"flex-basis:50%\">\n<details class=\"wp-block-details is-layout-flow wp-block-details-is-layout-flow\"><summary>R\u00e9sultat n\u00e9gatif<\/summary>\n<p>Il est tr\u00e8s peu probable que vous d\u00e9veloppiez une maladie r\u00e9nale chronique au cours des deux prochaines ann\u00e9es.<\/p>\n\n\n\n<p>PROCHAINE \u00c9TAPE R\u00e9p\u00e9tez RenalTech\u00ae lors de la prochaine visite annuelle.<\/p>\n<\/details>\n\n\n\n<details class=\"wp-block-details is-layout-flow wp-block-details-is-layout-flow\"><summary>R\u00e9sultat non concluant<\/summary>\n<p>Certitude insuffisante pour pr\u00e9dire la probabilit\u00e9 d\u2019une maladie r\u00e9nale chronique.<\/p>\n\n\n\n<p>\u00c9TAPE SUIVANTE R\u00e9p\u00e9tez RenalTech\u00ae dans 3 \u00e0 6 mois.<\/p>\n<\/details>\n\n\n\n<details class=\"wp-block-details is-layout-flow wp-block-details-is-layout-flow\"><summary>R\u00e9sultat positif<\/summary>\n<p>Il est tr\u00e8s probable que le patient d\u00e9veloppe une maladie r\u00e9nale chronique au cours des deux prochaines ann\u00e9es.<\/p>\n\n\n\n<p>\u00c9TAPE SUIVANTE Appliquer les directives de mise en sc\u00e8ne IRIS.<\/p>\n<\/details>\n<\/div>\n<\/div>\n<\/div>\n\n\n\n<div style=\"height:100px\" aria-hidden=\"true\" class=\"wp-block-spacer\"><\/div>\n\n\n\n<div class=\"wp-block-firsttracks-page-section alignfull is-section-content is-text-action has-global-padding is-layout-constrained wp-block-firsttracks-page-section-is-layout-constrained\">\n<div class=\"wp-block-columns alignwide is-layout-flex wp-container-core-columns-is-layout-28f84493 wp-block-columns-is-layout-flex\">\n<div class=\"wp-block-column is-layout-flow wp-block-column-is-layout-flow\" style=\"flex-basis:50%\">\n<script src=\"https:\/\/fast.wistia.com\/embed\/medias\/7si7regksk.jsonp\" async><\/script><script src=\"https:\/\/fast.wistia.com\/assets\/external\/E-v1.js\" async><\/script><div class=\"wistia_embed wistia_async_7si7regksk\" style=\"height:360px;position:relative;width:640px\"><div class=\"wistia_swatch\" style=\"height:100%;left:0;opacity:0;overflow:hidden;position:absolute;top:0;transition:opacity 200ms;width:100%;\"><img decoding=\"async\" src=\"https:\/\/fast.wistia.com\/embed\/medias\/7si7regksk\/swatch\" style=\"filter:blur(5px);height:100%;object-fit:contain;width:100%;\" alt=\"\" aria-hidden=\"true\" onload=\"this.parentNode.style.opacity=1;\" \/><\/div><\/div>\n<\/div>\n\n\n\n<div class=\"wp-block-column is-layout-flow wp-block-column-is-layout-flow\" style=\"flex-basis:50%\">\n<h2 class=\"wp-block-heading is-style-heading-3-primary-bold\">Webinaire \u00e9ducatif<\/h2>\n\n\n\n<h3 class=\"wp-block-heading is-style-title-1-primary-bold\">\u00c9liminez les surprises li\u00e9es \u00e0 la maladie r\u00e9nale chronique f\u00e9line<\/h3>\n\n\n\n<p>Dans ce webinaire d&#039;une heure avec Lindsay M. VanHusan, DVM, d\u00e9couvrez comment le diagnostic pr\u00e9dictif de Antech, RenalTech<sup>\u00ae<\/sup>, peut contribuer \u00e0 am\u00e9liorer les r\u00e9sultats pour les patients f\u00e9lins. Gr\u00e2ce \u00e0 l&#039;intelligence artificielle, RenalTech utilise des diagnostics s\u00e9riques et urinaires courants pour pr\u00e9dire si un chat d\u00e9veloppera une maladie r\u00e9nale chronique dans les deux prochaines ann\u00e9es, avec une pr\u00e9cision sup\u00e9rieure \u00e0 95%\u00a0!<\/p>\n\n\n\n<p>Le plus grand avantage est que cet outil de diagnostic utilise des tests sanguins et urinaires courants que vous effectuez d\u00e9j\u00e0 r\u00e9guli\u00e8rement sur vos patients f\u00e9lins, combin\u00e9s \u00e0 l&#039;\u00e2ge de l&#039;animal.<\/p>\n<\/div>\n<\/div>\n<\/div>\n\n\n\n<div class=\"wp-block-firsttracks-page-section alignfull is-section-content has-global-padding is-layout-constrained wp-block-firsttracks-page-section-is-layout-constrained\">\n<h2 class=\"wp-block-heading alignwide\">T\u00e9l\u00e9charger les ressources<\/h2>\n\n\n\n<div class=\"wp-block-group alignwide is-grid-card is-layout-grid wp-container-core-group-is-layout-35427ff6 wp-block-group-is-layout-grid\">\n<div class=\"wp-block-group is-list-item is-vertical is-layout-flex wp-container-core-group-is-layout-fe9cc265 wp-block-group-is-layout-flex\">\n<h3 class=\"wp-block-heading is-style-title-1-primary-bold\">Parcours de soins RenalTech\u00ae<\/h3>\n\n\n\n<div class=\"wp-block-buttons is-layout-flex wp-block-buttons-is-layout-flex\">\n<div class=\"wp-block-button has-icon__download\"><a class=\"wp-block-button__link wp-element-button\" href=\"\/wp-content\/uploads\/2025\/03\/RenalTech_WhitePaper.pdf\">T\u00e9l\u00e9charger<span class=\"wp-block-button__link-icon\" aria-hidden=\"true\"><svg xmlns='http:\/\/www.w3.org\/2000\/svg' viewbox='0 0 24 24'><path fill-rule='evenodd' d='M11.559 16.899a1.001 1.001 0 0 0 1.033-.094c.041-.03.081-.062.118-.097l5-5c.39-.4.39-1.03 0-1.42a.991.991 0 0 0-1.42 0l-3.29 3.3V4c0-.56-.45-1-1-1-.56 0-1 .44-1 1v9.586L7.71 10.29a.991.991 0 0 0-1.42 0 .99.99 0 0 0 0 1.42l5 5a.98.98 0 0 0 .269.19ZM21 19c0 1.65-1.35 3-3 3H6c-1.66 0-3-1.35-3-3v-2c0-.56.44-1 1-1 .55 0 1 .44 1 1v2c0 .55.44 1 1 1h12c.55 0 1-.45 1-1v-2c0-.56.44-1 1-1 .55 0 1 .44 1 1v2Z' clip-rule='evenodd'\/><\/svg><\/span><\/a><\/div>\n<\/div>\n<\/div>\n\n\n\n<div class=\"wp-block-group is-list-item is-vertical is-layout-flex wp-container-core-group-is-layout-fe9cc265 wp-block-group-is-layout-flex\">\n<h3 class=\"wp-block-heading is-style-title-1-primary-bold\">Tableau de bord RenalTech\u2122<\/h3>\n\n\n\n<div class=\"wp-block-buttons is-layout-flex wp-block-buttons-is-layout-flex\">\n<div class=\"wp-block-button has-icon__download\"><a class=\"wp-block-button__link wp-element-button\" href=\"\/wp-content\/uploads\/2025\/03\/AD-200-03-01_RenalTech-Scorecard_Abstract_03-31-21_Digital-1-1.pdf\">T\u00e9l\u00e9charger<span class=\"wp-block-button__link-icon\" aria-hidden=\"true\"><svg xmlns='http:\/\/www.w3.org\/2000\/svg' viewbox='0 0 24 24'><path fill-rule='evenodd' d='M11.559 16.899a1.001 1.001 0 0 0 1.033-.094c.041-.03.081-.062.118-.097l5-5c.39-.4.39-1.03 0-1.42a.991.991 0 0 0-1.42 0l-3.29 3.3V4c0-.56-.45-1-1-1-.56 0-1 .44-1 1v9.586L7.71 10.29a.991.991 0 0 0-1.42 0 .99.99 0 0 0 0 1.42l5 5a.98.98 0 0 0 .269.19ZM21 19c0 1.65-1.35 3-3 3H6c-1.66 0-3-1.35-3-3v-2c0-.56.44-1 1-1 .55 0 1 .44 1 1v2c0 .55.44 1 1 1h12c.55 0 1-.45 1-1v-2c0-.56.44-1 1-1 .55 0 1 .44 1 1v2Z' clip-rule='evenodd'\/><\/svg><\/span><\/a><\/div>\n<\/div>\n<\/div>\n<\/div>\n<\/div>\n\n\n\n<div style=\"height:100px\" aria-hidden=\"true\" class=\"wp-block-spacer\"><\/div>\n\n\n\n<div class=\"wp-block-firsttracks-page-section alignwide is-section-cta is-style-section-7 has-global-padding is-layout-constrained wp-block-firsttracks-page-section-is-layout-constrained\">\n<div class=\"wp-block-columns alignwide is-layout-flex wp-container-core-columns-is-layout-28f84493 wp-block-columns-is-layout-flex\">\n<div class=\"wp-block-column is-layout-flow wp-block-column-is-layout-flow\" style=\"flex-basis:30%\">\n<div class=\"wp-block-group is-content-justification-center is-nowrap is-layout-flex wp-container-core-group-is-layout-23441af8 wp-block-group-is-layout-flex\" style=\"min-height:100%\">\n<figure class=\"wp-block-image alignleft size-full is-resized\"><img loading=\"lazy\" decoding=\"async\" width=\"300\" height=\"301\" src=\"\/wp-content\/uploads\/2024\/12\/Antech_icon_customer_service_reverse_rgb-1.png\" alt=\"\" class=\"wp-image-3462\" style=\"aspect-ratio:1;object-fit:contain;width:300px\" srcset=\"https:\/\/uat.antechdiagnostics.com\/wp-content\/uploads\/2024\/12\/Antech_icon_customer_service_reverse_rgb-1.png 300w, https:\/\/uat.antechdiagnostics.com\/wp-content\/uploads\/2024\/12\/Antech_icon_customer_service_reverse_rgb-1-150x150.png 150w, https:\/\/uat.antechdiagnostics.com\/wp-content\/uploads\/2024\/12\/Antech_icon_customer_service_reverse_rgb-1-12x12.png 12w\" sizes=\"auto, (max-width: 300px) 100vw, 300px\" \/><\/figure>\n<\/div>\n<\/div>\n\n\n\n<div class=\"wp-block-column is-vertically-aligned-center is-layout-flow wp-block-column-is-layout-flow\" style=\"flex-basis:70%\">\n<div class=\"wp-block-group has-global-padding is-layout-constrained wp-block-group-is-layout-constrained\">\n<p class=\"is-style-breadcrumb\">Nous sommes l\u00e0 pour r\u00e9pondre \u00e0 tous vos besoins, quand vous en avez besoin.<br>Questions sur l'utilisation des produits, consultations de cas et tout le reste.<\/p>\n\n\n\n<h2 class=\"wp-block-heading\">Assistance Antech\u2122<\/h2>\n\n\n\n<ul class=\"wp-block-list\">\n<li>Tous les jours de 6 h \u00e0 17 h MT<\/li>\n\n\n\n<li>Assistance d&#039;urgence en dehors des heures de bureau<\/li>\n<\/ul>\n\n\n\n<div class=\"wp-block-buttons is-layout-flex wp-block-buttons-is-layout-flex\">\n<div class=\"wp-block-button cover-image-button is-style-button-6\"><a class=\"wp-block-button__link wp-element-button\" href=\"\/fr_ca\/contactez-nous\/\">Contactez-nous<\/a><\/div>\n<\/div>\n<\/div>\n<\/div>\n<\/div>\n<\/div>\n\n\n\n<div style=\"height:100px\" aria-hidden=\"true\" class=\"wp-block-spacer\"><\/div>","protected":false},"excerpt":{"rendered":"","protected":false},"author":2,"featured_media":0,"parent":9,"menu_order":1,"comment_status":"closed","ping_status":"closed","template":"","meta":{"_acf_changed":false,"content-type":"","footnotes":""},"service-area":[],"class_list":["post-26857","page","type-page","status-publish","hentry"],"acf":[],"publishpress_future_action":{"enabled":false,"date":"2026-05-13 12:36:04","action":"change-status","newStatus":"draft","terms":[],"taxonomy":"service-area","extraData":[]},"publishpress_future_workflow_manual_trigger":{"enabledWorkflows":[]},"_links":{"self":[{"href":"https:\/\/uat.antechdiagnostics.com\/fr_ca\/wp-json\/wp\/v2\/pages\/26857","targetHints":{"allow":["GET"]}}],"collection":[{"href":"https:\/\/uat.antechdiagnostics.com\/fr_ca\/wp-json\/wp\/v2\/pages"}],"about":[{"href":"https:\/\/uat.antechdiagnostics.com\/fr_ca\/wp-json\/wp\/v2\/types\/page"}],"author":[{"embeddable":true,"href":"https:\/\/uat.antechdiagnostics.com\/fr_ca\/wp-json\/wp\/v2\/users\/2"}],"replies":[{"embeddable":true,"href":"https:\/\/uat.antechdiagnostics.com\/fr_ca\/wp-json\/wp\/v2\/comments?post=26857"}],"version-history":[{"count":0,"href":"https:\/\/uat.antechdiagnostics.com\/fr_ca\/wp-json\/wp\/v2\/pages\/26857\/revisions"}],"up":[{"embeddable":true,"href":"https:\/\/uat.antechdiagnostics.com\/fr_ca\/wp-json\/wp\/v2\/pages\/9"}],"wp:attachment":[{"href":"https:\/\/uat.antechdiagnostics.com\/fr_ca\/wp-json\/wp\/v2\/media?parent=26857"}],"wp:term":[{"taxonomy":"service-area","embeddable":true,"href":"https:\/\/uat.antechdiagnostics.com\/fr_ca\/wp-json\/wp\/v2\/service-area?post=26857"}],"curies":[{"name":"wp","href":"https:\/\/api.w.org\/{rel}","templated":true}]}}