    {"id":27760,"date":"2025-04-14T10:55:22","date_gmt":"2025-04-14T14:55:22","guid":{"rendered":"\/?page_id=27760"},"modified":"2026-01-30T11:22:12","modified_gmt":"2026-01-30T16:22:12","slug":"depistage-avance-des-maladies-a-transmission-vectorielle","status":"publish","type":"page","link":"https:\/\/uat.antechdiagnostics.com\/fr_ca\/reference-lab\/diagnostics\/advanced-vector-borne-disease-screening\/","title":{"rendered":"D\u00e9pistage avanc\u00e9 des maladies vectorielles"},"content":{"rendered":"<div class=\"wp-block-firsttracks-page-section alignfull is-section-hero is-style-section-1 has-global-padding is-layout-constrained wp-block-firsttracks-page-section-is-layout-constrained\">\n<div class=\"wp-block-columns alignfull is-layout-flex wp-container-core-columns-is-layout-28f84493 wp-block-columns-is-layout-flex\">\n<div class=\"wp-block-column is-vertically-aligned-center is-layout-flow wp-block-column-is-layout-flow\" style=\"flex-basis:50%\">\n<p class=\"is-style-body-secondary-bold\"><a href=\"\/fr_ca\/laboratoire-de-reference\/diagnostic\/\">Diagnostics de laboratoire de r\u00e9f\u00e9rence<\/a><\/p>\n\n\n\n<h1 class=\"wp-block-heading is-style-display-primary-bold\"><strong>Agent pathog\u00e8ne avanc\u00e9 transmis par vecteur <\/strong>Diagnostic<\/h1>\n\n\n\n<p>D\u00e9pister, d\u00e9tecter et diagnostiquer en toute confiance gr\u00e2ce \u00e0 la gamme compl\u00e8te de solutions de test de maladies \u00e0 transmission vectorielle de Antech.<\/p>\n<\/div>\n\n\n\n<div class=\"wp-block-column is-layout-flow wp-block-column-is-layout-flow\" style=\"flex-basis:50%\">\n<div class=\"wp-block-group is-content-justification-right is-nowrap is-layout-flex wp-container-core-group-is-layout-17124a9a wp-block-group-is-layout-flex\">\n<div class=\"wp-block-group is-hero-gallery is-layout-grid wp-container-core-group-is-layout-b757edec wp-block-group-is-layout-grid\">\n<figure class=\"wp-block-image size-full\"><img loading=\"lazy\" decoding=\"async\" width=\"5615\" height=\"6687\" src=\"\/wp-content\/uploads\/2025\/04\/Antech_PetPortraits_Dog_4_RGB_Teal-1.png\" alt=\"\" class=\"wp-image-27706\" style=\"aspect-ratio:2\/3;object-fit:cover\" srcset=\"https:\/\/uat.antechdiagnostics.com\/wp-content\/uploads\/2025\/04\/Antech_PetPortraits_Dog_4_RGB_Teal-1.png 5615w, https:\/\/uat.antechdiagnostics.com\/wp-content\/uploads\/2025\/04\/Antech_PetPortraits_Dog_4_RGB_Teal-1-252x300.png 252w, https:\/\/uat.antechdiagnostics.com\/wp-content\/uploads\/2025\/04\/Antech_PetPortraits_Dog_4_RGB_Teal-1-860x1024.png 860w, https:\/\/uat.antechdiagnostics.com\/wp-content\/uploads\/2025\/04\/Antech_PetPortraits_Dog_4_RGB_Teal-1-768x915.png 768w, https:\/\/uat.antechdiagnostics.com\/wp-content\/uploads\/2025\/04\/Antech_PetPortraits_Dog_4_RGB_Teal-1-1290x1536.png 1290w, https:\/\/uat.antechdiagnostics.com\/wp-content\/uploads\/2025\/04\/Antech_PetPortraits_Dog_4_RGB_Teal-1-1720x2048.png 1720w, https:\/\/uat.antechdiagnostics.com\/wp-content\/uploads\/2025\/04\/Antech_PetPortraits_Dog_4_RGB_Teal-1-10x12.png 10w\" sizes=\"auto, (max-width: 5615px) 100vw, 5615px\" \/><\/figure>\n\n\n\n<figure class=\"wp-block-image size-full wp-container-content-5e2576f9\"><img decoding=\"async\" src=\"\/wp-content\/themes\/antech2024\/assets\/images\/placeholder-2.png\" alt=\"\" style=\"aspect-ratio:2\/3;object-fit:cover\"\/><\/figure>\n<\/div>\n<\/div>\n<\/div>\n<\/div>\n<\/div>\n\n\n\n<div class=\"wp-block-firsttracks-page-section alignfull is-section-content is-text-action has-global-padding is-layout-constrained wp-block-firsttracks-page-section-is-layout-constrained\">\n<div class=\"wp-block-columns alignwide is-layout-flex wp-container-core-columns-is-layout-28f84493 wp-block-columns-is-layout-flex\">\n<div class=\"wp-block-column is-layout-flow wp-block-column-is-layout-flow\" style=\"flex-basis:50%\">\n<figure class=\"wp-block-image size-full is-resized\"><img loading=\"lazy\" decoding=\"async\" width=\"2000\" height=\"1300\" src=\"\/wp-content\/uploads\/2025\/03\/trurapid-mediahub.jpg\" alt=\"\" class=\"wp-image-26882\" style=\"aspect-ratio:1.3333333333333333;object-fit:contain;width:563px;height:auto\" srcset=\"https:\/\/uat.antechdiagnostics.com\/wp-content\/uploads\/2025\/03\/trurapid-mediahub.jpg 2000w, https:\/\/uat.antechdiagnostics.com\/wp-content\/uploads\/2025\/03\/trurapid-mediahub-300x195.jpg 300w, https:\/\/uat.antechdiagnostics.com\/wp-content\/uploads\/2025\/03\/trurapid-mediahub-1024x666.jpg 1024w, https:\/\/uat.antechdiagnostics.com\/wp-content\/uploads\/2025\/03\/trurapid-mediahub-768x499.jpg 768w, https:\/\/uat.antechdiagnostics.com\/wp-content\/uploads\/2025\/03\/trurapid-mediahub-1536x998.jpg 1536w, https:\/\/uat.antechdiagnostics.com\/wp-content\/uploads\/2025\/03\/trurapid-mediahub-18x12.jpg 18w\" sizes=\"auto, (max-width: 2000px) 100vw, 2000px\" \/><\/figure>\n<\/div>\n\n\n\n<div class=\"wp-block-column is-layout-flow wp-block-column-is-layout-flow\" style=\"flex-basis:50%\">\n<div style=\"height:20px\" aria-hidden=\"true\" class=\"wp-block-spacer\"><\/div>\n\n\n\n<h2 class=\"wp-block-heading is-style-heading-3-primary-bold\">tr\u016bRapid\u2122 FOUR\u00a0: d\u00e9pistage simple et rapide des maladies transmises par des vecteurs canins&nbsp;<\/h2>\n\n\n\n<p>tr\u016bRapid\u2122 FOUR permet un d\u00e9pistage rapide et fiable des anticorps anti-vers du c\u0153ur et anti-canins dirig\u00e9s contre Lyme C6, <em>Ehrlichia<\/em> spp., et <em>Anaplasma<\/em> spp. \u2014 le tout \u00e0 partir de quelques gouttes d&#039;\u00e9chantillon. Avec des r\u00e9sultats en quelques minutes et une concordance globale avec les m\u00e9thodes de laboratoire de r\u00e9f\u00e9rence, c&#039;est le test de r\u00e9f\u00e9rence pour les soins \u00e0 domicile. Pas de r\u00e9frig\u00e9ration, pas de casse, pas de d\u00e9lais.<\/p>\n\n\n\n<div class=\"wp-block-buttons is-layout-flex wp-block-buttons-is-layout-flex\">\n<div class=\"wp-block-button has-icon__arrow-narrow-right\"><a class=\"wp-block-button__link wp-element-button\" href=\"\/fr_ca\/produit-antech\/test-trurapid-four\/\" target=\"_blank\" rel=\"noreferrer noopener\">Faites le d\u00e9pistage maintenant<span class=\"wp-block-button__link-icon\" aria-hidden=\"true\"><svg xmlns='http:\/\/www.w3.org\/2000\/svg' viewbox='0 0 24 24'><path fill-rule='evenodd' d='m16.58 11.012-2.29-2.285v-.01a.987.987 0 0 1 0-1.418.992.992 0 0 1 1.42 0l4 3.992c.236.23.33.554.28.86a1 1 0 0 1-.39.656L15.7 16.7c-.19.18-.45.289-.71.289L15 17c-.27 0-.53-.11-.71-.29a.996.996 0 0 1-.01-1.417v-.01l2.28-2.275H5c-.56 0-1-.45-1-.998a.99.99 0 0 1 1-.998h11.58Z' clip-rule='evenodd'\/><\/svg><\/span><\/a><\/div>\n<\/div>\n<\/div>\n<\/div>\n<\/div>\n\n\n\n<div class=\"wp-block-firsttracks-page-section alignfull is-section-content is-text-action is-style-section-1 has-global-padding is-layout-constrained wp-block-firsttracks-page-section-is-layout-constrained\">\n<div class=\"wp-block-columns alignwide is-layout-flex wp-container-core-columns-is-layout-28f84493 wp-block-columns-is-layout-flex\">\n<div class=\"wp-block-column is-layout-flow wp-block-column-is-layout-flow\" style=\"flex-basis:50%\">\n<div style=\"height:30px\" aria-hidden=\"true\" class=\"wp-block-spacer\"><\/div>\n\n\n\n<h2 class=\"wp-block-heading is-style-heading-3-primary-bold\"><strong>Accuplex\u2122\u00a0: Pr\u00e9cision du laboratoire de r\u00e9f\u00e9rence, flux de travail efficace<\/strong><\/h2>\n\n\n\n<p>Accuplex\u2122 est votre solution compl\u00e8te de d\u00e9pistage des vecteurs canins. Il d\u00e9tecte la dirofilariose, Lyme C6, <em>Ehrlichia<\/em>et <em>Anaplasma<\/em> Analyse pr\u00e9cise et efficace des esp\u00e8ces, id\u00e9ale pour une int\u00e9gration dans les bilans de sant\u00e9 habituels. D\u00e9tection avanc\u00e9e. Informations exploitables.<\/p>\n\n\n\n<div class=\"wp-block-buttons is-layout-flex wp-block-buttons-is-layout-flex\">\n<div class=\"wp-block-button has-icon__arrow-narrow-right\"><a class=\"wp-block-button__link wp-element-button\" href=\"\/fr_ca\/laboratoire-de-reference\/diagnostic\/accuplex\/\" target=\"_blank\" rel=\"noreferrer noopener\">Faites le d\u00e9pistage maintenant&nbsp;<span class=\"wp-block-button__link-icon\" aria-hidden=\"true\"><svg xmlns='http:\/\/www.w3.org\/2000\/svg' viewbox='0 0 24 24'><path fill-rule='evenodd' d='m16.58 11.012-2.29-2.285v-.01a.987.987 0 0 1 0-1.418.992.992 0 0 1 1.42 0l4 3.992c.236.23.33.554.28.86a1 1 0 0 1-.39.656L15.7 16.7c-.19.18-.45.289-.71.289L15 17c-.27 0-.53-.11-.71-.29a.996.996 0 0 1-.01-1.417v-.01l2.28-2.275H5c-.56 0-1-.45-1-.998a.99.99 0 0 1 1-.998h11.58Z' clip-rule='evenodd'\/><\/svg><\/span><\/a><\/div>\n<\/div>\n<\/div>\n\n\n\n<div class=\"wp-block-column is-layout-flow wp-block-column-is-layout-flow\" style=\"flex-basis:50%\">\n<figure class=\"wp-block-image size-full\"><img loading=\"lazy\" decoding=\"async\" width=\"1000\" height=\"562\" src=\"\/wp-content\/uploads\/2025\/04\/accuplex-dog.jpg\" alt=\"\" class=\"wp-image-27775\" srcset=\"https:\/\/uat.antechdiagnostics.com\/wp-content\/uploads\/2025\/04\/accuplex-dog.jpg 1000w, https:\/\/uat.antechdiagnostics.com\/wp-content\/uploads\/2025\/04\/accuplex-dog-300x169.jpg 300w, https:\/\/uat.antechdiagnostics.com\/wp-content\/uploads\/2025\/04\/accuplex-dog-768x432.jpg 768w, https:\/\/uat.antechdiagnostics.com\/wp-content\/uploads\/2025\/04\/accuplex-dog-18x10.jpg 18w\" sizes=\"auto, (max-width: 1000px) 100vw, 1000px\" \/><\/figure>\n<\/div>\n<\/div>\n<\/div>\n\n\n\n<div class=\"wp-block-firsttracks-page-section alignfull is-section-content is-text-action has-global-padding is-layout-constrained wp-block-firsttracks-page-section-is-layout-constrained\">\n<div class=\"wp-block-columns alignwide is-layout-flex wp-container-core-columns-is-layout-28f84493 wp-block-columns-is-layout-flex\">\n<div class=\"wp-block-column is-layout-flow wp-block-column-is-layout-flow\" style=\"flex-basis:50%\">\n<figure class=\"wp-block-image size-full is-resized\"><img loading=\"lazy\" decoding=\"async\" width=\"1000\" height=\"562\" src=\"\/wp-content\/uploads\/2025\/04\/feline-hw-guide.jpg\" alt=\"\" class=\"wp-image-27776\" style=\"aspect-ratio:1.3333333333333333;object-fit:contain;width:563px;height:auto\" srcset=\"https:\/\/uat.antechdiagnostics.com\/wp-content\/uploads\/2025\/04\/feline-hw-guide.jpg 1000w, https:\/\/uat.antechdiagnostics.com\/wp-content\/uploads\/2025\/04\/feline-hw-guide-300x169.jpg 300w, https:\/\/uat.antechdiagnostics.com\/wp-content\/uploads\/2025\/04\/feline-hw-guide-768x432.jpg 768w, https:\/\/uat.antechdiagnostics.com\/wp-content\/uploads\/2025\/04\/feline-hw-guide-18x10.jpg 18w\" sizes=\"auto, (max-width: 1000px) 100vw, 1000px\" \/><\/figure>\n<\/div>\n\n\n\n<div class=\"wp-block-column is-layout-flow wp-block-column-is-layout-flow\" style=\"flex-basis:50%\">\n<div style=\"height:20px\" aria-hidden=\"true\" class=\"wp-block-spacer\"><\/div>\n\n\n\n<h2 class=\"wp-block-heading is-style-heading-3-primary-bold\"><strong>Test de dirofilariose f\u00e9line\u00a0: prot\u00e9gez chaque patient en toute confiance<\/strong><\/h2>\n\n\n\n<p>La dirofilariose f\u00e9line passe souvent inaper\u00e7ue, surtout en cas d&#039;infection non patente. Le nouveau test d&#039;anticorps et d&#039;antig\u00e8ne Antech\u2122 permet d&#039;identifier pr\u00e9cocement l&#039;exposition et l&#039;infection, m\u00eame en cas de signes cliniques flous ou absents.<\/p>\n\n\n<\/div>\n<\/div>\n<\/div>\n\n\n\n<div class=\"wp-block-firsttracks-page-section alignfull is-section-content is-text-action is-style-section-1 has-global-padding is-layout-constrained wp-block-firsttracks-page-section-is-layout-constrained\">\n<div class=\"wp-block-columns alignwide is-layout-flex wp-container-core-columns-is-layout-28f84493 wp-block-columns-is-layout-flex\">\n<div class=\"wp-block-column is-layout-flow wp-block-column-is-layout-flow\" style=\"flex-basis:50%\">\n<div style=\"height:30px\" aria-hidden=\"true\" class=\"wp-block-spacer\"><\/div>\n\n\n\n<h2 class=\"wp-block-heading is-style-heading-3-primary-bold\"><strong>Tests plus intelligents des maladies \u00e0 transmission vectorielle<\/strong><\/h2>\n\n\n\n<p>Les panels PCR mis \u00e0 jour pour les maladies \u00e0 transmission vectorielle (MTV) chez les chiens et les chats d\u00e9tectent d\u00e9sormais un \u00e9ventail plus large d&#039;agents pathog\u00e8nes \u00e0 transmission vectorielle, y compris les agents infectieux end\u00e9miques et \u00e9mergents. Pour certains agents pathog\u00e8nes, les panels incluent \u00e9galement un marqueur associ\u00e9 \u00e0 une r\u00e9sistance potentielle \u00e0 l&#039;atovaquone, un m\u00e9dicament utilis\u00e9 pour traiter certaines infections \u00e0 protozoaires telles que <em>Babesia gibsoni<\/em> et <em>Cytauxzoon felis<\/em>.<\/p>\n\n\n\n<p>Gr\u00e2ce \u00e0 un d\u00e9lai d&#039;ex\u00e9cution rapide et \u00e0 une d\u00e9tection \u00e9tendue, ces panels vous aident \u00e0 intervenir plus t\u00f4t, \u00e0 guider les d\u00e9cisions de traitement et \u00e0 soutenir la gestion des antimicrobiens, le tout avec le m\u00eame flux de travail rationalis\u00e9.<\/p>\n\n\n\n<div class=\"wp-block-buttons is-layout-flex wp-block-buttons-is-layout-flex\">\n<div class=\"wp-block-button has-icon__arrow-narrow-right\"><a class=\"wp-block-button__link wp-element-button\" href=\"\/fr_ca\/guide-de-test\/?test-search=vector-borne%20disease%20pcr&amp;country=united-states\" target=\"_blank\" rel=\"noreferrer noopener\">D\u00e9couvrez d\u00e8s aujourd&#039;hui notre guide de test am\u00e9lior\u00e9 VBD PCR&nbsp;<span class=\"wp-block-button__link-icon\" aria-hidden=\"true\"><svg xmlns='http:\/\/www.w3.org\/2000\/svg' viewbox='0 0 24 24'><path fill-rule='evenodd' d='m16.58 11.012-2.29-2.285v-.01a.987.987 0 0 1 0-1.418.992.992 0 0 1 1.42 0l4 3.992c.236.23.33.554.28.86a1 1 0 0 1-.39.656L15.7 16.7c-.19.18-.45.289-.71.289L15 17c-.27 0-.53-.11-.71-.29a.996.996 0 0 1-.01-1.417v-.01l2.28-2.275H5c-.56 0-1-.45-1-.998a.99.99 0 0 1 1-.998h11.58Z' clip-rule='evenodd'\/><\/svg><\/span><\/a><\/div>\n<\/div>\n<\/div>\n\n\n\n<div class=\"wp-block-column is-layout-flow wp-block-column-is-layout-flow\" style=\"flex-basis:50%\">\n<figure class=\"wp-block-image size-full\"><img loading=\"lazy\" decoding=\"async\" width=\"1000\" height=\"562\" src=\"\/wp-content\/uploads\/2025\/06\/Antech-BlackWhite-Dog-Teal.png\" alt=\"\" class=\"wp-image-28502\" srcset=\"https:\/\/uat.antechdiagnostics.com\/wp-content\/uploads\/2025\/06\/Antech-BlackWhite-Dog-Teal.png 1000w, https:\/\/uat.antechdiagnostics.com\/wp-content\/uploads\/2025\/06\/Antech-BlackWhite-Dog-Teal-300x169.png 300w, https:\/\/uat.antechdiagnostics.com\/wp-content\/uploads\/2025\/06\/Antech-BlackWhite-Dog-Teal-768x432.png 768w, https:\/\/uat.antechdiagnostics.com\/wp-content\/uploads\/2025\/06\/Antech-BlackWhite-Dog-Teal-18x10.png 18w\" sizes=\"auto, (max-width: 1000px) 100vw, 1000px\" \/><\/figure>\n<\/div>\n<\/div>\n<\/div>\n\n\n\n<div style=\"height:100px\" aria-hidden=\"true\" class=\"wp-block-spacer\"><\/div>\n\n\n\n<div class=\"wp-block-firsttracks-page-section alignfull is-section-content is-text-action is-style-section-2 has-global-padding is-layout-constrained wp-block-firsttracks-page-section-is-layout-constrained\">\n<div class=\"wp-block-columns alignwide is-layout-flex wp-container-core-columns-is-layout-28f84493 wp-block-columns-is-layout-flex\">\n<div class=\"wp-block-column is-layout-flow wp-block-column-is-layout-flow\" style=\"flex-basis:50%\">\n<h2 class=\"wp-block-heading\">Vous avez des questions sur nos solutions contre les maladies \u00e0 transmission vectorielle\u00a0?<\/h2>\n\n\n\n<p>Remplissez le formulaire et un repr\u00e9sentant d'Antech vous contactera.<\/p>\n<\/div>\n\n\n\n<div class=\"wp-block-column is-layout-flow wp-block-column-is-layout-flow\" style=\"flex-basis:50%\">\n<script src=\"https:\/\/js.hsforms.net\/forms\/embed\/4747723.js\" defer><\/script>\n<div class=\"hs-form-frame\" data-region=\"na1\" data-form-id=\"e12aba6d-2cc2-4d04-b54e-c8e278f33cf7\" data-portal-id=\"4747723\"><\/div>\n<\/div>\n<\/div>\n<\/div>","protected":false},"excerpt":{"rendered":"","protected":false},"author":5,"featured_media":0,"parent":19,"menu_order":3,"comment_status":"closed","ping_status":"closed","template":"","meta":{"_acf_changed":false,"content-type":"","footnotes":""},"service-area":[],"class_list":["post-27760","page","type-page","status-publish","hentry"],"acf":[],"publishpress_future_action":{"enabled":false,"date":"2026-05-13 12:36:02","action":"change-status","newStatus":"draft","terms":[],"taxonomy":"service-area","extraData":[]},"publishpress_future_workflow_manual_trigger":{"enabledWorkflows":[]},"_links":{"self":[{"href":"https:\/\/uat.antechdiagnostics.com\/fr_ca\/wp-json\/wp\/v2\/pages\/27760","targetHints":{"allow":["GET"]}}],"collection":[{"href":"https:\/\/uat.antechdiagnostics.com\/fr_ca\/wp-json\/wp\/v2\/pages"}],"about":[{"href":"https:\/\/uat.antechdiagnostics.com\/fr_ca\/wp-json\/wp\/v2\/types\/page"}],"author":[{"embeddable":true,"href":"https:\/\/uat.antechdiagnostics.com\/fr_ca\/wp-json\/wp\/v2\/users\/5"}],"replies":[{"embeddable":true,"href":"https:\/\/uat.antechdiagnostics.com\/fr_ca\/wp-json\/wp\/v2\/comments?post=27760"}],"version-history":[{"count":0,"href":"https:\/\/uat.antechdiagnostics.com\/fr_ca\/wp-json\/wp\/v2\/pages\/27760\/revisions"}],"up":[{"embeddable":true,"href":"https:\/\/uat.antechdiagnostics.com\/fr_ca\/wp-json\/wp\/v2\/pages\/19"}],"wp:attachment":[{"href":"https:\/\/uat.antechdiagnostics.com\/fr_ca\/wp-json\/wp\/v2\/media?parent=27760"}],"wp:term":[{"taxonomy":"service-area","embeddable":true,"href":"https:\/\/uat.antechdiagnostics.com\/fr_ca\/wp-json\/wp\/v2\/service-area?post=27760"}],"curies":[{"name":"wp","href":"https:\/\/api.w.org\/{rel}","templated":true}]}}