    {"id":28,"date":"2024-10-22T16:13:08","date_gmt":"2024-10-22T20:13:08","guid":{"rendered":"\/?page_id=28"},"modified":"2026-04-07T16:50:07","modified_gmt":"2026-04-07T20:50:07","slug":"diagnostics-de-base","status":"publish","type":"page","link":"https:\/\/uat.antechdiagnostics.com\/fr_ca\/reference-lab\/diagnostics\/core-diagnostics\/","title":{"rendered":"Diagnostics de base"},"content":{"rendered":"<div class=\"wp-block-firsttracks-page-section alignfull is-section-hero is-style-section-1 has-global-padding is-layout-constrained wp-block-firsttracks-page-section-is-layout-constrained\">\n<div class=\"wp-block-columns alignfull is-layout-flex wp-container-core-columns-is-layout-28f84493 wp-block-columns-is-layout-flex\">\n<div class=\"wp-block-column is-vertically-aligned-center is-layout-flow wp-block-column-is-layout-flow\" style=\"flex-basis:50%\">\n<p class=\"is-style-body-secondary-bold\"><a href=\"\/fr_ca\/laboratoire-de-reference\/diagnostic\/\">Diagnostics de laboratoire de r\u00e9f\u00e9rence<\/a><\/p>\n\n\n\n<h1 class=\"wp-block-heading is-style-display-primary-bold\">Diagnostics de base<\/h1>\n\n\n\n<p>Une technologie de laboratoire de r\u00e9f\u00e9rence de qualit\u00e9 et de pointe offres des r\u00e9sultats auxquels vous pouvez faire confiance, avec des d\u00e9lais rapides et une assistance de classe mondiale pour les tests que vous utilisez au quotidien.<\/p>\n<\/div>\n\n\n\n<div class=\"wp-block-column is-layout-flow wp-block-column-is-layout-flow\" style=\"flex-basis:50%\">\n<div class=\"wp-block-group is-content-justification-right is-nowrap is-layout-flex wp-container-core-group-is-layout-17124a9a wp-block-group-is-layout-flex\">\n<div class=\"wp-block-group is-hero-gallery is-layout-grid wp-container-core-group-is-layout-e2bd5cb0 wp-block-group-is-layout-grid\">\n<figure class=\"wp-block-image size-full wp-container-content-64aeeb98\"><img decoding=\"async\" src=\"\/wp-content\/themes\/antech2024\/assets\/images\/placeholder-7.png\" alt=\"\" style=\"aspect-ratio:3\/2;object-fit:cover\"\/><\/figure>\n<\/div>\n<\/div>\n<\/div>\n<\/div>\n<\/div>\n\n\n\n<div class=\"wp-block-firsttracks-page-section alignfull is-section-grid has-global-padding is-layout-constrained wp-block-firsttracks-page-section-is-layout-constrained\">\n<div class=\"wp-block-firsttracks-page-section alignfull is-section-grid has-global-padding is-layout-constrained wp-block-firsttracks-page-section-is-layout-constrained\">\n<div class=\"wp-block-group alignwide is-grid-card is-layout-grid wp-container-core-group-is-layout-cdb28de3 wp-block-group-is-layout-grid\">\n<div class=\"wp-block-group has-global-padding is-layout-constrained wp-block-group-is-layout-constrained\">\n\n\n<h2 class=\"wp-block-heading is-style-title-2-primary-bold\">Biochimie<\/h2>\n\n\n\n<p>Une gamme compl\u00e8te de tests et de profils biochimiques en laboratoire de r\u00e9f\u00e9rence pour le  bilan de sant\u00e9 de routine et les diagnostics sp\u00e9cialis\u00e9s \u2014 surveillance des fonctions r\u00e9nales, h\u00e9patiques et organiques.<\/p>\n<\/div>\n\n\n\n<div class=\"wp-block-group has-global-padding is-layout-constrained wp-block-group-is-layout-constrained\">\n\n\n<h2 class=\"wp-block-heading is-style-title-2-primary-bold\">Cytologie<\/h2>\n\n\n\n<p>L'\u00e9valuation cytologique des fluides, des aspirations de tissus, des empreintes ou des grattages \u00e0 l'aide de l'expertise de cytopathologistes agr\u00e9\u00e9s facilite le diagnostic, le pronostic et oriente les examens compl\u00e9mentaires ainsi que le traitement.<\/p>\n<\/div>\n\n\n\n<div class=\"wp-block-group has-global-padding is-layout-constrained wp-block-group-is-layout-constrained\">\n\n\n<h2 class=\"wp-block-heading is-style-title-2-primary-bold\">Suivi pharmacologique<\/h2>\n\n\n\n<p>La surveillance pharmacologique, bas\u00e9e sur une technologie de pointe, facilite l&#039;interpr\u00e9tation du tableau clinique et l&#039;ajustement posologique des m\u00e9dicaments. La surveillance pharmacologique est disponible pour divers traitements, notamment la digoxine, le bromure de potassium, le ph\u00e9nobarbital, le zonisamide, le keppra, la ciclosporine et le zinc.<\/p>\n<\/div>\n\n\n\n<div class=\"wp-block-group has-global-padding is-layout-constrained wp-block-group-is-layout-constrained\">\n\n\n<h2 class=\"wp-block-heading is-style-title-2-primary-bold\">Endocrinologie<\/h2>\n\n\n\n<p>Antech propose une large gamme de tests endocriniens utilisant des technologies et m\u00e9thodes d&#039;immunoessais valid\u00e9es, notamment le radio-immunoessai, le dosage immuno-enzymatique et l&#039;immunoessai par chimiluminescence. Des programmes d&#039;assurance qualit\u00e9 rigoureux garantissent des r\u00e9sultats pr\u00e9cis, fiables et reproductibles.<\/p>\n<\/div>\n\n\n\n<div class=\"wp-block-group has-global-padding is-layout-constrained wp-block-group-is-layout-constrained\">\n\n\n<h2 class=\"wp-block-heading is-style-title-2-primary-bold\">H\u00e9matologie<\/h2>\n\n\n\n<p>Des technologues et des pathologistes cliniques hautement qualifi\u00e9s s'appuient sur une technologie de classe mondiale telle que le Cellavision pour vous offrir des r\u00e9sultats h\u00e9matologiques et de num\u00e9ration formule sanguine (NFS) pr\u00e9cis et complets auxquels vous pouvez faire confiance.<\/p>\n<\/div>\n\n\n\n<div class=\"wp-block-group has-global-padding is-layout-constrained wp-block-group-is-layout-constrained\">\n\n\n<h2 class=\"wp-block-heading is-style-title-2-primary-bold\">Histologie<\/h2>\n\n\n\n<p>Antech propose une \u00e9valuation histologique par des pathologistes certifi\u00e9s, experts dans le diagnostic de maladies de diff\u00e9rentes esp\u00e8ces. Des pathologistes sp\u00e9cialement form\u00e9s en dermatologie et en h\u00e9patologie sont disponibles pour discuter d'un plan de traitement personnalis\u00e9, assorti d'un diagnostic histopathologique. Des analyses compl\u00e9mentaires peuvent \u00eatre r\u00e9alis\u00e9es sur les tissus soumis, notamment l'immunohistochimie, l'hybridation in situ et les tests PCR.<\/p>\n<\/div>\n\n\n\n<div class=\"wp-block-group has-global-padding is-layout-constrained wp-block-group-is-layout-constrained\">\n\n\n<h2 class=\"wp-block-heading is-style-title-2-primary-bold\">Microbiologie<\/h2>\n\n\n\n<p>Antech offre des services de diagnostic microbiologique de grande qualit\u00e9, pr\u00e9cis et complets, dont des cultures a\u00e9robiques et ana\u00e9robiques incluant des antibiogrammes, ainsi que des cultures bact\u00e9riennes sp\u00e9cifiques (tel que  des recherches de bacilles acido-r\u00e9sistant, salmonelles, Yersinia, campylobacter) et la recherche de  microorganismes fastidieux.<\/p>\n<\/div>\n\n\n\n<div class=\"wp-block-group has-global-padding is-layout-constrained wp-block-group-is-layout-constrained\">\n\n\n<h2 class=\"wp-block-heading is-style-title-2-primary-bold\">Parasitologie<\/h2>\n\n\n\n<p>Antech offre une \u00e9valuation pr\u00e9cise, rapide et rentable des \u00e9chantillons pour diagnostiquer les infections parasitaires chez les petits et les grands animaux via la centrifugation f\u00e9cale, l'\u00e9valuation Giardia Ag ELISA, l'\u00e9valuation Baermann et l'identification des parasites.<\/p>\n<\/div>\n\n\n\n<div class=\"wp-block-group has-global-padding is-layout-constrained wp-block-group-is-layout-constrained\">\n\n\n<h2 class=\"wp-block-heading is-style-title-2-primary-bold\">S\u00e9rologie<\/h2>\n\n\n\n<p>Le contr\u00f4le qualit\u00e9 et des r\u00e9sultats pr\u00e9cis et reproductibles sont notre norme. Nous r\u00e9alisons divers profils de biochimie pour les esp\u00e8ces mammif\u00e8res et non mammif\u00e8res \u00e0 l'aide d'un analyseur de biochimie de pointe enti\u00e8rement automatis\u00e9. Un logiciel d'intelligence artificielle (LTP) analyse les r\u00e9sultats afin de d\u00e9terminer les \u00e9chantillons n\u00e9cessitant un examen plus approfondi. Des tests s\u00e9rologiques sont disponibles pour l'endocrinologie (cortisol, progest\u00e9rone, LH, AMH, etc.) et l'immunologie (test AB de l'ac\u00e9tylcholinest\u00e9rase, myosite masticatoire, \u00e9valuation du titre, \u00e9lectrophor\u00e8se des prot\u00e9ines et ANA).<\/p>\n<\/div>\n\n\n\n<div class=\"wp-block-group has-global-padding is-layout-constrained wp-block-group-is-layout-constrained\">\n\n\n<h2 class=\"wp-block-heading is-style-title-2-primary-bold\">Toxicologie<\/h2>\n\n\n\n<p>Les services d'analyse toxicologique ax\u00e9s sur l'identification et la quantification des drogues, des m\u00e9taux et d'autres substances potentiellement toxiques sont offerts \u00e0 l'aide de m\u00e9thodologies de pointe. Antech propose une vari\u00e9t\u00e9 de profils (par exemple, un profil d\u2019organophosphate, profil d\u2019anticoagulants, etc.) ainsi que des tests pour des toxines sp\u00e9cifiques (comme la coca\u00efne, les benzodiaz\u00e9pines, le plomb, le zinc).<\/p>\n<\/div>\n\n\n\n<div class=\"wp-block-group has-global-padding is-layout-constrained wp-block-group-is-layout-constrained\">\n\n\n<h2 class=\"wp-block-heading is-style-title-2-primary-bold\">Analyse d&#039;urine<\/h2>\n\n\n\n<p>Antech propose une analyse biochimique des urines par spectrophotom\u00e9trie de r\u00e9flexion semi-automatis\u00e9e ou enti\u00e8rement automatis\u00e9e et analyse des s\u00e9diments, r\u00e9alis\u00e9e par un technicien hautement qualifi\u00e9. Des crit\u00e8res de v\u00e9rification rigoureux sont appliqu\u00e9s et les \u00e9chantillons signal\u00e9s font l'objet d'une analyse cytologique gratuite par un pathologiste agr\u00e9\u00e9. D'autres analyses, notamment la microalbuminurie, le rapport prot\u00e9ino-cr\u00e9atinine urinaire, l'excr\u00e9tion urinaire d'\u00e9lectrolytes et de certaines enzymes, sont disponibles sur demande.<\/p>\n<\/div>\n<\/div>\n<\/div>\n\n\n\n<div class=\"wp-block-firsttracks-page-section alignwide is-section-cta is-style-section-5 has-global-padding is-layout-constrained wp-block-firsttracks-page-section-is-layout-constrained\">\n<div class=\"wp-block-columns alignwide is-layout-flex wp-container-core-columns-is-layout-28f84493 wp-block-columns-is-layout-flex\">\n<div class=\"wp-block-column is-vertically-aligned-center is-layout-flow wp-block-column-is-layout-flow\" style=\"flex-basis:70%\">\n<div class=\"wp-block-group has-global-padding is-layout-constrained wp-block-group-is-layout-constrained\">\n<h2 class=\"wp-block-heading\"><strong>Explorez nos panneaux de chimie fondamentale<\/strong>\u00a0<\/h2>\n\n\n\n<p>Rencontrer&nbsp;<strong>CoreChem, VetScreen et SuperChem&nbsp;<\/strong>\u2014 nos options de panels de chimie \u00e0 plusieurs niveaux.&nbsp;<\/p>\n\n\n\n<p>T\u00e9l\u00e9chargez le\u00a0<strong>Tableaux de chimie essentielle<\/strong>\u00a0pour consulter les composants de test, la structure du panneau, les codes des panneaux et les d\u00e9tails de commande.\u00a0<\/p>\n\n\n\n<div class=\"wp-block-buttons is-layout-flex wp-block-buttons-is-layout-flex\">\n<div class=\"wp-block-button\"><a class=\"wp-block-button__link wp-element-button\" href=\"https:\/\/view-su2.highspot.com\/viewer\/331e9b83ff4974567be6c678f118d458\" target=\"_blank\" rel=\"noreferrer noopener\">T\u00e9l\u00e9charger ici (\u00c9tats-Unis)<\/a><\/div>\n\n\n\n<div class=\"wp-block-button\"><a class=\"wp-block-button__link wp-element-button\" href=\"https:\/\/view-su2.highspot.com\/viewer\/41747851326c658bc06c322e758e4f9e\" target=\"_blank\" rel=\"noreferrer noopener\">T\u00e9l\u00e9charger ici (Canada)<\/a><\/div>\n<\/div>\n<\/div>\n<\/div>\n\n\n\n<div class=\"wp-block-column is-layout-flow wp-block-column-is-layout-flow\" style=\"flex-basis:30%\">\n<figure class=\"wp-block-image alignright size-full\"><img loading=\"lazy\" decoding=\"async\" width=\"1200\" height=\"800\" src=\"\/wp-content\/uploads\/2026\/04\/Antech_Thriving_Practice_Lab_2_RGB-1.png\" alt=\"\" class=\"wp-image-32338\" srcset=\"https:\/\/uat.antechdiagnostics.com\/wp-content\/uploads\/2026\/04\/Antech_Thriving_Practice_Lab_2_RGB-1.png 1200w, https:\/\/uat.antechdiagnostics.com\/wp-content\/uploads\/2026\/04\/Antech_Thriving_Practice_Lab_2_RGB-1-300x200.png 300w, https:\/\/uat.antechdiagnostics.com\/wp-content\/uploads\/2026\/04\/Antech_Thriving_Practice_Lab_2_RGB-1-1024x683.png 1024w, https:\/\/uat.antechdiagnostics.com\/wp-content\/uploads\/2026\/04\/Antech_Thriving_Practice_Lab_2_RGB-1-768x512.png 768w, https:\/\/uat.antechdiagnostics.com\/wp-content\/uploads\/2026\/04\/Antech_Thriving_Practice_Lab_2_RGB-1-18x12.png 18w\" sizes=\"auto, (max-width: 1200px) 100vw, 1200px\" \/><\/figure>\n<\/div>\n<\/div>\n<\/div>\n<\/div>\n\n\n\n<div class=\"wp-block-firsttracks-page-section alignfull is-section-content is-text-action has-global-padding is-layout-constrained wp-block-firsttracks-page-section-is-layout-constrained\">\n<div class=\"wp-block-columns alignwide is-layout-flex wp-container-core-columns-is-layout-28f84493 wp-block-columns-is-layout-flex\">\n<div class=\"wp-block-column is-layout-flow wp-block-column-is-layout-flow\" style=\"flex-basis:50%\">\n<h2 class=\"wp-block-heading\">Tests et consultations d&#039;experts, \u00e0 port\u00e9e de main.<\/h2>\n<\/div>\n\n\n\n<div class=\"wp-block-column is-layout-flow wp-block-column-is-layout-flow\" style=\"flex-basis:50%\">\n<p>Consultez notre liste compl\u00e8te de tests en biochimie, h\u00e9matologie, cytologie, immunologie, parasitologie et bien plus encore. Des sp\u00e9cialistes et des pathologistes certifi\u00e9s sont \u00e0 votre disposition par t\u00e9l\u00e9phone ou par courriel pour des conseils d'experts.<\/p>\n\n\n\n<div class=\"wp-block-buttons is-layout-flex wp-block-buttons-is-layout-flex\">\n<div class=\"wp-block-button has-icon__arrow-narrow-right\"><a class=\"wp-block-button__link wp-element-button\" href=\"\/fr_ca\/guide-de-test\/\">Voir le guide de tests<span class=\"wp-block-button__link-icon\" aria-hidden=\"true\"><svg xmlns='http:\/\/www.w3.org\/2000\/svg' viewbox='0 0 24 24'><path fill-rule='evenodd' d='m16.58 11.012-2.29-2.285v-.01a.987.987 0 0 1 0-1.418.992.992 0 0 1 1.42 0l4 3.992c.236.23.33.554.28.86a1 1 0 0 1-.39.656L15.7 16.7c-.19.18-.45.289-.71.289L15 17c-.27 0-.53-.11-.71-.29a.996.996 0 0 1-.01-1.417v-.01l2.28-2.275H5c-.56 0-1-.45-1-.998a.99.99 0 0 1 1-.998h11.58Z' clip-rule='evenodd'\/><\/svg><\/span><\/a><\/div>\n<\/div>\n<\/div>\n<\/div>\n<\/div>\n\n\n\n<div class=\"wp-block-firsttracks-page-section alignfull is-section-list is-list-text is-style-section-3 has-global-padding is-layout-constrained wp-block-firsttracks-page-section-is-layout-constrained\">\n<div class=\"wp-block-columns alignwide is-layout-flex wp-container-core-columns-is-layout-28f84493 wp-block-columns-is-layout-flex\">\n<div class=\"wp-block-column is-layout-flow wp-block-column-is-layout-flow\" style=\"flex-basis:50%\">\n<h2 class=\"wp-block-heading is-style-heading-2-primary-bold\">Vous avez des questions sur Core Diagnostics\u00a0?<\/h2>\n\n\n\n<p class=\"is-style-label-2-secondary-small-regular\">Remplissez le formulaire et un repr\u00e9sentant d'Antech vous contactera.<\/p>\n<\/div>\n\n\n\n<div class=\"wp-block-column is-layout-flow wp-block-column-is-layout-flow\" style=\"flex-basis:50%\">\n<p><\/p>\n\n\n\n<div class=\"wp-block-leadin-hubspot-form-block\">\n\t\t\t<div\n\t\t\tclass=\"hs-form-frame\"\n\t\t\tdata-region=\"na1\"\n\t\t\tdata-form-id=\"17ecc39a-89fb-453e-a92a-d6540b12451a\"\n\t\t\tdata-portal-id=\"4747723\"\n\t\t\t >\n\t\t\t<\/div>\n\t\t\t<\/div>\n<\/div>\n<\/div>\n<\/div>","protected":false},"excerpt":{"rendered":"","protected":false},"author":5,"featured_media":0,"parent":19,"menu_order":5,"comment_status":"closed","ping_status":"closed","template":"","meta":{"_acf_changed":false,"content-type":"","footnotes":""},"service-area":[],"class_list":["post-28","page","type-page","status-publish","hentry"],"acf":[],"publishpress_future_action":{"enabled":false,"date":"2026-05-13 10:08:48","action":"change-status","newStatus":"draft","terms":[],"taxonomy":"service-area","extraData":[]},"publishpress_future_workflow_manual_trigger":{"enabledWorkflows":[]},"_links":{"self":[{"href":"https:\/\/uat.antechdiagnostics.com\/fr_ca\/wp-json\/wp\/v2\/pages\/28","targetHints":{"allow":["GET"]}}],"collection":[{"href":"https:\/\/uat.antechdiagnostics.com\/fr_ca\/wp-json\/wp\/v2\/pages"}],"about":[{"href":"https:\/\/uat.antechdiagnostics.com\/fr_ca\/wp-json\/wp\/v2\/types\/page"}],"author":[{"embeddable":true,"href":"https:\/\/uat.antechdiagnostics.com\/fr_ca\/wp-json\/wp\/v2\/users\/5"}],"replies":[{"embeddable":true,"href":"https:\/\/uat.antechdiagnostics.com\/fr_ca\/wp-json\/wp\/v2\/comments?post=28"}],"version-history":[{"count":0,"href":"https:\/\/uat.antechdiagnostics.com\/fr_ca\/wp-json\/wp\/v2\/pages\/28\/revisions"}],"up":[{"embeddable":true,"href":"https:\/\/uat.antechdiagnostics.com\/fr_ca\/wp-json\/wp\/v2\/pages\/19"}],"wp:attachment":[{"href":"https:\/\/uat.antechdiagnostics.com\/fr_ca\/wp-json\/wp\/v2\/media?parent=28"}],"wp:term":[{"taxonomy":"service-area","embeddable":true,"href":"https:\/\/uat.antechdiagnostics.com\/fr_ca\/wp-json\/wp\/v2\/service-area?post=28"}],"curies":[{"name":"wp","href":"https:\/\/api.w.org\/{rel}","templated":true}]}}