    {"id":28076,"date":"2025-04-18T16:04:57","date_gmt":"2025-04-18T20:04:57","guid":{"rendered":"\/imaging-equipment\/terms-and-conditions\/"},"modified":"2025-04-21T18:37:29","modified_gmt":"2025-04-21T22:37:29","slug":"termes-et-conditions","status":"publish","type":"page","link":"https:\/\/uat.antechdiagnostics.com\/fr_ca\/imaging-equipment\/terms-and-conditions\/","title":{"rendered":"Termes et conditions"},"content":{"rendered":"<div style=\"background-image:url(&apos;\/wp-content\/themes\/antech2024\/assets\/images\/cover.png&apos;);background-size:cover;\" class=\"wp-block-group alignfull is-section-banner is-layout-flow wp-block-group-is-layout-flow has-background\">\n<div class=\"wp-block-group alignwide has-global-padding is-content-justification-left is-layout-constrained wp-container-core-group-is-layout-12dd3699 wp-block-group-is-layout-constrained\">\n<div class=\"wp-block-group has-global-padding is-content-justification-left is-layout-constrained wp-container-core-group-is-layout-12dd3699 wp-block-group-is-layout-constrained\">\n<h1 class=\"wp-block-heading is-style-display-primary-bold\">Conditions g\u00e9n\u00e9rales de Sound<\/h1>\n<\/div>\n<\/div>\n<\/div>\n\n\n\n<div class=\"wp-block-firsttracks-page-section is-layout-flow wp-block-firsttracks-page-section-is-layout-flow\">\n<details class=\"wp-block-details is-layout-flow wp-block-details-is-layout-flow\"><summary>Conditions de vente<\/summary>\n<p>Conditions g\u00e9n\u00e9rales de vente de Sound :&nbsp;<a href=\"\/fr_ca\/equipement-dimagerie\/termes-et-conditions\/conditions-generales-de-vente-saines\/\">Cliquez ici<\/a><\/p>\n<\/details>\n\n\n\n<details class=\"wp-block-details is-layout-flow wp-block-details-is-layout-flow\"><summary>Assurance sonore : G\u00e9n\u00e9ralit\u00e9s<\/summary>\n<p>Conditions g\u00e9n\u00e9rales du programme de garantie et de service Sound Assurance Premier\u00a0:\u00a0<a href=\"\/fr_ca\/equipement-dimagerie\/termes-et-conditions\/conditions-generales-du-programme-de-service-de-garantie-sound-assurance-premier\/\">Cliquez ici<\/a>\u00a0<br>Programme de garantie et de service Sound Assurance Premier Programme de remplacement avanc\u00e9 :\u00a0<a href=\"\/fr_ca\/equipement-dimagerie\/termes-et-conditions\/programme-de-service-de-garantie-sound-assurance-premier-programme-de-remplacement-avance\/\" data-type=\"link\" data-id=\"\/imaging-equipment\/terms-and-conditions\/sound-assurance-premier-warranty-service-program-advanced-replacement-program\/\">Cliquez ici<\/a>\u00a0<br>Programme de garantie et de service Sound Assurance Premier Programme de pr\u00eat\/remplacement d&#039;\u00e9quipement :\u00a0<a href=\"\/fr_ca\/equipement-dimagerie\/termes-et-conditions\/programme-de-service-de-garantie-sound-assurance-premier-programme-de-location-dequipement-de-pret\/\" data-type=\"link\" data-id=\"\/imaging-equipment\/terms-and-conditions\/sound-assurance-premier-warranty-service-program-loaner-rental-equipment-program\/\">Cliquez ici<\/a><\/p>\n<\/details>\n\n\n\n<details class=\"wp-block-details is-layout-flow wp-block-details-is-layout-flow\"><summary>Assurance sonore : doctorVet<\/summary>\n<p>Programme de garantie et de service Sound Assurance Premier doctorVet \u00ab Platinum \u00bb R\u00c9SUM\u00c9 EX\u00c9CUTIF :&nbsp;<a href=\"\/fr_ca\/equipement-dimagerie\/termes-et-conditions\/resume-du-programme-de-service-de-garantie-doctorvet-platinum\/\">Cliquez ici<\/a><\/p>\n<\/details>\n\n\n\n<details class=\"wp-block-details is-layout-flow wp-block-details-is-layout-flow\"><summary>Assurance sonore : DR pour petits animaux<\/summary>\n<p>Programme de garantie et de service Sound Assurance Premier Sound SmartDR\u00ae \u00ab Silver \u00bb R\u00c9SUM\u00c9 EX\u00c9CUTIF :&nbsp;<a href=\"\/fr_ca\/equipement-dimagerie\/termes-et-conditions\/programme-de-service-de-garantie-sound-assurance-premier-resume-du-sound-smartdr-silver\/\">Cliquez ici<\/a>&nbsp;<br>Programme de garantie et de service Sound Assurance Premier \u00c9quipement d&#039;imagerie Smart DR\u00ae \u00ab Gold \u00bb R\u00c9SUM\u00c9 EX\u00c9CUTIF :&nbsp;<a href=\"\/fr_ca\/equipement-dimagerie\/termes-et-conditions\/programme-de-service-de-garantie-sound-assurance-premier-resume-du-programme-sound-smartdr-gold\/\">Cliquez ici<\/a><\/p>\n<\/details>\n\n\n\n<details class=\"wp-block-details is-layout-flow wp-block-details-is-layout-flow\"><summary>Assurance sonore : Equine DR<\/summary>\n<p>Programme de garantie et de service Sound Assurance Premier \u00c9quipement d&#039;imagerie Equine DR \u00ab Silver \u00bb R\u00c9SUM\u00c9 EX\u00c9CUTIF :&nbsp;<a href=\"\/fr_ca\/equipement-dimagerie\/termes-et-conditions\/programme-de-service-de-garantie-sound-assurance-premier-resume-du-sound-smartdr-silver\/\">Cliquez ici<\/a>&nbsp;<br>Programme de garantie et de service Sound Assurance Premier \u00c9quipement d&#039;imagerie Equine DR \u00ab Gold \u00bb R\u00c9SUM\u00c9 EX\u00c9CUTIF :&nbsp;<a href=\"\/fr_ca\/equipement-dimagerie\/termes-et-conditions\/programme-de-service-de-garantie-sound-assurance-premier-sound-equine-dr-gold-resume\/\">Cliquez ici<\/a><\/p>\n<\/details>\n\n\n\n<details class=\"wp-block-details is-layout-flow wp-block-details-is-layout-flow\"><summary>Assurance sonore : SmartRLT<\/summary>\n<p>Programme de garantie et de service Sound Assurance Premier \u00c9quipement d&#039;imagerie SmartRLT \u00ab Silver \u00bb R\u00c9SUM\u00c9 EX\u00c9CUTIF :<a href=\"\/fr_ca\/equipement-dimagerie\/termes-et-conditions\/programme-de-service-de-garantie-sound-assurance-premier-resume-du-sound-smartrlt-silver\/\">&nbsp;Cliquez ici<\/a>&nbsp;<br>Programme de garantie et de service Sound Assurance Premier \u00c9quipement d&#039;imagerie SmartRLT \u00ab Gold \u00bb R\u00c9SUM\u00c9 EX\u00c9CUTIF :&nbsp;<a href=\"\/fr_ca\/equipement-dimagerie\/termes-et-conditions\/programme-de-service-de-garantie-sound-assurance-premier-resume-du-programme-sound-smartrlt-gold\/\" data-type=\"link\" data-id=\"\/imaging-equipment\/terms-and-conditions\/sound-assurance-premier-warranty-service-program-sound-smartrlt-gold-executive-summary\/\">Cliquez ici<\/a><\/p>\n<\/details>\n\n\n\n<details class=\"wp-block-details is-layout-flow wp-block-details-is-layout-flow\"><summary>Assurance sonore : HD Dental<\/summary>\n<p>Programme de garantie et de service Sound Assurance Premier \u00c9quipement d&#039;imagerie HD Dental \u00ab Gold \u00bb R\u00c9SUM\u00c9 EX\u00c9CUTIF :&nbsp;<a href=\"\/fr_ca\/equipement-dimagerie\/termes-et-conditions\/programme-de-garantie-sound-assurance-premier-resume-du-programme-sound-hd-dental-gold\/\">Cliquez ici<\/a><\/p>\n<\/details>\n\n\n\n<details class=\"wp-block-details is-layout-flow wp-block-details-is-layout-flow\"><summary>Assurance sonore : ultrasons<\/summary>\n<p>Programme de garantie et de service Sound Assurance Premier Ultrasound \u00ab Platinum \u00bb R\u00c9SUM\u00c9 EX\u00c9CUTIF :&nbsp;<a href=\"\/fr_ca\/equipement-dimagerie\/termes-et-conditions\/programme-de-service-de-garantie-sound-assurance-premier-resume-du-programme-ultrasonic-platinum\/\">Cliquez ici<\/a><\/p>\n<\/details>\n\n\n\n<details class=\"wp-block-details is-layout-flow wp-block-details-is-layout-flow\"><summary>Assurance sonore : ECG<\/summary>\n<p>Programme de garantie et de service Sound Assurance Premier Ultrasound \u00ab Platinum \u00bb R\u00c9SUM\u00c9 EX\u00c9CUTIF :&nbsp;<a href=\"\/fr_ca\/equipement-dimagerie\/termes-et-conditions\/programme-de-service-de-garantie-sound-assurance-premier-ecg-gold-resume\/\">Cliquez ici<\/a><\/p>\n<\/details>\n<\/div>","protected":false},"excerpt":{"rendered":"<p>Conditions g\u00e9n\u00e9rales de Sound<\/p>","protected":false},"author":5,"featured_media":0,"parent":13,"menu_order":14,"comment_status":"closed","ping_status":"closed","template":"","meta":{"_acf_changed":false,"content-type":"","footnotes":""},"service-area":[],"class_list":["post-28076","page","type-page","status-publish","hentry"],"acf":[],"publishpress_future_action":{"enabled":false,"date":"2026-05-13 10:08:59","action":"change-status","newStatus":"draft","terms":[],"taxonomy":"service-area","extraData":[]},"publishpress_future_workflow_manual_trigger":{"enabledWorkflows":[]},"_links":{"self":[{"href":"https:\/\/uat.antechdiagnostics.com\/fr_ca\/wp-json\/wp\/v2\/pages\/28076","targetHints":{"allow":["GET"]}}],"collection":[{"href":"https:\/\/uat.antechdiagnostics.com\/fr_ca\/wp-json\/wp\/v2\/pages"}],"about":[{"href":"https:\/\/uat.antechdiagnostics.com\/fr_ca\/wp-json\/wp\/v2\/types\/page"}],"author":[{"embeddable":true,"href":"https:\/\/uat.antechdiagnostics.com\/fr_ca\/wp-json\/wp\/v2\/users\/5"}],"replies":[{"embeddable":true,"href":"https:\/\/uat.antechdiagnostics.com\/fr_ca\/wp-json\/wp\/v2\/comments?post=28076"}],"version-history":[{"count":0,"href":"https:\/\/uat.antechdiagnostics.com\/fr_ca\/wp-json\/wp\/v2\/pages\/28076\/revisions"}],"up":[{"embeddable":true,"href":"https:\/\/uat.antechdiagnostics.com\/fr_ca\/wp-json\/wp\/v2\/pages\/13"}],"wp:attachment":[{"href":"https:\/\/uat.antechdiagnostics.com\/fr_ca\/wp-json\/wp\/v2\/media?parent=28076"}],"wp:term":[{"taxonomy":"service-area","embeddable":true,"href":"https:\/\/uat.antechdiagnostics.com\/fr_ca\/wp-json\/wp\/v2\/service-area?post=28076"}],"curies":[{"name":"wp","href":"https:\/\/api.w.org\/{rel}","templated":true}]}}