    {"id":28080,"date":"2025-04-18T16:16:05","date_gmt":"2025-04-18T20:16:05","guid":{"rendered":"\/?page_id=28080"},"modified":"2025-04-21T18:33:46","modified_gmt":"2025-04-21T22:33:46","slug":"programme-de-service-de-garantie-sound-assurance-premier-programme-de-remplacement-avance","status":"publish","type":"page","link":"https:\/\/uat.antechdiagnostics.com\/fr_ca\/imaging-equipment\/terms-and-conditions\/sound-assurance-premier-warranty-service-program-advanced-replacement-program\/","title":{"rendered":"PROGRAMME DE GARANTIE ET DE SERVICE PREMIER SOUND ASSURANCE PROGRAMME DE REMPLACEMENT AVANC\u00c9"},"content":{"rendered":"<div style=\"background-image:url(&apos;\/wp-content\/themes\/antech2024\/assets\/images\/cover.png&apos;);background-size:cover;\" class=\"wp-block-group alignfull is-section-banner is-layout-flow wp-block-group-is-layout-flow has-background\">\n<div class=\"wp-block-group alignwide has-global-padding is-content-justification-left is-layout-constrained wp-container-core-group-is-layout-12dd3699 wp-block-group-is-layout-constrained\">\n<div class=\"wp-block-group has-global-padding is-content-justification-left is-layout-constrained wp-container-core-group-is-layout-12dd3699 wp-block-group-is-layout-constrained\">\n<h1 class=\"wp-block-heading is-style-display-primary-bold\">Conditions g\u00e9n\u00e9rales et services sonores<\/h1>\n<\/div>\n<\/div>\n<\/div>\n\n\n\n<div style=\"height:50px\" aria-hidden=\"true\" class=\"wp-block-spacer\"><\/div>\n\n\n\n<h1 class=\"wp-block-heading is-style-heading-3-primary-bold\">Programme de garantie et de service Sound Assurance Premier Programme de remplacement avanc\u00e9<\/h1>\n\n\n\n<div style=\"height:50px\" aria-hidden=\"true\" class=\"wp-block-spacer\"><\/div>\n\n\n\n<h3 class=\"wp-block-heading is-style-title-2-primary-bold\">1.0 Pr\u00e9sentation du service<\/h3>\n\n\n\n<p>Le programme de remplacement avanc\u00e9 de Sound (SARP) est un service \u00e0 valeur ajout\u00e9e disponible pour nos clients couverts par une garantie Sound Assurance Premier (SAP) \u00ab Gold \u00bb ou \u00ab Platinum \u00bb qui acc\u00e9l\u00e8re le remplacement de l&#039;\u00e9quipement et minimise le temps pendant lequel nos clients sont sans leur \u00e9quipement Sound lorsqu&#039;ils recherchent un service dans le cadre de leur garantie SAP.<\/p>\n\n\n\n<h3 class=\"wp-block-heading is-style-title-2-primary-bold\">2.0 Avantages de la couverture de remplacement avanc\u00e9e<\/h3>\n\n\n\n<p>Pour les \u00e9quipements sonores couverts admissibles, une unit\u00e9 de remplacement avanc\u00e9e \u00e9quivalente (ARU) vous sera exp\u00e9di\u00e9e dans le cas o\u00f9 l&#039;\u00e9quipement couvert ne fonctionne pas correctement conform\u00e9ment aux protocoles applicables du fabricant.<\/p>\n\n\n\n<h3 class=\"wp-block-heading is-style-title-2-primary-bold\">3.0 Politiques de remplacement avanc\u00e9es<\/h3>\n\n\n\n<p>Avant d&#039;exp\u00e9dier une ARU, les conditions suivantes doivent \u00eatre remplies :<\/p>\n\n\n\n<ul class=\"wp-block-list\">\n<li>Un ing\u00e9nieur de support sonore doit avoir :\n<ul class=\"wp-block-list\">\n<li>confirm\u00e9 que votre \u00e9quipement est \u00e9ligible \u00e0 la participation au programme de remplacement avanc\u00e9 de Sound\u00a0;<\/li>\n\n\n\n<li>confirm\u00e9 que votre \u00e9quipement couvert admissible ne fonctionne pas correctement conform\u00e9ment aux protocoles applicables du fabricant\u00a0; et<\/li>\n\n\n\n<li>a \u00e9mis un num\u00e9ro RMA Sound ARU\u00a0;<\/li>\n<\/ul>\n<\/li>\n\n\n\n<li>Le client doit fournir \u00e0 Sound :\n<ul class=\"wp-block-list\">\n<li>un formulaire de confirmation et d&#039;autorisation du programme de remplacement avanc\u00e9 sign\u00e9, confirmant que le client comprend qu&#039;il est responsable du paiement de l&#039;ARU au prix catalogue actuel de Sound dans les situations identifi\u00e9es\u00a0;<\/li>\n\n\n\n<li>confirmation que le client a dans ses dossiers aupr\u00e8s de Sound un formulaire d&#039;autorisation de carte de cr\u00e9dit valide pour tous les frais associ\u00e9s \u00e0 l&#039;ARU\u00a0;<\/li>\n\n\n\n<li>confirmation de l&#039;adresse de livraison pour l&#039;ARU (Remarque : les adresses de bo\u00eetes postales ne sont PAS accept\u00e9es pour la livraison ARU. Le client doit fournir \u00e0 Sound une adresse physique) ;<\/li>\n\n\n\n<li>toute l&#039;assistance n\u00e9cessaire \u00e0 tous les ing\u00e9nieurs de support Sound et autres repr\u00e9sentants, pour d\u00e9terminer si l&#039;\u00e9quipement couvert est en panne ou non ;<\/li>\n\n\n\n<li>Le client doit retourner l&#039;\u00e9quipement ou le composant couvert dans les 5 jours ouvrables suivant la r\u00e9ception de l&#039;ARU<\/li>\n\n\n\n<li>Dans les 5 jours ouvrables suivant la r\u00e9ception de l&#039;ARU, le client doit renvoyer l&#039;\u00e9quipement ou le composant couvert \u00e0 Sound, au fabricant ou \u00e0 tout autre endroit d\u00e9sign\u00e9 par Sound, dans l&#039;emballage fourni avec l&#039;ARU ou le composant de remplacement. Si l&#039;emballage est endommag\u00e9 pendant le transport, le client doit fournir son propre emballage appropri\u00e9 pour garantir un retour en toute s\u00e9curit\u00e9 \u00e0 Sound.<\/li>\n\n\n\n<li>L&#039;ARU fournie sera du m\u00eame mod\u00e8le que l&#039;\u00e9quipement couvert. Si un mod\u00e8le identique n&#039;est pas disponible, un mod\u00e8le sup\u00e9rieur pourra \u00eatre fourni. Au choix de Sound, l&#039;ARU pourra \u00eatre un appareil neuf ou reconditionn\u00e9.<\/li>\n\n\n\n<li>S&#039;il n&#039;y a qu&#039;une d\u00e9faillance d&#039;un composant, Sound exp\u00e9diera les composants pour remplacement uniquement.<\/li>\n<\/ul>\n<\/li>\n<\/ul>\n\n\n\n<p><strong>Note<\/strong>Sauf exceptions limit\u00e9es, le programme ARU s&#039;applique uniquement aux articles sp\u00e9cifiquement couverts par la garantie applicable. Par exemple, les consommables tels que les piles, les pi\u00e8ces \u00e0 main, les t\u00eates de traitement, les fibres, etc. ne sont pas couverts.<\/p>\n\n\n\n<h3 class=\"wp-block-heading is-style-title-2-primary-bold\">4.0 Conditions d&#039;exp\u00e9dition<\/h3>\n\n\n\n<p>Tous les ARU seront exp\u00e9di\u00e9s dans les 3 jours ouvrables suivant la confirmation de toutes les exigences d\u00e9crites ci-dessus.<\/p>\n\n\n\n<h3 class=\"wp-block-heading is-style-title-2-primary-bold\">5.0 Dommages non couverts par la garantie<\/h3>\n\n\n\n<p>Si un d\u00e9faut de l&#039;\u00e9quipement ou du composant couvert est d\u00e9termin\u00e9 comme r\u00e9sultant d&#039;une mauvaise utilisation, d&#039;une n\u00e9gligence, d&#039;un accident, d&#039;un abus, d&#039;une r\u00e9paration ou d&#039;une modification inappropri\u00e9e de la part du client, ou de tout acte contraire aux conditions de vente initiales de l&#039;\u00e9quipement couvert par le fabricant ou Sound, les r\u00e9parations n\u00e9cessaires ne seront pas couvertes par la garantie du fabricant ni par la garantie SAP. La garantie ayant \u00e9t\u00e9 annul\u00e9e par les actions du client, le programme de remplacement anticip\u00e9 ne s&#039;appliquera pas. Dans ce cas, les r\u00e8gles suivantes s&#039;appliquent\u00a0:<\/p>\n\n\n\n<ul class=\"wp-block-list\">\n<li>Le client recevra un devis pour la r\u00e9paration de l&#039;\u00e9quipement et aura jusqu&#039;\u00e0 10 jours pour choisir :\n<ul class=\"wp-block-list\">\n<li>Faire r\u00e9parer le mat\u00e9riel au prix indiqu\u00e9 ;<\/li>\n\n\n\n<li>Achetez l&#039;ARU au prix catalogue sonore alors en vigueur\u00a0; ou<\/li>\n\n\n\n<li>Faire retourner l&#039;\u00e9quipement chez le client.<\/li>\n<\/ul>\n<\/li>\n<\/ul>\n\n\n\n<p>Si le client (i) ne r\u00e9pond pas dans le d\u00e9lai de 10 jours, ou (ii) ne renvoie pas l&#039;ARU ou le composant \u00e0 Sound dans l&#039;emballage fourni avec l&#039;\u00e9quipement endommag\u00e9 retourn\u00e9 dans les 5 jours suivant la r\u00e9ception de l&#039;\u00e9quipement\/composant retourn\u00e9,&nbsp;<strong>le compte du client ou sa carte de cr\u00e9dit sera alors d\u00e9bit\u00e9 du prix catalogue alors applicable et la garantie d&#039;origine sera annul\u00e9e.<\/strong><\/p>\n\n\n\n<h3 class=\"wp-block-heading is-style-title-2-primary-bold\">6.0 Composants manquants<\/h3>\n\n\n\n<p>Si le client ne retourne pas l&#039;\u00e9quipement couvert ou l&#039;ARU complet \u00e0 Sound, il sera invit\u00e9 \u00e0 lui exp\u00e9dier les pi\u00e8ces manquantes \u00e0 ses frais dans un d\u00e9lai de 5 jours. \u00c0 d\u00e9faut, Sound pourra facturer le co\u00fbt des composants manquants sur le compte ou la carte de cr\u00e9dit du client. Ces frais ne sont pas remboursables en cas de retour tardif.<\/p>\n\n\n\n<h3 class=\"wp-block-heading is-style-title-2-primary-bold\">7.0 Conditions g\u00e9n\u00e9rales suppl\u00e9mentaires<\/h3>\n\n\n\n<p>Le client doit utiliser l&#039;\u00e9tiquette d&#039;exp\u00e9dition fournie par Sound. Sound d\u00e9cline toute responsabilit\u00e9 quant aux frais d&#039;exp\u00e9dition engag\u00e9s par les clients utilisant d&#039;autres moyens de transport.<\/p>\n\n\n\n<ul class=\"wp-block-list\">\n<li>Les adresses de bo\u00eetes postales ne sont pas accept\u00e9es pour la livraison ARU. Le client doit fournir une adresse physique \u00e0 Sound.<\/li>\n\n\n\n<li>La seule responsabilit\u00e9 de Sound et le recours exclusif pour tout d\u00e9faut reconnu seront la r\u00e9paration ou le remplacement de l&#039;\u00e9quipement en question.<\/li>\n\n\n\n<li>Sound n&#039;offre pas de remboursements, de cr\u00e9dits ou de mises \u00e0 niveau.<\/li>\n\n\n\n<li>Le programme de remplacement avanc\u00e9 est disponible uniquement pour l&#039;acheteur d&#039;origine.<\/li>\n\n\n\n<li>Le programme de remplacement avanc\u00e9 de Sound est uniquement disponible aux \u00c9tats-Unis.<\/li>\n<\/ul>\n\n\n\n<p>Tous les autres termes et conditions de la garantie SAP applicable s&#039;appliquent.<\/p>","protected":false},"excerpt":{"rendered":"<p>Conditions g\u00e9n\u00e9rales de Sound Garantie et programme de service Sound Assurance Premier Programme de remplacement avanc\u00e9 1.0 Pr\u00e9sentation du service Le programme de remplacement avanc\u00e9 (SARP) de Sound est un service \u00e0 valeur ajout\u00e9e offert \u00e0 nos clients couverts par une garantie Sound Assurance Premier (SAP) \u00ab\u00a0Or\u00a0\u00bb ou \u00ab\u00a0Platine\u00a0\u00bb. Ce service acc\u00e9l\u00e8re le remplacement des \u00e9quipements et minimise le temps d\u2019immobilisation de nos clients.<\/p>","protected":false},"author":5,"featured_media":0,"parent":28076,"menu_order":1,"comment_status":"closed","ping_status":"closed","template":"","meta":{"_acf_changed":false,"content-type":"","footnotes":""},"service-area":[],"class_list":["post-28080","page","type-page","status-publish","hentry"],"acf":[],"publishpress_future_action":{"enabled":false,"date":"2026-05-13 13:33:46","action":"change-status","newStatus":"draft","terms":[],"taxonomy":"service-area","extraData":[]},"publishpress_future_workflow_manual_trigger":{"enabledWorkflows":[]},"_links":{"self":[{"href":"https:\/\/uat.antechdiagnostics.com\/fr_ca\/wp-json\/wp\/v2\/pages\/28080","targetHints":{"allow":["GET"]}}],"collection":[{"href":"https:\/\/uat.antechdiagnostics.com\/fr_ca\/wp-json\/wp\/v2\/pages"}],"about":[{"href":"https:\/\/uat.antechdiagnostics.com\/fr_ca\/wp-json\/wp\/v2\/types\/page"}],"author":[{"embeddable":true,"href":"https:\/\/uat.antechdiagnostics.com\/fr_ca\/wp-json\/wp\/v2\/users\/5"}],"replies":[{"embeddable":true,"href":"https:\/\/uat.antechdiagnostics.com\/fr_ca\/wp-json\/wp\/v2\/comments?post=28080"}],"version-history":[{"count":0,"href":"https:\/\/uat.antechdiagnostics.com\/fr_ca\/wp-json\/wp\/v2\/pages\/28080\/revisions"}],"up":[{"embeddable":true,"href":"https:\/\/uat.antechdiagnostics.com\/fr_ca\/wp-json\/wp\/v2\/pages\/28076"}],"wp:attachment":[{"href":"https:\/\/uat.antechdiagnostics.com\/fr_ca\/wp-json\/wp\/v2\/media?parent=28080"}],"wp:term":[{"taxonomy":"service-area","embeddable":true,"href":"https:\/\/uat.antechdiagnostics.com\/fr_ca\/wp-json\/wp\/v2\/service-area?post=28080"}],"curies":[{"name":"wp","href":"https:\/\/api.w.org\/{rel}","templated":true}]}}