    {"id":28092,"date":"2025-04-18T16:54:23","date_gmt":"2025-04-18T20:54:23","guid":{"rendered":"\/?page_id=28092"},"modified":"2025-04-21T17:59:02","modified_gmt":"2025-04-21T21:59:02","slug":"programme-de-service-de-garantie-sound-assurance-premier-resume-du-programme-sound-smartrlt-gold","status":"publish","type":"page","link":"https:\/\/uat.antechdiagnostics.com\/fr_ca\/imaging-equipment\/terms-and-conditions\/sound-assurance-premier-warranty-service-program-sound-smartrlt-gold-executive-summary\/","title":{"rendered":"PROGRAMME DE GARANTIE ET DE SERVICE SOUND ASSURANCE PREMIER Sound SmartRLT \u00ab Gold \u00bb R\u00c9SUM\u00c9"},"content":{"rendered":"<div style=\"background-image:url(&apos;\/wp-content\/themes\/antech2024\/assets\/images\/cover.png&apos;);background-size:cover;\" class=\"wp-block-group alignfull is-section-banner is-layout-flow wp-block-group-is-layout-flow has-background\">\n<div class=\"wp-block-group alignwide has-global-padding is-content-justification-left is-layout-constrained wp-container-core-group-is-layout-12dd3699 wp-block-group-is-layout-constrained\">\n<div class=\"wp-block-group has-global-padding is-content-justification-left is-layout-constrained wp-container-core-group-is-layout-12dd3699 wp-block-group-is-layout-constrained\">\n<h1 class=\"wp-block-heading is-style-display-primary-bold\">Conditions g\u00e9n\u00e9rales et services sonores<\/h1>\n<\/div>\n<\/div>\n<\/div>\n\n\n\n<div style=\"height:100px\" aria-hidden=\"true\" class=\"wp-block-spacer\"><\/div>\n\n\n\n<h1 class=\"wp-block-heading is-style-heading-2-primary-bold\">Programme de garantie et de service Sound Assurance Premier Sound SmartRLT \u00ab\u00a0Gold\u00a0\u00bb R\u00e9sum\u00e9 ex\u00e9cutif<\/h1>\n\n\n\n<p>Ce qui suit est un r\u00e9sum\u00e9 des conditions du programme de garantie et de service Sound Assurance Premier \u2013 Garantie Sound SmartRLT \u00ab\u00a0Or\u00a0\u00bb (\u00ab\u00a0<strong>Assurance sonore<\/strong>\u201d) fourni par Sound (\u00ab<strong>Son<\/strong>\u201d) dans le cadre de votre achat d&#039;\u00e9quipement sonore admissible. L&#039;\u00e9quipement couvert par l&#039;Assurance Sonore (la \u00ab<strong>\u00c9quipement couvert<\/strong>\u00ab\u00a0\u00bb est identifi\u00e9 dans votre r\u00e9capitulatif de commande final. Toutes les informations contenues dans ce r\u00e9capitulatif sont soumises aux conditions g\u00e9n\u00e9rales du programme de garantie et de service Sound Assurance Premier (les \u00ab\u00a0\u00bb).<strong>&nbsp;Conditions g\u00e9n\u00e9rales&nbsp;<\/strong>\u00bb ; r\u00e9f\u00e9renc\u00e9 ici :&nbsp;<a href=\"\/fr_ca\/equipement-dimagerie\/termes-et-conditions\/conditions-generales-du-programme-de-service-de-garantie-sound-assurance-premier\/\">CONDITIONS G\u00c9N\u00c9RALES DU PROGRAMME DE GARANTIE ET DE SERVICE SOUND ASSURANCE PREMIER&nbsp;<\/a>).<\/p>\n\n\n\n<div style=\"height:50px\" aria-hidden=\"true\" class=\"wp-block-spacer\"><\/div>\n\n\n\n<h3 class=\"wp-block-heading is-style-title-1-primary-bold\">SERVICES DE SOUTIEN :<\/h3>\n\n\n\n<p><strong>Support technique sonore :<\/strong>&nbsp;1-800-819-5538, disponible du lundi au vendredi, de 5 h \u00e0 17 h (heure du Pacifique), sous r\u00e9serve de modifications.<\/p>\n\n\n\n<p><strong>Assistance d&#039;urgence sur appel \u00ab 24h\/24 et 7j\/7 \u00bb :<\/strong>&nbsp;Techniciens de garde disponibles 24h\/24 et 7j\/7 pour une assistance d&#039;urgence.<\/p>\n\n\n\n<p><strong>Diagnostic et r\u00e9paration \u00e0 distance :<\/strong>&nbsp;Acc\u00e8s aux services de diagnostic et de r\u00e9paration \u00e0 distance de Sound, incluant le t\u00e9l\u00e9chargement et la r\u00e9paration directs de logiciels pour une sant\u00e9 optimale du syst\u00e8me. Une connexion Internet haut d\u00e9bit d\u00e9di\u00e9e est requise et Sound doit disposer d&#039;un acc\u00e8s r\u00e9seau \u00e0 l&#039;\u00e9quipement couvert (y compris un acc\u00e8s pare-feu).<\/p>\n\n\n\n<p><strong>Assistance et formation en ligne :<\/strong>&nbsp;Acc\u00e8s aux ressources d&#039;assistance en ligne de Sound, aux documents de formation et aux autres supports p\u00e9dagogiques disponibles sur&nbsp;<a href=\"https:\/\/apps.antechsoundstg.wpenginepowered.com\/\" rel=\"noopener\">https:\/\/apps.antechsoundstg.wpenginepowered.com<\/a><\/p>\n\n\n\n<p><strong>Correctifs\/correctifs logiciels\u00a0:<\/strong>&nbsp;Gratuit.<\/p>\n\n\n\n<p><strong>COUVERTURE DE LA GARANTIE :<\/strong>&nbsp;Sous r\u00e9serve des limitations \u00e9nonc\u00e9es dans les Conditions g\u00e9n\u00e9rales, Sound garantit, pendant la dur\u00e9e de la garantie, que l&#039;\u00c9quipement couvert (i) est exempt de d\u00e9fauts de mat\u00e9riaux et de fabrication et (ii) est conforme aux sp\u00e9cifications produit publi\u00e9es par Sound en vigueur \u00e0 la date de commande de l&#039;\u00c9quipement couvert. Les sp\u00e9cifications produit sont disponibles sur demande. Cette garantie ne couvre pas les postes de travail, serveurs ou autres p\u00e9riph\u00e9riques connect\u00e9s \u00e0 l&#039;\u00c9quipement couvert.<\/p>\n\n\n\n<p><strong>PROGRAMME DE PR\u00caT\/LOCATION :<\/strong>&nbsp;Dans le cadre de votre garantie, vous \u00eates couvert par le programme de pr\u00eat\/location de Sound. Voir&nbsp;<a href=\"https:\/\/antechsoundstg.wpenginepowered.com\/terms-conditions-sound-assurance-premier-warranty-service-program-loaner_replacement-equipment-program\" rel=\"noopener\">PROGRAMME DE GARANTIE ET DE SERVICE PREMIER SOUND ASSURANCE PROGRAMME DE LOCATION\/PR\u00caT D&#039;\u00c9QUIPEMENT&nbsp;<\/a>pour plus d&#039;informations sur les avantages du programme de remplacement avanc\u00e9 de Sound et toutes les conditions g\u00e9n\u00e9rales applicables.<\/p>","protected":false},"excerpt":{"rendered":"<p>Conditions g\u00e9n\u00e9rales de Sound Assurance Premier, programme de garantie et de service Sound SmartRLT \u00ab\u00a0Gold\u00a0\u00bb, r\u00e9sum\u00e9 Voici un r\u00e9sum\u00e9 des conditions g\u00e9n\u00e9rales de la garantie et du programme de service Sound Assurance Premier \u2013 Garantie Sound SmartRLT \u00ab\u00a0Gold\u00a0\u00bb (\u00ab\u00a0Assurance Sound\u00a0\u00bb) offerte par Sound (\u00ab\u00a0Sound\u00a0\u00bb) dans le cadre de votre achat d\u2019\u00e9quipement Sound admissible. [\u2026]<\/p>","protected":false},"author":5,"featured_media":0,"parent":28076,"menu_order":8,"comment_status":"closed","ping_status":"closed","template":"","meta":{"_acf_changed":false,"content-type":"","footnotes":""},"service-area":[],"class_list":["post-28092","page","type-page","status-publish","hentry"],"acf":[],"publishpress_future_action":{"enabled":false,"date":"2026-05-13 11:10:49","action":"change-status","newStatus":"draft","terms":[],"taxonomy":"service-area","extraData":[]},"publishpress_future_workflow_manual_trigger":{"enabledWorkflows":[]},"_links":{"self":[{"href":"https:\/\/uat.antechdiagnostics.com\/fr_ca\/wp-json\/wp\/v2\/pages\/28092","targetHints":{"allow":["GET"]}}],"collection":[{"href":"https:\/\/uat.antechdiagnostics.com\/fr_ca\/wp-json\/wp\/v2\/pages"}],"about":[{"href":"https:\/\/uat.antechdiagnostics.com\/fr_ca\/wp-json\/wp\/v2\/types\/page"}],"author":[{"embeddable":true,"href":"https:\/\/uat.antechdiagnostics.com\/fr_ca\/wp-json\/wp\/v2\/users\/5"}],"replies":[{"embeddable":true,"href":"https:\/\/uat.antechdiagnostics.com\/fr_ca\/wp-json\/wp\/v2\/comments?post=28092"}],"version-history":[{"count":0,"href":"https:\/\/uat.antechdiagnostics.com\/fr_ca\/wp-json\/wp\/v2\/pages\/28092\/revisions"}],"up":[{"embeddable":true,"href":"https:\/\/uat.antechdiagnostics.com\/fr_ca\/wp-json\/wp\/v2\/pages\/28076"}],"wp:attachment":[{"href":"https:\/\/uat.antechdiagnostics.com\/fr_ca\/wp-json\/wp\/v2\/media?parent=28092"}],"wp:term":[{"taxonomy":"service-area","embeddable":true,"href":"https:\/\/uat.antechdiagnostics.com\/fr_ca\/wp-json\/wp\/v2\/service-area?post=28092"}],"curies":[{"name":"wp","href":"https:\/\/api.w.org\/{rel}","templated":true}]}}