    {"id":28196,"date":"2025-05-04T17:01:51","date_gmt":"2025-05-04T21:01:51","guid":{"rendered":"\/?page_id=28196"},"modified":"2026-02-04T12:40:55","modified_gmt":"2026-02-04T17:40:55","slug":"healthtracks-mobile","status":"publish","type":"page","link":"https:\/\/uat.antechdiagnostics.com\/fr_ca\/reference-lab\/healthtracks-mobile\/","title":{"rendered":"HealthTracks\u2122 Mobile"},"content":{"rendered":"<div class=\"wp-block-firsttracks-page-section alignfull is-section-hero is-style-section-1 has-global-padding is-layout-constrained wp-block-firsttracks-page-section-is-layout-constrained\">\n<div class=\"wp-block-columns alignfull is-layout-flex wp-container-core-columns-is-layout-28f84493 wp-block-columns-is-layout-flex\">\n<div class=\"wp-block-column is-vertically-aligned-center is-layout-flow wp-block-column-is-layout-flow\" style=\"flex-basis:50%\">\n<h1 class=\"wp-block-heading is-style-display-primary-bold\"><strong>Bienvenue sur HealthTracks\u2122 Mobile<\/strong><\/h1>\n\n\n\n<p>Acc\u00e9dez aux r\u00e9sultats de diagnostic de vos patients, \u00e0 tout moment et en tout lieu.<\/p>\n\n\n\n<div class=\"wp-block-buttons is-style-button-5 is-layout-flex wp-block-buttons-is-layout-flex\">\n<div class=\"wp-block-button is-style-button-1\"><a class=\"wp-block-button__link wp-element-button\" href=\"https:\/\/apps.apple.com\/us\/app\/healthtracks-powered-by-antech\/id6677058734\" target=\"_blank\" rel=\"noreferrer noopener\">T\u00e9l\u00e9charger pour iOS<\/a><\/div>\n\n\n\n<div class=\"wp-block-button is-style-button-1\"><a class=\"wp-block-button__link wp-element-button\" href=\"https:\/\/play.google.com\/store\/apps\/details?id=com.antechdiagnostics.healthtracks&amp;hl=en_US\" target=\"_blank\" rel=\"noreferrer noopener\">T\u00e9l\u00e9charger pour Android<\/a><\/div>\n<\/div>\n<\/div>\n\n\n\n<div class=\"wp-block-column is-layout-flow wp-block-column-is-layout-flow\" style=\"flex-basis:50%\">\n<div class=\"wp-block-group is-style-section-7 has-global-padding is-layout-constrained wp-block-group-is-layout-constrained\">\n<figure class=\"wp-block-image size-full wp-container-content-d8344436\"><img loading=\"lazy\" decoding=\"async\" width=\"1058\" height=\"1140\" src=\"\/wp-content\/uploads\/2025\/01\/Antech_PetPortraits_Dog_5_RGB-1.png\" alt=\"\" class=\"wp-image-21906\" style=\"aspect-ratio:4\/3;object-fit:contain\" srcset=\"https:\/\/uat.antechdiagnostics.com\/wp-content\/uploads\/2025\/01\/Antech_PetPortraits_Dog_5_RGB-1.png 1058w, https:\/\/uat.antechdiagnostics.com\/wp-content\/uploads\/2025\/01\/Antech_PetPortraits_Dog_5_RGB-1-278x300.png 278w, https:\/\/uat.antechdiagnostics.com\/wp-content\/uploads\/2025\/01\/Antech_PetPortraits_Dog_5_RGB-1-950x1024.png 950w, https:\/\/uat.antechdiagnostics.com\/wp-content\/uploads\/2025\/01\/Antech_PetPortraits_Dog_5_RGB-1-768x828.png 768w, https:\/\/uat.antechdiagnostics.com\/wp-content\/uploads\/2025\/01\/Antech_PetPortraits_Dog_5_RGB-1-11x12.png 11w\" sizes=\"auto, (max-width: 1058px) 100vw, 1058px\" \/><\/figure>\n<\/div>\n<\/div>\n<\/div>\n<\/div>\n\n\n\n<div style=\"height:100px\" aria-hidden=\"true\" class=\"wp-block-spacer\"><\/div>\n\n\n\n<h2 class=\"wp-block-heading is-style-heading-3-primary-bold\">Pr\u00e9sentation de HealthTracks Mobile \u2014 vous donnant un acc\u00e8s instantan\u00e9 \u00e0 vos r\u00e9sultats de laboratoire, chaque fois que vous en avez besoin.<\/h2>\n\n\n\n<div class=\"wp-block-firsttracks-page-section alignfull is-section-content has-global-padding is-layout-constrained wp-block-firsttracks-page-section-is-layout-constrained\">\n<div class=\"wp-block-group has-global-padding is-layout-constrained wp-block-group-is-layout-constrained\">\n<h3 class=\"wp-block-heading is-style-heading-3-primary-bold\"><strong>Caract\u00e9ristiques principales :<\/strong><\/h3>\n\n\n\n<ul class=\"wp-block-list\">\n<li><strong>R\u00e9sultats de laboratoire faciles \u00e0 lire<\/strong> avec des intervalles de r\u00e9f\u00e9rence visuelle, des commentaires interpr\u00e9tatifs et des tendances historiques.<\/li>\n\n\n\n<li><strong>Aper\u00e7us complets des patients<\/strong> avec la capacit\u00e9 d&#039;examiner les r\u00e9sultats du laboratoire de r\u00e9f\u00e9rence et les r\u00e9sultats hospitaliers.<\/li>\n\n\n\n<li><strong>Communiquez facilement<\/strong> Des r\u00e9sum\u00e9s adapt\u00e9s aux animaux de compagnie pour les propri\u00e9taires, \u00e0 port\u00e9e de main.<\/li>\n\n\n\n<li><strong>Filtrage flexible<\/strong> par des r\u00e9sultats de laboratoire de r\u00e9f\u00e9rence ou \u00e0 l&#039;h\u00f4pital.<\/li>\n\n\n\n<li><strong>Recherche rapide<\/strong>&nbsp;par v\u00e9t\u00e9rinaire, nom de l&#039;animal, num\u00e9ro d&#039;accession, propri\u00e9taire, etc.<\/li>\n\n\n\n<li><strong>Notifications instantan\u00e9es<\/strong>&nbsp;quand les r\u00e9sultats seront pr\u00eats.<\/li>\n\n\n\n<li><strong>Acc\u00e8s direct<\/strong> \u00e0 votre \u00e9quipe d&#039;assistance Antech.<\/li>\n<\/ul>\n<\/div>\n<\/div>\n\n\n\n<div style=\"height:100px\" aria-hidden=\"true\" class=\"wp-block-spacer\"><\/div>\n\n\n\n<h3 class=\"wp-block-heading is-style-heading-3-primary-bold\">Interface utilisateur<\/h3>\n\n\n\n<hr class=\"wp-block-separator has-alpha-channel-opacity\"\/>\n\n\n<style>\r\n.ftm-carousel-block .carousel-btn {\r\n  background-color: #24144C;\r\n}\r\n.ftm-carousel-block .carousel-btn:hover {\r\n  background-color: #016357;\r\n}\r\n<\/style>\r\n<div class=\"carousel-wrapper ftm-carousel-block has-controls controls-inline hide-scrollbar\"\r\n     data-thumb-count=\"3\"\r\n     data-visible-count=\"1\"\r\n     data-image-gap=\"0rem\">\r\n\r\n    \r\n    <div class=\"acf-ftm-carousel-gallery\" >\r\n        <figure class=\"wp-block-image\"\r\n    style=\"flex: 0 0 calc(100% - 0px); margin-right: 0px;\">\r\n\r\n            <a href=\"https:\/\/uat.antechdiagnostics.com\/wp-content\/uploads\/2025\/08\/HealthTracks_Notification-Announcement_iPhone_Mockup_1-scaled.png\" class=\"glightbox\" data-gallery=\"carousel-block_5cb9b23be3eebd93bf3c77b9819061d5\">\r\n            <img decoding=\"async\" src=\"https:\/\/uat.antechdiagnostics.com\/wp-content\/uploads\/2025\/08\/HealthTracks_Notification-Announcement_iPhone_Mockup_1-768x827.png\"\r\n                 alt=\"\" \/>\r\n        <\/a>\r\n    \r\n<\/figure>\r\n        <figure class=\"wp-block-image\"\r\n    style=\"flex: 0 0 calc(100% - 0px); margin-right: 0px;\">\r\n\r\n            <a href=\"https:\/\/uat.antechdiagnostics.com\/wp-content\/uploads\/2025\/08\/HealthTracks_Notification-Update_iPhone_Mockup_1-scaled.png\" class=\"glightbox\" data-gallery=\"carousel-block_5cb9b23be3eebd93bf3c77b9819061d5\">\r\n            <img decoding=\"async\" src=\"https:\/\/uat.antechdiagnostics.com\/wp-content\/uploads\/2025\/08\/HealthTracks_Notification-Update_iPhone_Mockup_1-768x827.png\"\r\n                 alt=\"\" \/>\r\n        <\/a>\r\n    \r\n<\/figure>\r\n        <figure class=\"wp-block-image\"\r\n    style=\"flex: 0 0 calc(100% - 0px); margin-right: 0px;\">\r\n\r\n            <a href=\"https:\/\/uat.antechdiagnostics.com\/wp-content\/uploads\/2025\/08\/HealthTracks_Test-Order-and-Results_iPhone_Mockup_1-scaled.png\" class=\"glightbox\" data-gallery=\"carousel-block_5cb9b23be3eebd93bf3c77b9819061d5\">\r\n            <img decoding=\"async\" src=\"https:\/\/uat.antechdiagnostics.com\/wp-content\/uploads\/2025\/08\/HealthTracks_Test-Order-and-Results_iPhone_Mockup_1-768x827.png\"\r\n                 alt=\"\" \/>\r\n        <\/a>\r\n    \r\n<\/figure>\r\n        <figure class=\"wp-block-image\"\r\n    style=\"flex: 0 0 calc(100% - 0px); margin-right: 0px;\">\r\n\r\n            <a href=\"https:\/\/uat.antechdiagnostics.com\/wp-content\/uploads\/2025\/08\/HealthTracks_Test-Order-and-Results_iPhone_Mockup_2-scaled.png\" class=\"glightbox\" data-gallery=\"carousel-block_5cb9b23be3eebd93bf3c77b9819061d5\">\r\n            <img decoding=\"async\" src=\"https:\/\/uat.antechdiagnostics.com\/wp-content\/uploads\/2025\/08\/HealthTracks_Test-Order-and-Results_iPhone_Mockup_2-768x827.png\"\r\n                 alt=\"\" \/>\r\n        <\/a>\r\n    \r\n<\/figure>\r\n        <figure class=\"wp-block-image\"\r\n    style=\"flex: 0 0 calc(100% - 0px); margin-right: 0px;\">\r\n\r\n            <a href=\"https:\/\/uat.antechdiagnostics.com\/wp-content\/uploads\/2025\/08\/HealthTracks_Test-Results_iPhone_Mockup_1-scaled.png\" class=\"glightbox\" data-gallery=\"carousel-block_5cb9b23be3eebd93bf3c77b9819061d5\">\r\n            <img decoding=\"async\" src=\"https:\/\/uat.antechdiagnostics.com\/wp-content\/uploads\/2025\/08\/HealthTracks_Test-Results_iPhone_Mockup_1-768x827.png\"\r\n                 alt=\"\" \/>\r\n        <\/a>\r\n    \r\n<\/figure>\r\n        <figure class=\"wp-block-image\"\r\n    style=\"flex: 0 0 calc(100% - 0px); margin-right: 0px;\">\r\n\r\n            <a href=\"https:\/\/uat.antechdiagnostics.com\/wp-content\/uploads\/2025\/08\/HealthTracks_Test-Results-Trend-Chart_iPhone_Mockup_1-scaled.png\" class=\"glightbox\" data-gallery=\"carousel-block_5cb9b23be3eebd93bf3c77b9819061d5\">\r\n            <img decoding=\"async\" src=\"https:\/\/uat.antechdiagnostics.com\/wp-content\/uploads\/2025\/08\/HealthTracks_Test-Results-Trend-Chart_iPhone_Mockup_1-768x827.png\"\r\n                 alt=\"\" \/>\r\n        <\/a>\r\n    \r\n<\/figure>\r\n        <figure class=\"wp-block-image\"\r\n    style=\"flex: 0 0 calc(100% - 0px); margin-right: 0px;\">\r\n\r\n            <a href=\"https:\/\/uat.antechdiagnostics.com\/wp-content\/uploads\/2025\/08\/HealthTracks_Test-Results-Trend-Chart_iPhone_Mockup_2-scaled.png\" class=\"glightbox\" data-gallery=\"carousel-block_5cb9b23be3eebd93bf3c77b9819061d5\">\r\n            <img decoding=\"async\" src=\"https:\/\/uat.antechdiagnostics.com\/wp-content\/uploads\/2025\/08\/HealthTracks_Test-Results-Trend-Chart_iPhone_Mockup_2-768x827.png\"\r\n                 alt=\"\" \/>\r\n        <\/a>\r\n    \r\n<\/figure>\r\n        <figure class=\"wp-block-image\"\r\n    style=\"flex: 0 0 calc(100% - 0px); margin-right: 0px;\">\r\n\r\n            <a href=\"https:\/\/uat.antechdiagnostics.com\/wp-content\/uploads\/2025\/08\/HealthTracks_Announcement_iPhone_Mockup_1-scaled.png\" class=\"glightbox\" data-gallery=\"carousel-block_5cb9b23be3eebd93bf3c77b9819061d5\">\r\n            <img decoding=\"async\" src=\"https:\/\/uat.antechdiagnostics.com\/wp-content\/uploads\/2025\/08\/HealthTracks_Announcement_iPhone_Mockup_1-768x827.png\"\r\n                 alt=\"\" \/>\r\n        <\/a>\r\n    \r\n<\/figure>\r\n        <figure class=\"wp-block-image\"\r\n    style=\"flex: 0 0 calc(100% - 0px); margin-right: 0px;\">\r\n\r\n            <a href=\"https:\/\/uat.antechdiagnostics.com\/wp-content\/uploads\/2025\/08\/HealthTracks_Biometrics_iPhone_Mockup_1-scaled.png\" class=\"glightbox\" data-gallery=\"carousel-block_5cb9b23be3eebd93bf3c77b9819061d5\">\r\n            <img decoding=\"async\" src=\"https:\/\/uat.antechdiagnostics.com\/wp-content\/uploads\/2025\/08\/HealthTracks_Biometrics_iPhone_Mockup_1-768x827.png\"\r\n                 alt=\"\" \/>\r\n        <\/a>\r\n    \r\n<\/figure>\r\n        <figure class=\"wp-block-image\"\r\n    style=\"flex: 0 0 calc(100% - 0px); margin-right: 0px;\">\r\n\r\n            <a href=\"https:\/\/uat.antechdiagnostics.com\/wp-content\/uploads\/2025\/08\/HealthTracks_Contact-Us-Help_iPhone_Mockup_1-scaled.png\" class=\"glightbox\" data-gallery=\"carousel-block_5cb9b23be3eebd93bf3c77b9819061d5\">\r\n            <img decoding=\"async\" src=\"https:\/\/uat.antechdiagnostics.com\/wp-content\/uploads\/2025\/08\/HealthTracks_Contact-Us-Help_iPhone_Mockup_1-768x827.png\"\r\n                 alt=\"\" \/>\r\n        <\/a>\r\n    \r\n<\/figure>\r\n            <\/div>\r\n\r\n    <\/div>\n\n\n<div style=\"height:100px\" aria-hidden=\"true\" class=\"wp-block-spacer\"><\/div>\n\n\n\n<div class=\"wp-block-firsttracks-page-section alignwide is-section-cta is-style-section-5 has-global-padding is-layout-constrained wp-block-firsttracks-page-section-is-layout-constrained\">\n<div class=\"wp-block-columns alignwide is-layout-flex wp-container-core-columns-is-layout-28f84493 wp-block-columns-is-layout-flex\">\n<div class=\"wp-block-column is-vertically-aligned-center is-layout-flow wp-block-column-is-layout-flow\" style=\"flex-basis:70%\">\n<div class=\"wp-block-group has-global-padding is-layout-constrained wp-block-group-is-layout-constrained\">\n<h2 class=\"wp-block-heading\"><strong>T\u00e9l\u00e9chargez l&#039;application pour acc\u00e9der instantan\u00e9ment \u00e0 vos r\u00e9sultats. <\/strong><\/h2>\n\n\n\n<div class=\"wp-block-buttons is-layout-flex wp-block-buttons-is-layout-flex\">\n<div class=\"wp-block-button\"><a class=\"wp-block-button__link wp-element-button\" href=\"https:\/\/apps.apple.com\/us\/app\/healthtracks-powered-by-antech\/id6677058734\" target=\"_blank\" rel=\"noreferrer noopener\">T\u00e9l\u00e9charger pour iOS<\/a><\/div>\n<\/div>\n\n\n\n<div class=\"wp-block-buttons is-layout-flex wp-block-buttons-is-layout-flex\">\n<div class=\"wp-block-button\"><a class=\"wp-block-button__link wp-element-button\" href=\"https:\/\/play.google.com\/store\/apps\/details?id=com.antechdiagnostics.healthtracks&amp;hl=en_US\" target=\"_blank\" rel=\"noreferrer noopener\">T\u00e9l\u00e9charger pour Android<\/a><\/div>\n<\/div>\n\n\n\n<p><strong>Connectez-vous \u00e0 l&#039;application avec vos identifiants HealthTracks.<\/strong><\/p>\n\n\n\n<p>Besoin d&#039;aide\u00a0? Appelez le support technique HealthTracks au&nbsp;<strong>844-674-4422<\/strong>.<\/p>\n<\/div>\n<\/div>\n\n\n\n<div class=\"wp-block-column is-layout-flow wp-block-column-is-layout-flow\" style=\"flex-basis:30%\">\n<figure class=\"wp-block-image alignright size-full\"><img loading=\"lazy\" decoding=\"async\" width=\"5153\" height=\"7726\" src=\"\/wp-content\/uploads\/2025\/05\/Antech_Thriving_Practice_9_RGB.png\" alt=\"\" class=\"wp-image-28240\" srcset=\"https:\/\/uat.antechdiagnostics.com\/wp-content\/uploads\/2025\/05\/Antech_Thriving_Practice_9_RGB.png 5153w, https:\/\/uat.antechdiagnostics.com\/wp-content\/uploads\/2025\/05\/Antech_Thriving_Practice_9_RGB-200x300.png 200w, https:\/\/uat.antechdiagnostics.com\/wp-content\/uploads\/2025\/05\/Antech_Thriving_Practice_9_RGB-683x1024.png 683w, https:\/\/uat.antechdiagnostics.com\/wp-content\/uploads\/2025\/05\/Antech_Thriving_Practice_9_RGB-768x1151.png 768w, https:\/\/uat.antechdiagnostics.com\/wp-content\/uploads\/2025\/05\/Antech_Thriving_Practice_9_RGB-1024x1536.png 1024w, https:\/\/uat.antechdiagnostics.com\/wp-content\/uploads\/2025\/05\/Antech_Thriving_Practice_9_RGB-8x12.png 8w\" sizes=\"auto, (max-width: 5153px) 100vw, 5153px\" \/><\/figure>\n<\/div>\n<\/div>\n<\/div>","protected":false},"excerpt":{"rendered":"<p>D\u00e9couvrez HealthTracks Mobile\u00a0: acc\u00e9dez instantan\u00e9ment \u00e0 vos r\u00e9sultats d\u2019analyses, quand vous le souhaitez. Interface utilisateur<\/p>","protected":false},"author":5,"featured_media":0,"parent":9,"menu_order":6,"comment_status":"closed","ping_status":"closed","template":"","meta":{"_acf_changed":false,"content-type":"","footnotes":""},"service-area":[],"class_list":["post-28196","page","type-page","status-publish","hentry"],"acf":[],"publishpress_future_action":{"enabled":false,"date":"2026-05-13 08:21:08","action":"change-status","newStatus":"draft","terms":[],"taxonomy":"service-area","extraData":[]},"publishpress_future_workflow_manual_trigger":{"enabledWorkflows":[]},"_links":{"self":[{"href":"https:\/\/uat.antechdiagnostics.com\/fr_ca\/wp-json\/wp\/v2\/pages\/28196","targetHints":{"allow":["GET"]}}],"collection":[{"href":"https:\/\/uat.antechdiagnostics.com\/fr_ca\/wp-json\/wp\/v2\/pages"}],"about":[{"href":"https:\/\/uat.antechdiagnostics.com\/fr_ca\/wp-json\/wp\/v2\/types\/page"}],"author":[{"embeddable":true,"href":"https:\/\/uat.antechdiagnostics.com\/fr_ca\/wp-json\/wp\/v2\/users\/5"}],"replies":[{"embeddable":true,"href":"https:\/\/uat.antechdiagnostics.com\/fr_ca\/wp-json\/wp\/v2\/comments?post=28196"}],"version-history":[{"count":1,"href":"https:\/\/uat.antechdiagnostics.com\/fr_ca\/wp-json\/wp\/v2\/pages\/28196\/revisions"}],"predecessor-version":[{"id":30882,"href":"https:\/\/uat.antechdiagnostics.com\/fr_ca\/wp-json\/wp\/v2\/pages\/28196\/revisions\/30882"}],"up":[{"embeddable":true,"href":"https:\/\/uat.antechdiagnostics.com\/fr_ca\/wp-json\/wp\/v2\/pages\/9"}],"wp:attachment":[{"href":"https:\/\/uat.antechdiagnostics.com\/fr_ca\/wp-json\/wp\/v2\/media?parent=28196"}],"wp:term":[{"taxonomy":"service-area","embeddable":true,"href":"https:\/\/uat.antechdiagnostics.com\/fr_ca\/wp-json\/wp\/v2\/service-area?post=28196"}],"curies":[{"name":"wp","href":"https:\/\/api.w.org\/{rel}","templated":true}]}}