    {"id":28279,"date":"2025-05-20T09:45:00","date_gmt":"2025-05-20T13:45:00","guid":{"rendered":"\/?page_id=28279"},"modified":"2026-02-04T11:49:39","modified_gmt":"2026-02-04T16:49:39","slug":"lecture-rapide-dentaire","status":"publish","type":"page","link":"https:\/\/uat.antechdiagnostics.com\/fr_ca\/imaging-services\/rapidread-dental\/","title":{"rendered":"RapidRead\u2122 dentaire"},"content":{"rendered":"<div class=\"wp-block-firsttracks-page-section alignfull is-section-hero is-style-section-1 has-global-padding is-layout-constrained wp-block-firsttracks-page-section-is-layout-constrained\">\n<div class=\"wp-block-columns alignwide is-layout-flex wp-container-core-columns-is-layout-28f84493 wp-block-columns-is-layout-flex\">\n<div class=\"wp-block-column is-vertically-aligned-center is-layout-flow wp-block-column-is-layout-flow\" style=\"flex-basis:50%\">\n<p class=\"is-style-body-secondary-bold\"><a href=\"\/fr_ca\/services-dimagerie\/\" data-type=\"page\" data-id=\"123\">Services d&#039;imagerie<\/a><\/p>\n\n\n\n<h1 class=\"wp-block-heading is-style-display-primary-bold\">RapidRead\u2122 dentaire<\/h1>\n\n\n\n<p><strong>Maintenant disponible pour les chats !<\/strong><\/p>\n\n\n\n<p>Outil d&#039;interpr\u00e9tation de radiographies dentaires bas\u00e9 sur l&#039;IA d\u00e9velopp\u00e9 par des dentistes v\u00e9t\u00e9rinaires certifi\u00e9s.&nbsp;&nbsp;<\/p>\n\n\n\n<p>Le seul outil dentaire aliment\u00e9 par l&#039;IA qui fournit une analyse dent par dent en moins de 10 minutes.&nbsp;&nbsp;<\/p>\n\n\n\n<div class=\"wp-block-buttons is-layout-flex wp-block-buttons-is-layout-flex\">\n<div class=\"wp-block-button has-icon__arrow-narrow-right\"><a class=\"wp-block-button__link wp-element-button\" href=\"\/fr_ca\/services-dimagerie\/lecture-rapide\/formulaire-dactivation-de-rapidread\/\" target=\"_blank\" rel=\"noreferrer noopener\">Activer RapidRead\u2122 Dental<span class=\"wp-block-button__link-icon\" aria-hidden=\"true\"><svg xmlns='http:\/\/www.w3.org\/2000\/svg' viewbox='0 0 24 24'><path fill-rule='evenodd' d='m16.58 11.012-2.29-2.285v-.01a.987.987 0 0 1 0-1.418.992.992 0 0 1 1.42 0l4 3.992c.236.23.33.554.28.86a1 1 0 0 1-.39.656L15.7 16.7c-.19.18-.45.289-.71.289L15 17c-.27 0-.53-.11-.71-.29a.996.996 0 0 1-.01-1.417v-.01l2.28-2.275H5c-.56 0-1-.45-1-.998a.99.99 0 0 1 1-.998h11.58Z' clip-rule='evenodd'\/><\/svg><\/span><\/a><\/div>\n\n\n\n<div class=\"wp-block-button has-icon__arrow-narrow-right\"><a class=\"wp-block-button__link wp-element-button\" href=\"\/fr_ca\/services-dimagerie\/registre\/\">Cr\u00e9er un compte<span class=\"wp-block-button__link-icon\" aria-hidden=\"true\"><svg xmlns='http:\/\/www.w3.org\/2000\/svg' viewbox='0 0 24 24'><path fill-rule='evenodd' d='m16.58 11.012-2.29-2.285v-.01a.987.987 0 0 1 0-1.418.992.992 0 0 1 1.42 0l4 3.992c.236.23.33.554.28.86a1 1 0 0 1-.39.656L15.7 16.7c-.19.18-.45.289-.71.289L15 17c-.27 0-.53-.11-.71-.29a.996.996 0 0 1-.01-1.417v-.01l2.28-2.275H5c-.56 0-1-.45-1-.998a.99.99 0 0 1 1-.998h11.58Z' clip-rule='evenodd'\/><\/svg><\/span><\/a><\/div>\n<\/div>\n<\/div>\n\n\n\n<div class=\"wp-block-column is-layout-flow wp-block-column-is-layout-flow\" style=\"flex-basis:50%\">\n<div class=\"wp-block-group has-global-padding is-layout-constrained wp-block-group-is-layout-constrained\">\n<figure class=\"wp-block-image size-full wp-container-content-d8344436\"><img loading=\"lazy\" decoding=\"async\" width=\"799\" height=\"570\" src=\"\/wp-content\/uploads\/2025\/05\/AIS-Dental-Page.jpg\" alt=\"\" class=\"wp-image-28319\" style=\"aspect-ratio:4\/3;object-fit:cover\" srcset=\"https:\/\/uat.antechdiagnostics.com\/wp-content\/uploads\/2025\/05\/AIS-Dental-Page.jpg 799w, https:\/\/uat.antechdiagnostics.com\/wp-content\/uploads\/2025\/05\/AIS-Dental-Page-300x214.jpg 300w, https:\/\/uat.antechdiagnostics.com\/wp-content\/uploads\/2025\/05\/AIS-Dental-Page-768x548.jpg 768w, https:\/\/uat.antechdiagnostics.com\/wp-content\/uploads\/2025\/05\/AIS-Dental-Page-18x12.jpg 18w\" sizes=\"auto, (max-width: 799px) 100vw, 799px\" \/><\/figure>\n<\/div>\n<\/div>\n<\/div>\n<\/div>\n\n\n\n<div class=\"wp-block-firsttracks-page-section alignfull is-section-content is-text-action has-global-padding is-layout-constrained wp-block-firsttracks-page-section-is-layout-constrained\">\n<div class=\"wp-block-columns alignwide is-layout-flex wp-container-core-columns-is-layout-28f84493 wp-block-columns-is-layout-flex\">\n<div class=\"wp-block-column is-layout-flow wp-block-column-is-layout-flow\" style=\"flex-basis:50%\">\n<h2 class=\"wp-block-heading is-style-heading-2-primary-bold\"><strong>Analyse de niveau expert, sans attente<\/strong>&nbsp;<\/h2>\n<\/div>\n\n\n\n<div class=\"wp-block-column is-layout-flow wp-block-column-is-layout-flow\" style=\"flex-basis:50%\">\n<ul class=\"wp-block-list\">\n<li>Annotations dent par dent pour identifier et documenter avec pr\u00e9cision les pathologies de chaque dent&nbsp;<\/li>\n\n\n\n<li>Technologie de pointe d\u00e9velopp\u00e9e \u00e0 l&#039;aide d&#039;un algorithme d&#039;apprentissage profond, form\u00e9 sur plus de 55 000 images et plus de 275 000 dents&nbsp;<\/li>\n\n\n\n<li>R\u00e9sultats rapide en <strong>moins de dix minutes<\/strong>&nbsp;<\/li>\n<\/ul>\n\n\n\n<div style=\"height:50px\" aria-hidden=\"true\" class=\"wp-block-spacer\"><\/div>\n<\/div>\n<\/div>\n<\/div>\n\n\n\n<hr class=\"wp-block-separator alignfull has-alpha-channel-opacity\"\/>\n\n\n\n<div class=\"wp-block-firsttracks-page-section alignfull is-section-content is-text-action has-global-padding is-layout-constrained wp-block-firsttracks-page-section-is-layout-constrained\">\n<div class=\"wp-block-columns alignwide is-layout-flex wp-container-core-columns-is-layout-28f84493 wp-block-columns-is-layout-flex\">\n<div class=\"wp-block-column is-layout-flow wp-block-column-is-layout-flow\" style=\"flex-basis:50%\">\n<h2 class=\"wp-block-heading is-style-heading-2-primary-bold\"><strong>Des flux de travail plus intelligents, de meilleurs r\u00e9sultats<\/strong>&nbsp;<\/h2>\n<\/div>\n\n\n\n<div class=\"wp-block-column is-layout-flow wp-block-column-is-layout-flow\" style=\"flex-basis:50%\">\n<ul class=\"wp-block-list\">\n<li>Identifiez et traitez les maladies dentaires en toute confiance en une seule visite \u2014 r\u00e9duisez le besoin d'une deuxi\u00e8me anesth\u00e9sie&nbsp;<\/li>\n\n\n\n<li>Le rapport d\u00e9taill\u00e9 \u00e9tiquette chaque image avec un num\u00e9ro de dent pour chaque dent.&nbsp;&nbsp;<\/li>\n\n\n\n<li>Gagnez du temps et am\u00e9liorez la rapidit\u00e9 de l'interpr\u00e9tation, du flux de travail et de la gestion des dossiers&nbsp;<\/li>\n<\/ul>\n\n\n\n<div style=\"height:50px\" aria-hidden=\"true\" class=\"wp-block-spacer\"><\/div>\n<\/div>\n<\/div>\n<\/div>\n\n\n\n<div class=\"wp-block-firsttracks-page-section alignfull is-section-list is-list-text is-style-section-4 has-global-padding is-layout-constrained wp-block-firsttracks-page-section-is-layout-constrained\">\n<div class=\"wp-block-columns alignwide is-layout-flex wp-container-core-columns-is-layout-28f84493 wp-block-columns-is-layout-flex\">\n<div class=\"wp-block-column is-layout-flow wp-block-column-is-layout-flow\" style=\"flex-basis:50%\">\n<h2 class=\"wp-block-heading is-style-heading-2-primary-bold\"><strong>Pourquoi les v\u00e9t\u00e9rinaires font confiance \u00e0 RapidRead dentaire<\/strong>&nbsp;<\/h2>\n\n\n\n<p><\/p>\n\n\n\n<p class=\"is-style-default\">Le service de radiologie RapidRead est devenu un \u00e9l\u00e9ment essentiel de mes interventions dentaires. Il fournit des rapports rapides et pr\u00e9cis qui ont non seulement r\u00e9duit mon temps d'anesth\u00e9sie, mais ont \u00e9galement am\u00e9lior\u00e9 les soins aux patients. Les rapports g\u00e9n\u00e9r\u00e9s sont faciles \u00e0 lire et m'ont guid\u00e9 dans la prise de d\u00e9cision la plus judicieuse pour mes patients, en d\u00e9tectant des anomalies que j'aurais manqu\u00e9es au premier coup d'\u0153il. Ce service est exceptionnel et je le recommande vivement \u00e0 tous ceux qui pratiquent des interventions dentaires.<br><br><strong>- Chelsey Martin DVM de l&#039;h\u00f4pital pour animaux de compagnie Waipahu Waikele<\/strong>&nbsp;<\/p>\n<\/div>\n\n\n\n<div class=\"wp-block-column is-layout-flow wp-block-column-is-layout-flow\" style=\"flex-basis:50%\">\n<details class=\"wp-block-details is-layout-flow wp-block-details-is-layout-flow\"><summary><strong>Des informations de niveau expert sans attente<\/strong>&nbsp;<\/summary>\n<p>Obtenez une analyse de haute confiance sans attendre un rapport sp\u00e9cialis\u00e9.&nbsp;&nbsp;<\/p>\n<\/details>\n\n\n\n<details class=\"wp-block-details is-layout-flow wp-block-details-is-layout-flow\"><summary><strong>Diagnostiquer et traiter en une seule visite<\/strong>&nbsp;<\/summary>\n<p>Effectuez les proc\u00e9dures pendant que votre patient est encore sous anesth\u00e9sie, r\u00e9duisant ainsi les risques, les co\u00fbts et le stress pour toutes les personnes impliqu\u00e9es.&nbsp;<\/p>\n<\/details>\n\n\n\n<details class=\"wp-block-details is-layout-flow wp-block-details-is-layout-flow\"><summary><strong>Assister les m\u00e9decins g\u00e9n\u00e9ralistes<\/strong>&nbsp;<\/summary>\n<p>RapidRead vous aide \u00e0 rep\u00e9rer en toute confiance les pathologies potentiellement cach\u00e9es, permettant ainsi de prendre des d\u00e9cisions de traitement rapides.&nbsp;<\/p>\n<\/details>\n\n\n\n<details class=\"wp-block-details is-layout-flow wp-block-details-is-layout-flow\"><summary><strong>Gagnez du temps. Simplifiez vos flux de travail.<\/strong>&nbsp;<\/summary>\n<p>Num\u00e9rotation automatis\u00e9e des dents, annotation de pathologie et g\u00e9n\u00e9ration de rapports \u2014 \u00e9liminant la saisie manuelle et permettant de gagner un temps pr\u00e9cieux pour le technicien.&nbsp;<\/p>\n<\/details>\n\n\n\n<details class=\"wp-block-details is-layout-flow wp-block-details-is-layout-flow\"><summary><strong>Am\u00e9liorer la communication et la conformit\u00e9 avec les clients<\/strong>&nbsp;<\/summary>\n<p>Des rapports clairs et annot\u00e9s visuellement facilitent l\u2019explication des traitements recommand\u00e9s et augmentent l\u2019observance du client.&nbsp;<\/p>\n<\/details>\n<\/div>\n<\/div>\n<\/div>\n\n\n\n<div class=\"wp-block-firsttracks-page-section alignfull is-section-list is-list-text is-style-section-1 has-global-padding is-layout-constrained wp-block-firsttracks-page-section-is-layout-constrained\">\n<div class=\"wp-block-columns alignwide is-layout-flex wp-container-core-columns-is-layout-28f84493 wp-block-columns-is-layout-flex\">\n<div class=\"wp-block-column is-layout-flow wp-block-column-is-layout-flow\" style=\"flex-basis:50%\">\n<h2 class=\"wp-block-heading is-style-heading-2-primary-bold\">R\u00e9sultats dentaires RapidRead\u2122 \u2013 Une liste en constante expansion<\/h2>\n\n\n\n<p class=\"is-style-default\"><br><\/p>\n<\/div>\n\n\n\n<div class=\"wp-block-column is-layout-flow wp-block-column-is-layout-flow\" style=\"flex-basis:50%\">\n<details class=\"wp-block-details is-layout-flow wp-block-details-is-layout-flow\"><summary>Chiens<\/summary>\n<ul class=\"wp-block-list\">\n<li>Identifier les dents \u00e0 l&#039;aide du syst\u00e8me de num\u00e9rotation des dents Triadan<\/li>\n\n\n\n<li>Image non diagnostique (par exemple en raison d&#039;un raccourcissement, d&#039;un allongement ou d&#039;une coupe conique)<\/li>\n\n\n\n<li>Pathologies identifi\u00e9es pour chaque dent<\/li>\n\n\n\n<li>Stade de la parodontite :\n<ul class=\"wp-block-list\">\n<li>Aucune perte osseuse (parodontite de stade 0 ou de stade 1)<\/li>\n\n\n\n<li>&lt;25% perte osseuse horizontale (parodontite de stade 2)<\/li>\n\n\n\n<li>25-50% perte osseuse horizontale (parodontite de stade 3)<\/li>\n\n\n\n<li>&gt;50% perte osseuse horizontale (parodontite de stade 4)<\/li>\n<\/ul>\n<\/li>\n\n\n\n<li>Parodontite apicale (clart\u00e9 p\u00e9riapicale)<\/li>\n\n\n\n<li>Dent non vitale (incisives et canines)<\/li>\n\n\n\n<li>Dent manquante<\/li>\n\n\n\n<li>Racine r\u00e9siduelle<\/li>\n<\/ul>\n<\/details>\n\n\n\n<details class=\"wp-block-details is-layout-flow wp-block-details-is-layout-flow\"><summary>Maintenant disponible pour les chats<\/summary>\n<ul class=\"wp-block-list\">\n<li>Identifier les dents \u00e0 l&#039;aide du syst\u00e8me de num\u00e9rotation des dents Triadan<\/li>\n\n\n\n<li>Pathologies identifi\u00e9es pour chaque dent<\/li>\n\n\n\n<li>Stade de la parodontite :\n<ul class=\"wp-block-list\">\n<li>Aucune perte osseuse (parodontite de stade 0 ou de stade 1)<\/li>\n\n\n\n<li>&lt;25% perte osseuse horizontale (parodontite de stade 2)<\/li>\n\n\n\n<li>25-50% perte osseuse horizontale (parodontite de stade 3)<\/li>\n\n\n\n<li>&gt;50% perte osseuse horizontale (parodontite de stade 4)<\/li>\n<\/ul>\n<\/li>\n\n\n\n<li>R\u00e9sorption dentaire\n<ul class=\"wp-block-list\">\n<li>Type I<\/li>\n\n\n\n<li>Type II<\/li>\n\n\n\n<li>Type III<\/li>\n\n\n\n<li>R\u00e9sorption radiculaire uniquement<\/li>\n<\/ul>\n<\/li>\n\n\n\n<li>Dent manquante<\/li>\n\n\n\n<li>Image non diagnostique (par exemple en raison d&#039;un raccourcissement, d&#039;un allongement ou d&#039;une coupe conique)<\/li>\n<\/ul>\n<\/details>\n<\/div>\n<\/div>\n<\/div>\n\n\n\n<div class=\"wp-block-firsttracks-page-section alignfull is-section-list is-list-text is-style-section-3 has-global-padding is-layout-constrained wp-block-firsttracks-page-section-is-layout-constrained\">\n<div class=\"wp-block-columns alignwide is-layout-flex wp-container-core-columns-is-layout-28f84493 wp-block-columns-is-layout-flex\">\n<div class=\"wp-block-column is-layout-flow wp-block-column-is-layout-flow\" style=\"flex-basis:50%\">\n<h2 class=\"wp-block-heading is-style-heading-2-primary-bold\">Ressources<\/h2>\n<\/div>\n\n\n\n<div class=\"wp-block-column is-layout-flow wp-block-column-is-layout-flow\" style=\"flex-basis:50%\">\n<div class=\"wp-block-group is-list-item is-vertical is-layout-flex wp-container-core-group-is-layout-fe9cc265 wp-block-group-is-layout-flex\">\n<h3 class=\"wp-block-heading is-style-title-1-primary-bold\">Comment soumettre une radiographie<\/h3>\n\n\n\n<div class=\"wp-block-buttons is-layout-flex wp-block-buttons-is-layout-flex\">\n\n\n<div class=\"wp-block-button has-icon__download\"><a class=\"wp-block-button__link wp-element-button\" href=\"https:\/\/view-su2.highspot.com\/viewer\/3f90bb5e2cd88d590439c81d95c6ed00#1\" target=\"_blank\" rel=\"noreferrer noopener\">T\u00e9l\u00e9charger<span class=\"wp-block-button__link-icon\" aria-hidden=\"true\"><svg xmlns='http:\/\/www.w3.org\/2000\/svg' viewbox='0 0 24 24'><path fill-rule='evenodd' d='M11.559 16.899a1.001 1.001 0 0 0 1.033-.094c.041-.03.081-.062.118-.097l5-5c.39-.4.39-1.03 0-1.42a.991.991 0 0 0-1.42 0l-3.29 3.3V4c0-.56-.45-1-1-1-.56 0-1 .44-1 1v9.586L7.71 10.29a.991.991 0 0 0-1.42 0 .99.99 0 0 0 0 1.42l5 5a.98.98 0 0 0 .269.19ZM21 19c0 1.65-1.35 3-3 3H6c-1.66 0-3-1.35-3-3v-2c0-.56.44-1 1-1 .55 0 1 .44 1 1v2c0 .55.44 1 1 1h12c.55 0 1-.45 1-1v-2c0-.56.44-1 1-1 .55 0 1 .44 1 1v2Z' clip-rule='evenodd'\/><\/svg><\/span><\/a><\/div>\n<\/div>\n<\/div>\n\n\n\n\n\n\n<\/div>\n<\/div>\n\n\n\n<div class=\"wp-block-firsttracks-page-section alignfull is-section-list is-list-text is-style-section-3 has-global-padding is-layout-constrained wp-block-firsttracks-page-section-is-layout-constrained\">\n<div class=\"wp-block-columns alignwide is-layout-flex wp-container-core-columns-is-layout-28f84493 wp-block-columns-is-layout-flex\">\n<div class=\"wp-block-column is-layout-flow wp-block-column-is-layout-flow\" style=\"flex-basis:50%\">\n<h2 class=\"wp-block-heading is-style-heading-2-primary-bold\">Vous avez des questions sur les services d\u2019imagerie\u00a0?<\/h2>\n\n\n\n<p class=\"is-style-label-2-secondary-small-regular\">Remplissez le formulaire et un repr\u00e9sentant d'Antech vous contactera.<\/p>\n<\/div>\n\n\n\n<div class=\"wp-block-column is-layout-flow wp-block-column-is-layout-flow\" style=\"flex-basis:50%\">\n<p><\/p>\n\n\n\n<div class=\"wp-block-leadin-hubspot-form-block\">\n\t\t\t<div\n\t\t\tclass=\"hs-form-frame\"\n\t\t\tdata-region=\"na1\"\n\t\t\tdata-form-id=\"0f216108-772d-4522-974e-215415637c80\"\n\t\t\tdata-portal-id=\"4747723\"\n\t\t\t >\n\t\t\t<\/div>\n\t\t\t<\/div>\n<\/div>\n<\/div>\n<\/div>\n<\/div>","protected":false},"excerpt":{"rendered":"","protected":false},"author":5,"featured_media":0,"parent":123,"menu_order":1,"comment_status":"closed","ping_status":"closed","template":"","meta":{"_acf_changed":false,"content-type":"","footnotes":""},"service-area":[],"class_list":["post-28279","page","type-page","status-publish","hentry"],"acf":[],"publishpress_future_action":{"enabled":false,"date":"2026-05-13 13:35:03","action":"change-status","newStatus":"draft","terms":[],"taxonomy":"service-area","extraData":[]},"publishpress_future_workflow_manual_trigger":{"enabledWorkflows":[]},"_links":{"self":[{"href":"https:\/\/uat.antechdiagnostics.com\/fr_ca\/wp-json\/wp\/v2\/pages\/28279","targetHints":{"allow":["GET"]}}],"collection":[{"href":"https:\/\/uat.antechdiagnostics.com\/fr_ca\/wp-json\/wp\/v2\/pages"}],"about":[{"href":"https:\/\/uat.antechdiagnostics.com\/fr_ca\/wp-json\/wp\/v2\/types\/page"}],"author":[{"embeddable":true,"href":"https:\/\/uat.antechdiagnostics.com\/fr_ca\/wp-json\/wp\/v2\/users\/5"}],"replies":[{"embeddable":true,"href":"https:\/\/uat.antechdiagnostics.com\/fr_ca\/wp-json\/wp\/v2\/comments?post=28279"}],"version-history":[{"count":0,"href":"https:\/\/uat.antechdiagnostics.com\/fr_ca\/wp-json\/wp\/v2\/pages\/28279\/revisions"}],"up":[{"embeddable":true,"href":"https:\/\/uat.antechdiagnostics.com\/fr_ca\/wp-json\/wp\/v2\/pages\/123"}],"wp:attachment":[{"href":"https:\/\/uat.antechdiagnostics.com\/fr_ca\/wp-json\/wp\/v2\/media?parent=28279"}],"wp:term":[{"taxonomy":"service-area","embeddable":true,"href":"https:\/\/uat.antechdiagnostics.com\/fr_ca\/wp-json\/wp\/v2\/service-area?post=28279"}],"curies":[{"name":"wp","href":"https:\/\/api.w.org\/{rel}","templated":true}]}}