    {"id":28526,"date":"2025-06-12T13:54:05","date_gmt":"2025-06-12T17:54:05","guid":{"rendered":"\/?page_id=28526"},"modified":"2025-12-15T14:05:08","modified_gmt":"2025-12-15T19:05:08","slug":"meilleures-pratiques-en-pathologie","status":"publish","type":"page","link":"https:\/\/uat.antechdiagnostics.com\/fr_ca\/reference-lab\/diagnostics\/pathology-best-practices\/","title":{"rendered":"Meilleures pratiques de soumission de pathologie"},"content":{"rendered":"<div class=\"wp-block-firsttracks-page-section alignfull is-section-hero is-style-section-1 has-global-padding is-layout-constrained wp-block-firsttracks-page-section-is-layout-constrained\">\n<div class=\"wp-block-columns alignfull is-layout-flex wp-container-core-columns-is-layout-28f84493 wp-block-columns-is-layout-flex\">\n<div class=\"wp-block-column is-vertically-aligned-center is-layout-flow wp-block-column-is-layout-flow\" style=\"flex-basis:50%\">\n<p class=\"is-style-body-secondary-bold\"><a href=\"\/fr_ca\/laboratoire-de-reference\/diagnostic\/\">Diagnostics de laboratoire de r\u00e9f\u00e9rence<\/a><\/p>\n\n\n\n<h1 class=\"wp-block-heading is-style-display-primary-bold\"><strong>Soumissions de biopsies simplifi\u00e9es\u00a0: meilleures pratiques pour de meilleurs r\u00e9sultats<\/strong>&nbsp;<\/h1>\n\n\n\n<p>Tout ce dont vous avez besoin pour soumettre des biopsies de la bonne mani\u00e8re : clairement, proprement et en toute confiance.<\/p>\n<\/div>\n\n\n\n<div class=\"wp-block-column is-layout-flow wp-block-column-is-layout-flow\" style=\"flex-basis:50%\">\n<div class=\"wp-block-group is-content-justification-right is-nowrap is-layout-flex wp-container-core-group-is-layout-17124a9a wp-block-group-is-layout-flex\">\n<div class=\"wp-block-group is-hero-gallery is-layout-grid wp-container-core-group-is-layout-b757edec wp-block-group-is-layout-grid\">\n<figure class=\"wp-block-image size-full wp-container-content-e051a413\"><img decoding=\"async\" src=\"\/wp-content\/themes\/antech2024\/assets\/images\/placeholder-7.png\" alt=\"\" style=\"aspect-ratio:2\/1;object-fit:cover\"\/><\/figure>\n\n\n\n<figure class=\"wp-block-image size-full\"><img loading=\"lazy\" decoding=\"async\" width=\"1920\" height=\"1280\" src=\"\/wp-content\/uploads\/2025\/01\/Antech_Thriving_Practice_Lab_4_RGB-1.jpg\" alt=\"\" class=\"wp-image-21957\" style=\"aspect-ratio:1;object-fit:cover\" srcset=\"https:\/\/uat.antechdiagnostics.com\/wp-content\/uploads\/2025\/01\/Antech_Thriving_Practice_Lab_4_RGB-1.jpg 1920w, https:\/\/uat.antechdiagnostics.com\/wp-content\/uploads\/2025\/01\/Antech_Thriving_Practice_Lab_4_RGB-1-300x200.jpg 300w, https:\/\/uat.antechdiagnostics.com\/wp-content\/uploads\/2025\/01\/Antech_Thriving_Practice_Lab_4_RGB-1-1024x683.jpg 1024w, https:\/\/uat.antechdiagnostics.com\/wp-content\/uploads\/2025\/01\/Antech_Thriving_Practice_Lab_4_RGB-1-768x512.jpg 768w, https:\/\/uat.antechdiagnostics.com\/wp-content\/uploads\/2025\/01\/Antech_Thriving_Practice_Lab_4_RGB-1-1536x1024.jpg 1536w, https:\/\/uat.antechdiagnostics.com\/wp-content\/uploads\/2025\/01\/Antech_Thriving_Practice_Lab_4_RGB-1-18x12.jpg 18w\" sizes=\"auto, (max-width: 1920px) 100vw, 1920px\" \/><\/figure>\n\n\n\n<figure class=\"wp-block-image size-full\"><img loading=\"lazy\" decoding=\"async\" width=\"2560\" height=\"1920\" src=\"\/wp-content\/uploads\/2025\/01\/Antech_Science_MicroscopeSlide_RGB.png\" alt=\"\" class=\"wp-image-4695\" style=\"aspect-ratio:1;object-fit:cover\" srcset=\"https:\/\/uat.antechdiagnostics.com\/wp-content\/uploads\/2025\/01\/Antech_Science_MicroscopeSlide_RGB.png 2560w, https:\/\/uat.antechdiagnostics.com\/wp-content\/uploads\/2025\/01\/Antech_Science_MicroscopeSlide_RGB-300x225.png 300w, https:\/\/uat.antechdiagnostics.com\/wp-content\/uploads\/2025\/01\/Antech_Science_MicroscopeSlide_RGB-1024x768.png 1024w, https:\/\/uat.antechdiagnostics.com\/wp-content\/uploads\/2025\/01\/Antech_Science_MicroscopeSlide_RGB-768x576.png 768w, https:\/\/uat.antechdiagnostics.com\/wp-content\/uploads\/2025\/01\/Antech_Science_MicroscopeSlide_RGB-1536x1152.png 1536w, https:\/\/uat.antechdiagnostics.com\/wp-content\/uploads\/2025\/01\/Antech_Science_MicroscopeSlide_RGB-2048x1536.png 2048w, https:\/\/uat.antechdiagnostics.com\/wp-content\/uploads\/2025\/01\/Antech_Science_MicroscopeSlide_RGB-16x12.png 16w\" sizes=\"auto, (max-width: 2560px) 100vw, 2560px\" \/><\/figure>\n<\/div>\n<\/div>\n<\/div>\n<\/div>\n<\/div>\n\n\n\n<div class=\"wp-block-firsttracks-page-section alignfull is-section-content has-global-padding is-layout-constrained wp-block-firsttracks-page-section-is-layout-constrained\">\n<div class=\"wp-block-group has-global-padding is-layout-constrained wp-block-group-is-layout-constrained\">\n<p>En mati\u00e8re de r\u00e9sultats de biopsie, les petits d\u00e9tails peuvent faire toute la diff\u00e9rence. De la pr\u00e9paration des \u00e9chantillons \u00e0 l&#039;\u00e9tiquetage et \u00e0 l&#039;emballage, quelques \u00e9tapes simples permettent de garantir des d\u00e9lais d&#039;ex\u00e9cution plus courts, une meilleure conservation et des diagnostics plus pr\u00e9cis. Ce guide de r\u00e9f\u00e9rence rapide est votre ressource de r\u00e9f\u00e9rence pour soumettre vos \u00e9chantillons en toute simplicit\u00e9.<\/p>\n\n\n\n<p>Antech met gratuitement \u00e0 votre disposition des bocaux \u00e0 biopsie de 40, 60 et 120 ml. Vous pouvez les commander en ligne sur Healthtracks\u2122.<\/p>\n\n\n\n<p><em>Antech fournit gratuitement les emballages et contenants n\u00e9cessaires \u00e0 l&#039;exp\u00e9dition d&#039;\u00e9chantillons biologiques, afin de garantir leur conformit\u00e9 totale avec la r\u00e9glementation du D\u00e9partement des Transports (DOT). Ces emballages peuvent \u00eatre command\u00e9s via HealthTracks\u2122. Veuillez noter que nos transporteurs ne sont pas en mesure de prendre en charge les colis non conformes \u00e0 la r\u00e9glementation DOT.<\/em><\/p>\n<\/div>\n<\/div>\n\n\n\n<div class=\"wp-block-firsttracks-page-section alignfull is-section-list is-style-section-5 is-list-text has-global-padding is-layout-constrained wp-block-firsttracks-page-section-is-layout-constrained\" id=\"pathology-resources\">\n<div class=\"wp-block-columns alignwide is-layout-flex wp-container-core-columns-is-layout-28f84493 wp-block-columns-is-layout-flex\">\n<div class=\"wp-block-column is-layout-flow wp-block-column-is-layout-flow\" style=\"flex-basis:50%\">\n<h2 class=\"wp-block-heading is-style-heading-2-primary-bold\">Que faire\u00a0: meilleures pratiques de soumission<\/h2>\n<\/div>\n\n\n\n<div class=\"wp-block-column is-layout-flow wp-block-column-is-layout-flow\" style=\"flex-basis:50%\">\n<details class=\"wp-block-details is-layout-flow wp-block-details-is-layout-flow\"><summary>Pour les sp\u00e9cimens de moins de 20 cm :<\/summary>\n<ul class=\"wp-block-list\">\n<li>Soumettre dans du formol tamponn\u00e9 neutre (FNB) 10%, dans un r\u00e9cipient en plastique \u00e9tanche \u00e0 large ouverture et \u00e0 bouchon \u00e0 vis, avec un rapport tissu\/FNB de 1:10. Vous pouvez commander gratuitement des pots conformes aux normes du D\u00e9partement des Transports (DOT) dans diff\u00e9rentes tailles \u00e0 partir du Antech via HealthTracks\u2122.<\/li>\n\n\n\n<li>Ne soumettez jamais d&#039;\u00e9chantillons contenant plus d&#039;un litre de formol<\/li>\n\n\n\n<li>Placer les tissus dans le NBF d\u00e8s que possible apr\u00e8s le pr\u00e9l\u00e8vement, en minimisant les manipulations. L&#039;\u00e9clairage chirurgical et la manipulation des instruments peuvent endommager les biopsies.<\/li>\n\n\n\n<li>Pour les tr\u00e8s petites biopsies plac\u00e9es dans des cassettes, \u00e9tiquetez avec des stylos r\u00e9sistants aux solvants. De nombreux crayons, stylos et marqueurs (y compris les Sharpies) s&#039;effacent au lavage au NBF.<\/li>\n\n\n\n<li>Si plusieurs biopsies sont n\u00e9cessaires pour un m\u00eame patient, regroupez-les dans un seul formulaire de soumission. Toujours emballer les bocaux de formol s\u00e9par\u00e9ment de tous les autres tests (cytologie, cultures, etc.).<\/li>\n\n\n\n<li>Si vous souhaitez que des marges anatomiques sp\u00e9cifiques soient mesur\u00e9es et rapport\u00e9es, marquez au moins deux marges contigu\u00ebs avec des sutures et\/ou des agrafes (ex\u00a0: une suture rostrale et deux sutures RLat).<\/li>\n\n\n\n<li>Ne soumettez jamais d\u2019objets tranchants de quelque nature que ce soit avec des \u00e9chantillons.<\/li>\n\n\n\n<li>Pour notre s\u00e9curit\u00e9, veuillez nous informer si du m\u00e9tal (ex : fil orthop\u00e9dique, plaque) est pr\u00e9sent dans l&#039;\u00e9chantillon.<\/li>\n\n\n\n<li>Toujours \u00e9tiqueter le r\u00e9cipient de biopsie avec le nom du patient, le nom de l&#039;h\u00f4pital et son contenu. Ne pas \u00e9tiqueter les couvercles.<\/li>\n<\/ul>\n<\/details>\n\n\n\n<details class=\"wp-block-details is-layout-flow wp-block-details-is-layout-flow\"><summary>Pour les sp\u00e9cimens mesurant plus de 20 cm (trop grands pour un bocal, par exemple une rate), vous pouvez soit couper l&#039;\u00e9chantillon en morceaux plus petits qui rentrent chacun dans les r\u00e9cipients, soit soumettre l&#039;\u00e9chantillon entier, en suivant ces directives :<\/summary>\n<ul class=\"wp-block-list\">\n<li>NE PAS SOUMETTRE SOUS FORMALIN.<\/li>\n\n\n\n<li>Envelopper l&#039;\u00e9chantillon dans une solution saline imbib\u00e9e de gaze ou de papier absorbant. La gaze ne doit pas \u00eatre d\u00e9goulinante\u00a0; il ne doit pas y avoir d&#039;accumulation de liquide dans le sac.<\/li>\n\n\n\n<li>Placez l&#039;\u00e9chantillon dans un triple sac en plastique amovible ou dans des sacs poubelles transparents et \u00e9tanches. Placez une doublure absorbante entre le deuxi\u00e8me et le troisi\u00e8me sac.<\/li>\n\n\n\n<li>\u00c9tiquetez toujours le sac ext\u00e9rieur avec le nom du patient, le nom de l&#039;h\u00f4pital et son contenu. Inscrivez \u00ab\u00a0SALINE\u00a0\u00bb sur l&#039;\u00e9tiquette pour indiquer la conformit\u00e9 DOT.<\/li>\n\n\n\n<li>R\u00e9frig\u00e9rer jusqu&#039;au moment du ramassage et soumettre avec un ou plusieurs blocs r\u00e9frig\u00e9rants (1 brique par kg est recommand\u00e9e) si le temps est chaud (&gt; 60 \u00b0F).<\/li>\n\n\n\n<li>Ne soumettez jamais d\u2019objets tranchants de quelque nature que ce soit avec des \u00e9chantillons.<\/li>\n\n\n\n<li>Pour notre s\u00e9curit\u00e9, veuillez nous informer si du m\u00e9tal (ex : fil orthop\u00e9dique, plaque) est pr\u00e9sent dans l&#039;\u00e9chantillon.<\/li>\n\n\n\n<li>REMARQUE : Au Antech, il n&#039;y a pas de frais suppl\u00e9mentaires pour le traitement des \u00e9chantillons histologiques de plus de 20 cm.<\/li>\n<\/ul>\n<\/details>\n\n\n\n<details class=\"wp-block-details is-layout-flow wp-block-details-is-layout-flow\"><summary><strong>Pour de meilleurs r\u00e9sultats, incluez toujours :&nbsp;<\/strong><\/summary>\n<ul class=\"wp-block-list\">\n<li>Bref historique du patient<\/li>\n\n\n\n<li>Description de la l\u00e9sion (ce que vous avez vu)<\/li>\n\n\n\n<li>Diagnostics diff\u00e9rentiels suspect\u00e9s<\/li>\n\n\n\n<li>Questions auxquelles vous souhaitez que le rapport de biopsie r\u00e9ponde<\/li>\n\n\n\n<li>Y a-t-il autre chose que vous souhaitez que le pathologiste sache ?&nbsp;&nbsp;<\/li>\n<\/ul>\n<\/details>\n<\/div>\n<\/div>\n<\/div>\n\n\n\n<div class=\"wp-block-firsttracks-page-section alignfull is-section-content has-global-padding is-layout-constrained wp-block-firsttracks-page-section-is-layout-constrained\">\n<div class=\"wp-block-group has-global-padding is-layout-constrained wp-block-group-is-layout-constrained\">\n<h2 class=\"wp-block-heading is-style-heading-3-primary-bold\"><strong>Ce qu&#039;il ne faut pas faire : les pi\u00e8ges courants \u00e0 \u00e9viter<\/strong>&nbsp;<\/h2>\n\n\n\n<p>Consultez notre biblioth\u00e8que de r\u00e9f\u00e9rence visuelle des \u00ab\u00a0\u00e0 ne pas faire\u00a0\u00bb \u2014 des couvercles non \u00e9tiquet\u00e9s \u00e0 l&#039;utilisation inappropri\u00e9e de fixateurs \u2014 pour voir des exemples de soumissions qui retardent le diagnostic.&nbsp;<\/p>\n<\/div>\n<\/div>\n\n\n\n<div class=\"wp-block-firsttracks-page-section alignfull is-section-content has-global-padding is-layout-constrained wp-block-firsttracks-page-section-is-layout-constrained\">\n<div class=\"wp-block-group alignwide is-grid-card is-layout-grid wp-container-core-group-is-layout-446df1ab wp-block-group-is-layout-grid\" style=\"padding-top:48;padding-right:48;padding-bottom:48;padding-left:48\">\n<div class=\"wp-block-group is-list-item is-vertical is-layout-flex wp-container-core-group-is-layout-fe9cc265 wp-block-group-is-layout-flex\">\n<h3 class=\"wp-block-heading is-style-heading-3-primary-bold\">Couvercle amovible<\/h3>\n\n\n\n<figure class=\"wp-block-image size-large is-resized\"><img loading=\"lazy\" decoding=\"async\" width=\"830\" height=\"1024\" src=\"\/wp-content\/uploads\/2025\/07\/Antech-Biopsy-Submissions-Made-Simple-Loose-Lid-830x1024.jpg\" alt=\"\" class=\"wp-image-28613\" style=\"aspect-ratio:0.6666666666666666;object-fit:cover;width:360px;height:auto\" srcset=\"https:\/\/uat.antechdiagnostics.com\/wp-content\/uploads\/2025\/07\/Antech-Biopsy-Submissions-Made-Simple-Loose-Lid-830x1024.jpg 830w, https:\/\/uat.antechdiagnostics.com\/wp-content\/uploads\/2025\/07\/Antech-Biopsy-Submissions-Made-Simple-Loose-Lid-243x300.jpg 243w, https:\/\/uat.antechdiagnostics.com\/wp-content\/uploads\/2025\/07\/Antech-Biopsy-Submissions-Made-Simple-Loose-Lid-768x948.jpg 768w, https:\/\/uat.antechdiagnostics.com\/wp-content\/uploads\/2025\/07\/Antech-Biopsy-Submissions-Made-Simple-Loose-Lid-1244x1536.jpg 1244w, https:\/\/uat.antechdiagnostics.com\/wp-content\/uploads\/2025\/07\/Antech-Biopsy-Submissions-Made-Simple-Loose-Lid-1659x2048.jpg 1659w, https:\/\/uat.antechdiagnostics.com\/wp-content\/uploads\/2025\/07\/Antech-Biopsy-Submissions-Made-Simple-Loose-Lid-10x12.jpg 10w, https:\/\/uat.antechdiagnostics.com\/wp-content\/uploads\/2025\/07\/Antech-Biopsy-Submissions-Made-Simple-Loose-Lid.jpg 1800w\" sizes=\"auto, (max-width: 830px) 100vw, 830px\" \/><\/figure>\n<\/div>\n\n\n\n<div class=\"wp-block-group is-list-item is-vertical is-layout-flex wp-container-core-group-is-layout-fe9cc265 wp-block-group-is-layout-flex\">\n<h3 class=\"wp-block-heading is-style-heading-3-primary-bold\">Exc\u00e8s de liquide et fuites <\/h3>\n\n\n\n<figure class=\"wp-block-image size-large is-resized\"><img loading=\"lazy\" decoding=\"async\" width=\"865\" height=\"1024\" src=\"\/wp-content\/uploads\/2025\/07\/Antech-Biopsy-Submissions-Made-Simple-Excess-Fluid-865x1024.jpg\" alt=\"\" class=\"wp-image-28614\" style=\"aspect-ratio:0.6666666666666666;object-fit:cover;width:359px;height:auto\" srcset=\"https:\/\/uat.antechdiagnostics.com\/wp-content\/uploads\/2025\/07\/Antech-Biopsy-Submissions-Made-Simple-Excess-Fluid-865x1024.jpg 865w, https:\/\/uat.antechdiagnostics.com\/wp-content\/uploads\/2025\/07\/Antech-Biopsy-Submissions-Made-Simple-Excess-Fluid-253x300.jpg 253w, https:\/\/uat.antechdiagnostics.com\/wp-content\/uploads\/2025\/07\/Antech-Biopsy-Submissions-Made-Simple-Excess-Fluid-768x909.jpg 768w, https:\/\/uat.antechdiagnostics.com\/wp-content\/uploads\/2025\/07\/Antech-Biopsy-Submissions-Made-Simple-Excess-Fluid-1298x1536.jpg 1298w, https:\/\/uat.antechdiagnostics.com\/wp-content\/uploads\/2025\/07\/Antech-Biopsy-Submissions-Made-Simple-Excess-Fluid-1730x2048.jpg 1730w, https:\/\/uat.antechdiagnostics.com\/wp-content\/uploads\/2025\/07\/Antech-Biopsy-Submissions-Made-Simple-Excess-Fluid-10x12.jpg 10w\" sizes=\"auto, (max-width: 865px) 100vw, 865px\" \/><\/figure>\n<\/div>\n\n\n\n<div class=\"wp-block-group is-list-item is-vertical is-layout-flex wp-container-core-group-is-layout-fe9cc265 wp-block-group-is-layout-flex\">\n<h3 class=\"wp-block-heading is-style-heading-3-primary-bold\">Pas d&#039;objets tranchants<\/h3>\n\n\n\n<figure class=\"wp-block-image size-large is-resized\"><img loading=\"lazy\" decoding=\"async\" width=\"1024\" height=\"734\" src=\"\/wp-content\/uploads\/2025\/07\/Antech-Biopsy-Submissions-Made-Simple-Needles-1024x734.jpg\" alt=\"\" class=\"wp-image-28615\" style=\"aspect-ratio:0.6666666666666666;object-fit:cover;width:357px;height:auto\" srcset=\"https:\/\/uat.antechdiagnostics.com\/wp-content\/uploads\/2025\/07\/Antech-Biopsy-Submissions-Made-Simple-Needles-1024x734.jpg 1024w, https:\/\/uat.antechdiagnostics.com\/wp-content\/uploads\/2025\/07\/Antech-Biopsy-Submissions-Made-Simple-Needles-300x215.jpg 300w, https:\/\/uat.antechdiagnostics.com\/wp-content\/uploads\/2025\/07\/Antech-Biopsy-Submissions-Made-Simple-Needles-768x550.jpg 768w, https:\/\/uat.antechdiagnostics.com\/wp-content\/uploads\/2025\/07\/Antech-Biopsy-Submissions-Made-Simple-Needles-18x12.jpg 18w, https:\/\/uat.antechdiagnostics.com\/wp-content\/uploads\/2025\/07\/Antech-Biopsy-Submissions-Made-Simple-Needles.jpg 1324w\" sizes=\"auto, (max-width: 1024px) 100vw, 1024px\" \/><\/figure>\n<\/div>\n\n\n\n<div class=\"wp-block-group is-list-item is-vertical is-layout-flex wp-container-core-group-is-layout-fe9cc265 wp-block-group-is-layout-flex\">\n<h3 class=\"wp-block-heading is-style-heading-3-primary-bold\">Pas de seaux<\/h3>\n\n\n\n<figure class=\"wp-block-image size-large is-resized\"><img loading=\"lazy\" decoding=\"async\" width=\"576\" height=\"1024\" src=\"\/wp-content\/uploads\/2025\/07\/Antech-Biopsy-Submissions-Made-Simple-Buckets-576x1024.jpg\" alt=\"\" class=\"wp-image-28626\" style=\"aspect-ratio:0.6666666666666666;object-fit:cover;width:357px;height:auto\" srcset=\"https:\/\/uat.antechdiagnostics.com\/wp-content\/uploads\/2025\/07\/Antech-Biopsy-Submissions-Made-Simple-Buckets-576x1024.jpg 576w, https:\/\/uat.antechdiagnostics.com\/wp-content\/uploads\/2025\/07\/Antech-Biopsy-Submissions-Made-Simple-Buckets-169x300.jpg 169w, https:\/\/uat.antechdiagnostics.com\/wp-content\/uploads\/2025\/07\/Antech-Biopsy-Submissions-Made-Simple-Buckets-7x12.jpg 7w, https:\/\/uat.antechdiagnostics.com\/wp-content\/uploads\/2025\/07\/Antech-Biopsy-Submissions-Made-Simple-Buckets.jpg 720w\" sizes=\"auto, (max-width: 576px) 100vw, 576px\" \/><\/figure>\n<\/div>\n<\/div>\n<\/div>\n\n\n\n<div style=\"height:128px\" aria-hidden=\"true\" class=\"wp-block-spacer\"><\/div>\n\n\n\n<div class=\"wp-block-firsttracks-page-section alignfull is-section-content has-global-padding is-layout-constrained wp-block-firsttracks-page-section-is-layout-constrained\">\n<div class=\"wp-block-group has-global-padding is-layout-constrained wp-block-group-is-layout-constrained\">\n<h2 class=\"wp-block-heading is-style-heading-3-primary-bold\"><strong>Nous sommes l\u00e0 pour vous aider<\/strong>&nbsp;<\/h2>\n\n\n\n<p>Vous avez encore des questions\u00a0? Besoin de plus de contenants de formol ou de formulaires de soumission\u00a0?<br>Notre \u00e9quipe du Antech est \u00e0 votre disposition par t\u00e9l\u00e9phone. Vous pouvez \u00e9galement demander une version imprim\u00e9e du guide de soumission de biopsie aupr\u00e8s de votre repr\u00e9sentant local.<\/p>\n\n\n\n<p><strong>Appeler le support<\/strong><br><a href=\"tel:800-872-1001\" data-type=\"tel\" data-id=\"tel:\">800-872-1001<\/a><a href=\"tel:\" data-type=\"tel\" data-id=\"tel:\"> (\u00c9tats-Unis)<br><\/a><a href=\"tel:800-341-3440\" data-type=\"tel\" data-id=\"tel:800-341-3440\">800-341-3440<\/a> (Canada)<\/p>\n\n\n\n<div style=\"height:8px\" aria-hidden=\"true\" class=\"wp-block-spacer\"><\/div>\n\n\n\n<div class=\"wp-block-buttons is-layout-flex wp-block-buttons-is-layout-flex\">\n<div class=\"wp-block-button\"><a class=\"wp-block-button__link wp-element-button\" href=\"https:\/\/view-su2.highspot.com\/viewer\/a7ea66a17a9d5904451f958ae50165ad#1\" rel=\"noopener\">Explorez le guide complet de soumission de biopsie<\/a><\/div>\n<\/div>\n<\/div>\n<\/div>","protected":false},"excerpt":{"rendered":"","protected":false},"author":5,"featured_media":0,"parent":19,"menu_order":7,"comment_status":"closed","ping_status":"closed","template":"","meta":{"_acf_changed":false,"content-type":"","footnotes":""},"service-area":[],"class_list":["post-28526","page","type-page","status-publish","hentry"],"acf":[],"publishpress_future_action":{"enabled":false,"date":"2026-05-13 11:20:57","action":"change-status","newStatus":"draft","terms":[],"taxonomy":"service-area","extraData":[]},"publishpress_future_workflow_manual_trigger":{"enabledWorkflows":[]},"_links":{"self":[{"href":"https:\/\/uat.antechdiagnostics.com\/fr_ca\/wp-json\/wp\/v2\/pages\/28526","targetHints":{"allow":["GET"]}}],"collection":[{"href":"https:\/\/uat.antechdiagnostics.com\/fr_ca\/wp-json\/wp\/v2\/pages"}],"about":[{"href":"https:\/\/uat.antechdiagnostics.com\/fr_ca\/wp-json\/wp\/v2\/types\/page"}],"author":[{"embeddable":true,"href":"https:\/\/uat.antechdiagnostics.com\/fr_ca\/wp-json\/wp\/v2\/users\/5"}],"replies":[{"embeddable":true,"href":"https:\/\/uat.antechdiagnostics.com\/fr_ca\/wp-json\/wp\/v2\/comments?post=28526"}],"version-history":[{"count":0,"href":"https:\/\/uat.antechdiagnostics.com\/fr_ca\/wp-json\/wp\/v2\/pages\/28526\/revisions"}],"up":[{"embeddable":true,"href":"https:\/\/uat.antechdiagnostics.com\/fr_ca\/wp-json\/wp\/v2\/pages\/19"}],"wp:attachment":[{"href":"https:\/\/uat.antechdiagnostics.com\/fr_ca\/wp-json\/wp\/v2\/media?parent=28526"}],"wp:term":[{"taxonomy":"service-area","embeddable":true,"href":"https:\/\/uat.antechdiagnostics.com\/fr_ca\/wp-json\/wp\/v2\/service-area?post=28526"}],"curies":[{"name":"wp","href":"https:\/\/api.w.org\/{rel}","templated":true}]}}