    {"id":30313,"date":"2025-11-24T14:47:10","date_gmt":"2025-11-24T19:47:10","guid":{"rendered":"\/?page_id=30313"},"modified":"2025-12-16T13:16:21","modified_gmt":"2025-12-16T18:16:21","slug":"contactez-nous","status":"publish","type":"page","link":"https:\/\/uat.antechdiagnostics.com\/fr_ca\/contact-us\/","title":{"rendered":"Contact"},"content":{"rendered":"<div class=\"wp-block-firsttracks-page-section alignfull is-section-hero is-style-section-1 has-global-padding is-layout-constrained wp-block-firsttracks-page-section-is-layout-constrained\">\n<div class=\"wp-block-columns alignfull is-layout-flex wp-container-core-columns-is-layout-28f84493 wp-block-columns-is-layout-flex\">\n<div class=\"wp-block-column is-vertically-aligned-center is-layout-flow wp-block-column-is-layout-flow\" style=\"flex-basis:50%\">\n<h1 class=\"wp-block-heading is-style-display-primary-bold\">Contactez-nous<\/h1>\n\n\n\n<p>Nous sommes l\u00e0 pour vous aider \u00e0 optimiser votre exp\u00e9rience avec le Antech. Contactez nos services client, demandez des informations sur un produit ou une d\u00e9monstration.<\/p>\n\n\n\n<div class=\"wp-block-buttons is-layout-flex wp-block-buttons-is-layout-flex\">\n<div class=\"wp-block-button\"><a class=\"wp-block-button__link wp-element-button\" href=\"#us-support\">Assistance am\u00e9ricaine<\/a><\/div>\n\n\n\n<div class=\"wp-block-button\"><a class=\"wp-block-button__link wp-element-button\" href=\"#canada-support\">Soutien au Canada<\/a><\/div>\n<\/div>\n\n\n\n<div style=\"height:56px\" aria-hidden=\"true\" class=\"wp-block-spacer\"><\/div>\n\n\n\n<p>Si vous pr\u00e9f\u00e9rez nous envoyer un courriel, cliquez ici. <a href=\"\/fr_ca\/contactez-nous\/#form-fill\" data-type=\"link\" data-id=\"\/contact-us\/#form-fill\">ici<\/a>.<\/p>\n<\/div>\n\n\n\n<div class=\"wp-block-column is-layout-flow wp-block-column-is-layout-flow\" style=\"flex-basis:50%\">\n<div class=\"wp-block-group is-content-justification-right is-nowrap is-layout-flex wp-container-core-group-is-layout-17124a9a wp-block-group-is-layout-flex\">\n<div class=\"wp-block-group is-hero-gallery is-layout-grid wp-container-core-group-is-layout-b757edec wp-block-group-is-layout-grid\">\n<figure class=\"wp-block-image size-full wp-container-content-b825cd3f\"><img loading=\"lazy\" decoding=\"async\" width=\"480\" height=\"700\" src=\"\/wp-content\/uploads\/2025\/01\/Antech_PetPortraits_Cat_1_RGB-1.png\" alt=\"\" class=\"wp-image-4171\" style=\"aspect-ratio:1\/2;object-fit:cover\" srcset=\"https:\/\/uat.antechdiagnostics.com\/wp-content\/uploads\/2025\/01\/Antech_PetPortraits_Cat_1_RGB-1.png 480w, https:\/\/uat.antechdiagnostics.com\/wp-content\/uploads\/2025\/01\/Antech_PetPortraits_Cat_1_RGB-1-206x300.png 206w, https:\/\/uat.antechdiagnostics.com\/wp-content\/uploads\/2025\/01\/Antech_PetPortraits_Cat_1_RGB-1-8x12.png 8w\" sizes=\"auto, (max-width: 480px) 100vw, 480px\" \/><\/figure>\n\n\n\n<figure class=\"wp-block-image size-full\"><img loading=\"lazy\" decoding=\"async\" width=\"480\" height=\"350\" src=\"\/wp-content\/uploads\/2025\/01\/Antech_PetPortraits_Cat_1_RGB-2.png\" alt=\"\" class=\"wp-image-4172\" style=\"aspect-ratio:1;object-fit:cover\" srcset=\"https:\/\/uat.antechdiagnostics.com\/wp-content\/uploads\/2025\/01\/Antech_PetPortraits_Cat_1_RGB-2.png 480w, https:\/\/uat.antechdiagnostics.com\/wp-content\/uploads\/2025\/01\/Antech_PetPortraits_Cat_1_RGB-2-300x219.png 300w, https:\/\/uat.antechdiagnostics.com\/wp-content\/uploads\/2025\/01\/Antech_PetPortraits_Cat_1_RGB-2-16x12.png 16w\" sizes=\"auto, (max-width: 480px) 100vw, 480px\" \/><\/figure>\n\n\n\n<figure class=\"wp-block-image size-full\"><img loading=\"lazy\" decoding=\"async\" width=\"480\" height=\"350\" src=\"\/wp-content\/uploads\/2025\/01\/Antech_PetPortraits_Cat_1_RGB-3.png\" alt=\"\" class=\"wp-image-4173\" style=\"aspect-ratio:1;object-fit:cover\" srcset=\"https:\/\/uat.antechdiagnostics.com\/wp-content\/uploads\/2025\/01\/Antech_PetPortraits_Cat_1_RGB-3.png 480w, https:\/\/uat.antechdiagnostics.com\/wp-content\/uploads\/2025\/01\/Antech_PetPortraits_Cat_1_RGB-3-300x219.png 300w, https:\/\/uat.antechdiagnostics.com\/wp-content\/uploads\/2025\/01\/Antech_PetPortraits_Cat_1_RGB-3-16x12.png 16w\" sizes=\"auto, (max-width: 480px) 100vw, 480px\" \/><\/figure>\n<\/div>\n<\/div>\n<\/div>\n<\/div>\n<\/div>\n\n\n\n<div style=\"height:50px\" aria-hidden=\"true\" class=\"wp-block-spacer\"><\/div>\n\n\n\n<h2 class=\"wp-block-heading is-style-heading-2-primary-bold\" id=\"us-support\"><strong>Services d&#039;assistance client\u00e8le \u2013 \u00c9tats-Unis <\/strong> <br><strong><a href=\"tel:18008721001\" data-type=\"tel\" data-id=\"tel:18008721001\">1-800-872-1001<\/a><\/strong><\/h2>\n\n\n\n<p>Si vous pr\u00e9f\u00e9rez nous envoyer un courriel, cliquez ici. <a href=\"\/fr_ca\/contactez-nous\/#form-fill\" data-type=\"link\" data-id=\"\/contact-us\/#form-fill\">ici<\/a>.<\/p>\n\n\n\n<p><strong>Option t\u00e9l\u00e9phonique 1\u00a0: Facturation<\/strong><\/p>\n\n\n\n<figure class=\"wp-block-table\"><table class=\"has-fixed-layout\"><tbody><tr><td><\/td><td>Du lundi au vendredi<\/td><td>Assis<\/td><td>Soleil<\/td><\/tr><tr><td>Laboratoire de r\u00e9f\u00e9rence<\/td><td>9h \u2013 20h HE<\/td><td>Ferm\u00e9<\/td><td>Ferm\u00e9<\/td><\/tr><tr><td>Services d&#039;imagerie Antech<\/td><td>9h \u2013 20h HE<\/td><td>Ferm\u00e9<\/td><td>Ferm\u00e9<\/td><\/tr><tr><td>Diagnostic interne*<\/td><td>9h \u2013 19h HE<\/td><td>Ferm\u00e9<\/td><td>Ferm\u00e9<\/td><\/tr><tr><td>\u00c9quipement d&#039;imagerie \u2013 Son\/Cuattro<\/td><td>11h \u2013 20h HE<\/td><td>Ferm\u00e9<\/td><td>Ferm\u00e9<\/td><\/tr><\/tbody><\/table><\/figure>\n\n\n\n<div style=\"height:100px\" aria-hidden=\"true\" class=\"wp-block-spacer\"><\/div>\n\n\n\n<p><strong>Option t\u00e9l\u00e9phonique 2\u00a0: Services de laboratoire de r\u00e9f\u00e9rence<\/strong><\/p>\n\n\n\n<figure class=\"wp-block-table\"><table class=\"has-fixed-layout\"><tbody><tr><td><\/td><td>Du lundi au vendredi<\/td><td>Assis<\/td><td>Soleil<\/td><\/tr><tr><td>Syst\u00e8me automatis\u00e9 d&#039;exp\u00e9dition\/enl\u00e8vement<\/td><td>Disponible 24h\/24 et 7j\/7<\/td><td>Disponible 24h\/24 et 7j\/7<\/td><td>Disponible 24h\/24 et 7j\/7<\/td><\/tr><tr><td>Services de consultation<\/td><td>8h \u2013 20h HE<\/td><td>9h \u2013 18h HE<\/td><td>Ferm\u00e9<\/td><\/tr><tr><td>Assistance technique pour sites web (HT, AnOL, PIMS)<\/td><td>9h \u2013 19h HE<\/td><td>9h \u2013 15h HE<\/td><td>Ferm\u00e9<\/td><\/tr><tr><td>Service client<\/td><td>8h \u2013 minuit (heure de l&#039;Est)<\/td><td>8h \u2013 20h HE<\/td><td>9h \u2013 18h HE<\/td><\/tr><\/tbody><\/table><\/figure>\n\n\n\n<div style=\"height:100px\" aria-hidden=\"true\" class=\"wp-block-spacer\"><\/div>\n\n\n\n<p><strong>Option t\u00e9l\u00e9phonique 3 \u2013 Diagnostics en interne*<\/strong><\/p>\n\n\n\n<figure class=\"wp-block-table\"><table class=\"has-fixed-layout\"><tbody><tr><td><\/td><td>Du lundi au vendredi<\/td><td>Assis<\/td><td>Soleil<\/td><\/tr><tr><td>Service client<br>E-mail: <a href=\"mailto:orders.LVLD@antechdx.com\">commandes.LVLD@antechdx.com<\/a><\/td><td>8h \u2013 19h E<strong>T<\/strong><\/td><td>Ferm\u00e9<\/td><td>Ferm\u00e9<\/td><\/tr><tr><td>Assistance technique pour les analyseurs\/pompes \u00e0 perfusion<br>E-mail: <a href=\"mailto:Vetsupport@heska.com\">Vetsupport@heska.com<\/a><\/td><td>8h \u2013 19h HE<br>Assistance d&#039;urgence disponible 24h\/24 et 7j\/7<\/td><td>Ferm\u00e9<br>Assistance d&#039;urgence disponible 24h\/24 et 7j\/7<\/td><td>Ferm\u00e9<br>Assistance d&#039;urgence disponible 24h\/24 et 7j\/7<\/td><\/tr><tr><td>Allercept Allergie et TruRapid<br>E-mail: <a href=\"mailto:allergy.LVLD@antechdx.com\">allergie.LVLD@antechdx.com<\/a><\/td><td>8h \u2013 19h HE<\/td><td>Ferm\u00e9<\/td><td>Ferm\u00e9<\/td><\/tr><\/tbody><\/table><\/figure>\n\n\n\n<div style=\"height:100px\" aria-hidden=\"true\" class=\"wp-block-spacer\"><\/div>\n\n\n\n<p><strong>Option t\u00e9l\u00e9phonique 4 \u2013 Imagerie<\/strong><\/p>\n\n\n\n<figure class=\"wp-block-table\"><table class=\"has-fixed-layout\"><tbody><tr><td><\/td><td>Du lundi au vendredi<\/td><td>Assis<\/td><td>Soleil<\/td><\/tr><tr><td>Services d&#039;imagerie Antech T\u00e9l\u00e9radiologie et RapidRead<br>E-mail: <a href=\"mailto:support@antechimagingservices.com\">support@antechimagingservices.com<\/a><\/td><td>Disponible 24h\/24 et 7j\/7<\/td><td>Disponible 24h\/24 et 7j\/7<\/td><td>Disponible 24h\/24 et 7j\/7<\/td><\/tr><tr><td>Imagerie sonore<br>E-mail:&nbsp; <a href=\"mailto:techsupport@soundvet.com\">techsupport@soundvet.com<\/a><\/td><td>8h \u2013 20h HE<br>Assistance d&#039;urgence disponible 24h\/24 et 7j\/7 (des limites s&#039;appliquent)<\/td><td>Ferm\u00e9<br>Assistance d&#039;urgence disponible 24h\/24 et 7j\/7 (des limites s&#039;appliquent)<\/td><td>Ferm\u00e9<br>Assistance d&#039;urgence disponible 24h\/24 et 7j\/7 (des limites s&#039;appliquent)<\/td><\/tr><\/tbody><\/table><\/figure>\n\n\n\n<p class=\"is-style-label-2-secondary-small-regular\">*Antech IHD (Diagnostic interne) fait r\u00e9f\u00e9rence \u00e0 l&#039;ancienne version Heska.<\/p>\n\n\n\n<div style=\"height:100px\" aria-hidden=\"true\" class=\"wp-block-spacer\"><\/div>\n\n\n\n<hr class=\"wp-block-separator has-alpha-channel-opacity\"\/>\n\n\n\n<div style=\"height:100px\" aria-hidden=\"true\" class=\"wp-block-spacer\"><\/div>\n\n\n\n<h2 class=\"wp-block-heading is-style-heading-2-primary-bold\" id=\"canada-support\"><strong>Services d&#039;assistance client\u00e8le \u2013 <\/strong>Canada<br><a href=\"tel:1-800-341-3440\" data-type=\"tel\" data-id=\"tel:1-800-341-3440\"><strong>1-800-<\/strong>341-3440<\/a><\/h2>\n\n\n\n<p>Si vous pr\u00e9f\u00e9rez nous envoyer un courriel, cliquez ici. <a href=\"\/fr_ca\/contactez-nous\/#form-fill\" data-type=\"link\" data-id=\"\/contact-us\/#form-fill\">ici<\/a>.<\/p>\n\n\n\n<p><strong>Option t\u00e9l\u00e9phonique 1\u00a0: Facturation<\/strong><\/p>\n\n\n\n<figure class=\"wp-block-table\"><table class=\"has-fixed-layout\"><tbody><tr><td><\/td><td>Du lundi au vendredi<\/td><td>Assis<\/td><td>Soleil<\/td><\/tr><tr><td>Laboratoire de r\u00e9f\u00e9rence<\/td><td>9h \u2013 20h HE<\/td><td>Ferm\u00e9<\/td><td>Ferm\u00e9<\/td><\/tr><tr><td>Services d&#039;imagerie Antech<\/td><td>9h \u2013 20h HE<\/td><td>Ferm\u00e9<\/td><td>Ferm\u00e9<\/td><\/tr><tr><td>Diagnostic interne*<\/td><td>8h30 \u2013 17h00 HE<\/td><td>Ferm\u00e9<\/td><td>Ferm\u00e9<\/td><\/tr><tr><td>\u00c9quipement d&#039;imagerie \u2013 Son\/Cuattro<\/td><td>8h30 \u2013 17h00 HE<\/td><td>Ferm\u00e9<\/td><td>Ferm\u00e9<\/td><\/tr><tr><td>\u00c9quipement d&#039;imagerie : Son<\/td><td>11h \u2013 20h HE<\/td><td>Ferm\u00e9<\/td><td>Ferm\u00e9<\/td><\/tr><\/tbody><\/table><\/figure>\n\n\n\n<div style=\"height:100px\" aria-hidden=\"true\" class=\"wp-block-spacer\"><\/div>\n\n\n\n<p><strong>Option t\u00e9l\u00e9phonique 2\u00a0: Services de laboratoire de r\u00e9f\u00e9rence<\/strong><\/p>\n\n\n\n<figure class=\"wp-block-table\"><table class=\"has-fixed-layout\"><tbody><tr><td><\/td><td>Du lundi au vendredi<\/td><td>Assis<\/td><td>Soleil<\/td><\/tr><tr><td>Syst\u00e8me automatis\u00e9 d&#039;exp\u00e9dition\/enl\u00e8vement<\/td><td>Disponible 24h\/24 et 7j\/7<\/td><td>Disponible 24h\/24 et 7j\/7<\/td><td>Disponible 24h\/24 et 7j\/7<\/td><\/tr><tr><td>Services de consultation<\/td><td>8h \u2013 20h HE<\/td><td>9h \u2013 18h HE<\/td><td>Ferm\u00e9<\/td><\/tr><tr><td>Assistance technique pour sites web (HT, AnOL, PIMS)<\/td><td>9h \u2013 19h HE<\/td><td>9h \u2013 15h HE<\/td><td>Ferm\u00e9<\/td><\/tr><tr><td>Service client<\/td><td>8h \u2013 minuit (heure de l&#039;Est)<\/td><td>8h \u2013 20h HE<\/td><td>9h \u2013 18h HE<\/td><\/tr><\/tbody><\/table><\/figure>\n\n\n\n<div style=\"height:100px\" aria-hidden=\"true\" class=\"wp-block-spacer\"><\/div>\n\n\n\n<p><strong>Option t\u00e9l\u00e9phonique 3 \u2013 Diagnostics en interne*<\/strong><\/p>\n\n\n\n<figure class=\"wp-block-table\"><table class=\"has-fixed-layout\"><tbody><tr><td><\/td><td>Du lundi au vendredi<\/td><td>Assis<\/td><td>Soleil<\/td><\/tr><tr><td>Service client<br>E-mail: <a href=\"mailto:orders.LVLD@antechdx.com\">commandes.ca@antechdx.com<\/a><\/td><td>8h30 \u2013 17h00 HE<\/td><td>Ferm\u00e9<\/td><td>Ferm\u00e9<\/td><\/tr><tr><td>Assistance technique pour les analyseurs\/pompes \u00e0 perfusion<br>E-mail: <a href=\"mailto:Vetsupport@heska.com\">LabSupport.CA@antechdx.com<\/a><\/td><td>8h30 \u2013 17h00 HE<br>Assistance d&#039;urgence en dehors des heures ouvrables\u00a0: de 17\u00a0h \u00e0 21\u00a0h (heure de l&#039;Est)<\/td><td>Ferm\u00e9<br>Assistance d&#039;urgence en dehors des heures ouvrables\u00a0: de 8\u00a0h \u00e0 21\u00a0h (heure de l&#039;Est)<\/td><td>Aucun service<\/td><\/tr><tr><td>Allercept Allergie et TruRapid<br>E-mail: <a href=\"mailto:allergy.LVLD@antechdx.com\">allergie.LVLD@antechdx.com<\/a><\/td><td>8h \u2013 19h HE<\/td><td>Ferm\u00e9<\/td><td>Ferm\u00e9<\/td><\/tr><\/tbody><\/table><\/figure>\n\n\n\n<div style=\"height:100px\" aria-hidden=\"true\" class=\"wp-block-spacer\"><\/div>\n\n\n\n<p><strong>Option t\u00e9l\u00e9phonique 4 \u2013 Imagerie<\/strong><\/p>\n\n\n\n<figure class=\"wp-block-table\"><table class=\"has-fixed-layout\"><tbody><tr><td><\/td><td>Du lundi au vendredi<\/td><td>Assis<\/td><td>Soleil<\/td><\/tr><tr><td>Services d&#039;imagerie Antech T\u00e9l\u00e9radiologie et RapidRead<br>E-mail: <a href=\"mailto:support@antechimagingservices.com\">support@antechimagingservices.com<\/a><\/td><td>Disponible 24h\/24 et 7j\/7<\/td><td>Disponible 24h\/24 et 7j\/7<\/td><td>Disponible 24h\/24 et 7j\/7<\/td><\/tr><tr><td>Antech Imagerie Canada<br>E-mail:&nbsp; <a href=\"mailto:techsupport@soundvet.com\">imagingsupport.ca@antechdx.com<\/a><\/td><td>8h30 \u2013 21h<br>Assistance d&#039;urgence disponible 24h\/24 et 7j\/7 (des limites s&#039;appliquent)<\/td><td>9h \u2013 9h<br>Assistance d&#039;urgence disponible 24h\/24 et 7j\/7 (des limites s&#039;appliquent)<\/td><td>9h \u2013 17h<br>Assistance d&#039;urgence disponible 24h\/24 et 7j\/7 (des limites s&#039;appliquent)<\/td><\/tr><tr><td>Imagerie sonore<br>E-mail:&nbsp; <a href=\"mailto:techsupport@soundvet.com\">techsupport@soundvet.com<\/a><\/td><td>8h \u2013 20h HE<br>Assistance d&#039;urgence disponible 24h\/24 et 7j\/7 (des limites s&#039;appliquent)<\/td><td>8h \u2013 20h HE<br>Assistance d&#039;urgence disponible 24h\/24 et 7j\/7 (des limites s&#039;appliquent)<\/td><td>Ferm\u00e9<br>Assistance d&#039;urgence disponible 24h\/24 et 7j\/7 (des limites s&#039;appliquent)<\/td><\/tr><\/tbody><\/table><\/figure>\n\n\n\n<p class=\"is-style-label-2-secondary-small-regular\">*Antech Canada Limited IHD (Diagnostic interne) fait r\u00e9f\u00e9rence \u00e0 l&#039;ancienne entreprise Heska Canada<\/p>\n\n\n\n<p><\/p>\n\n\n\n<div style=\"height:100px\" aria-hidden=\"true\" class=\"wp-block-spacer\"><\/div>\n\n\n\n<div class=\"wp-block-firsttracks-page-section alignfull is-section-content is-text-action is-style-section-3 has-global-padding is-layout-constrained wp-block-firsttracks-page-section-is-layout-constrained\">\n<div class=\"wp-block-columns alignwide is-layout-flex wp-container-core-columns-is-layout-28f84493 wp-block-columns-is-layout-flex\">\n<div class=\"wp-block-column is-layout-flow wp-block-column-is-layout-flow\" style=\"flex-basis:50%\">\n<h2 class=\"wp-block-heading is-style-heading-2-primary-bold\" id=\"form-fill\">Comment pouvons-nous vous aider ?<\/h2>\n\n\n\n<p>Remplissez ce formulaire avec quelques d\u00e9tails et un repr\u00e9sentant du service client Antech vous contactera pour r\u00e9pondre \u00e0 vos questions.<\/p>\n<\/div>\n\n\n\n<div class=\"wp-block-column is-layout-flow wp-block-column-is-layout-flow\" style=\"flex-basis:50%\">\n<div class=\"wp-block-leadin-hubspot-form-block\">\n\t\t\t<div\n\t\t\tclass=\"hs-form-frame\"\n\t\t\tdata-region=\"na1\"\n\t\t\tdata-form-id=\"c2ba823d-5637-447f-bdb1-f652d4c5ee3a\"\n\t\t\tdata-portal-id=\"4747723\"\n\t\t\t >\n\t\t\t<\/div>\n\t\t\t<\/div>\n<\/div>\n<\/div>\n<\/div>\n\n\n\n<p><\/p>","protected":false},"excerpt":{"rendered":"<p>Service client\u00e8le \u2013 \u00c9tats-Unis 1-800-872-1001 Si vous pr\u00e9f\u00e9rez nous envoyer un courriel, cliquez ici. Option t\u00e9l\u00e9phonique 1\u00a0: Facturation Lun \u2013 Ven Sam Dim Laboratoire de r\u00e9f\u00e9rence 9h \u2013 20h HE Ferm\u00e9 Ferm\u00e9 Antech Services d\u2019imagerie 9h \u2013 20h HE Ferm\u00e9 Ferm\u00e9 Diagnostics internes* 9h \u2013 19h HE Ferm\u00e9 Ferm\u00e9 \u00c9quipement d\u2019imagerie \u2013 [\u2026]<\/p>","protected":false},"author":5,"featured_media":0,"parent":0,"menu_order":26,"comment_status":"closed","ping_status":"closed","template":"","meta":{"_acf_changed":false,"content-type":"","footnotes":""},"service-area":[],"class_list":["post-30313","page","type-page","status-publish","hentry"],"acf":[],"publishpress_future_action":{"enabled":false,"date":"2026-05-13 09:21:11","action":"change-status","newStatus":"draft","terms":[],"taxonomy":"service-area","extraData":[]},"publishpress_future_workflow_manual_trigger":{"enabledWorkflows":[]},"_links":{"self":[{"href":"https:\/\/uat.antechdiagnostics.com\/fr_ca\/wp-json\/wp\/v2\/pages\/30313","targetHints":{"allow":["GET"]}}],"collection":[{"href":"https:\/\/uat.antechdiagnostics.com\/fr_ca\/wp-json\/wp\/v2\/pages"}],"about":[{"href":"https:\/\/uat.antechdiagnostics.com\/fr_ca\/wp-json\/wp\/v2\/types\/page"}],"author":[{"embeddable":true,"href":"https:\/\/uat.antechdiagnostics.com\/fr_ca\/wp-json\/wp\/v2\/users\/5"}],"replies":[{"embeddable":true,"href":"https:\/\/uat.antechdiagnostics.com\/fr_ca\/wp-json\/wp\/v2\/comments?post=30313"}],"version-history":[{"count":0,"href":"https:\/\/uat.antechdiagnostics.com\/fr_ca\/wp-json\/wp\/v2\/pages\/30313\/revisions"}],"wp:attachment":[{"href":"https:\/\/uat.antechdiagnostics.com\/fr_ca\/wp-json\/wp\/v2\/media?parent=30313"}],"wp:term":[{"taxonomy":"service-area","embeddable":true,"href":"https:\/\/uat.antechdiagnostics.com\/fr_ca\/wp-json\/wp\/v2\/service-area?post=30313"}],"curies":[{"name":"wp","href":"https:\/\/api.w.org\/{rel}","templated":true}]}}