    {"id":30710,"date":"2026-02-26T18:44:55","date_gmt":"2026-02-26T23:44:55","guid":{"rendered":"\/?page_id=30710"},"modified":"2026-03-02T11:15:00","modified_gmt":"2026-03-02T16:15:00","slug":"bras-en-c","status":"publish","type":"page","link":"https:\/\/uat.antechdiagnostics.com\/fr_ca\/imaging-equipment\/c-arm\/","title":{"rendered":"C-Arm"},"content":{"rendered":"<div class=\"wp-block-firsttracks-page-section alignfull is-section-hero is-style-section-1 is-layout-flow wp-block-firsttracks-page-section-is-layout-flow\">\n<div class=\"wp-block-columns alignwide is-layout-flex wp-container-core-columns-is-layout-28f84493 wp-block-columns-is-layout-flex\">\n<div class=\"wp-block-column is-vertically-aligned-center is-layout-flow wp-container-core-column-is-layout-7dc71cb6 wp-block-column-is-layout-flow\" style=\"padding-top:6rem;padding-right:6rem;padding-bottom:6rem;padding-left:6rem;flex-basis:50%\"><nav class=\"breadcrumb\"><p><h1 class=\"wp-block-heading is-style-body-secondary-bold\"><a href=\"https:\/\/uat.antechdiagnostics.com\/fr_ca\/imaging-equipment\/\">Sound\u2122<\/a><\/h1><\/p><\/nav>\n\n\n<h1 class=\"wp-block-heading\">C-Arm<\/h1>\n<\/div>\n\n\n\n<div class=\"wp-block-column is-layout-flow wp-block-column-is-layout-flow\" style=\"flex-basis:50%\">\n<div class=\"wp-block-group is-style-section-8 has-global-padding is-layout-constrained wp-block-group-is-layout-constrained\">\n<figure class=\"wp-block-image size-full is-resized wp-container-content-d8344436\"><img loading=\"lazy\" decoding=\"async\" width=\"2048\" height=\"1367\" src=\"\/wp-content\/uploads\/2025\/01\/smart-c-mini-web.png\" alt=\"\" class=\"wp-image-30721\" style=\"aspect-ratio:1;object-fit:cover;width:619px;height:auto\" srcset=\"https:\/\/uat.antechdiagnostics.com\/wp-content\/uploads\/2025\/01\/smart-c-mini-web.png 2048w, https:\/\/uat.antechdiagnostics.com\/wp-content\/uploads\/2025\/01\/smart-c-mini-web-300x200.png 300w, https:\/\/uat.antechdiagnostics.com\/wp-content\/uploads\/2025\/01\/smart-c-mini-web-1024x684.png 1024w, https:\/\/uat.antechdiagnostics.com\/wp-content\/uploads\/2025\/01\/smart-c-mini-web-768x513.png 768w, https:\/\/uat.antechdiagnostics.com\/wp-content\/uploads\/2025\/01\/smart-c-mini-web-1536x1025.png 1536w, https:\/\/uat.antechdiagnostics.com\/wp-content\/uploads\/2025\/01\/smart-c-mini-web-18x12.png 18w\" sizes=\"auto, (max-width: 2048px) 100vw, 2048px\" \/><\/figure>\n<\/div>\n<\/div>\n<\/div>\n<\/div>\n\n\n\n<hr class=\"wp-block-separator alignfull has-alpha-channel-opacity\"\/>\n\n\n\n<div class=\"wp-block-firsttracks-page-section alignfull is-section-grid has-global-padding is-layout-constrained wp-block-firsttracks-page-section-is-layout-constrained\">\n<h2 class=\"wp-block-heading alignwide\">C-Arm<\/h2>\n\n\n\n<div class=\"wp-block-query alignwide is-grid-card is-layout-flow wp-block-query-is-layout-flow\"><ul class=\"wp-block-post-template is-layout-grid wp-container-core-post-template-is-layout-1d2e20b7 wp-block-post-template-is-layout-grid\"><li class=\"wp-block-post post-28326 antech-product type-antech-product status-publish has-post-thumbnail hentry product-category-c-arm service-area-imaging-equipment\">\n\n<div class=\"wp-block-group is-vertical is-layout-flex wp-container-core-group-is-layout-fe9cc265 wp-block-group-is-layout-flex\"><figure class=\"wp-block-post-featured-image\"><img loading=\"lazy\" decoding=\"async\" width=\"1920\" height=\"1440\" src=\"https:\/\/uat.antechdiagnostics.com\/wp-content\/uploads\/2025\/05\/OEC9900.jpg\" class=\"attachment-post-thumbnail size-post-thumbnail wp-post-image\" alt=\"\" style=\"object-fit:cover;\" srcset=\"https:\/\/uat.antechdiagnostics.com\/wp-content\/uploads\/2025\/05\/OEC9900.jpg 1920w, https:\/\/uat.antechdiagnostics.com\/wp-content\/uploads\/2025\/05\/OEC9900-300x225.jpg 300w, https:\/\/uat.antechdiagnostics.com\/wp-content\/uploads\/2025\/05\/OEC9900-1024x768.jpg 1024w, https:\/\/uat.antechdiagnostics.com\/wp-content\/uploads\/2025\/05\/OEC9900-768x576.jpg 768w, https:\/\/uat.antechdiagnostics.com\/wp-content\/uploads\/2025\/05\/OEC9900-1536x1152.jpg 1536w, https:\/\/uat.antechdiagnostics.com\/wp-content\/uploads\/2025\/05\/OEC9900-16x12.jpg 16w\" sizes=\"auto, (max-width: 1920px) 100vw, 1920px\" \/><\/figure>\n\n<h3 class=\"is-style-title-2-primary-bold wp-block-post-title\">Arceau mobile OEC 9900 Elite\u00a0<\/h3>\n\n<div class=\"wp-block-post-excerpt\"><p class=\"wp-block-post-excerpt__excerpt\">\u00c9chographie simplifi\u00e9e mais am\u00e9lior\u00e9e pour des soins exceptionnels aux patients.<\/p><p class=\"wp-block-post-excerpt__more-text\"><a class=\"wp-block-post-excerpt__more-link\" href=\"https:\/\/uat.antechdiagnostics.com\/fr_ca\/antech-product\/oec-9900-elite\/\">En savoir plus<\/a><\/p><\/div><\/div>\n\n<\/li><li class=\"wp-block-post post-26218 antech-product type-antech-product status-publish has-post-thumbnail hentry product-category-c-arm service-area-imaging-equipment\">\n\n<div class=\"wp-block-group is-vertical is-layout-flex wp-container-core-group-is-layout-fe9cc265 wp-block-group-is-layout-flex\"><figure class=\"wp-block-post-featured-image\"><img loading=\"lazy\" decoding=\"async\" width=\"2048\" height=\"1367\" src=\"https:\/\/uat.antechdiagnostics.com\/wp-content\/uploads\/2025\/01\/smart-c-mini-web.png\" class=\"attachment-post-thumbnail size-post-thumbnail wp-post-image\" alt=\"\" style=\"object-fit:cover;\" srcset=\"https:\/\/uat.antechdiagnostics.com\/wp-content\/uploads\/2025\/01\/smart-c-mini-web.png 2048w, https:\/\/uat.antechdiagnostics.com\/wp-content\/uploads\/2025\/01\/smart-c-mini-web-300x200.png 300w, https:\/\/uat.antechdiagnostics.com\/wp-content\/uploads\/2025\/01\/smart-c-mini-web-1024x684.png 1024w, https:\/\/uat.antechdiagnostics.com\/wp-content\/uploads\/2025\/01\/smart-c-mini-web-768x513.png 768w, https:\/\/uat.antechdiagnostics.com\/wp-content\/uploads\/2025\/01\/smart-c-mini-web-1536x1025.png 1536w, https:\/\/uat.antechdiagnostics.com\/wp-content\/uploads\/2025\/01\/smart-c-mini-web-18x12.png 18w\" sizes=\"auto, (max-width: 2048px) 100vw, 2048px\" \/><\/figure>\n\n<h3 class=\"is-style-title-2-primary-bold wp-block-post-title\">Mini-arceau en C Smart-C\u00ae<\/h3>\n\n<div class=\"wp-block-post-excerpt\"><p class=\"wp-block-post-excerpt__excerpt\">Polyvalent. Fiable. Facile \u00e0 utiliser. Arceau mobile GE HealthCare.<\/p><p class=\"wp-block-post-excerpt__more-text\"><a class=\"wp-block-post-excerpt__more-link\" href=\"https:\/\/uat.antechdiagnostics.com\/fr_ca\/antech-product\/smart-c\/\">En savoir plus<\/a><\/p><\/div><\/div>\n\n<\/li><\/ul><\/div>\n<\/div>\n\n\n\n<div class=\"wp-block-firsttracks-page-section alignfull is-section-content has-global-padding is-layout-constrained wp-block-firsttracks-page-section-is-layout-constrained\">\n<h2 class=\"wp-block-heading alignwide\">Les leaders s\u2019associent aux leaders<\/h2>\n\n\n\n<div class=\"wp-block-columns alignwide is-layout-flex wp-container-core-columns-is-layout-28f84493 wp-block-columns-is-layout-flex\">\n<div class=\"wp-block-column is-layout-flow wp-block-column-is-layout-flow\" style=\"flex-basis:50%\">\n<h2 class=\"wp-block-heading is-style-heading-3-primary-bold\">Partenaire v\u00e9t\u00e9rinaire exclusif de GE HealthCare aux \u00c9tats-Unis depuis 2001<\/h2>\n\n\n\n<p>Images exceptionnelles. Syst\u00e8mes sp\u00e9cialis\u00e9s. Solutions innovantes. Chaque syst\u00e8me d'imagerie GE HealthCare est con\u00e7u en pensant \u00e0 vous, \u00e0 votre sp\u00e9cialit\u00e9 et \u00e0 vos patients. Vous vous engagez \u00e0 offrir les meilleurs soins possibles. Nous nous engageons \u00e0 vous fournir des technologies qui vous permettent d'exceller au quotidien.<\/p>\n<\/div>\n\n\n\n<div class=\"wp-block-column is-layout-flow wp-block-column-is-layout-flow\" style=\"flex-basis:50%\">\n<h2 class=\"wp-block-heading is-style-heading-3-primary-bold\">NeuroLogica Corporation<\/h2>\n\n\n\n<p>NeuroLogica Corporation, filiale de Samsung Electronics, est sp\u00e9cialis\u00e9e dans le d\u00e9veloppement, la production et la distribution de scanners de tomodensitom\u00e9trie (TDM) destin\u00e9s aux soins de proximit\u00e9 pour les \u00e9tablissements et les cabinets m\u00e9dicaux du monde entier. NeuroLogica a \u00e9t\u00e9 fond\u00e9e en 2004 dans la r\u00e9gion m\u00e9tropolitaine de Boston, o\u00f9 l'entreprise est toujours pr\u00e9sente aujourd'hui.<\/p>\n<\/div>\n<\/div>\n<\/div>\n\n\n\n<div class=\"wp-block-firsttracks-page-section alignfull is-section-list is-list-text is-style-section-3 has-global-padding is-layout-constrained wp-block-firsttracks-page-section-is-layout-constrained\">\n<div class=\"wp-block-columns alignwide is-layout-flex wp-container-core-columns-is-layout-28f84493 wp-block-columns-is-layout-flex\">\n<div class=\"wp-block-column is-layout-flow wp-block-column-is-layout-flow\" style=\"flex-basis:50%\">\n<h2 class=\"wp-block-heading is-style-heading-2-primary-bold\">Vous avez des questions sur l&#039;arceau chirurgical ?<\/h2>\n\n\n\n<p class=\"is-style-label-2-secondary-small-regular\">Remplissez le formulaire et un repr\u00e9sentant d'Antech vous contactera.<\/p>\n<\/div>\n\n\n\n<div class=\"wp-block-column is-layout-flow wp-block-column-is-layout-flow\" style=\"flex-basis:50%\">\n<p><\/p>\n\n\n\n<div class=\"wp-block-leadin-hubspot-form-block\">\n\t\t\t<div\n\t\t\tclass=\"hs-form-frame\"\n\t\t\tdata-region=\"na1\"\n\t\t\tdata-form-id=\"391f752b-ae97-49db-aacb-83f2dc98a1f1\"\n\t\t\tdata-portal-id=\"4747723\"\n\t\t\t >\n\t\t\t<\/div>\n\t\t\t<\/div>\n<\/div>\n<\/div>\n<\/div>\n\n\n\n<p><\/p>","protected":false},"excerpt":{"rendered":"","protected":false},"author":5,"featured_media":0,"parent":13,"menu_order":6,"comment_status":"closed","ping_status":"closed","template":"","meta":{"_acf_changed":false,"content-type":"","footnotes":""},"service-area":[41],"class_list":["post-30710","page","type-page","status-publish","hentry","service-area-imaging-equipment"],"acf":[],"publishpress_future_action":{"enabled":false,"date":"2026-05-13 08:20:14","action":"change-status","newStatus":"draft","terms":[],"taxonomy":"service-area","extraData":[]},"publishpress_future_workflow_manual_trigger":{"enabledWorkflows":[]},"_links":{"self":[{"href":"https:\/\/uat.antechdiagnostics.com\/fr_ca\/wp-json\/wp\/v2\/pages\/30710","targetHints":{"allow":["GET"]}}],"collection":[{"href":"https:\/\/uat.antechdiagnostics.com\/fr_ca\/wp-json\/wp\/v2\/pages"}],"about":[{"href":"https:\/\/uat.antechdiagnostics.com\/fr_ca\/wp-json\/wp\/v2\/types\/page"}],"author":[{"embeddable":true,"href":"https:\/\/uat.antechdiagnostics.com\/fr_ca\/wp-json\/wp\/v2\/users\/5"}],"replies":[{"embeddable":true,"href":"https:\/\/uat.antechdiagnostics.com\/fr_ca\/wp-json\/wp\/v2\/comments?post=30710"}],"version-history":[{"count":0,"href":"https:\/\/uat.antechdiagnostics.com\/fr_ca\/wp-json\/wp\/v2\/pages\/30710\/revisions"}],"up":[{"embeddable":true,"href":"https:\/\/uat.antechdiagnostics.com\/fr_ca\/wp-json\/wp\/v2\/pages\/13"}],"wp:attachment":[{"href":"https:\/\/uat.antechdiagnostics.com\/fr_ca\/wp-json\/wp\/v2\/media?parent=30710"}],"wp:term":[{"taxonomy":"service-area","embeddable":true,"href":"https:\/\/uat.antechdiagnostics.com\/fr_ca\/wp-json\/wp\/v2\/service-area?post=30710"}],"curies":[{"name":"wp","href":"https:\/\/api.w.org\/{rel}","templated":true}]}}