    {"id":30783,"date":"2026-03-06T12:01:21","date_gmt":"2026-03-06T17:01:21","guid":{"rendered":"\/?page_id=30783"},"modified":"2026-03-12T11:53:49","modified_gmt":"2026-03-12T15:53:49","slug":"aime-pour-la-vie-par-antech","status":"publish","type":"page","link":"https:\/\/uat.antechdiagnostics.com\/fr_ca\/reference-lab\/diagnostics\/loved-for-life-by-antech\/","title":{"rendered":"Aim\u00e9 pour la vie par Antech\u2122"},"content":{"rendered":"<div class=\"wp-block-firsttracks-page-section alignfull is-section-hero is-style-section-1 has-global-padding is-layout-constrained wp-block-firsttracks-page-section-is-layout-constrained\">\n<div class=\"wp-block-columns alignfull is-layout-flex wp-container-core-columns-is-layout-28f84493 wp-block-columns-is-layout-flex\">\n<div class=\"wp-block-column is-vertically-aligned-center is-layout-flow wp-block-column-is-layout-flow\" style=\"flex-basis:50%\"><nav class=\"breadcrumb\"><p><h1 class=\"wp-block-heading is-style-body-secondary-bold\"><a href=\"https:\/\/uat.antechdiagnostics.com\/fr_ca\/reference-lab\/\">Laboratoire de r\u00e9f\u00e9rence<\/a><\/h1><\/p><\/nav>\n\n\n<figure class=\"wp-block-image size-large is-resized\"><img loading=\"lazy\" decoding=\"async\" width=\"1024\" height=\"615\" src=\"\/wp-content\/uploads\/2026\/03\/Loved-for-Life_Heritage-2-1024x615.png\" alt=\"\" class=\"wp-image-30784\" style=\"aspect-ratio:1.6650709140530624;width:476px;height:auto\" srcset=\"https:\/\/uat.antechdiagnostics.com\/wp-content\/uploads\/2026\/03\/Loved-for-Life_Heritage-2-1024x615.png 1024w, https:\/\/uat.antechdiagnostics.com\/wp-content\/uploads\/2026\/03\/Loved-for-Life_Heritage-2-300x180.png 300w, https:\/\/uat.antechdiagnostics.com\/wp-content\/uploads\/2026\/03\/Loved-for-Life_Heritage-2-768x461.png 768w, https:\/\/uat.antechdiagnostics.com\/wp-content\/uploads\/2026\/03\/Loved-for-Life_Heritage-2-18x12.png 18w, https:\/\/uat.antechdiagnostics.com\/wp-content\/uploads\/2026\/03\/Loved-for-Life_Heritage-2.png 1094w\" sizes=\"auto, (max-width: 1024px) 100vw, 1024px\" \/><\/figure>\n\n\n\n<p>Parce que chaque animal m\u00e9rite d&#039;\u00eatre aim\u00e9 pour la vie.<strong>&nbsp;<\/strong>&nbsp;<\/p>\n\n\n\n<div class=\"wp-block-buttons is-layout-flex wp-block-buttons-is-layout-flex\">\n<div class=\"wp-block-button has-icon__arrow-narrow-right\"><a class=\"wp-block-button__link wp-element-button\" href=\"\/fr_ca\/laboratoire-de-reference\/diagnostic\/aime-pour-la-vie-par-antech\/#form-fill\">Commencez d\u00e8s aujourd&#039;hui<span class=\"wp-block-button__link-icon\" aria-hidden=\"true\"><svg xmlns='http:\/\/www.w3.org\/2000\/svg' viewbox='0 0 24 24'><path fill-rule='evenodd' d='m16.58 11.012-2.29-2.285v-.01a.987.987 0 0 1 0-1.418.992.992 0 0 1 1.42 0l4 3.992c.236.23.33.554.28.86a1 1 0 0 1-.39.656L15.7 16.7c-.19.18-.45.289-.71.289L15 17c-.27 0-.53-.11-.71-.29a.996.996 0 0 1-.01-1.417v-.01l2.28-2.275H5c-.56 0-1-.45-1-.998a.99.99 0 0 1 1-.998h11.58Z' clip-rule='evenodd'\/><\/svg><\/span><\/a><\/div>\n<\/div>\n<\/div>\n\n\n\n<div class=\"wp-block-column is-layout-flow wp-block-column-is-layout-flow\" style=\"flex-basis:50%\">\n<div class=\"wp-block-group is-content-justification-right is-nowrap is-layout-flex wp-container-core-group-is-layout-17124a9a wp-block-group-is-layout-flex\">\n<figure class=\"wp-block-image size-full wp-container-content-d8344436\"><img loading=\"lazy\" decoding=\"async\" width=\"2560\" height=\"1709\" src=\"\/wp-content\/uploads\/2026\/03\/DSC_6836-scaled.png\" alt=\"\" class=\"wp-image-30785\" style=\"aspect-ratio:1;object-fit:cover\" srcset=\"https:\/\/uat.antechdiagnostics.com\/wp-content\/uploads\/2026\/03\/DSC_6836-scaled.png 2560w, https:\/\/uat.antechdiagnostics.com\/wp-content\/uploads\/2026\/03\/DSC_6836-300x200.png 300w, https:\/\/uat.antechdiagnostics.com\/wp-content\/uploads\/2026\/03\/DSC_6836-1024x683.png 1024w, https:\/\/uat.antechdiagnostics.com\/wp-content\/uploads\/2026\/03\/DSC_6836-768x513.png 768w, https:\/\/uat.antechdiagnostics.com\/wp-content\/uploads\/2026\/03\/DSC_6836-1536x1025.png 1536w, https:\/\/uat.antechdiagnostics.com\/wp-content\/uploads\/2026\/03\/DSC_6836-2048x1367.png 2048w, https:\/\/uat.antechdiagnostics.com\/wp-content\/uploads\/2026\/03\/DSC_6836-18x12.png 18w\" sizes=\"auto, (max-width: 2560px) 100vw, 2560px\" \/><\/figure>\n<\/div>\n<\/div>\n<\/div>\n<\/div>\n\n\n\n<p>Les soins pr\u00e9ventifs sont plus efficaces lorsqu&#039;ils sont coh\u00e9rents, soutenus et faciles \u00e0 mettre en \u0153uvre par toute votre \u00e9quipe.&nbsp;&nbsp;<br>&nbsp;<br><strong>Aim\u00e9 pour la vie par Antech&nbsp;<\/strong>est un programme con\u00e7u pour aider votre \u00e9quipe \u00e0 fournir des soins de bien-\u00eatre plus intelligents, \u00e0 d\u00e9pister les maladies plus t\u00f4t et \u00e0 soutenir les animaux de compagnie \u00e0 chaque \u00e9tape de leur vie.&nbsp;<br>&nbsp;<br>Nous avons cr\u00e9\u00e9 Loved for Life by Antech pour vous aider \u00e0 passer d&#039;un test de bien-\u00eatre ponctuel \u00e0 une strat\u00e9gie de soins de soutien \u00e0 long terme ax\u00e9e sur le d\u00e9pistage pr\u00e9coce.&nbsp;<\/p>\n\n\n\n<div style=\"height:100px\" aria-hidden=\"true\" class=\"wp-block-spacer\"><\/div>\n\n\n\n<h2 class=\"wp-block-heading is-style-heading-2-primary-bold\"><strong>Regardez : Bienvenue chez Loved for Life par Antech\u2122<\/strong>&nbsp;<\/h2>\n\n\n\n<script src=\"https:\/\/fast.wistia.com\/player.js\" async><\/script><script src=\"https:\/\/fast.wistia.com\/embed\/4ewj7d1x2r.js\" async type=\"module\"><\/script><style>wistia-player[media-id='4ewj7d1x2r']:not(:defined) { background: center \/ contain no-repeat url('https:\/\/fast.wistia.com\/embed\/medias\/4ewj7d1x2r\/swatch'); display: block; filter: blur(5px); padding-top:56.25%; }<\/style> <wistia-player media-id=\"4ewj7d1x2r\" aspect=\"1.7777777777777777\"><\/wistia-player>\n\n\n\n<div class=\"wp-block-firsttracks-page-section alignfull is-section-list is-list-text is-style-section-4 has-global-padding is-layout-constrained wp-block-firsttracks-page-section-is-layout-constrained\">\n<div class=\"wp-block-columns alignwide is-layout-flex wp-container-core-columns-is-layout-28f84493 wp-block-columns-is-layout-flex\">\n<div class=\"wp-block-column is-layout-flow wp-block-column-is-layout-flow\" style=\"flex-basis:50%\">\n<h2 class=\"wp-block-heading\"><strong>Une meilleure pr\u00e9vention commence par les meilleurs profils diagnostiques.<\/strong>\u202f<\/h2>\n\n\n\n<p>Voici ce que le programme \u00ab Aim\u00e9 pour la vie \u00bb de Antech offre aux cliniques participantes. <\/p>\n<\/div>\n\n\n\n<div class=\"wp-block-column is-layout-flow wp-block-column-is-layout-flow\" style=\"flex-basis:50%\">\n<details class=\"wp-block-details is-layout-flow wp-block-details-is-layout-flow\"><summary>Profils diagnostiques complets (L4LDog et L4LCat)&nbsp;&nbsp;<\/summary>\n<p>Con\u00e7u pour cr\u00e9er des valeurs de r\u00e9f\u00e9rence sp\u00e9cifiques au patient et un suivi des tendances des r\u00e9sultats pour tous les analytes, incluant l&#039;h\u00e9matologie, l&#039;analyse d&#039;urine, la chimie adapt\u00e9e \u00e0 l&#039;esp\u00e8ce et un d\u00e9pistage parasitaire de pointe.&nbsp;<\/p>\n\n\n\n<ul class=\"wp-block-list\">\n<li><\/li>\n<\/ul>\n<\/details>\n\n\n\n<details class=\"wp-block-details is-layout-flow wp-block-details-is-layout-flow\"><summary>D\u00e9jeuner-conf\u00e9rence en pr\u00e9sentiel pour le personnel de la clinique&nbsp;&nbsp;<\/summary>\n<p><\/p>\n<\/details>\n\n\n\n<details class=\"wp-block-details is-layout-flow wp-block-details-is-layout-flow\"><summary>Ressources de soins pr\u00e9ventifs personnalis\u00e9es et compl\u00e8tes&nbsp;&nbsp;<\/summary>\n<p>Y compris les documents destin\u00e9s aux propri\u00e9taires d&#039;animaux de compagnie&nbsp;<\/p>\n\n\n\n<ul class=\"wp-block-list\">\n<li><\/li>\n<\/ul>\n<\/details>\n\n\n\n<details class=\"wp-block-details is-layout-flow wp-block-details-is-layout-flow\"><summary>module compl\u00e9mentaire de dentisterie pr\u00e9ventive&nbsp;&nbsp;<\/summary>\n<ul class=\"wp-block-list\">\n<li>25% de r\u00e9duction sur votre premier forfait RapidRead\u2122 Dental&nbsp;<\/li>\n\n\n\n<li>L&#039;option d&#039;ajouter un syst\u00e8me de radiographie dentaire haut de gamme \u00e0 partir du Sound\u2122 (aliment\u00e9 par le Antech)&nbsp;<\/li>\n\n\n\n<li>Formation au positionnement dentaire avec notre expert en imagerie&nbsp;<\/li>\n<\/ul>\n<\/details>\n\n\n\n<details class=\"wp-block-details is-layout-flow wp-block-details-is-layout-flow\"><summary>Un soutien d\u00e9di\u00e9 tout au long du programme&nbsp;&nbsp;<\/summary>\n<p><\/p>\n\n\n\n<ul class=\"wp-block-list\">\n<li><\/li>\n<\/ul>\n<\/details>\n<\/div>\n<\/div>\n<\/div>\n\n\n\n<div class=\"wp-block-firsttracks-page-section alignfull is-section-content is-text-action has-global-padding is-layout-constrained wp-block-firsttracks-page-section-is-layout-constrained\">\n<div class=\"wp-block-columns alignwide is-layout-flex wp-container-core-columns-is-layout-28f84493 wp-block-columns-is-layout-flex\">\n<div class=\"wp-block-column is-layout-flow wp-block-column-is-layout-flow\" style=\"flex-basis:50%\">\n<figure class=\"wp-block-image size-full\"><img loading=\"lazy\" decoding=\"async\" width=\"2560\" height=\"1707\" src=\"\/wp-content\/uploads\/2026\/03\/AdobeStock_833657189-scaled.jpeg\" alt=\"\" class=\"wp-image-30788\" srcset=\"https:\/\/uat.antechdiagnostics.com\/wp-content\/uploads\/2026\/03\/AdobeStock_833657189-scaled.jpeg 2560w, https:\/\/uat.antechdiagnostics.com\/wp-content\/uploads\/2026\/03\/AdobeStock_833657189-300x200.jpeg 300w, https:\/\/uat.antechdiagnostics.com\/wp-content\/uploads\/2026\/03\/AdobeStock_833657189-1024x683.jpeg 1024w, https:\/\/uat.antechdiagnostics.com\/wp-content\/uploads\/2026\/03\/AdobeStock_833657189-768x512.jpeg 768w, https:\/\/uat.antechdiagnostics.com\/wp-content\/uploads\/2026\/03\/AdobeStock_833657189-1536x1024.jpeg 1536w, https:\/\/uat.antechdiagnostics.com\/wp-content\/uploads\/2026\/03\/AdobeStock_833657189-2048x1365.jpeg 2048w, https:\/\/uat.antechdiagnostics.com\/wp-content\/uploads\/2026\/03\/AdobeStock_833657189-18x12.jpeg 18w\" sizes=\"auto, (max-width: 2560px) 100vw, 2560px\" \/><\/figure>\n<\/div>\n\n\n\n<div class=\"wp-block-column is-layout-flow wp-block-column-is-layout-flow\" style=\"flex-basis:50%\">\n<h2 class=\"wp-block-heading is-style-heading-3-primary-bold\"><strong>Loved for Life by Antech\u2122 est plus qu&#039;un programme, c&#039;est un partenariat.<\/strong>\u00a0<\/h2>\n\n\n\n<p>Ensemble, nous aidons les animaux de compagnie \u00e0 vivre plus longtemps et en meilleure sant\u00e9.\u00a0<strong>aim\u00e9 pour la vie.<\/strong>\u00a0<\/p>\n<\/div>\n<\/div>\n<\/div>\n\n\n\n<div style=\"height:103px\" aria-hidden=\"true\" class=\"wp-block-spacer\"><\/div>\n\n\n\n<div style=\"height:100px\" aria-hidden=\"true\" class=\"wp-block-spacer\"><\/div>\n\n\n\n<div class=\"wp-block-firsttracks-page-section alignfull is-section-content is-text-action is-style-section-3 has-global-padding is-layout-constrained wp-block-firsttracks-page-section-is-layout-constrained\">\n<div class=\"wp-block-columns alignwide is-layout-flex wp-container-core-columns-is-layout-28f84493 wp-block-columns-is-layout-flex\">\n<div class=\"wp-block-column is-layout-flow wp-block-column-is-layout-flow\" style=\"flex-basis:50%\">\n<h2 class=\"wp-block-heading is-style-heading-2-primary-bold\" id=\"form-fill\"><strong>Pr\u00eat \u00e0 commencer ?<\/strong>&nbsp;<\/h2>\n\n\n\n<p>Contactez votre repr\u00e9sentant local du programme Antech pour vous inscrire ou pour toute question concernant ce programme.&nbsp;<\/p>\n<\/div>\n\n\n\n<div class=\"wp-block-column is-layout-flow wp-block-column-is-layout-flow\" style=\"flex-basis:50%\">\n<div class=\"hs-form-frame\" data-region=\"na1\" data-form-id=\"e12aba6d-2cc2-4d04-b54e-c8e278f33cf7\" data-portal-id=\"4747723\"><\/div>\n<\/div>\n<\/div>\n<\/div>","protected":false},"excerpt":{"rendered":"<p>Les soins pr\u00e9ventifs sont plus efficaces lorsqu&#039;ils sont constants, soutenus et faciles \u00e0 mettre en \u0153uvre par toute votre \u00e9quipe. Loved for Life by Antech est un programme con\u00e7u pour aider votre \u00e9quipe \u00e0 offrir des soins de bien-\u00eatre plus intelligents, \u00e0 d\u00e9pister les maladies plus t\u00f4t et \u00e0 accompagner les animaux \u00e0 chaque \u00e9tape de leur vie. Nous avons cr\u00e9\u00e9 Loved for Life by Antech pour vous aider \u00e0 passer des tests de bien-\u00eatre ponctuels \u00e0 [\u2026]<\/p>","protected":false},"author":5,"featured_media":0,"parent":19,"menu_order":3,"comment_status":"closed","ping_status":"closed","template":"","meta":{"_acf_changed":false,"content-type":"","footnotes":""},"service-area":[42],"class_list":["post-30783","page","type-page","status-publish","hentry","service-area-reference-lab"],"acf":[],"publishpress_future_action":{"enabled":false,"date":"2026-05-13 12:36:06","action":"change-status","newStatus":"draft","terms":[],"taxonomy":"service-area","extraData":[]},"publishpress_future_workflow_manual_trigger":{"enabledWorkflows":[]},"_links":{"self":[{"href":"https:\/\/uat.antechdiagnostics.com\/fr_ca\/wp-json\/wp\/v2\/pages\/30783","targetHints":{"allow":["GET"]}}],"collection":[{"href":"https:\/\/uat.antechdiagnostics.com\/fr_ca\/wp-json\/wp\/v2\/pages"}],"about":[{"href":"https:\/\/uat.antechdiagnostics.com\/fr_ca\/wp-json\/wp\/v2\/types\/page"}],"author":[{"embeddable":true,"href":"https:\/\/uat.antechdiagnostics.com\/fr_ca\/wp-json\/wp\/v2\/users\/5"}],"replies":[{"embeddable":true,"href":"https:\/\/uat.antechdiagnostics.com\/fr_ca\/wp-json\/wp\/v2\/comments?post=30783"}],"version-history":[{"count":1,"href":"https:\/\/uat.antechdiagnostics.com\/fr_ca\/wp-json\/wp\/v2\/pages\/30783\/revisions"}],"predecessor-version":[{"id":30795,"href":"https:\/\/uat.antechdiagnostics.com\/fr_ca\/wp-json\/wp\/v2\/pages\/30783\/revisions\/30795"}],"up":[{"embeddable":true,"href":"https:\/\/uat.antechdiagnostics.com\/fr_ca\/wp-json\/wp\/v2\/pages\/19"}],"wp:attachment":[{"href":"https:\/\/uat.antechdiagnostics.com\/fr_ca\/wp-json\/wp\/v2\/media?parent=30783"}],"wp:term":[{"taxonomy":"service-area","embeddable":true,"href":"https:\/\/uat.antechdiagnostics.com\/fr_ca\/wp-json\/wp\/v2\/service-area?post=30783"}],"curies":[{"name":"wp","href":"https:\/\/api.w.org\/{rel}","templated":true}]}}