    {"id":31,"date":"2024-10-22T16:14:13","date_gmt":"2024-10-22T20:14:13","guid":{"rendered":"\/?page_id=31"},"modified":"2025-12-15T14:05:35","modified_gmt":"2025-12-15T19:05:35","slug":"diagnostic-equin","status":"publish","type":"page","link":"https:\/\/uat.antechdiagnostics.com\/fr_ca\/reference-lab\/diagnostics\/equine-diagnostics\/","title":{"rendered":"Diagnostic \u00e9quin"},"content":{"rendered":"<div class=\"wp-block-firsttracks-page-section alignfull is-section-hero is-style-section-1 has-global-padding is-layout-constrained wp-block-firsttracks-page-section-is-layout-constrained\">\n<div class=\"wp-block-columns alignfull is-layout-flex wp-container-core-columns-is-layout-28f84493 wp-block-columns-is-layout-flex\">\n<div class=\"wp-block-column is-vertically-aligned-center is-layout-flow wp-block-column-is-layout-flow\" style=\"flex-basis:50%\">\n<p class=\"is-style-body-secondary-bold\"><a href=\"\/fr_ca\/laboratoire-de-reference\/diagnostic\/\" data-type=\"link\" data-id=\"\/reference-lab\/diagnostics\/\">Diagnostics de laboratoire de r\u00e9f\u00e9rence<\/a><\/p>\n\n\n\n<h1 class=\"wp-block-heading is-style-display-primary-bold\">Diagnostic \u00e9quin<\/h1>\n\n\n\n<p>Depuis plus de 30 ans, Antech\u2122 est un partenaire de laboratoire de choix pour les v\u00e9t\u00e9rinaires \u00e9quins.<\/p>\n<\/div>\n\n\n\n<div class=\"wp-block-column is-layout-flow wp-block-column-is-layout-flow\" style=\"flex-basis:50%\">\n<div class=\"wp-block-group is-content-justification-right is-nowrap is-layout-flex wp-container-core-group-is-layout-17124a9a wp-block-group-is-layout-flex\">\n<div class=\"wp-block-group is-hero-gallery is-layout-grid wp-container-core-group-is-layout-b757edec wp-block-group-is-layout-grid\">\n<figure class=\"wp-block-image size-full wp-container-content-5e2576f9\"><img loading=\"lazy\" decoding=\"async\" width=\"1575\" height=\"2560\" src=\"\/wp-content\/uploads\/2025\/07\/Antech_PetPortraits_Equine_2_RGB-3-scaled.jpg\" alt=\"\" class=\"wp-image-28823\" style=\"aspect-ratio:1\/2;object-fit:cover\" srcset=\"https:\/\/uat.antechdiagnostics.com\/wp-content\/uploads\/2025\/07\/Antech_PetPortraits_Equine_2_RGB-3-scaled.jpg 1575w, https:\/\/uat.antechdiagnostics.com\/wp-content\/uploads\/2025\/07\/Antech_PetPortraits_Equine_2_RGB-3-185x300.jpg 185w, https:\/\/uat.antechdiagnostics.com\/wp-content\/uploads\/2025\/07\/Antech_PetPortraits_Equine_2_RGB-3-630x1024.jpg 630w, https:\/\/uat.antechdiagnostics.com\/wp-content\/uploads\/2025\/07\/Antech_PetPortraits_Equine_2_RGB-3-768x1249.jpg 768w, https:\/\/uat.antechdiagnostics.com\/wp-content\/uploads\/2025\/07\/Antech_PetPortraits_Equine_2_RGB-3-945x1536.jpg 945w, https:\/\/uat.antechdiagnostics.com\/wp-content\/uploads\/2025\/07\/Antech_PetPortraits_Equine_2_RGB-3-1260x2048.jpg 1260w, https:\/\/uat.antechdiagnostics.com\/wp-content\/uploads\/2025\/07\/Antech_PetPortraits_Equine_2_RGB-3-7x12.jpg 7w\" sizes=\"auto, (max-width: 1575px) 100vw, 1575px\" \/><\/figure>\n\n\n\n<figure class=\"wp-block-image size-full\"><img decoding=\"async\" src=\"\/wp-content\/themes\/antech2024\/assets\/images\/placeholder-2.png\" alt=\"\" style=\"aspect-ratio:1\/2;object-fit:cover\"\/><\/figure>\n<\/div>\n<\/div>\n<\/div>\n<\/div>\n<\/div>\n\n\n\n<div class=\"wp-block-firsttracks-page-section alignfull is-section-hero is-style-section-1 has-global-padding is-layout-constrained wp-block-firsttracks-page-section-is-layout-constrained\"><\/div>\n\n\n\n<div class=\"wp-block-firsttracks-page-section alignwide is-section-grid has-global-padding is-layout-constrained wp-block-firsttracks-page-section-is-layout-constrained\">\n<div class=\"wp-block-group alignwide is-grid-card is-layout-grid wp-container-core-group-is-layout-d88a0cef wp-block-group-is-layout-grid\">\n<div class=\"wp-block-group has-global-padding is-layout-constrained wp-block-group-is-layout-constrained\">\n<figure class=\"wp-block-image size-thumbnail is-resized\"><img loading=\"lazy\" decoding=\"async\" width=\"150\" height=\"150\" src=\"\/wp-content\/uploads\/2025\/01\/Antech_icon_tests_positive_rgb-150x150.png\" alt=\"Ic\u00f4ne du presse-papiers et du tube \u00e0 essai\" class=\"wp-image-21859\" style=\"width:125px;height:auto\" srcset=\"https:\/\/uat.antechdiagnostics.com\/wp-content\/uploads\/2025\/01\/Antech_icon_tests_positive_rgb-150x150.png 150w, https:\/\/uat.antechdiagnostics.com\/wp-content\/uploads\/2025\/01\/Antech_icon_tests_positive_rgb-300x300.png 300w, https:\/\/uat.antechdiagnostics.com\/wp-content\/uploads\/2025\/01\/Antech_icon_tests_positive_rgb-1024x1024.png 1024w, https:\/\/uat.antechdiagnostics.com\/wp-content\/uploads\/2025\/01\/Antech_icon_tests_positive_rgb-768x768.png 768w, https:\/\/uat.antechdiagnostics.com\/wp-content\/uploads\/2025\/01\/Antech_icon_tests_positive_rgb-12x12.png 12w, https:\/\/uat.antechdiagnostics.com\/wp-content\/uploads\/2025\/01\/Antech_icon_tests_positive_rgb-400x400.png 400w, https:\/\/uat.antechdiagnostics.com\/wp-content\/uploads\/2025\/01\/Antech_icon_tests_positive_rgb-600x600.png 600w, https:\/\/uat.antechdiagnostics.com\/wp-content\/uploads\/2025\/01\/Antech_icon_tests_positive_rgb.png 1250w\" sizes=\"auto, (max-width: 150px) 100vw, 150px\" \/><\/figure>\n\n\n\n<h2 class=\"wp-block-heading is-style-title-2-primary-bold\">Diagnostics de base et tests avanc\u00e9s<\/h2>\n\n\n\n<p>Antech propose une gamme de diagnostics, notamment des profils pour les maladies h\u00e9patiques, r\u00e9nales, neurologiques et gastro-intestinales. Des partenariats avec d'autres laboratoires diagnostiques \u00e9largissent notre offre pour inclure de nombreux services suppl\u00e9mentaires, tels que des profils PCR exclusifs, des tests de d\u00e9tection de maladies infectieuses, des diagnostics de l\u2019EPM, des examens pr\u00e9-achat, et bien plus encore.<\/p>\n<\/div>\n\n\n\n<div class=\"wp-block-group has-global-padding is-layout-constrained wp-block-group-is-layout-constrained\">\n<figure class=\"wp-block-image size-thumbnail is-resized\"><img loading=\"lazy\" decoding=\"async\" width=\"150\" height=\"150\" src=\"\/wp-content\/uploads\/2025\/01\/Antech_icon_horse_positive_rgb-150x150.png\" alt=\"\" class=\"wp-image-21860\" style=\"width:120px;height:auto\" srcset=\"https:\/\/uat.antechdiagnostics.com\/wp-content\/uploads\/2025\/01\/Antech_icon_horse_positive_rgb-150x150.png 150w, https:\/\/uat.antechdiagnostics.com\/wp-content\/uploads\/2025\/01\/Antech_icon_horse_positive_rgb-300x300.png 300w, https:\/\/uat.antechdiagnostics.com\/wp-content\/uploads\/2025\/01\/Antech_icon_horse_positive_rgb-1024x1024.png 1024w, https:\/\/uat.antechdiagnostics.com\/wp-content\/uploads\/2025\/01\/Antech_icon_horse_positive_rgb-768x768.png 768w, https:\/\/uat.antechdiagnostics.com\/wp-content\/uploads\/2025\/01\/Antech_icon_horse_positive_rgb-12x12.png 12w, https:\/\/uat.antechdiagnostics.com\/wp-content\/uploads\/2025\/01\/Antech_icon_horse_positive_rgb-400x400.png 400w, https:\/\/uat.antechdiagnostics.com\/wp-content\/uploads\/2025\/01\/Antech_icon_horse_positive_rgb-600x600.png 600w, https:\/\/uat.antechdiagnostics.com\/wp-content\/uploads\/2025\/01\/Antech_icon_horse_positive_rgb.png 1250w\" sizes=\"auto, (max-width: 150px) 100vw, 150px\" \/><\/figure>\n\n\n\n<h2 class=\"wp-block-heading is-style-title-2-primary-bold\">Soins de sant\u00e9 pr\u00e9ventifs et tests Coggins<\/h2>\n\n\n\n<p>Le Programme de sant\u00e9 \u00e9quine (PSE) est ax\u00e9 sur les soins pr\u00e9ventifs pour les chevaux, qu'ils soient de comp\u00e9tition, de loisir ou seniors. Antech propose de nombreuses options de tests Coggins pour r\u00e9pondre aux besoins de votre cabinet. Renseignez-vous sur notre programme exclusif de facturation directe GVL pour simplifier votre facturation mensuelle.<\/p>\n<\/div>\n\n\n\n<div class=\"wp-block-group has-global-padding is-layout-constrained wp-block-group-is-layout-constrained\">\n<figure class=\"wp-block-image size-full\"><img loading=\"lazy\" decoding=\"async\" width=\"120\" height=\"120\" src=\"\/wp-content\/uploads\/2025\/01\/Inhouse-testing-Icon.png\" alt=\"Ic\u00f4ne d&#039;un microscope\" class=\"wp-image-3551\" srcset=\"https:\/\/uat.antechdiagnostics.com\/wp-content\/uploads\/2025\/01\/Inhouse-testing-Icon.png 120w, https:\/\/uat.antechdiagnostics.com\/wp-content\/uploads\/2025\/01\/Inhouse-testing-Icon-12x12.png 12w\" sizes=\"auto, (max-width: 120px) 100vw, 120px\" \/><\/figure>\n\n\n\n<h2 class=\"wp-block-heading is-style-title-2-primary-bold\">Tests endocriniens<\/h2>\n\n\n\n<p>Nous proposons une gamme d'analyses endocriniennes pour le PPID, la dysr\u00e9gulation insulinique (DI) et les troubles thyro\u00efdiens. Les analyses sont principalement r\u00e9alis\u00e9es en interne, ce qui permet des d\u00e9lais de traitement rapides.<\/p>\n<\/div>\n<\/div>\n<\/div>\n\n\n\n<div class=\"wp-block-firsttracks-page-section alignfull is-section-list is-list-text is-style-section-4 has-global-padding is-layout-constrained wp-block-firsttracks-page-section-is-layout-constrained\">\n<div class=\"wp-block-columns alignwide is-layout-flex wp-container-core-columns-is-layout-28f84493 wp-block-columns-is-layout-flex\">\n<div class=\"wp-block-column is-layout-flow wp-block-column-is-layout-flow\" style=\"flex-basis:50%\">\n<h2 class=\"wp-block-heading is-style-heading-2-primary-bold\">Offres de produits \u00e9quins<\/h2>\n<\/div>\n\n\n\n<div class=\"wp-block-column is-layout-flow wp-block-column-is-layout-flow\" style=\"flex-basis:50%\">\n<div class=\"wp-block-group is-list-item is-vertical is-layout-flex wp-container-core-group-is-layout-fe9cc265 wp-block-group-is-layout-flex\">\n<h3 class=\"wp-block-heading is-style-title-1-primary-bold\">Gamme compl\u00e8te de tests allant des soins de sant\u00e9 pr\u00e9ventifs au diagnostic des maladies.<\/h3>\n\n\n<\/div>\n\n\n\n<div class=\"wp-block-group is-list-item is-vertical is-layout-flex wp-container-core-group-is-layout-fe9cc265 wp-block-group-is-layout-flex\">\n<h3 class=\"wp-block-heading is-style-title-1-primary-bold\">Consultation avec des sp\u00e9cialistes certifi\u00e9s en m\u00e9decine interne des grands animaux\/\u00e9quins pour des questions li\u00e9es aux tests ou aux cas.<\/h3>\n<\/div>\n\n\n\n<div class=\"wp-block-group is-list-item is-vertical is-layout-flex wp-container-core-group-is-layout-fe9cc265 wp-block-group-is-layout-flex\">\n<h3 class=\"wp-block-heading is-style-title-1-primary-bold\">Une gamme d&#039;\u00e9quipements et de services d&#039;imagerie \u00e9quine, ainsi qu&#039;une int\u00e9gration de logiciels v\u00e9t\u00e9rinaires.<\/h3>\n\n\n\n<div class=\"wp-block-button has-icon__arrow-narrow-right\"><a class=\"wp-block-button__link wp-element-button\" href=\"\/fr_ca\/equipement-dimagerie\/\">Voir l&#039;\u00e9quipement d&#039;imagerie<span class=\"wp-block-button__link-icon\" aria-hidden=\"true\"><svg xmlns='http:\/\/www.w3.org\/2000\/svg' viewbox='0 0 24 24'><path fill-rule='evenodd' d='m16.58 11.012-2.29-2.285v-.01a.987.987 0 0 1 0-1.418.992.992 0 0 1 1.42 0l4 3.992c.236.23.33.554.28.86a1 1 0 0 1-.39.656L15.7 16.7c-.19.18-.45.289-.71.289L15 17c-.27 0-.53-.11-.71-.29a.996.996 0 0 1-.01-1.417v-.01l2.28-2.275H5c-.56 0-1-.45-1-.998a.99.99 0 0 1 1-.998h11.58Z' clip-rule='evenodd'\/><\/svg><\/span><\/a><\/div>\n<\/div>\n\n\n\n<div class=\"wp-block-group is-list-item is-vertical is-layout-flex wp-container-core-group-is-layout-fe9cc265 wp-block-group-is-layout-flex\">\n<h3 class=\"wp-block-heading is-style-title-1-primary-bold\">Un syst\u00e8me en ligne et une application mobile pour un acc\u00e8s facile aux r\u00e9sultats de diagnostic.<\/h3>\n<\/div>\n\n\n<\/div>\n<\/div>\n<\/div>\n\n\n\n<div class=\"wp-block-firsttracks-page-section alignwide is-section-cta is-style-section-5 has-global-padding is-layout-constrained wp-block-firsttracks-page-section-is-layout-constrained\">\n<div class=\"wp-block-columns alignwide is-layout-flex wp-container-core-columns-is-layout-28f84493 wp-block-columns-is-layout-flex\">\n<div class=\"wp-block-column is-vertically-aligned-center is-layout-flow wp-block-column-is-layout-flow\" style=\"flex-basis:70%\">\n<div class=\"wp-block-group has-global-padding is-layout-constrained wp-block-group-is-layout-constrained\">\n<h1 class=\"wp-block-heading is-style-body-secondary-bold\"><\/h1>\n\n\n\n<h2 class=\"wp-block-heading\">La s\u00e9rie gratuite de formation continue v\u00e9t\u00e9rinaire \u00e9quine MARS EQUESTRIAN\u2122 est d\u00e9sormais disponible \u00e0 la demande.<\/h2>\n\n\n\n<div class=\"wp-block-buttons is-layout-flex wp-block-buttons-is-layout-flex\">\n<div class=\"wp-block-button\"><a class=\"wp-block-button__link wp-element-button\" href=\"https:\/\/web.antechdiagnostics.com\/mars-equine-webinar-series-2025\">En savoir plus<\/a><\/div>\n<\/div>\n<\/div>\n<\/div>\n\n\n\n<div class=\"wp-block-column is-layout-flow wp-block-column-is-layout-flow\" style=\"flex-basis:30%\">\n<figure class=\"wp-block-image alignright size-full\"><img loading=\"lazy\" decoding=\"async\" width=\"1200\" height=\"1218\" src=\"\/wp-content\/uploads\/2025\/08\/Antech_Lifestyle_People-and-Moments_Equine_4_RGB.png\" alt=\"\" class=\"wp-image-29751\" srcset=\"https:\/\/uat.antechdiagnostics.com\/wp-content\/uploads\/2025\/08\/Antech_Lifestyle_People-and-Moments_Equine_4_RGB.png 1200w, https:\/\/uat.antechdiagnostics.com\/wp-content\/uploads\/2025\/08\/Antech_Lifestyle_People-and-Moments_Equine_4_RGB-296x300.png 296w, https:\/\/uat.antechdiagnostics.com\/wp-content\/uploads\/2025\/08\/Antech_Lifestyle_People-and-Moments_Equine_4_RGB-1009x1024.png 1009w, https:\/\/uat.antechdiagnostics.com\/wp-content\/uploads\/2025\/08\/Antech_Lifestyle_People-and-Moments_Equine_4_RGB-80x80.png 80w, https:\/\/uat.antechdiagnostics.com\/wp-content\/uploads\/2025\/08\/Antech_Lifestyle_People-and-Moments_Equine_4_RGB-768x780.png 768w, https:\/\/uat.antechdiagnostics.com\/wp-content\/uploads\/2025\/08\/Antech_Lifestyle_People-and-Moments_Equine_4_RGB-12x12.png 12w\" sizes=\"auto, (max-width: 1200px) 100vw, 1200px\" \/><\/figure>\n<\/div>\n<\/div>\n<\/div>\n\n\n\n<div class=\"wp-block-firsttracks-page-section alignfull is-section-list is-list-text is-style-section-3 has-global-padding is-layout-constrained wp-block-firsttracks-page-section-is-layout-constrained\">\n<div class=\"wp-block-columns alignwide is-layout-flex wp-container-core-columns-is-layout-28f84493 wp-block-columns-is-layout-flex\">\n<div class=\"wp-block-column is-layout-flow wp-block-column-is-layout-flow\" style=\"flex-basis:50%\">\n<h2 class=\"wp-block-heading is-style-heading-2-primary-bold\">Vous souhaitez plus d&#039;informations sur Antech Equine Diagnostics ?<\/h2>\n\n\n\n<p>Remplissez le formulaire ou appelez le service client de Contact Equine au&nbsp;<a href=\"\/fr_ca\/t\u00e9l. : 18009556353\/\">800-955-6353.<\/a><\/p>\n<\/div>\n\n\n\n<div class=\"wp-block-column is-layout-flow wp-block-column-is-layout-flow\" style=\"flex-basis:50%\">\n<div class=\"wp-block-leadin-hubspot-form-block\">\n\t\t\t\t\t\t<script>\n\t\t\t\t\t\t\twindow.hsFormsOnReady = window.hsFormsOnReady || [];\n\t\t\t\t\t\t\twindow.hsFormsOnReady.push(()=>{\n\t\t\t\t\t\t\t\thbspt.forms.create({\n\t\t\t\t\t\t\t\t\tportalId: 4747723,\n\t\t\t\t\t\t\t\t\tformId: \"6e1c3db3-93df-4152-8b2e-ba6960f53cc6\",\n\t\t\t\t\t\t\t\t\ttarget: \"#hbspt-form-1778088824000-0915519424\",\n\t\t\t\t\t\t\t\t\tregion: \"na1\",\n\t\t\t\t\t\t\t\t\t\n\t\t\t\t\t\t\t})});\n\t\t\t\t\t\t<\/script>\n\t\t\t\t\t\t<div class=\"hbspt-form\" id=\"hbspt-form-1778088824000-0915519424\"><\/div><\/div>\n<\/div>\n<\/div>\n<\/div>","protected":false},"excerpt":{"rendered":"","protected":false},"author":5,"featured_media":0,"parent":19,"menu_order":8,"comment_status":"closed","ping_status":"closed","template":"","meta":{"_acf_changed":false,"content-type":"","footnotes":""},"service-area":[],"class_list":["post-31","page","type-page","status-publish","hentry"],"acf":[],"publishpress_future_action":{"enabled":false,"date":"2026-05-13 13:33:44","action":"change-status","newStatus":"draft","terms":[],"taxonomy":"service-area","extraData":[]},"publishpress_future_workflow_manual_trigger":{"enabledWorkflows":[]},"_links":{"self":[{"href":"https:\/\/uat.antechdiagnostics.com\/fr_ca\/wp-json\/wp\/v2\/pages\/31","targetHints":{"allow":["GET"]}}],"collection":[{"href":"https:\/\/uat.antechdiagnostics.com\/fr_ca\/wp-json\/wp\/v2\/pages"}],"about":[{"href":"https:\/\/uat.antechdiagnostics.com\/fr_ca\/wp-json\/wp\/v2\/types\/page"}],"author":[{"embeddable":true,"href":"https:\/\/uat.antechdiagnostics.com\/fr_ca\/wp-json\/wp\/v2\/users\/5"}],"replies":[{"embeddable":true,"href":"https:\/\/uat.antechdiagnostics.com\/fr_ca\/wp-json\/wp\/v2\/comments?post=31"}],"version-history":[{"count":0,"href":"https:\/\/uat.antechdiagnostics.com\/fr_ca\/wp-json\/wp\/v2\/pages\/31\/revisions"}],"up":[{"embeddable":true,"href":"https:\/\/uat.antechdiagnostics.com\/fr_ca\/wp-json\/wp\/v2\/pages\/19"}],"wp:attachment":[{"href":"https:\/\/uat.antechdiagnostics.com\/fr_ca\/wp-json\/wp\/v2\/media?parent=31"}],"wp:term":[{"taxonomy":"service-area","embeddable":true,"href":"https:\/\/uat.antechdiagnostics.com\/fr_ca\/wp-json\/wp\/v2\/service-area?post=31"}],"curies":[{"name":"wp","href":"https:\/\/api.w.org\/{rel}","templated":true}]}}