    {"id":35,"date":"2024-10-22T16:15:54","date_gmt":"2024-10-22T20:15:54","guid":{"rendered":"\/?page_id=35"},"modified":"2026-02-02T13:41:05","modified_gmt":"2026-02-02T18:41:05","slug":"nouvelle-pratique-veterinaire","status":"publish","type":"page","link":"https:\/\/uat.antechdiagnostics.com\/fr_ca\/reference-lab\/resources\/new-veterinary-practice\/","title":{"rendered":"Nouvelle pratique v\u00e9t\u00e9rinaire"},"content":{"rendered":"<div class=\"wp-block-firsttracks-page-section alignfull is-section-hero is-style-section-1 has-global-padding is-layout-constrained wp-block-firsttracks-page-section-is-layout-constrained\">\n<div class=\"wp-block-columns alignwide is-layout-flex wp-container-core-columns-is-layout-28f84493 wp-block-columns-is-layout-flex\">\n<div class=\"wp-block-column is-vertically-aligned-center is-layout-flow wp-block-column-is-layout-flow\" style=\"flex-basis:50%\">\n<p><a href=\"\/fr_ca\/laboratoire-de-reference\/\"><strong>Laboratoire de r\u00e9f\u00e9rence<\/strong><\/a><\/p>\n\n\n\n<h1 class=\"wp-block-heading is-style-display-primary-bold\">Vous ouvrez un nouveau cabinet v\u00e9t\u00e9rinaire ? <\/h1>\n\n\n\n<p><strong>Antech peut vous aider.<\/strong>&nbsp;<\/p>\n<\/div>\n\n\n\n<div class=\"wp-block-column is-layout-flow wp-block-column-is-layout-flow\" style=\"flex-basis:50%\">\n<div class=\"wp-block-group has-global-padding is-layout-constrained wp-block-group-is-layout-constrained\">\n<div class=\"wp-block-group is-hero-gallery is-layout-grid wp-container-core-group-is-layout-b757edec wp-block-group-is-layout-grid\">\n<figure class=\"wp-block-image size-full\"><img loading=\"lazy\" decoding=\"async\" width=\"1565\" height=\"947\" src=\"\/wp-content\/uploads\/2025\/01\/Antech_Technology_Wave_1_RGB.png\" alt=\"\" class=\"wp-image-4683\" style=\"aspect-ratio:1;object-fit:cover\" srcset=\"https:\/\/uat.antechdiagnostics.com\/wp-content\/uploads\/2025\/01\/Antech_Technology_Wave_1_RGB.png 1565w, https:\/\/uat.antechdiagnostics.com\/wp-content\/uploads\/2025\/01\/Antech_Technology_Wave_1_RGB-300x182.png 300w, https:\/\/uat.antechdiagnostics.com\/wp-content\/uploads\/2025\/01\/Antech_Technology_Wave_1_RGB-1024x620.png 1024w, https:\/\/uat.antechdiagnostics.com\/wp-content\/uploads\/2025\/01\/Antech_Technology_Wave_1_RGB-768x465.png 768w, https:\/\/uat.antechdiagnostics.com\/wp-content\/uploads\/2025\/01\/Antech_Technology_Wave_1_RGB-1536x929.png 1536w, https:\/\/uat.antechdiagnostics.com\/wp-content\/uploads\/2025\/01\/Antech_Technology_Wave_1_RGB-18x12.png 18w\" sizes=\"auto, (max-width: 1565px) 100vw, 1565px\" \/><\/figure>\n\n\n\n<figure class=\"wp-block-image size-full wp-container-content-b825cd3f\"><img loading=\"lazy\" decoding=\"async\" width=\"1002\" height=\"1280\" src=\"\/wp-content\/uploads\/2025\/01\/Antech_Thriving_Practice_8_RGB.jpg\" alt=\"\" class=\"wp-image-21956\" style=\"aspect-ratio:1\/2;object-fit:cover\" srcset=\"https:\/\/uat.antechdiagnostics.com\/wp-content\/uploads\/2025\/01\/Antech_Thriving_Practice_8_RGB.jpg 1002w, https:\/\/uat.antechdiagnostics.com\/wp-content\/uploads\/2025\/01\/Antech_Thriving_Practice_8_RGB-235x300.jpg 235w, https:\/\/uat.antechdiagnostics.com\/wp-content\/uploads\/2025\/01\/Antech_Thriving_Practice_8_RGB-802x1024.jpg 802w, https:\/\/uat.antechdiagnostics.com\/wp-content\/uploads\/2025\/01\/Antech_Thriving_Practice_8_RGB-768x981.jpg 768w, https:\/\/uat.antechdiagnostics.com\/wp-content\/uploads\/2025\/01\/Antech_Thriving_Practice_8_RGB-9x12.jpg 9w\" sizes=\"auto, (max-width: 1002px) 100vw, 1002px\" \/><\/figure>\n\n\n\n<figure class=\"wp-block-image size-full\"><img loading=\"lazy\" decoding=\"async\" width=\"933\" height=\"711\" src=\"\/wp-content\/uploads\/2025\/01\/Antech_PetPortraits_Dog_7_RGB_Green-1.png\" alt=\"\" class=\"wp-image-21874\" style=\"aspect-ratio:1;object-fit:cover\" srcset=\"https:\/\/uat.antechdiagnostics.com\/wp-content\/uploads\/2025\/01\/Antech_PetPortraits_Dog_7_RGB_Green-1.png 933w, https:\/\/uat.antechdiagnostics.com\/wp-content\/uploads\/2025\/01\/Antech_PetPortraits_Dog_7_RGB_Green-1-300x229.png 300w, https:\/\/uat.antechdiagnostics.com\/wp-content\/uploads\/2025\/01\/Antech_PetPortraits_Dog_7_RGB_Green-1-768x585.png 768w, https:\/\/uat.antechdiagnostics.com\/wp-content\/uploads\/2025\/01\/Antech_PetPortraits_Dog_7_RGB_Green-1-16x12.png 16w\" sizes=\"auto, (max-width: 933px) 100vw, 933px\" \/><\/figure>\n<\/div>\n<\/div>\n<\/div>\n<\/div>\n<\/div>\n\n\n\n<p>Que votre nouvelle pratique n\u00e9cessite une approche robuste <strong>Laboratoire de r\u00e9f\u00e9rence<\/strong> services, <strong>tests et analyseurs internes<\/strong>, <strong>\u00e9quipements et services d&#039;imagerie<\/strong>, <strong>consultants m\u00e9dicaux experts<\/strong><a>, <\/a>ou au-del\u00e0\u2014Antech<strong>\u2122<\/strong> est ici pour en savoir plus sur votre plan d&#039;affaires, vos besoins et vos objectifs de croissance. <a>Donc <\/a>vous pouvez vous concentrer sur les soins.<\/p>\n\n\n\n<hr class=\"wp-block-separator has-alpha-channel-opacity\"\/>\n\n\n\n<div class=\"wp-block-firsttracks-page-section alignfull is-section-grid has-global-padding is-layout-constrained wp-block-firsttracks-page-section-is-layout-constrained\">\n<div class=\"wp-block-group alignwide is-grid-card is-layout-grid wp-container-core-group-is-layout-cdb28de3 wp-block-group-is-layout-grid\">\n<div class=\"wp-block-group has-global-padding is-layout-constrained wp-block-group-is-layout-constrained\">\n\n\n<h2 class=\"wp-block-heading is-style-title-2-primary-bold\"><strong>Options d&#039;\u00e9quipement flexibles et \u00e9volutives<\/strong><\/h2>\n\n\n\n<p>Votre \u00e9quipement de diagnostic doit r\u00e9pondre aux besoins de votre clinique et de vos patients. \u00c0 mesure que votre charge de travail augmente, nous facilitons la mise \u00e0 niveau des analyseurs, pour un flux de travail fluide.<br><br><strong>Exemple:<\/strong> \u00e9chographie portative \u00e0 console<\/p>\n<\/div>\n\n\n\n<div class=\"wp-block-group has-global-padding is-layout-constrained wp-block-group-is-layout-constrained\">\n\n\n<h2 class=\"wp-block-heading is-style-title-2-primary-bold\"><strong>Formation et int\u00e9gration pour garantir que les \u00e9quipes cliniques utilisent l&#039;\u00e9quipement en toute confiance d\u00e8s le premier jour<\/strong><\/h2>\n\n\n\n<p><\/p>\n<\/div>\n\n\n\n<div class=\"wp-block-group has-global-padding is-layout-constrained wp-block-group-is-layout-constrained\">\n\n\n<h2 class=\"wp-block-heading is-style-title-2-primary-bold\"><strong>Int\u00e9gration et prise en charge des flux de travail, pour minimiser les perturbations et r\u00e9duire les frictions administratives<\/strong><\/h2>\n\n\n\n<p>HealthTracks\u2122 simplifie votre flux de travail de diagnostic tout en vous garantissant les fonctionnalit\u00e9s dont vous avez besoin pour fournir les meilleurs soins \u00e0 vos patients.<\/p>\n<\/div>\n\n\n\n<div class=\"wp-block-group has-global-padding is-layout-constrained wp-block-group-is-layout-constrained\">\n\n\n<h2 class=\"wp-block-heading is-style-title-2-primary-bold\"><strong>Un partenariat continu, avec des conseils qui s&#039;adaptent \u00e0 la croissance de l&#039;h\u00f4pital, et pas seulement au point de vente<\/strong>&nbsp;<\/h2>\n\n\n\n<p>Choisissez les diagnostics complets dont vous avez besoin, avec des options personnalisables et abordables qui s&#039;adaptent \u00e0 votre pratique \u00e0 mesure qu&#039;elle \u00e9volue, y compris un financement flexible.&nbsp;<\/p>\n<\/div>\n\n\n\n<div class=\"wp-block-group has-global-padding is-layout-constrained wp-block-group-is-layout-constrained\">\n\n\n<h2 class=\"wp-block-heading is-style-title-2-primary-bold\"><strong>Assistance \u00e0 la communication avec les propri\u00e9taires d\u2019animaux de compagnie : pour vous assurer que vos clients disposent des informations dont ils ont besoin.<\/strong>&nbsp;<\/h2>\n\n\n\n<p>Qu&#039;il s&#039;agisse d&#039;e-mails de suivi, de bo\u00eetes \u00e0 outils pour les m\u00e9dias sociaux ou de suggestions d&#039;outils num\u00e9riques pour fid\u00e9liser votre client\u00e8le, nous pouvons vous aider.&nbsp;<\/p>\n<\/div>\n<\/div>\n<\/div>\n\n\n\n<div class=\"wp-block-firsttracks-page-section alignfull is-section-list is-style-section-4 is-list-text has-global-padding is-layout-constrained wp-block-firsttracks-page-section-is-layout-constrained\">\n<div class=\"wp-block-columns alignwide is-layout-flex wp-container-core-columns-is-layout-28f84493 wp-block-columns-is-layout-flex\">\n<div class=\"wp-block-column is-layout-flow wp-block-column-is-layout-flow\" style=\"flex-basis:50%\">\n<h2 class=\"wp-block-heading is-style-heading-2-primary-bold\"><strong>Diagnostics innovants, fiables et pr\u00e9cis<\/strong><strong> <\/strong><strong>c&#039;est un laboratoire de r\u00e9f\u00e9rence ou interne.&nbsp;<\/strong>&nbsp;<\/h2>\n\n\n\n<p><strong>Apprenez-en davantage sur notre gamme compl\u00e8te de solutions de diagnostic.<\/strong>&nbsp;<\/p>\n<\/div>\n\n\n\n<div class=\"wp-block-column is-layout-flow wp-block-column-is-layout-flow\" style=\"flex-basis:50%\">\n<details class=\"wp-block-details is-layout-flow wp-block-details-is-layout-flow\"><summary><strong>Diagnostics de base<\/strong>&nbsp;<\/summary>\n<p>Une technologie de laboratoire de r\u00e9f\u00e9rence de haute qualit\u00e9 et \u00e0 la pointe de l\u2019innovation, qui fournit des r\u00e9sultats fiables et pr\u00e9cis auxquels vous pouvez avoir confiance, avec des d\u00e9lais rapides et un support de classe mondiale pour les analyses que vous utilisez au quotidien.<\/p>\n<\/details>\n\n\n\n<details class=\"wp-block-details is-layout-flow wp-block-details-is-layout-flow\"><summary><strong>Diagnostic mol\u00e9culaire<\/strong>&nbsp;<\/summary>\n<p>Technologies innovantes \u2014 telles que <strong>KeyScreen\u2122 GI Parasite PCR<\/strong>, <strong>CADET\u2122 BRAF\/PLUS,<\/strong> et des panneaux PCR complets \u2014 permettent des diagnostics plus rapides et plus personnalis\u00e9s.&nbsp;<\/p>\n<\/details>\n\n\n\n<details class=\"wp-block-details is-layout-flow wp-block-details-is-layout-flow\"><summary><strong>Pathologistes cliniques et anatomiques certifi\u00e9s<\/strong><\/summary>\n<p>Renseignez-vous sur notre programme de pathologie privil\u00e9gi\u00e9, qui vous permet de collaborer avec les pathologistes de votre choix. Faites de Antech votre partenaire de choix en pathologie gr\u00e2ce \u00e0 nos \u00e9quipes\u00a0: nous comptons plus de 90\u00a0pathologistes cliniciens et anatomopathologistes sp\u00e9cialis\u00e9s en dermatopathologie canine et f\u00e9line, en pathologie oculaire, buccale et canc\u00e9rologique.<\/p>\n<\/details>\n\n\n\n<details class=\"wp-block-details is-layout-flow wp-block-details-is-layout-flow\"><summary><strong>Consultants m\u00e9dicaux certifi\u00e9s<\/strong><\/summary>\n<p>En tant que partenaire Antech, vous b\u00e9n\u00e9ficiez de l&#039;acc\u00e8s \u00e0 notre vaste \u00e9quipe de consultants m\u00e9dicaux, experte en m\u00e9decine interne. Nos consultants sont disponibles en moins de dix minutes, six jours sur sept. C&#039;est comme si vous aviez une \u00e9quipe de sp\u00e9cialistes \u00e0 vos c\u00f4t\u00e9s, sur place.<\/p>\n<\/details>\n\n\n\n<details class=\"wp-block-details is-layout-flow wp-block-details-is-layout-flow\"><summary><strong><strong>Diagnostics internes<\/strong><\/strong><\/summary>\n<p>Nous pouvons vous aider \u00e0 repenser votre laboratoire interne. Nos gammes Element\u2122 et tr\u016bRapid\u2122 incluent des syst\u00e8mes de chimie, d&#039;h\u00e9matologie, de repos rapides*, de gaz du sang et d&#039;\u00e9lectrolytes, ainsi que des analyseurs sp\u00e9cialis\u00e9s pour l&#039;immuno-analyse, la coagulation, la cytologie num\u00e9rique et bien plus encore, pour que vous puissiez obtenir des r\u00e9sultats avant m\u00eame que vos patients ne quittent la clinique.&nbsp;<\/p>\n\n\n\n<ul class=\"wp-block-list\">\n<li><a href=\"\/fr_ca\/produit-antech\/test-trurapid-four\/\">truRapid\u2122 FOUR<\/a>*&nbsp;<\/li>\n\n\n\n<li>\u00c9l\u00e9ment\u2122 HT5+&nbsp;<\/li>\n\n\n\n<li><a href=\"\/fr_ca\/produit-antech\/element-dcx\/\">\u00c9l\u00e9ment\u2122 DCX<\/a><\/li>\n<\/ul>\n\n\n\n<p class=\"is-style-label-2-secondary-small-regular\"><em>*truRapid\u2122\ufe0f FOUR est disponible aux \u00c9tats-Unis, en Croatie, en R\u00e9publique tch\u00e8que, au Danemark, en Finlande, en France, en Allemagne, en Italie, en Lituanie, en Malaisie, aux Pays-Bas, en Norv\u00e8ge, en Espagne et au Royaume-Uni. Veuillez contacter Antech Diagnostics pour plus d&#039;informations.<\/em><\/p>\n<\/details>\n\n\n\n<details class=\"wp-block-details is-layout-flow wp-block-details-is-layout-flow\"><summary><strong><strong><strong>\u00c9quipement et services d&#039;imagerie<\/strong>&nbsp;<\/strong><\/strong><\/summary>\n<p>L&#039;\u00e9quipement d&#039;imagerie Antech propose une gamme compl\u00e8te de <strong>haute performance<\/strong> \u00c9quipement d&#039;imagerie diagnostique. Partenaire v\u00e9t\u00e9rinaire exclusif des leaders du secteur, nous sommes une source fiable de solutions d&#039;imagerie. Nos prestations incluent la radiographie num\u00e9rique, la radiographie dentaire, l&#039;\u00e9chographie et l&#039;imagerie sp\u00e9cialis\u00e9e, ainsi que la formation en imagerie, le PACS et l&#039;assistance \u00e0 l&#039;imagerie. &nbsp;<br>&nbsp;<br>Notre innovation <strong>Services d&#039;imagerie <\/strong>inclure:&nbsp;<\/p>\n\n\n\n<ul class=\"wp-block-list\">\n<li><strong>Services de consultation certifi\u00e9s par le conseil d&#039;administration<\/strong> pour un soutien dans les cas difficiles d\u2019imagerie, de m\u00e9decine interne, de cardiologie, de maladies exotiques et de dentisterie\u00a0;&nbsp;&nbsp;<\/li>\n\n\n\n<li><strong>Radiologie RapidRead<\/strong>\u2014un outil d\u2019interpr\u00e9tation radiologique de pointe aliment\u00e9 par l\u2019intelligence artificielle (IA) et soutenu par des radiologues v\u00e9t\u00e9rinaires certifi\u00e9s\u00a0; &nbsp;<\/li>\n\n\n\n<li><strong>RapidRead Dental <\/strong>\u2014 notre outil d&#039;interpr\u00e9tation de radiographies intra-orales dent par dent, aliment\u00e9 par l&#039;IA, pour des \u00e9valuations dentaires en quelques minutes.&nbsp;<\/li>\n\n\n\n<li><strong>PennHIP\u2122<\/strong> pour estimer le risque d\u2019arthrose douloureuse, caract\u00e9ristique de la dysplasie de la hanche canine.&nbsp;<\/li>\n<\/ul>\n<\/details>\n<\/div>\n<\/div>\n<\/div>\n\n\n\n<p><\/p>\n\n\n\n<div class=\"wp-block-firsttracks-page-section alignfull is-section-content is-text-action has-global-padding is-layout-constrained wp-block-firsttracks-page-section-is-layout-constrained\">\n<div class=\"wp-block-columns alignwide is-layout-flex wp-container-core-columns-is-layout-28f84493 wp-block-columns-is-layout-flex\">\n<div class=\"wp-block-column is-layout-flow wp-block-column-is-layout-flow\" style=\"flex-basis:50%\">\n<h2 class=\"wp-block-heading\"><strong>Nous proposons \u00e9galement des solutions sp\u00e9cialis\u00e9es pour une nouvelle sp\u00e9cialit\u00e9 ou une pratique de r\u00e9f\u00e9rence :<\/strong><\/h2>\n<\/div>\n\n\n\n<div class=\"wp-block-column is-layout-flow wp-block-column-is-layout-flow\" style=\"flex-basis:50%\">\n<p><strong><a href=\"\/fr_ca\/laboratoire-de-reference\/diagnostic\/detection-du-cancer-canin\/cadet-braf-et-cadet-braf-plus\/\">CADET<strong>\u2122<\/strong> BRAF<\/a> <\/strong>\u2014 une analyse abordable et pratique pour \u00e9valuer les \u00e9chantillons d\u2019urine canine pour les cellules pr\u00e9sentant une mutation BRAF pour le cancer de la vessie\/de la prostate canine (TCC\/UC).&nbsp;<\/p>\n\n\n\n<p><a href=\"\/fr_ca\/equipement-dimagerie\/ct\/\"><strong>Tomodensitom\u00e9trie<\/strong>&nbsp;<\/a><\/p>\n\n\n\n<p><strong><a href=\"\/fr_ca\/produit-antech\/element-poc\/\">\u00c9l\u00e9ment POC\u2122<\/a> \u2014 <\/strong>Analyseur portatif de gaz sanguins, de m\u00e9tabolisme et d&#039;\u00e9lectrolytes pour les soins intensifs et les patients malades.<strong>&nbsp;<\/strong>&nbsp;<\/p>\n\n\n\n<p><strong><a href=\"\/fr_ca\/produit-antech\/nu-q\/\">Nu.Q\u00ae<\/a> <\/strong>\u2014 un d\u00e9pistage rapide et cibl\u00e9 du cancer, disponible exclusivement en interne sur l\u2019analyseur Element i+\u2122.&nbsp;<\/p>\n\n\n\n<p><strong><a href=\"\/fr_ca\/equipement-dimagerie\/ultrason\/\">Ultrason <\/a>\u2014 <\/strong>produits d&#039;\u00e9chographie portables, consoles et portatifs, ainsi que des technologies et des capacit\u00e9s syst\u00e8me adapt\u00e9es \u00e0 presque tous les budgets.&nbsp;<\/p>\n<\/div>\n<\/div>\n<\/div>\n\n\n\n<div class=\"wp-block-firsttracks-page-section alignfull is-section-list is-list-text is-style-section-3 has-global-padding is-layout-constrained wp-block-firsttracks-page-section-is-layout-constrained\">\n<div class=\"wp-block-columns alignwide is-layout-flex wp-container-core-columns-is-layout-28f84493 wp-block-columns-is-layout-flex\">\n<div class=\"wp-block-column is-layout-flow wp-block-column-is-layout-flow\" style=\"flex-basis:50%\">\n<h2 class=\"wp-block-heading is-style-heading-2-primary-bold\">Antech est l\u00e0 pour vous accompagner dans tous les aspects de votre nouvelle entreprise.&nbsp;<\/h2>\n\n\n\n<p>Vous souhaitez collaborer avec Antech\u00a0? Veuillez remplir le formulaire. Nous vous r\u00e9pondrons and les 24\u00a0heures.&nbsp;<\/p>\n<\/div>\n\n\n\n<div class=\"wp-block-column is-layout-flow wp-block-column-is-layout-flow\" style=\"flex-basis:50%\">\n<div class=\"wp-block-leadin-hubspot-form-block\">\n\t\t\t<div\n\t\t\tclass=\"hs-form-frame\"\n\t\t\tdata-region=\"na1\"\n\t\t\tdata-form-id=\"499fbb3f-7364-43a7-b0f4-2a72f5949015\"\n\t\t\tdata-portal-id=\"4747723\"\n\t\t\t >\n\t\t\t<\/div>\n\t\t\t<\/div>\n<\/div>\n<\/div>\n<\/div>","protected":false},"excerpt":{"rendered":"<p>Que votre nouveau cabinet ait besoin de services de laboratoire de r\u00e9f\u00e9rence performants, de tests et d&#039;analyseurs internes, d&#039;\u00e9quipements et de services d&#039;imagerie, de consultants m\u00e9dicaux experts ou d&#039;autres services, Antech\u2122 est l\u00e0 pour comprendre votre business plan, vos besoins et vos objectifs de croissance. Vous pourrez ainsi vous concentrer sur vos soins.<\/p>","protected":false},"author":5,"featured_media":0,"parent":20,"menu_order":3,"comment_status":"closed","ping_status":"closed","template":"","meta":{"_acf_changed":false,"content-type":"","footnotes":""},"service-area":[42],"class_list":["post-35","page","type-page","status-publish","hentry","service-area-reference-lab"],"acf":[],"publishpress_future_action":{"enabled":false,"date":"2026-05-13 12:35:27","action":"change-status","newStatus":"draft","terms":[],"taxonomy":"service-area","extraData":[]},"publishpress_future_workflow_manual_trigger":{"enabledWorkflows":[]},"_links":{"self":[{"href":"https:\/\/uat.antechdiagnostics.com\/fr_ca\/wp-json\/wp\/v2\/pages\/35","targetHints":{"allow":["GET"]}}],"collection":[{"href":"https:\/\/uat.antechdiagnostics.com\/fr_ca\/wp-json\/wp\/v2\/pages"}],"about":[{"href":"https:\/\/uat.antechdiagnostics.com\/fr_ca\/wp-json\/wp\/v2\/types\/page"}],"author":[{"embeddable":true,"href":"https:\/\/uat.antechdiagnostics.com\/fr_ca\/wp-json\/wp\/v2\/users\/5"}],"replies":[{"embeddable":true,"href":"https:\/\/uat.antechdiagnostics.com\/fr_ca\/wp-json\/wp\/v2\/comments?post=35"}],"version-history":[{"count":0,"href":"https:\/\/uat.antechdiagnostics.com\/fr_ca\/wp-json\/wp\/v2\/pages\/35\/revisions"}],"up":[{"embeddable":true,"href":"https:\/\/uat.antechdiagnostics.com\/fr_ca\/wp-json\/wp\/v2\/pages\/20"}],"wp:attachment":[{"href":"https:\/\/uat.antechdiagnostics.com\/fr_ca\/wp-json\/wp\/v2\/media?parent=35"}],"wp:term":[{"taxonomy":"service-area","embeddable":true,"href":"https:\/\/uat.antechdiagnostics.com\/fr_ca\/wp-json\/wp\/v2\/service-area?post=35"}],"curies":[{"name":"wp","href":"https:\/\/api.w.org\/{rel}","templated":true}]}}