    {"id":4052,"date":"2025-01-16T14:33:15","date_gmt":"2025-01-16T19:33:15","guid":{"rendered":"\/?page_id=4052"},"modified":"2025-12-15T14:19:58","modified_gmt":"2025-12-15T19:19:58","slug":"cooperative-universitaire","status":"publish","type":"page","link":"https:\/\/uat.antechdiagnostics.com\/fr_ca\/imaging-services\/academic-cooperative\/","title":{"rendered":"Coop\u00e9rative acad\u00e9mique"},"content":{"rendered":"<div class=\"wp-block-firsttracks-page-section alignfull is-section-hero is-style-section-1 has-global-padding is-layout-constrained wp-block-firsttracks-page-section-is-layout-constrained\">\n<div class=\"wp-block-columns alignwide is-layout-flex wp-container-core-columns-is-layout-28f84493 wp-block-columns-is-layout-flex\">\n<div class=\"wp-block-column is-vertically-aligned-center is-layout-flow wp-block-column-is-layout-flow\" style=\"flex-basis:50%\">\n<p class=\"is-style-body-secondary-bold\"><a href=\"\/fr_ca\/services-dimagerie\/\">Services d&#039;imagerie<\/a><\/p>\n\n\n\n<h2 class=\"wp-block-heading is-style-display-primary-bold\">Coop\u00e9rative acad\u00e9mique Antech<\/h2>\n\n\n\n<p>Chez Antech, nous nous engageons \u00e0 promouvoir le d\u00e9veloppement de la profession de radiologie v\u00e9t\u00e9rinaire gr\u00e2ce au soutien actif et concret des \u00e9tablissements universitaires et des programmes de formation. Seule une coop\u00e9ration et une collaboration cr\u00e9atives avec le monde universitaire permettront d&#039;atteindre cet objectif.<\/p>\n<\/div>\n\n\n\n<div class=\"wp-block-column is-layout-flow wp-block-column-is-layout-flow\" style=\"flex-basis:50%\">\n<div class=\"wp-block-group has-global-padding is-layout-constrained wp-block-group-is-layout-constrained\">\n<div class=\"wp-block-group is-hero-gallery is-layout-grid wp-container-core-group-is-layout-e2bd5cb0 wp-block-group-is-layout-grid\">\n<figure class=\"wp-block-image size-full\"><img loading=\"lazy\" decoding=\"async\" width=\"540\" height=\"360\" src=\"\/wp-content\/uploads\/2025\/01\/iStock-539843648-540x360-1.jpg\" alt=\"\" class=\"wp-image-4053\" style=\"aspect-ratio:2\/1;object-fit:cover\" srcset=\"https:\/\/uat.antechdiagnostics.com\/wp-content\/uploads\/2025\/01\/iStock-539843648-540x360-1.jpg 540w, https:\/\/uat.antechdiagnostics.com\/wp-content\/uploads\/2025\/01\/iStock-539843648-540x360-1-300x200.jpg 300w, https:\/\/uat.antechdiagnostics.com\/wp-content\/uploads\/2025\/01\/iStock-539843648-540x360-1-18x12.jpg 18w\" sizes=\"auto, (max-width: 540px) 100vw, 540px\" \/><\/figure>\n\n\n\n<figure class=\"wp-block-image size-full\"><img decoding=\"async\" src=\"\/wp-content\/themes\/antech2024\/assets\/images\/placeholder-7.png\" alt=\"\" style=\"aspect-ratio:2\/1;object-fit:cover\"\/><\/figure>\n<\/div>\n<\/div>\n<\/div>\n<\/div>\n<\/div>\n\n\n\n<p><\/p>\n\n\n\n<p><\/p>\n\n\n\n<p>Chaque programme universitaire poss\u00e8de ses points forts sp\u00e9cifiques, qui peuvent inclure la vari\u00e9t\u00e9 des esp\u00e8ces, diff\u00e9rentes modalit\u00e9s, la structure du programme, la charge de travail ou le nombre de professeurs certifi\u00e9s. Antech apporte une infrastructure \u00e9lectronique, de nombreux radiologues ayant une exp\u00e9rience universitaire, un financement, litt\u00e9ralement des millions de cas et une \u00e9quipe de direction engag\u00e9e \u00e0 cr\u00e9er un changement durable au sein de la profession.<\/p>\n\n\n\n<p>La premi\u00e8re \u00e9tape de toute coop\u00e9ration consiste \u00e0 r\u00e9unir les \u00e9quipes de direction afin de discuter des besoins de chaque \u00e9tablissement et de ce que nous pourrions apporter les uns aux autres. En mai 2019, nous avons invit\u00e9 les directeurs de programmes de r\u00e9sidence, les chefs de d\u00e9partement et les doyens de toutes les universit\u00e9s nord-am\u00e9ricaines accr\u00e9dit\u00e9es \u00e0 se r\u00e9unir lors d&#039;un forum acad\u00e9mique afin d&#039;\u00e9changer sur des id\u00e9es concr\u00e8tes concernant les mesures \u00e0 prendre pour continuer \u00e0 d\u00e9velopper nos programmes de formation et soutenir le monde universitaire. Douze dirigeants de neuf universit\u00e9s y ont particip\u00e9.<\/p>\n\n\n\n<p>Depuis ce premier forum il y a plus de cinq ans, nous avons travaill\u00e9 en collaboration avec plus de 25 universit\u00e9s en Am\u00e9rique du Nord, en Europe et en Australie pour mettre en place des programmes adapt\u00e9s \u00e0 chaque institution afin d&#039;aider \u00e0 relancer les programmes qui ont diminu\u00e9, \u00e0 cr\u00e9er des programmes qui ont r\u00e9ussi et \u00e0 rechercher une croissance suppl\u00e9mentaire, et \u00e0 soutenir les programmes de pointe qui veulent rester \u00e0 la pointe de notre profession.<\/p>\n\n\n\n<p>De plus, nous aidons les h\u00f4pitaux priv\u00e9s int\u00e9ress\u00e9s \u00e0 d\u00e9velopper leurs sp\u00e9cialit\u00e9s et \u00e0 cr\u00e9er des programmes de formation interne en r\u00e9sidence. Le succ\u00e8s de notre Coop\u00e9rative universitaire a suscit\u00e9 des demandes d&#039;aide d&#039;autres sp\u00e9cialit\u00e9s pour la gestion de ces collaborations. Des universit\u00e9s nous ont \u00e9galement sollicit\u00e9s pour des conseils sur des collaborations avec des sp\u00e9cialit\u00e9s de chirurgie, d&#039;anesth\u00e9sie, de cardiologie et de dentisterie.<\/p>\n\n\n\n<p>Bien que les \u00e9v\u00e9nements socio\u00e9conomiques de la pand\u00e9mie nous aient emp\u00each\u00e9s d\u2019organiser un deuxi\u00e8me Forum acad\u00e9mique annuel, nous continuons de cro\u00eetre et d\u2019accueillir de nouveaux membres de la Coop\u00e9rative ainsi que des institutions int\u00e9ress\u00e9es \u00e0 sortir des sentiers battus pour faire progresser notre profession.<\/p>\n\n\n\n<div class=\"wp-block-firsttracks-page-section alignwide is-section-cta is-style-section-5 has-global-padding is-layout-constrained wp-block-firsttracks-page-section-is-layout-constrained\">\n<div class=\"wp-block-columns alignwide is-layout-flex wp-container-core-columns-is-layout-28f84493 wp-block-columns-is-layout-flex\">\n<div class=\"wp-block-column is-layout-flow wp-block-column-is-layout-flow\" style=\"flex-basis:30%\">\n<figure class=\"wp-block-image alignleft size-full\"><img decoding=\"async\" src=\"\/wp-content\/themes\/antech2024\/assets\/images\/placeholder-10.png\" alt=\"\"\/><\/figure>\n<\/div>\n\n\n\n<div class=\"wp-block-column is-vertically-aligned-center is-layout-flow wp-block-column-is-layout-flow\" style=\"flex-basis:70%\">\n<div class=\"wp-block-group has-global-padding is-layout-constrained wp-block-group-is-layout-constrained\">\n<h1 class=\"wp-block-heading is-style-body-secondary-bold\"><\/h1>\n\n\n\n<h2 class=\"wp-block-heading\">Pour plus d&#039;informations sur la coop\u00e9rative acad\u00e9mique Antech, contactez :<\/h2>\n\n\n\n<p><strong>Keith Acquino, MBA, MT(AAB)(ASCP), CSP<\/strong><br><strong>Directeur des affaires acad\u00e9miques<br>Keith.Acquino@antechimagingservices.com<\/strong><\/p>\n<\/div>\n<\/div>\n<\/div>\n<\/div>\n\n\n\n<p><\/p>","protected":false},"excerpt":{"rendered":"<p>Chaque programme universitaire poss\u00e8de ses propres atouts, qu&#039;il s&#039;agisse de la diversit\u00e9 des esp\u00e8ces, des diff\u00e9rentes modalit\u00e9s d&#039;imagerie, de la structure du programme, du volume de cas trait\u00e9s ou du nombre de professeurs certifi\u00e9s. Antech apporte une infrastructure \u00e9lectronique, de nombreux radiologues ayant une exp\u00e9rience universitaire, un financement, des millions de cas trait\u00e9s et une \u00e9quipe dirigeante d\u00e9termin\u00e9e \u00e0 instaurer un changement durable au sein de la profession. La premi\u00e8re \u00e9tape de toute collaboration [\u2026]<\/p>","protected":false},"author":5,"featured_media":0,"parent":123,"menu_order":2,"comment_status":"closed","ping_status":"closed","template":"","meta":{"_acf_changed":false,"content-type":"","footnotes":""},"service-area":[43],"class_list":["post-4052","page","type-page","status-publish","hentry","service-area-imaging-services"],"acf":[],"publishpress_future_action":{"enabled":false,"date":"2026-05-13 13:34:52","action":"change-status","newStatus":"draft","terms":[],"taxonomy":"service-area","extraData":[]},"publishpress_future_workflow_manual_trigger":{"enabledWorkflows":[]},"_links":{"self":[{"href":"https:\/\/uat.antechdiagnostics.com\/fr_ca\/wp-json\/wp\/v2\/pages\/4052","targetHints":{"allow":["GET"]}}],"collection":[{"href":"https:\/\/uat.antechdiagnostics.com\/fr_ca\/wp-json\/wp\/v2\/pages"}],"about":[{"href":"https:\/\/uat.antechdiagnostics.com\/fr_ca\/wp-json\/wp\/v2\/types\/page"}],"author":[{"embeddable":true,"href":"https:\/\/uat.antechdiagnostics.com\/fr_ca\/wp-json\/wp\/v2\/users\/5"}],"replies":[{"embeddable":true,"href":"https:\/\/uat.antechdiagnostics.com\/fr_ca\/wp-json\/wp\/v2\/comments?post=4052"}],"version-history":[{"count":0,"href":"https:\/\/uat.antechdiagnostics.com\/fr_ca\/wp-json\/wp\/v2\/pages\/4052\/revisions"}],"up":[{"embeddable":true,"href":"https:\/\/uat.antechdiagnostics.com\/fr_ca\/wp-json\/wp\/v2\/pages\/123"}],"wp:attachment":[{"href":"https:\/\/uat.antechdiagnostics.com\/fr_ca\/wp-json\/wp\/v2\/media?parent=4052"}],"wp:term":[{"taxonomy":"service-area","embeddable":true,"href":"https:\/\/uat.antechdiagnostics.com\/fr_ca\/wp-json\/wp\/v2\/service-area?post=4052"}],"curies":[{"name":"wp","href":"https:\/\/api.w.org\/{rel}","templated":true}]}}