    {"id":4057,"date":"2025-01-16T15:02:36","date_gmt":"2025-01-16T20:02:36","guid":{"rendered":"\/?page_id=4057"},"modified":"2026-02-20T16:02:41","modified_gmt":"2026-02-20T21:02:41","slug":"cours-cliniques","status":"publish","type":"page","link":"https:\/\/uat.antechdiagnostics.com\/fr_ca\/imaging-services\/clinical-courses\/","title":{"rendered":"Cours cliniques"},"content":{"rendered":"<div class=\"wp-block-firsttracks-page-section alignfull is-section-hero is-style-section-1 has-global-padding is-layout-constrained wp-block-firsttracks-page-section-is-layout-constrained\">\n<div class=\"wp-block-columns alignwide is-layout-flex wp-container-core-columns-is-layout-28f84493 wp-block-columns-is-layout-flex\">\n<div class=\"wp-block-column is-vertically-aligned-center is-layout-flow wp-block-column-is-layout-flow\" style=\"flex-basis:50%\">\n<p class=\"is-style-body-secondary-bold\"><a href=\"\/fr_ca\/services-dimagerie\/\">Services d&#039;imagerie<\/a><\/p>\n\n\n\n<h1 class=\"wp-block-heading is-style-display-primary-bold\">Cours cliniques<\/h1>\n\n\n\n<p>Le service d&#039;imagerie Antech propose des programmes de formation afin de promouvoir l&#039;excellence en soins v\u00e9t\u00e9rinaires. Ces programmes permettent de se former aux proc\u00e9dures courantes pour garantir la qualit\u00e9 optimale des analyses diagnostiques et de sensibiliser les v\u00e9t\u00e9rinaires aux sujets d&#039;actualit\u00e9 en m\u00e9decine v\u00e9t\u00e9rinaire.<\/p>\n<\/div>\n\n\n\n<div class=\"wp-block-column is-layout-flow wp-block-column-is-layout-flow\" style=\"flex-basis:50%\">\n<div class=\"wp-block-group has-global-padding is-layout-constrained wp-block-group-is-layout-constrained\">\n<figure class=\"wp-block-image size-full wp-container-content-d8344436\"><img loading=\"lazy\" decoding=\"async\" width=\"540\" height=\"360\" src=\"\/wp-content\/uploads\/2025\/01\/lifestyle_vet_05-540x360-1.jpg\" alt=\"\" class=\"wp-image-4058\" style=\"aspect-ratio:4\/3;object-fit:cover\" srcset=\"https:\/\/uat.antechdiagnostics.com\/wp-content\/uploads\/2025\/01\/lifestyle_vet_05-540x360-1.jpg 540w, https:\/\/uat.antechdiagnostics.com\/wp-content\/uploads\/2025\/01\/lifestyle_vet_05-540x360-1-300x200.jpg 300w, https:\/\/uat.antechdiagnostics.com\/wp-content\/uploads\/2025\/01\/lifestyle_vet_05-540x360-1-18x12.jpg 18w\" sizes=\"auto, (max-width: 540px) 100vw, 540px\" \/><\/figure>\n<\/div>\n<\/div>\n<\/div>\n<\/div>\n\n\n\n<div class=\"wp-block-firsttracks-page-section alignfull is-section-content has-global-padding is-layout-constrained wp-block-firsttracks-page-section-is-layout-constrained\">\n<div class=\"wp-block-group has-global-padding is-layout-constrained wp-block-group-is-layout-constrained\">\n<h2 class=\"wp-block-heading is-style-heading-3-primary-bold\">Progression des cours gradu\u00e9e<\/h2>\n\n\n\n<p>En tant que client des services d&#039;imagerie Antech, vous et votre personnel aurez acc\u00e8s \u00e0 des opportunit\u00e9s de formation approuv\u00e9es par RACE sans frais suppl\u00e9mentaires.<strong>&nbsp;Consultez la section Antech Learning Unleashed ci-dessous pour acc\u00e9der aux cr\u00e9dits RACE.<\/strong><\/p>\n\n\n\n<p>Des supports de formation sont toujours disponibles en dehors des cours agr\u00e9\u00e9s RACE.<strong>&nbsp;Vous trouverez ci-dessous l&#039;acc\u00e8s aux supports de formation, mais veuillez noter que vous ne recevrez pas de cr\u00e9dits RACE si vous acc\u00e9dez \u00e0 ces supports depuis cette page.<\/strong><\/p>\n\n\n\n<p>Vous \u00eates invit\u00e9s \u00e0 consulter ces cours aussi souvent que n\u00e9cessaire.<\/p>\n<\/div>\n<\/div>\n\n\n\n<div class=\"wp-block-firsttracks-page-section alignfull is-section-content is-style-section-3 has-global-padding is-layout-constrained wp-block-firsttracks-page-section-is-layout-constrained\">\n<div class=\"wp-block-group has-global-padding is-layout-constrained wp-block-group-is-layout-constrained\">\n<h2 class=\"wp-block-heading is-style-heading-3-primary-bold\">Cours de radiologie : Positionnement radiographique du chien<\/h2>\n\n\n\n<p>Ce cours a \u00e9t\u00e9 con\u00e7u pour initier les nouveaux membres du personnel en radiologie aux proc\u00e9dures radiographiques courantes chez le chien. Il constitue \u00e9galement une excellente ressource pour les techniciens et v\u00e9t\u00e9rinaires plus exp\u00e9riment\u00e9s. Chaque module comprend des vid\u00e9os, des images fixes, des sch\u00e9mas et des quiz pour faciliter l&#039;assimilation des informations.<\/p>\n\n\n\n<p><strong>Les dix modules comprennent\u00a0:<\/strong><\/p>\n\n\n\n<ul class=\"wp-block-list\">\n<li>Documents d\u00e9taill\u00e9s imprimables pour consultation rapide<\/li>\n\n\n\n<li>Quatre modules pr\u00e9alables, qui comprennent des informations sur la radioprotection, la terminologie et la pr\u00e9paration avant de passer l&#039;examen,<\/li>\n\n\n\n<li>Formation d\u00e9taill\u00e9e aux examens radiographiques courants chez le chien, y compris le positionnement du thorax, de l&#039;abdomen, de l&#039;\u00e9paule, du coude, du bassin et du grasset.<\/li>\n\n\n\n<li>Techniques de positionnement sous s\u00e9dation \u00ab mains libres \u00bb et \u00ab mains libres \u00bb.<\/li>\n\n\n\n<li>Les modules de positionnement comprennent des informations sur l&#039;anatomie, le positionnement et le contr\u00f4le qualit\u00e9 des images.<\/li>\n<\/ul>\n<\/div>\n<\/div>\n\n\n\n<div class=\"wp-block-firsttracks-page-section alignfull is-section-content is-style-section-3 has-global-padding is-layout-constrained wp-block-firsttracks-page-section-is-layout-constrained\">\n<div class=\"wp-block-group has-global-padding is-layout-constrained wp-block-group-is-layout-constrained\">\n<h2 class=\"wp-block-heading is-style-heading-3-primary-bold\">Objectifs<\/h2>\n\n\n\n<ul class=\"wp-block-list\">\n<li>Comprendre pourquoi la radioprotection est importante et comment utiliser une bonne radioprotection pour obtenir des radiographies diagnostiques chez le chien<\/li>\n\n\n\n<li>Comprendre comment r\u00e9aliser des radiographies de qualit\u00e9 diagnostique chez le chien \u00e0 partir des six \u00e9tudes fournies<\/li>\n\n\n\n<li>Comprendre comment contr\u00f4ler la qualit\u00e9 des \u00e9tudes radiographiques obtenues et comment corriger les d\u00e9ficiences potentielles<\/li>\n<\/ul>\n<\/div>\n<\/div>\n\n\n\n<div class=\"wp-block-firsttracks-page-section alignfull is-section-list is-list-link is-style-section-3 has-global-padding is-layout-constrained wp-block-firsttracks-page-section-is-layout-constrained\">\n<div class=\"wp-block-columns alignwide is-layout-flex wp-container-core-columns-is-layout-28f84493 wp-block-columns-is-layout-flex\">\n<div class=\"wp-block-column is-layout-flow wp-block-column-is-layout-flow\" style=\"flex-basis:33%\">\n<h2 class=\"wp-block-heading is-style-heading-2-primary-bold\">Pr\u00e9requis<\/h2>\n\n\n\n<p>Les cours pr\u00e9alables sont fortement recommand\u00e9s aux personnes qui d\u00e9butent en radiologie, et sont sugg\u00e9r\u00e9s \u00e0 tous les autres utilisateurs \u00e0 titre de remise \u00e0 niveau.<\/p>\n<\/div>\n\n\n\n<div class=\"wp-block-column is-layout-flow wp-block-column-is-layout-flow\" style=\"flex-basis:66%\">\n<div class=\"wp-block-group wp-container-content-77c34273 has-global-padding is-layout-constrained wp-block-group-is-layout-constrained\">\n<div class=\"wp-block-buttons is-vertical is-content-justification-left is-layout-flex wp-container-core-buttons-is-layout-810fbbe0 wp-block-buttons-is-layout-flex\">\n<div class=\"wp-block-button is-style-button-6 has-icon__arrow-narrow-right\"><a class=\"wp-block-button__link wp-element-button\" href=\"\/fr_ca\/Videos\/Radiation_Safety\/story_html5.html\/?lms=1\" target=\"_blank\" rel=\"noreferrer noopener\">S\u00e9curit\u00e9 radiologique<span class=\"wp-block-button__link-icon\" aria-hidden=\"true\"><svg xmlns='http:\/\/www.w3.org\/2000\/svg' viewbox='0 0 24 24'><path fill-rule='evenodd' d='m16.58 11.012-2.29-2.285v-.01a.987.987 0 0 1 0-1.418.992.992 0 0 1 1.42 0l4 3.992c.236.23.33.554.28.86a1 1 0 0 1-.39.656L15.7 16.7c-.19.18-.45.289-.71.289L15 17c-.27 0-.53-.11-.71-.29a.996.996 0 0 1-.01-1.417v-.01l2.28-2.275H5c-.56 0-1-.45-1-.998a.99.99 0 0 1 1-.998h11.58Z' clip-rule='evenodd'\/><\/svg><\/span><\/a><\/div>\n\n\n\n<div class=\"wp-block-button is-style-button-6 has-icon__arrow-narrow-right\"><a class=\"wp-block-button__link wp-element-button\" href=\"\/fr_ca\/Videos\/Directional_Anatomy\/story_html5.html\/?v2\" target=\"_blank\" rel=\"noreferrer noopener\">Anatomie directionnelle<span class=\"wp-block-button__link-icon\" aria-hidden=\"true\"><svg xmlns='http:\/\/www.w3.org\/2000\/svg' viewbox='0 0 24 24'><path fill-rule='evenodd' d='m16.58 11.012-2.29-2.285v-.01a.987.987 0 0 1 0-1.418.992.992 0 0 1 1.42 0l4 3.992c.236.23.33.554.28.86a1 1 0 0 1-.39.656L15.7 16.7c-.19.18-.45.289-.71.289L15 17c-.27 0-.53-.11-.71-.29a.996.996 0 0 1-.01-1.417v-.01l2.28-2.275H5c-.56 0-1-.45-1-.998a.99.99 0 0 1 1-.998h11.58Z' clip-rule='evenodd'\/><\/svg><\/span><\/a><\/div>\n\n\n\n<div class=\"wp-block-button is-style-button-6 has-icon__arrow-narrow-right\"><a class=\"wp-block-button__link wp-element-button\" href=\"\/fr_ca\/Videos\/Radiology_Preparation_Overview\/story_html5.html\/?v2\" target=\"_blank\" rel=\"noreferrer noopener\">Aper\u00e7u de la pr\u00e9paration \u00e0 la radiologie<span class=\"wp-block-button__link-icon\" aria-hidden=\"true\"><svg xmlns='http:\/\/www.w3.org\/2000\/svg' viewbox='0 0 24 24'><path fill-rule='evenodd' d='m16.58 11.012-2.29-2.285v-.01a.987.987 0 0 1 0-1.418.992.992 0 0 1 1.42 0l4 3.992c.236.23.33.554.28.86a1 1 0 0 1-.39.656L15.7 16.7c-.19.18-.45.289-.71.289L15 17c-.27 0-.53-.11-.71-.29a.996.996 0 0 1-.01-1.417v-.01l2.28-2.275H5c-.56 0-1-.45-1-.998a.99.99 0 0 1 1-.998h11.58Z' clip-rule='evenodd'\/><\/svg><\/span><\/a><\/div>\n\n\n\n<div class=\"wp-block-button is-style-button-6 has-icon__arrow-narrow-right\"><a class=\"wp-block-button__link wp-element-button\" href=\"\/fr_ca\/Videos\/How_to_Submit_a_Case_to_AIS\/story_html5.html\/?v2\">Soumettre un cas \u00e0 l&#039;AIS<span class=\"wp-block-button__link-icon\" aria-hidden=\"true\"><svg xmlns='http:\/\/www.w3.org\/2000\/svg' viewbox='0 0 24 24'><path fill-rule='evenodd' d='m16.58 11.012-2.29-2.285v-.01a.987.987 0 0 1 0-1.418.992.992 0 0 1 1.42 0l4 3.992c.236.23.33.554.28.86a1 1 0 0 1-.39.656L15.7 16.7c-.19.18-.45.289-.71.289L15 17c-.27 0-.53-.11-.71-.29a.996.996 0 0 1-.01-1.417v-.01l2.28-2.275H5c-.56 0-1-.45-1-.998a.99.99 0 0 1 1-.998h11.58Z' clip-rule='evenodd'\/><\/svg><\/span><\/a><\/div>\n<\/div>\n<\/div>\n<\/div>\n<\/div>\n<\/div>\n\n\n\n<div class=\"wp-block-firsttracks-page-section alignfull is-section-list is-list-link is-style-section-8 has-global-padding is-layout-constrained wp-block-firsttracks-page-section-is-layout-constrained\">\n<div class=\"wp-block-columns alignwide is-layout-flex wp-container-core-columns-is-layout-28f84493 wp-block-columns-is-layout-flex\">\n<div class=\"wp-block-column is-layout-flow wp-block-column-is-layout-flow\" style=\"flex-basis:33%\">\n<h2 class=\"wp-block-heading is-style-heading-2-primary-bold\">Modules de positionnement<\/h2>\n\n\n\n<p>Informations sur l&#039;anatomie, le positionnement et le contr\u00f4le qualit\u00e9 des images. Chaque module comprend un document d\u00e9taill\u00e9 imprimable pour une consultation rapide.<\/p>\n<\/div>\n\n\n\n<div class=\"wp-block-column is-layout-flow wp-block-column-is-layout-flow\" style=\"flex-basis:66%\">\n<div class=\"wp-block-group wp-container-content-77c34273 has-global-padding is-layout-constrained wp-block-group-is-layout-constrained\">\n<div class=\"wp-block-buttons is-vertical is-content-justification-left is-layout-flex wp-container-core-buttons-is-layout-810fbbe0 wp-block-buttons-is-layout-flex\">\n<div class=\"wp-block-button is-style-button-6 has-icon__arrow-narrow-right\"><a class=\"wp-block-button__link wp-element-button\" href=\"\/fr_ca\/Videos\/Radiographic_Positioning_of_the_Dog_Abdomen\/story_html5.html\/?v2\" target=\"_blank\" rel=\"noreferrer noopener\">Positionnement | Abdomen<span class=\"wp-block-button__link-icon\" aria-hidden=\"true\"><svg xmlns='http:\/\/www.w3.org\/2000\/svg' viewbox='0 0 24 24'><path fill-rule='evenodd' d='m16.58 11.012-2.29-2.285v-.01a.987.987 0 0 1 0-1.418.992.992 0 0 1 1.42 0l4 3.992c.236.23.33.554.28.86a1 1 0 0 1-.39.656L15.7 16.7c-.19.18-.45.289-.71.289L15 17c-.27 0-.53-.11-.71-.29a.996.996 0 0 1-.01-1.417v-.01l2.28-2.275H5c-.56 0-1-.45-1-.998a.99.99 0 0 1 1-.998h11.58Z' clip-rule='evenodd'\/><\/svg><\/span><\/a><\/div>\n\n\n\n<div class=\"wp-block-button is-style-button-6 has-icon__arrow-narrow-right\"><a class=\"wp-block-button__link wp-element-button\" href=\"\/fr_ca\/Videos\/Radiographic_Positioning_of_the_Dog_Elbow\/story_html5.html\/?v2\" target=\"_blank\" rel=\"noreferrer noopener\">Positionnement | Coude<span class=\"wp-block-button__link-icon\" aria-hidden=\"true\"><svg xmlns='http:\/\/www.w3.org\/2000\/svg' viewbox='0 0 24 24'><path fill-rule='evenodd' d='m16.58 11.012-2.29-2.285v-.01a.987.987 0 0 1 0-1.418.992.992 0 0 1 1.42 0l4 3.992c.236.23.33.554.28.86a1 1 0 0 1-.39.656L15.7 16.7c-.19.18-.45.289-.71.289L15 17c-.27 0-.53-.11-.71-.29a.996.996 0 0 1-.01-1.417v-.01l2.28-2.275H5c-.56 0-1-.45-1-.998a.99.99 0 0 1 1-.998h11.58Z' clip-rule='evenodd'\/><\/svg><\/span><\/a><\/div>\n\n\n\n<div class=\"wp-block-button is-style-button-6 has-icon__arrow-narrow-right\"><a class=\"wp-block-button__link wp-element-button\" href=\"\/fr_ca\/Videos\/Radiographic_Positioning_of_the_Dog_Pelvis\/story_html5.html\/?v2\" target=\"_blank\" rel=\"noreferrer noopener\">Positionnement | Bassin<span class=\"wp-block-button__link-icon\" aria-hidden=\"true\"><svg xmlns='http:\/\/www.w3.org\/2000\/svg' viewbox='0 0 24 24'><path fill-rule='evenodd' d='m16.58 11.012-2.29-2.285v-.01a.987.987 0 0 1 0-1.418.992.992 0 0 1 1.42 0l4 3.992c.236.23.33.554.28.86a1 1 0 0 1-.39.656L15.7 16.7c-.19.18-.45.289-.71.289L15 17c-.27 0-.53-.11-.71-.29a.996.996 0 0 1-.01-1.417v-.01l2.28-2.275H5c-.56 0-1-.45-1-.998a.99.99 0 0 1 1-.998h11.58Z' clip-rule='evenodd'\/><\/svg><\/span><\/a><\/div>\n\n\n\n<div class=\"wp-block-button is-style-button-6 has-icon__arrow-narrow-right\"><a class=\"wp-block-button__link wp-element-button\" href=\"\/fr_ca\/Videos\/Radiographic_Positioning_of_the_Dog_Shoulder\/story_html5.html\/?v2\" target=\"_blank\" rel=\"noreferrer noopener\">Positionnement | \u00c9paule<span class=\"wp-block-button__link-icon\" aria-hidden=\"true\"><svg xmlns='http:\/\/www.w3.org\/2000\/svg' viewbox='0 0 24 24'><path fill-rule='evenodd' d='m16.58 11.012-2.29-2.285v-.01a.987.987 0 0 1 0-1.418.992.992 0 0 1 1.42 0l4 3.992c.236.23.33.554.28.86a1 1 0 0 1-.39.656L15.7 16.7c-.19.18-.45.289-.71.289L15 17c-.27 0-.53-.11-.71-.29a.996.996 0 0 1-.01-1.417v-.01l2.28-2.275H5c-.56 0-1-.45-1-.998a.99.99 0 0 1 1-.998h11.58Z' clip-rule='evenodd'\/><\/svg><\/span><\/a><\/div>\n\n\n\n<div class=\"wp-block-button is-style-button-6 has-icon__arrow-narrow-right\"><a class=\"wp-block-button__link wp-element-button\" href=\"\/fr_ca\/Videos\/Radiographic_Positioning_of_the_Dog_Thorax\/story_html5.html\/?v2\" target=\"_blank\" rel=\"noreferrer noopener\">Positionnement | Thorax<span class=\"wp-block-button__link-icon\" aria-hidden=\"true\"><svg xmlns='http:\/\/www.w3.org\/2000\/svg' viewbox='0 0 24 24'><path fill-rule='evenodd' d='m16.58 11.012-2.29-2.285v-.01a.987.987 0 0 1 0-1.418.992.992 0 0 1 1.42 0l4 3.992c.236.23.33.554.28.86a1 1 0 0 1-.39.656L15.7 16.7c-.19.18-.45.289-.71.289L15 17c-.27 0-.53-.11-.71-.29a.996.996 0 0 1-.01-1.417v-.01l2.28-2.275H5c-.56 0-1-.45-1-.998a.99.99 0 0 1 1-.998h11.58Z' clip-rule='evenodd'\/><\/svg><\/span><\/a><\/div>\n<\/div>\n<\/div>\n<\/div>\n<\/div>\n<\/div>\n\n\n\n<div class=\"wp-block-firsttracks-page-section alignfull is-section-content is-style-section-2 has-global-padding is-layout-constrained wp-block-firsttracks-page-section-is-layout-constrained\">\n<div class=\"wp-block-group has-global-padding is-layout-constrained wp-block-group-is-layout-constrained\">\n<h2 class=\"wp-block-heading is-style-heading-3-primary-bold\">Antech Learning Unleashed<\/h2>\n\n\n\n<p>L&#039;acc\u00e8s aux formations Antech Imaging Services, approuv\u00e9es par RACE, se fait via la plateforme de formation en ligne VCA Antech Learning Unleashed (ALU). Pour acc\u00e9der \u00e0 ces formations, vous devez vous inscrire en tant que client Antech Imaging Services ALU.<\/p>\n\n\n\n<div class=\"wp-block-buttons is-layout-flex wp-block-buttons-is-layout-flex\">\n<div class=\"wp-block-button\"><a class=\"wp-block-button__link wp-element-button\" href=\"https:\/\/mcve.csod.com\/\" rel=\"noopener\">Se connecter<\/a><\/div>\n\n\n\n<div class=\"wp-block-button\"><a class=\"wp-block-button__link wp-element-button\" href=\"https:\/\/mcve.csod.com\/selfreg\/register.aspx?p=mcve&amp;c=aisx\" rel=\"noopener\">S&#039;inscrire<\/a><\/div>\n\n\n\n<div class=\"wp-block-button\"><a class=\"wp-block-button__link wp-element-button\" href=\"https:\/\/mcve.csod.com\/\" rel=\"noopener\">Employ\u00e9s de VCA, cliquez ici<\/a><\/div>\n<\/div>\n<\/div>\n<\/div>\n\n\n\n<p><\/p>","protected":false},"excerpt":{"rendered":"","protected":false},"author":5,"featured_media":0,"parent":123,"menu_order":3,"comment_status":"closed","ping_status":"closed","template":"","meta":{"_acf_changed":false,"content-type":"","footnotes":""},"service-area":[43],"class_list":["post-4057","page","type-page","status-publish","hentry","service-area-imaging-services"],"acf":[],"publishpress_future_action":{"enabled":false,"date":"2026-05-13 13:34:49","action":"change-status","newStatus":"draft","terms":[],"taxonomy":"service-area","extraData":[]},"publishpress_future_workflow_manual_trigger":{"enabledWorkflows":[]},"_links":{"self":[{"href":"https:\/\/uat.antechdiagnostics.com\/fr_ca\/wp-json\/wp\/v2\/pages\/4057","targetHints":{"allow":["GET"]}}],"collection":[{"href":"https:\/\/uat.antechdiagnostics.com\/fr_ca\/wp-json\/wp\/v2\/pages"}],"about":[{"href":"https:\/\/uat.antechdiagnostics.com\/fr_ca\/wp-json\/wp\/v2\/types\/page"}],"author":[{"embeddable":true,"href":"https:\/\/uat.antechdiagnostics.com\/fr_ca\/wp-json\/wp\/v2\/users\/5"}],"replies":[{"embeddable":true,"href":"https:\/\/uat.antechdiagnostics.com\/fr_ca\/wp-json\/wp\/v2\/comments?post=4057"}],"version-history":[{"count":0,"href":"https:\/\/uat.antechdiagnostics.com\/fr_ca\/wp-json\/wp\/v2\/pages\/4057\/revisions"}],"up":[{"embeddable":true,"href":"https:\/\/uat.antechdiagnostics.com\/fr_ca\/wp-json\/wp\/v2\/pages\/123"}],"wp:attachment":[{"href":"https:\/\/uat.antechdiagnostics.com\/fr_ca\/wp-json\/wp\/v2\/media?parent=4057"}],"wp:term":[{"taxonomy":"service-area","embeddable":true,"href":"https:\/\/uat.antechdiagnostics.com\/fr_ca\/wp-json\/wp\/v2\/service-area?post=4057"}],"curies":[{"name":"wp","href":"https:\/\/api.w.org\/{rel}","templated":true}]}}