    {"id":4584,"date":"2025-01-17T16:11:17","date_gmt":"2025-01-17T21:11:17","guid":{"rendered":"\/imaging-services\/pennhip-copy\/"},"modified":"2026-02-18T14:09:41","modified_gmt":"2026-02-18T19:09:41","slug":"services-de-consultation-en-imagerie","status":"publish","type":"page","link":"https:\/\/uat.antechdiagnostics.com\/fr_ca\/imaging-services\/consulting-imaging-services\/","title":{"rendered":"Services de consultation en imagerie"},"content":{"rendered":"<div class=\"wp-block-firsttracks-page-section alignfull is-section-hero is-style-section-1 has-global-padding is-layout-constrained wp-block-firsttracks-page-section-is-layout-constrained\">\n<div class=\"wp-block-columns alignwide is-layout-flex wp-container-core-columns-is-layout-28f84493 wp-block-columns-is-layout-flex\">\n<div class=\"wp-block-column is-vertically-aligned-center is-layout-flow wp-block-column-is-layout-flow\" style=\"flex-basis:50%\">\n<p class=\"is-style-body-secondary-bold\">Services d&#039;imagerie<\/p>\n\n\n\n<h1 class=\"wp-block-heading is-style-display-primary-bold\">Services de consultation<\/h1>\n\n\n\n<p>Consulter des v\u00e9t\u00e9rinaires sp\u00e9cialistes pour des cas complexes d&#039;imagerie, de m\u00e9decine et de chirurgie peut orienter le diagnostic et le traitement. Nos sp\u00e9cialistes certifi\u00e9s sont \u00e0 votre disposition pour vous conseiller et vous aider \u00e0 \u00e9valuer et interpr\u00e9ter les images de vos patients ainsi que certains r\u00e9sultats d&#039;examens. <br><br>\u00c0 chaque consultation, vous recevrez un rapport \u00e9crit complet des r\u00e9sultats, des suggestions pour des examens compl\u00e9mentaires si n\u00e9cessaire, et pourrez contacter votre sp\u00e9cialiste par t\u00e9l\u00e9phone ou par courriel. Nos sp\u00e9cialistes se consid\u00e8rent comme faisant partie int\u00e9grante de votre \u00e9quipe et seront ravis d'\u00e9changer avec vous au sujet de votre patient. Les coordonn\u00e9es et les disponibilit\u00e9s de votre sp\u00e9cialiste consultant sont indiqu\u00e9es dans le rapport.<\/p>\n\n\n\n<div class=\"wp-block-buttons is-layout-flex wp-block-buttons-is-layout-flex\"><\/div>\n<\/div>\n\n\n\n<div class=\"wp-block-column is-layout-flow wp-block-column-is-layout-flow\" style=\"flex-basis:50%\">\n<div class=\"wp-block-group has-global-padding is-layout-constrained wp-block-group-is-layout-constrained\">\n<div class=\"wp-block-group is-hero-gallery is-layout-grid wp-container-core-group-is-layout-b757edec wp-block-group-is-layout-grid\">\n<figure class=\"wp-block-gallery has-nested-images columns-default is-cropped wp-block-gallery-2 is-layout-flex wp-block-gallery-is-layout-flex\">\n<figure class=\"wp-block-image size-large size-full\"><img loading=\"lazy\" decoding=\"async\" width=\"683\" height=\"1024\" data-id=\"4636\" src=\"\/wp-content\/uploads\/2025\/01\/Antech_PetPortraits_Cat_1_RGB_Lavender-683x1024.png\" alt=\"\" class=\"wp-image-4636\" style=\"aspect-ratio:1\/2;object-fit:cover\" srcset=\"https:\/\/uat.antechdiagnostics.com\/wp-content\/uploads\/2025\/01\/Antech_PetPortraits_Cat_1_RGB_Lavender-683x1024.png 683w, https:\/\/uat.antechdiagnostics.com\/wp-content\/uploads\/2025\/01\/Antech_PetPortraits_Cat_1_RGB_Lavender-200x300.png 200w, https:\/\/uat.antechdiagnostics.com\/wp-content\/uploads\/2025\/01\/Antech_PetPortraits_Cat_1_RGB_Lavender-768x1152.png 768w, https:\/\/uat.antechdiagnostics.com\/wp-content\/uploads\/2025\/01\/Antech_PetPortraits_Cat_1_RGB_Lavender-1024x1536.png 1024w, https:\/\/uat.antechdiagnostics.com\/wp-content\/uploads\/2025\/01\/Antech_PetPortraits_Cat_1_RGB_Lavender-1365x2048.png 1365w, https:\/\/uat.antechdiagnostics.com\/wp-content\/uploads\/2025\/01\/Antech_PetPortraits_Cat_1_RGB_Lavender-8x12.png 8w\" sizes=\"auto, (max-width: 683px) 100vw, 683px\" \/><\/figure>\n<\/figure>\n\n\n\n<figure class=\"wp-block-image size-full\"><img decoding=\"async\" src=\"\/wp-content\/themes\/antech2024\/assets\/images\/placeholder-2.png\" alt=\"\" style=\"aspect-ratio:1\/2;object-fit:cover\"\/><\/figure>\n<\/div>\n<\/div>\n<\/div>\n<\/div>\n<\/div>\n\n\n\n<div class=\"wp-block-firsttracks-page-section alignfull is-section-grid has-global-padding is-layout-constrained wp-block-firsttracks-page-section-is-layout-constrained\">\n<div class=\"wp-block-group alignwide is-grid-card is-style-section-5 is-layout-grid wp-container-core-group-is-layout-ceae93ee wp-block-group-is-layout-grid\">\n<div class=\"wp-block-group has-global-padding is-layout-constrained wp-block-group-is-layout-constrained\">\n\n\n<h2 class=\"wp-block-heading is-style-title-2-primary-bold\">Radiographie<\/h2>\n\n\n\n<p>Chaque consultation comprend un rapport \u00e9crit et un acc\u00e8s direct au radiologue par t\u00e9l\u00e9phone ou par courriel.<br><br><strong>Processus de consultation en radiographie :<\/strong><br>Soumettre un historique d\u00e9taill\u00e9.<br>Inclure des questions sp\u00e9cifiques pour le radiologue.<br><br>Les consultations STAT sont compl\u00e9t\u00e9es dans un d\u00e9lai de 2 heures.<br>Les consultations de radiographie standard sont g\u00e9n\u00e9ralement effectu\u00e9es dans les 24 heures, en fonction du nombre de cas.<\/p>\n<\/div>\n\n\n\n<div class=\"wp-block-group has-global-padding is-layout-constrained wp-block-group-is-layout-constrained\">\n\n\n<h2 class=\"wp-block-heading is-style-title-2-primary-bold\">Ultrason<\/h2>\n\n\n\n<p>Une consultation d'\u00e9chographie comprend des images \u00e9chographiques et des radiographies associ\u00e9es. Une consultation de radiologie distincte n'est pas n\u00e9cessaire. Chaque consultation comprend un compte rendu \u00e9crit et un acc\u00e8s direct \u00e0 notre radiologue par t\u00e9l\u00e9phone ou par courriel.<br><br><strong>Processus de consultation en \u00e9chographie :<\/strong><br>Soumettez des images fixes de qualit\u00e9 et de courts clips vid\u00e9o DICOM pour un rapport plus rapide et plus pr\u00e9cis.<br>Utilisez \u00ab\u00a0Impressions\/Commentaires de l&#039;\u00e9chographiste\u00a0\u00bb pour d\u00e9crire les r\u00e9sultats de votre \u00e9chographie. Cela nous aidera \u00e0 comprendre vos pr\u00e9occupations et \u00e0 am\u00e9liorer la prise en charge des patients.<br><br>Les consultations STAT sont compl\u00e9t\u00e9es dans un d\u00e9lai de 2 heures.<br>Les consultations d&#039;\u00e9chographie standard sont g\u00e9n\u00e9ralement effectu\u00e9es dans les 24 heures, en fonction du nombre de cas.<\/p>\n<\/div>\n\n\n\n<div class=\"wp-block-group wp-container-content-078a8cff has-global-padding is-layout-constrained wp-block-group-is-layout-constrained\">\n\n\n<h2 class=\"wp-block-heading is-style-title-2-primary-bold\">CT\/IRM<\/h2>\n\n\n\n<p>Chaque consultation comprend un rapport \u00e9crit et un acc\u00e8s direct \u00e0 notre radiologue par t\u00e9l\u00e9phone ou par courriel.<br><br><strong>Processus de consultation CT\/IRM :<\/strong><br>Soumettre un historique d\u00e9taill\u00e9.<br>Inclure des questions sp\u00e9cifiques au radiologue pour un rapport plus pr\u00e9cis.<br><br>Les consultations STAT sont compl\u00e9t\u00e9es dans un d\u00e9lai de 2 heures.<br>Les consultations standard de tomodensitom\u00e9trie\/IRM sont g\u00e9n\u00e9ralement effectu\u00e9es dans les 24 heures, en fonction du nombre de cas.<\/p>\n\n\n\n<div class=\"wp-block-buttons is-layout-flex wp-block-buttons-is-layout-flex\"><\/div>\n<\/div>\n\n\n\n<div class=\"wp-block-group wp-container-content-078a8cff has-global-padding is-layout-constrained wp-block-group-is-layout-constrained\">\n\n\n<h2 class=\"wp-block-heading is-style-title-2-primary-bold\">Cardiologie<\/h2>\n\n\n\n<p>Chaque consultation comprend un rapport \u00e9crit et un acc\u00e8s direct au cardiologue par t\u00e9l\u00e9phone ou par courriel.<br><br><strong>Processus de consultation en cardiologie :<\/strong><br>Soumettez des images fixes de qualit\u00e9 et de courts clips vid\u00e9o DICOM pour un rapport plus rapide et plus pr\u00e9cis.<br><br>Les consultations STAT sont compl\u00e9t\u00e9es dans un d\u00e9lai de 2 heures.<br>Les consultations standard en cardiologie sont g\u00e9n\u00e9ralement effectu\u00e9es le jour m\u00eame, en fonction du nombre de cas.<br><br>Les consultations de cardiologie ne sont pas disponibles entre 17h00 PT vendredi et 8h00 PT lundi. <\/p>\n<\/div>\n<\/div>\n\n\n\n<div class=\"wp-block-group alignwide is-grid-card is-style-section-5 is-layout-grid wp-container-core-group-is-layout-ceae93ee wp-block-group-is-layout-grid\">\n<div class=\"wp-block-group has-global-padding is-layout-constrained wp-block-group-is-layout-constrained\">\n\n\n<h2 class=\"wp-block-heading is-style-title-2-primary-bold\">ECG<\/h2>\n\n\n\n<p>Si vous utilisez le syst\u00e8me Bluetooth Antech-ECG, vous pouvez t\u00e9l\u00e9charger l&#039;application AIS ECG depuis l&#039;App Store d&#039;Apple. <br><br>Nous proposons trois options pour les consultations ECG uniquement\u00a0:<\/p>\n\n\n\n<ol class=\"wp-block-list\">\n<li>ECG pr\u00e9op\u00e9ratoire\n<ol class=\"wp-block-list\">\n<li>D\u00e9rivation II uniquement<\/li>\n\n\n\n<li>Rapport dans les 30 minutes<\/li>\n\n\n\n<li>Utile comme outil de d\u00e9pistage avant la s\u00e9dation ou l&#039;anesth\u00e9sie, ou comme \u00e9valuation rapide<\/li>\n<\/ol>\n<\/li>\n\n\n\n<li>ECG de routine\n<ol class=\"wp-block-list\">\n<li>Toutes les pistes<\/li>\n\n\n\n<li>Rapport \u00e9crit dans les 24 heures<\/li>\n\n\n\n<li>Utile pour les cas non critiques et les contr\u00f4les<\/li>\n<\/ol>\n<\/li>\n\n\n\n<li>ECG d&#039;\u00e9tat\n<ol class=\"wp-block-list\">\n<li>Toutes les pistes<\/li>\n\n\n\n<li>Rapport verbal dans les 30 minutes, rapport \u00e9crit dans les 2 heures<\/li>\n\n\n\n<li>Utile pour les cas urgents et critiques<\/li>\n<\/ol>\n<\/li>\n<\/ol>\n\n\n\n<p><strong>Processus de consultation ECG :<\/strong><br>La m\u00e9thode de soumission pr\u00e9f\u00e9r\u00e9e est via le syst\u00e8me Bluetooth Antech-ECG.<br>Les consultations ECG uniquement sont disponibles de 7 h \u00e0 16 h PT, du lundi au vendredi.<br>Diff\u00e9rents formats d&#039;ECG sont accept\u00e9s pour la soumission de consultations. Pour toute question concernant la compatibilit\u00e9 de votre \u00e9quipement, contactez le support technique au 1-877-727-6800.<br>La m\u00e9thode de soumission pr\u00e9f\u00e9r\u00e9e est via le syst\u00e8me Bluetooth Antech-ECG. <a href=\"\/fr_ca\/produit-antech\/ecg-2\/\" data-type=\"link\" data-id=\"\/antech-product\/ecg-2\/\">En savoir plus sur cette unit\u00e9.<\/a><\/p>\n<\/div>\n\n\n\n<div class=\"wp-block-group has-global-padding is-layout-constrained wp-block-group-is-layout-constrained\">\n\n\n<h2 class=\"wp-block-heading is-style-title-2-primary-bold\">Oiseaux\/Exotiques<\/h2>\n\n\n\n<p>Chaque consultation comprend un rapport \u00e9crit et un acc\u00e8s direct \u00e0 votre sp\u00e9cialiste en animaux exotiques Antech par t\u00e9l\u00e9phone ou par courriel.<br><br><strong>Processus de consultation sur les oiseaux\/esp\u00e8ces exotiques :<\/strong><br>Soumettre un historique d\u00e9taill\u00e9.<br>Inclure des questions sp\u00e9cifiques au sp\u00e9cialiste exotique pour un rapport plus pr\u00e9cis.<br><br>Les consultations aviaires\/exotiques comprennent des recommandations d\u00e9taill\u00e9es sur le traitement et la gestion du cas.<br><br>Les consultations STAT sont compl\u00e9t\u00e9es dans un d\u00e9lai de 2 heures.<br>Les consultations standard sont g\u00e9n\u00e9ralement effectu\u00e9es le jour m\u00eame, en fonction de la charge de travail.<\/p>\n\n\n\n<p>Les consultations aviaires\/exotiques ne sont pas disponibles entre 17h00 PT vendredi et 8h00 PT lundi.<\/p>\n<\/div>\n\n\n\n<div class=\"wp-block-group wp-container-content-078a8cff has-global-padding is-layout-constrained wp-block-group-is-layout-constrained\">\n\n\n<h2 class=\"wp-block-heading is-style-title-2-primary-bold\">Dentisterie<\/h2>\n\n\n\n<p>Chaque consultation comprend un rapport \u00e9crit et un acc\u00e8s direct \u00e0 votre dentiste Antech par t\u00e9l\u00e9phone ou par courriel.<br><br><strong>Processus de consultation dentaire :<\/strong><br>Soumettre un historique d\u00e9taill\u00e9.<br>Inclure des questions sp\u00e9cifiques au dentiste pour un rapport plus pr\u00e9cis.<br><br>Les consultations STAT ne sont actuellement pas disponibles.<br>Les consultations standard sont g\u00e9n\u00e9ralement effectu\u00e9es le jour m\u00eame, en fonction de la charge de travail.<\/p>\n\n\n\n<p>Les consultations dentaires ne sont pas disponibles entre 17h00 PT le vendredi et 8h00 PT le lundi.<\/p>\n<\/div>\n\n\n\n<div class=\"wp-block-group wp-container-content-078a8cff has-global-padding is-layout-constrained wp-block-group-is-layout-constrained\">\n\n\n<h2 class=\"wp-block-heading is-style-title-2-primary-bold\">M\u00e9decine interne<\/h2>\n\n\n\n<p>Chaque consultation comprend un rapport \u00e9crit et un acc\u00e8s direct \u00e0 votre sp\u00e9cialiste en m\u00e9decine interne Antech par t\u00e9l\u00e9phone ou par courriel.<br><br><strong>Processus de consultation en m\u00e9decine interne :<\/strong><br>Soumettre un historique d\u00e9taill\u00e9.<br>Inclure des questions sp\u00e9cifiques pour le sp\u00e9cialiste en m\u00e9decine interne pour un rapport plus pr\u00e9cis.<br>Les consultations de m\u00e9decine interne comprennent des recommandations d\u00e9taill\u00e9es sur le traitement et la gestion du cas.<br><br>Les consultations STAT sont compl\u00e9t\u00e9es dans un d\u00e9lai de 2 heures.<br>Les consultations standard sont g\u00e9n\u00e9ralement effectu\u00e9es le jour m\u00eame, en fonction de la charge de travail.<\/p>\n\n\n\n<p>Les consultations de m\u00e9decine interne ne sont pas disponibles entre 17h00 PT le vendredi et 8h00 PT le lundi.<\/p>\n<\/div>\n<\/div>\n<\/div>\n\n\n\n<div class=\"wp-block-firsttracks-page-section alignwide is-section-cta is-style-section-3 has-global-padding is-layout-constrained wp-block-firsttracks-page-section-is-layout-constrained\">\n<div class=\"wp-block-columns alignwide is-layout-flex wp-container-core-columns-is-layout-28f84493 wp-block-columns-is-layout-flex\">\n<div class=\"wp-block-column is-vertically-aligned-center is-layout-flow wp-block-column-is-layout-flow\" style=\"flex-basis:70%\">\n<div class=\"wp-block-group has-global-padding is-layout-constrained wp-block-group-is-layout-constrained\">\n<h1 class=\"wp-block-heading is-style-body-secondary-bold\"><\/h1>\n\n\n\n<h2 class=\"wp-block-heading\">D\u00e9couvrez notre \u00e9quipe des services d&#039;imagerie<\/h2>\n\n\n\n<p>Antech Imaging Services offre aux v\u00e9t\u00e9rinaires des solutions d&#039;imagerie diagnostique rapides et pr\u00e9cises pour les aider \u00e0 fournir des soins de haute qualit\u00e9 \u00e0 leurs patients.<\/p>\n\n\n\n<div class=\"wp-block-buttons is-layout-flex wp-block-buttons-is-layout-flex\">\n<div class=\"wp-block-button\"><a class=\"wp-block-button__link wp-element-button\" href=\"\/fr_ca\/personnel-des-services-veterinaires\/?consultant-type-search=imaging-services\" target=\"_blank\" rel=\"noreferrer noopener\">Voir le r\u00e9pertoire<\/a><\/div>\n<\/div>\n<\/div>\n<\/div>\n\n\n\n<div class=\"wp-block-column is-layout-flow wp-block-column-is-layout-flow\" style=\"flex-basis:30%\">\n<figure class=\"wp-block-image alignright size-full\"><img loading=\"lazy\" decoding=\"async\" width=\"4480\" height=\"6720\" src=\"\/wp-content\/uploads\/2025\/01\/Antech_Thriving_Practice_4_RGB.png\" alt=\"\" class=\"wp-image-4710\" srcset=\"https:\/\/uat.antechdiagnostics.com\/wp-content\/uploads\/2025\/01\/Antech_Thriving_Practice_4_RGB.png 4480w, https:\/\/uat.antechdiagnostics.com\/wp-content\/uploads\/2025\/01\/Antech_Thriving_Practice_4_RGB-200x300.png 200w, https:\/\/uat.antechdiagnostics.com\/wp-content\/uploads\/2025\/01\/Antech_Thriving_Practice_4_RGB-683x1024.png 683w, https:\/\/uat.antechdiagnostics.com\/wp-content\/uploads\/2025\/01\/Antech_Thriving_Practice_4_RGB-768x1152.png 768w, https:\/\/uat.antechdiagnostics.com\/wp-content\/uploads\/2025\/01\/Antech_Thriving_Practice_4_RGB-1024x1536.png 1024w, https:\/\/uat.antechdiagnostics.com\/wp-content\/uploads\/2025\/01\/Antech_Thriving_Practice_4_RGB-1365x2048.png 1365w, https:\/\/uat.antechdiagnostics.com\/wp-content\/uploads\/2025\/01\/Antech_Thriving_Practice_4_RGB-8x12.png 8w\" sizes=\"auto, (max-width: 4480px) 100vw, 4480px\" \/><\/figure>\n<\/div>\n<\/div>\n<\/div>\n\n\n\n<div class=\"wp-block-firsttracks-page-section alignfull is-section-grid has-global-padding is-layout-constrained wp-block-firsttracks-page-section-is-layout-constrained\"><\/div>","protected":false},"excerpt":{"rendered":"","protected":false},"author":5,"featured_media":0,"parent":123,"menu_order":6,"comment_status":"closed","ping_status":"closed","template":"","meta":{"_acf_changed":false,"content-type":"","footnotes":""},"service-area":[],"class_list":["post-4584","page","type-page","status-publish","hentry"],"acf":[],"publishpress_future_action":{"enabled":false,"date":"2026-05-13 13:33:41","action":"change-status","newStatus":"draft","terms":[],"taxonomy":"service-area","extraData":[]},"publishpress_future_workflow_manual_trigger":{"enabledWorkflows":[]},"_links":{"self":[{"href":"https:\/\/uat.antechdiagnostics.com\/fr_ca\/wp-json\/wp\/v2\/pages\/4584","targetHints":{"allow":["GET"]}}],"collection":[{"href":"https:\/\/uat.antechdiagnostics.com\/fr_ca\/wp-json\/wp\/v2\/pages"}],"about":[{"href":"https:\/\/uat.antechdiagnostics.com\/fr_ca\/wp-json\/wp\/v2\/types\/page"}],"author":[{"embeddable":true,"href":"https:\/\/uat.antechdiagnostics.com\/fr_ca\/wp-json\/wp\/v2\/users\/5"}],"replies":[{"embeddable":true,"href":"https:\/\/uat.antechdiagnostics.com\/fr_ca\/wp-json\/wp\/v2\/comments?post=4584"}],"version-history":[{"count":0,"href":"https:\/\/uat.antechdiagnostics.com\/fr_ca\/wp-json\/wp\/v2\/pages\/4584\/revisions"}],"up":[{"embeddable":true,"href":"https:\/\/uat.antechdiagnostics.com\/fr_ca\/wp-json\/wp\/v2\/pages\/123"}],"wp:attachment":[{"href":"https:\/\/uat.antechdiagnostics.com\/fr_ca\/wp-json\/wp\/v2\/media?parent=4584"}],"wp:term":[{"taxonomy":"service-area","embeddable":true,"href":"https:\/\/uat.antechdiagnostics.com\/fr_ca\/wp-json\/wp\/v2\/service-area?post=4584"}],"curies":[{"name":"wp","href":"https:\/\/api.w.org\/{rel}","templated":true}]}}