    {"id":4589,"date":"2025-01-17T16:37:42","date_gmt":"2025-01-17T21:37:42","guid":{"rendered":"\/imaging-services\/services\/"},"modified":"2025-12-15T14:25:42","modified_gmt":"2025-12-15T19:25:42","slug":"services","status":"publish","type":"page","link":"https:\/\/uat.antechdiagnostics.com\/fr_ca\/imaging-services\/services\/","title":{"rendered":"Contactez les services d&#039;imagerie"},"content":{"rendered":"<div class=\"wp-block-firsttracks-page-section alignfull is-section-hero is-style-section-1 has-global-padding is-layout-constrained wp-block-firsttracks-page-section-is-layout-constrained\"><\/div>\n\n\n\n<div class=\"wp-block-firsttracks-page-section alignfull is-section-hero is-style-section-1 has-global-padding is-layout-constrained wp-block-firsttracks-page-section-is-layout-constrained\">\n<div class=\"wp-block-columns alignwide is-layout-flex wp-container-core-columns-is-layout-28f84493 wp-block-columns-is-layout-flex\">\n<div class=\"wp-block-column is-vertically-aligned-center is-layout-flow wp-block-column-is-layout-flow\" style=\"flex-basis:50%\">\n<p class=\"is-style-body-secondary-bold\">Services d&#039;imagerie<\/p>\n\n\n\n<h1 class=\"wp-block-heading is-style-display-primary-bold\">Assistance aux services d&#039;imagerie<\/h1>\n\n\n\n<p>Nous sommes l\u00e0 pour vous aider \u00e0 optimiser votre exp\u00e9rience avec nos services d&#039;imagerie. Contactez nos services client pour demander des informations ou une d\u00e9monstration produit.<\/p>\n\n\n\n<div class=\"wp-block-buttons is-layout-flex wp-block-buttons-is-layout-flex\"><\/div>\n<\/div>\n\n\n\n<div class=\"wp-block-column is-layout-flow wp-block-column-is-layout-flow\" style=\"flex-basis:50%\">\n<div class=\"wp-block-group has-global-padding is-layout-constrained wp-block-group-is-layout-constrained\">\n<figure class=\"wp-block-image size-full wp-container-content-d8344436\"><img loading=\"lazy\" decoding=\"async\" width=\"2560\" height=\"2147\" src=\"\/wp-content\/uploads\/2025\/01\/AIS_4-scaled.jpg\" alt=\"\" class=\"wp-image-4725\" style=\"aspect-ratio:1;object-fit:cover\" srcset=\"https:\/\/uat.antechdiagnostics.com\/wp-content\/uploads\/2025\/01\/AIS_4-scaled.jpg 2560w, https:\/\/uat.antechdiagnostics.com\/wp-content\/uploads\/2025\/01\/AIS_4-300x252.jpg 300w, https:\/\/uat.antechdiagnostics.com\/wp-content\/uploads\/2025\/01\/AIS_4-1024x859.jpg 1024w, https:\/\/uat.antechdiagnostics.com\/wp-content\/uploads\/2025\/01\/AIS_4-768x644.jpg 768w, https:\/\/uat.antechdiagnostics.com\/wp-content\/uploads\/2025\/01\/AIS_4-1536x1288.jpg 1536w, https:\/\/uat.antechdiagnostics.com\/wp-content\/uploads\/2025\/01\/AIS_4-2048x1717.jpg 2048w, https:\/\/uat.antechdiagnostics.com\/wp-content\/uploads\/2025\/01\/AIS_4-14x12.jpg 14w\" sizes=\"auto, (max-width: 2560px) 100vw, 2560px\" \/><\/figure>\n<\/div>\n<\/div>\n<\/div>\n<\/div>\n\n\n\n\n\n<div class=\"wp-block-firsttracks-page-section alignfull is-section-grid has-global-padding is-layout-constrained wp-block-firsttracks-page-section-is-layout-constrained\">\n<div class=\"wp-block-group alignwide is-grid-card is-layout-grid wp-container-core-group-is-layout-d88a0cef wp-block-group-is-layout-grid\">\n<div class=\"wp-block-group has-global-padding is-layout-constrained wp-block-group-is-layout-constrained\">\n\n\n<h2 class=\"wp-block-heading is-style-title-2-primary-bold\">Assistance technique 24h\/24 et 7j\/7<\/h2>\n\n\n\n<p>877-727-6800<\/p>\n<\/div>\n\n\n\n<div class=\"wp-block-group has-global-padding is-layout-constrained wp-block-group-is-layout-constrained\">\n\n\n<h2 class=\"wp-block-heading is-style-title-2-primary-bold\">Questions de facturation<\/h2>\n\n\n\n<p>877-727-6800<\/p>\n<\/div>\n\n\n\n<div class=\"wp-block-group has-global-padding is-layout-constrained wp-block-group-is-layout-constrained\">\n\n\n<h2 class=\"wp-block-heading is-style-title-2-primary-bold\">Demandes de nouveaux clients<\/h2>\n\n\n\n<p><strong>\u00c9tats-Unis, Canada, Europe et Royaume-Uni <\/strong>Support client et technique <a href=\"mailto:support@antechimagingservices.com &gt;Support@antechdx.com&lt;\/a&gt;&lt;\/dd&gt;&lt;dd&gt;&lt;a href=\">877-727-6800<\/a><br><br>Cristina Herrera <br>Chef de produit senior<br><a href=\"mailto:Cristina.Herrera@antechdx.com\">Cristina.Herrera@antechdx.com<\/a><a href=\"tel:+8715288122\">871-528-8122<\/a><br><br><strong>HONG KONG <\/strong><a href=\"mailto:AIS_HK@antechdx.com\">AIS_HK@antechdx.com<\/a><br><a href=\"tel:+85223710080\">Laboratoire de Hong Kong Antech +852-2371-0080<\/a><br><br><strong>SINGAPOUR <\/strong><a href=\"mailto:AIS_SG@antechdx.com\">AIS_SG@antechdx.com<\/a><br><a href=\"tel:+6562915412\">Laboratoire Antech de Singapour<\/a><br><a href=\"tel:+6562915412\">+65-6291-5412<\/a><\/p>\n<\/div>\n\n\n\n<div class=\"wp-block-group has-global-padding is-layout-constrained wp-block-group-is-layout-constrained\">\n\n\n<h2 class=\"wp-block-heading is-style-title-2-primary-bold\">Services d&#039;imagerie Antech <\/h2>\n\n\n\n<p>17620, rue Mt. Herrmann<br>Fountain Valley, Californie 92708<\/p>\n<\/div>\n<\/div>\n<\/div>","protected":false},"excerpt":{"rendered":"","protected":false},"author":5,"featured_media":0,"parent":123,"menu_order":14,"comment_status":"closed","ping_status":"closed","template":"","meta":{"_acf_changed":false,"content-type":"","footnotes":""},"service-area":[],"class_list":["post-4589","page","type-page","status-publish","hentry"],"acf":[],"publishpress_future_action":{"enabled":false,"date":"2026-05-13 13:34:02","action":"change-status","newStatus":"draft","terms":[],"taxonomy":"service-area","extraData":[]},"publishpress_future_workflow_manual_trigger":{"enabledWorkflows":[]},"_links":{"self":[{"href":"https:\/\/uat.antechdiagnostics.com\/fr_ca\/wp-json\/wp\/v2\/pages\/4589","targetHints":{"allow":["GET"]}}],"collection":[{"href":"https:\/\/uat.antechdiagnostics.com\/fr_ca\/wp-json\/wp\/v2\/pages"}],"about":[{"href":"https:\/\/uat.antechdiagnostics.com\/fr_ca\/wp-json\/wp\/v2\/types\/page"}],"author":[{"embeddable":true,"href":"https:\/\/uat.antechdiagnostics.com\/fr_ca\/wp-json\/wp\/v2\/users\/5"}],"replies":[{"embeddable":true,"href":"https:\/\/uat.antechdiagnostics.com\/fr_ca\/wp-json\/wp\/v2\/comments?post=4589"}],"version-history":[{"count":0,"href":"https:\/\/uat.antechdiagnostics.com\/fr_ca\/wp-json\/wp\/v2\/pages\/4589\/revisions"}],"up":[{"embeddable":true,"href":"https:\/\/uat.antechdiagnostics.com\/fr_ca\/wp-json\/wp\/v2\/pages\/123"}],"wp:attachment":[{"href":"https:\/\/uat.antechdiagnostics.com\/fr_ca\/wp-json\/wp\/v2\/media?parent=4589"}],"wp:term":[{"taxonomy":"service-area","embeddable":true,"href":"https:\/\/uat.antechdiagnostics.com\/fr_ca\/wp-json\/wp\/v2\/service-area?post=4589"}],"curies":[{"name":"wp","href":"https:\/\/api.w.org\/{rel}","templated":true}]}}