    {"id":4802,"date":"2025-01-20T14:35:33","date_gmt":"2025-01-20T19:35:33","guid":{"rendered":"\/?page_id=4802"},"modified":"2026-02-18T13:37:46","modified_gmt":"2026-02-18T18:37:46","slug":"cadet-braf-et-cadet-braf-plus","status":"publish","type":"page","link":"https:\/\/uat.antechdiagnostics.com\/fr_ca\/reference-lab\/diagnostics\/canine-cancer-detection\/cadet-braf-and-cadet-braf-plus\/","title":{"rendered":"CADET\u00ae BRAF et CADET\u00ae BRAF-PLUS"},"content":{"rendered":"<div class=\"wp-block-firsttracks-page-section alignfull is-section-hero is-style-section-1 has-global-padding is-layout-constrained wp-block-firsttracks-page-section-is-layout-constrained\">\n<div class=\"wp-block-columns alignwide is-layout-flex wp-container-core-columns-is-layout-28f84493 wp-block-columns-is-layout-flex\">\n<div class=\"wp-block-column is-vertically-aligned-center is-layout-flow wp-block-column-is-layout-flow\" style=\"flex-basis:50%\">\n<h1 class=\"wp-block-heading is-style-body-secondary-bold\"><a href=\"\/fr_ca\/laboratoire-de-reference\/diagnostic\/detection-du-cancer-canin\/\">Diagnostic du cancer chez le chien<\/a><\/h1>\n\n\n\n<h2 class=\"wp-block-heading is-style-display-primary-bold\">CADET\u2122 BRAF<\/h2>\n\n\n\n<p>D\u00e9tection pr\u00e9coce et pr\u00e9cise du cancer de la vessie et de la prostate chez le chien.<\/p>\n<\/div>\n\n\n\n<div class=\"wp-block-column is-layout-flow wp-block-column-is-layout-flow\" style=\"flex-basis:50%\">\n<div class=\"wp-block-group is-style-section-7 has-global-padding is-layout-constrained wp-block-group-is-layout-constrained\">\n<figure class=\"wp-block-image size-full wp-container-content-d8344436\"><img loading=\"lazy\" decoding=\"async\" width=\"933\" height=\"711\" src=\"\/wp-content\/uploads\/2025\/01\/Antech_PetPortraits_Dog_7_RGB-1-1.png\" alt=\"\" class=\"wp-image-21875\" style=\"aspect-ratio:4\/3;object-fit:contain\" srcset=\"https:\/\/uat.antechdiagnostics.com\/wp-content\/uploads\/2025\/01\/Antech_PetPortraits_Dog_7_RGB-1-1.png 933w, https:\/\/uat.antechdiagnostics.com\/wp-content\/uploads\/2025\/01\/Antech_PetPortraits_Dog_7_RGB-1-1-300x229.png 300w, https:\/\/uat.antechdiagnostics.com\/wp-content\/uploads\/2025\/01\/Antech_PetPortraits_Dog_7_RGB-1-1-768x585.png 768w, https:\/\/uat.antechdiagnostics.com\/wp-content\/uploads\/2025\/01\/Antech_PetPortraits_Dog_7_RGB-1-1-16x12.png 16w\" sizes=\"auto, (max-width: 933px) 100vw, 933px\" \/><\/figure>\n<\/div>\n<\/div>\n<\/div>\n<\/div>\n\n\n\n<div class=\"wp-block-firsttracks-page-section alignfull is-section-content has-global-padding is-layout-constrained wp-block-firsttracks-page-section-is-layout-constrained\">\n<div class=\"wp-block-group alignwide is-grid-card is-layout-grid wp-container-core-group-is-layout-ceae93ee wp-block-group-is-layout-grid\">\n<div class=\"wp-block-group is-list-item is-vertical is-layout-flex wp-container-core-group-is-layout-fe9cc265 wp-block-group-is-layout-flex\">\n<h2 class=\"wp-block-heading\">CADET\u2122 BRAF<\/h2>\n<\/div>\n<\/div>\n<\/div>\n\n\n\n<div class=\"wp-block-firsttracks-page-section alignfull is-section-grid has-global-padding is-layout-constrained wp-block-firsttracks-page-section-is-layout-constrained\">\n<div class=\"wp-block-group alignwide is-grid-card is-layout-grid wp-container-core-group-is-layout-cdb28de3 wp-block-group-is-layout-grid\">\n<div class=\"wp-block-group has-global-padding is-layout-constrained wp-block-group-is-layout-constrained\">\n\n\n<h3 class=\"wp-block-heading is-style-title-2-primary-bold\">Pr\u00e9cis, abordable et pratique<\/h3>\n\n\n\n<p>CADET\u2122 BRAF \u00e9value les \u00e9chantillons d&#039;urine canine pour d\u00e9tecter la pr\u00e9sence de cellules porteuses de la mutation b-raf, le type le plus courant de cancer de la vessie et de la prostate chez le chien (carcinome \u00e0 cellules transitionnelles, \u00e9galement appel\u00e9 carcinome uroth\u00e9lial TCC\/RCH). Cette technologie de pointe est pr\u00e9cise, abordable et pratique, tant pour le v\u00e9t\u00e9rinaire que pour le propri\u00e9taire de l&#039;animal.<br><br>Le test CADET BRAF peut d\u00e9tecter jusqu&#039;\u00e0 851 cas de TCC\/UC porteurs de la mutation TP72T. Chez les chiens ne pr\u00e9sentant pas cette mutation, le test BRAF-Plus (test de confirmation) permet de d\u00e9tecter un nombre encore plus important de chiens atteints de TCC\/UC.<\/p>\n\n\n<\/div>\n\n\n\n<div class=\"wp-block-group has-global-padding is-layout-constrained wp-block-group-is-layout-constrained\">\n\n\n<h3 class=\"wp-block-heading is-style-title-2-primary-bold\">Pr\u00e9cision fiable<\/h3>\n\n\n\n<p>CADET BRAF d\u00e9tecte jusqu&#039;\u00e0 85% de cas TCC\/UC chez les chiens. <\/p>\n\n\n\n<p>Pour les chiens sans mutation b-raf, BRAF-Plus (un test r\u00e9flexe) permet d&#039;identifier un plus grand nombre de patients atteints de TCC\/UC avec un simple \u00e9chantillon d&#039;urine.<\/p>\n\n\n\n<p>Les r\u00e9sultats ne sont pas affect\u00e9s par la pr\u00e9sence de globules rouges ou blancs, de prot\u00e9ines, de bact\u00e9ries ou d\u2019autres substances potentiellement interf\u00e9rentes qui peuvent avoir un impact sur les tests d\u2019urine.<\/p>\n<\/div>\n\n\n\n<div class=\"wp-block-group has-global-padding is-layout-constrained wp-block-group-is-layout-constrained\">\n\n\n<h3 class=\"wp-block-heading is-style-title-2-primary-bold\">Comment CADET BRAF est utilis\u00e9 en milieu clinique<\/h3>\n\n\n\n<p>Les v\u00e9t\u00e9rinaires peuvent rechercher un \u00e9ventuel TCC\/UC d\u00e8s le d\u00e9but du bilan diagnostique du patient. Cette m\u00e9thode est id\u00e9ale pour les chiens pr\u00e9sentant des signes urinaires anormaux tels qu&#039;une h\u00e9maturie persistante, une strangurie et des infections urinaires r\u00e9currentes ou compliqu\u00e9es.<\/p>\n\n\n\n<p>Le CADET BRAF peut \u00e9galement \u00eatre utilis\u00e9 comme confirmation du diagnostic de TCC\/UC dans les cas o\u00f9 les r\u00e9sultats cytologiques sont suspects mais ne permettent pas de diagnostiquer une tumeur maligne.<\/p>\n<\/div>\n<\/div>\n<\/div>\n\n\n\n<div class=\"wp-block-firsttracks-page-section alignfull is-section-content has-global-padding is-layout-constrained wp-block-firsttracks-page-section-is-layout-constrained\"><\/div>\n\n\n\n<hr class=\"wp-block-separator alignfull has-alpha-channel-opacity\"\/>\n\n\n\n<div class=\"wp-block-firsttracks-page-section alignfull is-section-content is-text-action is-style-section-3 has-global-padding is-layout-constrained wp-block-firsttracks-page-section-is-layout-constrained\">\n<div class=\"wp-block-columns alignwide is-layout-flex wp-container-core-columns-is-layout-28f84493 wp-block-columns-is-layout-flex\">\n<div class=\"wp-block-column is-layout-flow wp-block-column-is-layout-flow\" style=\"flex-basis:50%\">\n<script src=\"https:\/\/fast.wistia.com\/player.js\" async><\/script><script src=\"https:\/\/fast.wistia.com\/embed\/zhv7jpzh0x.js\" async type=\"module\"><\/script><style>wistia-player[media-id='zhv7jpzh0x']:not(:defined) { background: center \/ contain no-repeat url('https:\/\/fast.wistia.com\/embed\/medias\/zhv7jpzh0x\/swatch'); display: block; filter: blur(5px); padding-top:56.25%; }<\/style> <wistia-player media-id=\"zhv7jpzh0x\" aspect=\"1.7777777777777777\"><\/wistia-player>\n<\/div>\n\n\n\n<div class=\"wp-block-column is-layout-flow wp-block-column-is-layout-flow\" style=\"flex-basis:50%\">\n<h2 class=\"wp-block-heading is-style-heading-3-primary-bold\">Webinaire : <a>Utilisation du diagnostic mol\u00e9culaire pour d\u00e9tecter le cancer de la vessie et de la prostate chez le chien<\/a><\/h2>\n\n\n\n<p>Dans ce webinaire d&#039;une heure anim\u00e9 par la Dre Sue Ettinger, DVM, DACVIM (oncologie), vous d\u00e9couvrirez comment d\u00e9tecter les cancers de la prostate et de la vessie chez le chien gr\u00e2ce au test urinaire CADET\u2122 BRAF. Ce test facilite le diagnostic pr\u00e9coce des infections urinaires r\u00e9currentes, compliqu\u00e9es ou r\u00e9sistantes aux antibiotiques, accompagn\u00e9es d&#039;une h\u00e9maturie sans signe \u00e9chographique de masse v\u00e9sicale. La Dre Sue Ettinger expliquera comment ce test simplifie le diagnostic de ces cancers rares et am\u00e9liore ainsi la sant\u00e9 des patients.<\/p>\n<\/div>\n<\/div>\n<\/div>\n\n\n\n<div class=\"wp-block-firsttracks-page-section alignfull is-section-list is-style-section-4 is-list-text has-global-padding is-layout-constrained wp-block-firsttracks-page-section-is-layout-constrained\">\n<div class=\"wp-block-columns alignwide is-layout-flex wp-container-core-columns-is-layout-28f84493 wp-block-columns-is-layout-flex\">\n<div class=\"wp-block-column is-layout-flow wp-block-column-is-layout-flow\" style=\"flex-basis:50%\">\n<h2 class=\"wp-block-heading\">Indications cliniques pour l&#039;utilisation de CADET BRAF <\/h2>\n<\/div>\n\n\n\n<div class=\"wp-block-column is-layout-flow wp-block-column-is-layout-flow\" style=\"flex-basis:50%\">\n<div class=\"wp-block-group is-list-item is-vertical is-layout-flex wp-container-core-group-is-layout-fe9cc265 wp-block-group-is-layout-flex\">\n<p>Cas cliniques pr\u00e9sentant une h\u00e9maturie, une strangurie et\/ou une incontinence urinaire, avec des preuves d&#039;imagerie diagnostique d&#039;une masse dans la vessie.<\/p>\n<\/div>\n\n\n\n<div class=\"wp-block-group is-list-item is-vertical is-layout-flex wp-container-core-group-is-layout-fe9cc265 wp-block-group-is-layout-flex\">\n<p>Confirmation du diagnostic de TCC\/UC d&#039;une masse v\u00e9sicale \u00e0 partir d&#039;une lame cytologique color\u00e9e apr\u00e8s \u00e9chographie et examen cytologique d&#039;une aspiration \u00e0 l&#039;aiguille fine de cellules porteuses de tumeur.<\/p>\n<\/div>\n\n\n\n<div class=\"wp-block-group is-list-item is-vertical is-layout-flex wp-container-core-group-is-layout-fe9cc265 wp-block-group-is-layout-flex\">\n<p>Pendant la chimioth\u00e9rapie, pour surveiller le succ\u00e8s du traitement par des niveaux r\u00e9duits de d\u00e9tection de mutations BRAF, ou pour surveiller la rechute du cancer par la r\u00e9currence des cellules tumorales porteuses de mutations BRAF.<\/p>\n<\/div>\n\n\n\n<div class=\"wp-block-group is-list-item is-vertical is-layout-flex wp-container-core-group-is-layout-fe9cc265 wp-block-group-is-layout-flex\">\n<p>D\u00e9tection pr\u00e9coce chez les races de chiens \u00e0 haut risque telles que les terriers, les bergers des Shetland, les bergers australiens, les bouviers, les beagles et les border collies \u00e2g\u00e9s de \u2265 6 ans.<\/p>\n<\/div>\n\n\n\n<div class=\"wp-block-group is-list-item is-vertical is-layout-flex wp-container-core-group-is-layout-fe9cc265 wp-block-group-is-layout-flex\">\n<p>Diagnostic pr\u00e9coce dans les cas cliniques d&#039;infections urinaires r\u00e9currentes, compliqu\u00e9es ou r\u00e9sistantes aux antibiotiques se pr\u00e9sentant avec une h\u00e9maturie sans preuve \u00e9chographique d&#039;une masse v\u00e9sicale.<\/p>\n<\/div>\n<\/div>\n<\/div>\n<\/div>\n\n\n\n<div class=\"wp-block-firsttracks-page-section alignwide is-section-cta is-style-section-7 has-global-padding is-layout-constrained wp-block-firsttracks-page-section-is-layout-constrained\">\n<div class=\"wp-block-columns alignwide is-layout-flex wp-container-core-columns-is-layout-28f84493 wp-block-columns-is-layout-flex\">\n<div class=\"wp-block-column is-layout-flow wp-block-column-is-layout-flow\" style=\"flex-basis:30%\">\n<div class=\"wp-block-group is-content-justification-center is-nowrap is-layout-flex wp-container-core-group-is-layout-23441af8 wp-block-group-is-layout-flex\" style=\"min-height:100%\">\n<figure class=\"wp-block-image alignleft size-full is-resized\"><img loading=\"lazy\" decoding=\"async\" width=\"300\" height=\"301\" src=\"\/wp-content\/uploads\/2024\/12\/Antech_icon_customer_service_reverse_rgb-1.png\" alt=\"\" class=\"wp-image-3462\" style=\"aspect-ratio:1;object-fit:contain;width:300px\" srcset=\"https:\/\/uat.antechdiagnostics.com\/wp-content\/uploads\/2024\/12\/Antech_icon_customer_service_reverse_rgb-1.png 300w, https:\/\/uat.antechdiagnostics.com\/wp-content\/uploads\/2024\/12\/Antech_icon_customer_service_reverse_rgb-1-150x150.png 150w, https:\/\/uat.antechdiagnostics.com\/wp-content\/uploads\/2024\/12\/Antech_icon_customer_service_reverse_rgb-1-12x12.png 12w\" sizes=\"auto, (max-width: 300px) 100vw, 300px\" \/><\/figure>\n<\/div>\n<\/div>\n\n\n\n<div class=\"wp-block-column is-vertically-aligned-center is-layout-flow wp-block-column-is-layout-flow\" style=\"flex-basis:70%\">\n<div class=\"wp-block-group has-global-padding is-layout-constrained wp-block-group-is-layout-constrained\">\n<p class=\"is-style-breadcrumb\">Nous sommes l\u00e0 pour r\u00e9pondre \u00e0 tous vos besoins, quand vous en avez besoin.<br>Questions sur l'utilisation des produits, consultations de cas et tout le reste.<\/p>\n\n\n\n<h2 class=\"wp-block-heading\">Assistance Antech\u2122<\/h2>\n\n\n\n<ul class=\"wp-block-list\">\n<li>Tous les jours de 6 h \u00e0 17 h MT<\/li>\n\n\n\n<li>Assistance d&#039;urgence en dehors des heures de bureau<\/li>\n<\/ul>\n\n\n\n<div class=\"wp-block-buttons is-layout-flex wp-block-buttons-is-layout-flex\">\n<div class=\"wp-block-button cover-image-button is-style-button-6\"><a class=\"wp-block-button__link wp-element-button\" href=\"\/fr_ca\/contactez-nous\/\">Contactez-nous<\/a><\/div>\n<\/div>\n<\/div>\n<\/div>\n<\/div>\n<\/div>\n\n\n\n<div class=\"wp-block-firsttracks-page-section alignfull is-section-list is-list-text is-style-section-3 has-global-padding is-layout-constrained wp-block-firsttracks-page-section-is-layout-constrained\">\n<div class=\"wp-block-columns alignwide is-layout-flex wp-container-core-columns-is-layout-28f84493 wp-block-columns-is-layout-flex\">\n<div class=\"wp-block-column is-layout-flow wp-block-column-is-layout-flow\" style=\"flex-basis:50%\">\n<h2 class=\"wp-block-heading is-style-heading-2-primary-bold\">Vous avez des questions sur CADET\u2122 BRAF ?<\/h2>\n\n\n\n<p class=\"is-style-label-2-secondary-small-regular\">Remplissez le formulaire et un repr\u00e9sentant d'Antech vous contactera.<\/p>\n<\/div>\n\n\n\n<div class=\"wp-block-column is-layout-flow wp-block-column-is-layout-flow\" style=\"flex-basis:50%\">\n<p><\/p>\n\n\n\n<div class=\"wp-block-leadin-hubspot-form-block\">\n\t\t\t<div\n\t\t\tclass=\"hs-form-frame\"\n\t\t\tdata-region=\"na1\"\n\t\t\tdata-form-id=\"a0629aa7-573e-493a-84f2-8f78fb347a51\"\n\t\t\tdata-portal-id=\"4747723\"\n\t\t\t >\n\t\t\t<\/div>\n\t\t\t<\/div>\n<\/div>\n<\/div>\n<\/div>","protected":false},"excerpt":{"rendered":"","protected":false},"author":5,"featured_media":0,"parent":27,"menu_order":0,"comment_status":"closed","ping_status":"closed","template":"","meta":{"_acf_changed":false,"content-type":"","footnotes":""},"service-area":[],"class_list":["post-4802","page","type-page","status-publish","hentry"],"acf":[],"publishpress_future_action":{"enabled":false,"date":"2026-05-13 14:48:04","action":"change-status","newStatus":"draft","terms":[],"taxonomy":"service-area","extraData":[]},"publishpress_future_workflow_manual_trigger":{"enabledWorkflows":[]},"_links":{"self":[{"href":"https:\/\/uat.antechdiagnostics.com\/fr_ca\/wp-json\/wp\/v2\/pages\/4802","targetHints":{"allow":["GET"]}}],"collection":[{"href":"https:\/\/uat.antechdiagnostics.com\/fr_ca\/wp-json\/wp\/v2\/pages"}],"about":[{"href":"https:\/\/uat.antechdiagnostics.com\/fr_ca\/wp-json\/wp\/v2\/types\/page"}],"author":[{"embeddable":true,"href":"https:\/\/uat.antechdiagnostics.com\/fr_ca\/wp-json\/wp\/v2\/users\/5"}],"replies":[{"embeddable":true,"href":"https:\/\/uat.antechdiagnostics.com\/fr_ca\/wp-json\/wp\/v2\/comments?post=4802"}],"version-history":[{"count":0,"href":"https:\/\/uat.antechdiagnostics.com\/fr_ca\/wp-json\/wp\/v2\/pages\/4802\/revisions"}],"up":[{"embeddable":true,"href":"https:\/\/uat.antechdiagnostics.com\/fr_ca\/wp-json\/wp\/v2\/pages\/27"}],"wp:attachment":[{"href":"https:\/\/uat.antechdiagnostics.com\/fr_ca\/wp-json\/wp\/v2\/media?parent=4802"}],"wp:term":[{"taxonomy":"service-area","embeddable":true,"href":"https:\/\/uat.antechdiagnostics.com\/fr_ca\/wp-json\/wp\/v2\/service-area?post=4802"}],"curies":[{"name":"wp","href":"https:\/\/api.w.org\/{rel}","templated":true}]}}