    {"id":49,"date":"2024-10-22T16:23:33","date_gmt":"2024-10-22T20:23:33","guid":{"rendered":"\/?page_id=49"},"modified":"2026-03-04T15:33:56","modified_gmt":"2026-03-04T20:33:56","slug":"allergie","status":"publish","type":"page","link":"https:\/\/uat.antechdiagnostics.com\/fr_ca\/reference-lab\/diagnostics\/allergy\/","title":{"rendered":"Allercept\u2122"},"content":{"rendered":"<div class=\"wp-block-firsttracks-page-section alignfull is-section-hero is-style-section-1 has-global-padding is-layout-constrained wp-block-firsttracks-page-section-is-layout-constrained\">\n<div class=\"wp-block-columns alignfull is-layout-flex wp-container-core-columns-is-layout-28f84493 wp-block-columns-is-layout-flex\">\n<div class=\"wp-block-column is-vertically-aligned-center is-layout-flow wp-container-core-column-is-layout-7dc71cb6 wp-block-column-is-layout-flow\" style=\"padding-top:6rem;padding-right:6rem;padding-bottom:6rem;padding-left:6rem;flex-basis:50%\">\n<p class=\"is-style-breadcrumb is-style-body-secondary-bold\"><a href=\"\/fr_ca\/laboratoire-de-reference\/diagnostic\/\">Diagnostics de laboratoire de r\u00e9f\u00e9rence<\/a><\/p>\n\n\n\n<h1 class=\"wp-block-heading\">Allercept\u2122<\/h1>\n\n\n\n<p><strong>Programme de tests d&#039;allergie et de traitement par immunoth\u00e9rapie<\/strong><\/p>\n\n\n\n<p>L&#039;immunoth\u00e9rapie allerg\u00e9nique sp\u00e9cifique est reconnue par l&#039;Association mondiale des dermatologues v\u00e9t\u00e9rinaires comme l&#039;une des seules m\u00e9thodes disponibles susceptibles de pr\u00e9venir ou de retarder la r\u00e9currence des pouss\u00e9es de dermatite atopique.<sup>1<\/sup><\/p>\n\n\n\n<div class=\"wp-block-buttons is-layout-flex wp-block-buttons-is-layout-flex\">\n<div class=\"wp-block-button\"><a class=\"wp-block-button__link wp-element-button\" href=\"https:\/\/customerportal.heska.com\/?__hstc=86062023.4fd0e52a7a70414b2cc4c0f2835672f1.1677702224091.1772574294432.1772641496680.498&amp;__hssc=86062023.2.1772641496680&amp;__hsfp=f66ac533ef3881cab2839056fe644db2\" target=\"_blank\" rel=\"noreferrer noopener\">Commandez d\u00e8s maintenant sur le portail client<\/a><\/div>\n<\/div>\n<\/div>\n\n\n\n<div class=\"wp-block-column is-layout-flow wp-block-column-is-layout-flow\" style=\"flex-basis:50%\">\n<div class=\"wp-block-group is-style-section-8 is-style-product-image is-nowrap is-layout-flex wp-container-core-group-is-layout-6c531013 wp-block-group-is-layout-flex\">\n<figure class=\"wp-block-image size-full wp-container-content-d8344436\"><img loading=\"lazy\" decoding=\"async\" width=\"960\" height=\"700\" src=\"\/wp-content\/uploads\/2025\/01\/ALLERCEPT-Hero.png\" alt=\"\" class=\"wp-image-4042\" style=\"aspect-ratio:4\/3;object-fit:contain\" srcset=\"https:\/\/uat.antechdiagnostics.com\/wp-content\/uploads\/2025\/01\/ALLERCEPT-Hero.png 960w, https:\/\/uat.antechdiagnostics.com\/wp-content\/uploads\/2025\/01\/ALLERCEPT-Hero-300x219.png 300w, https:\/\/uat.antechdiagnostics.com\/wp-content\/uploads\/2025\/01\/ALLERCEPT-Hero-768x560.png 768w, https:\/\/uat.antechdiagnostics.com\/wp-content\/uploads\/2025\/01\/ALLERCEPT-Hero-16x12.png 16w\" sizes=\"auto, (max-width: 960px) 100vw, 960px\" \/><\/figure>\n<\/div>\n<\/div>\n<\/div>\n<\/div>\n\n\n\n<div class=\"wp-block-firsttracks-page-section alignfull is-grid-section is-layout-flow wp-block-firsttracks-page-section-is-layout-flow\"><\/div>\n\n\n\n<div class=\"wp-block-group has-global-padding is-layout-constrained wp-block-group-is-layout-constrained\">\n<div class=\"wp-block-firsttracks-page-section alignfull is-section-content is-text-action is-layout-flow wp-block-firsttracks-page-section-is-layout-flow\">\n<h2 class=\"wp-block-heading is-style-heading-2-primary-bold\">Allercept\u2122 s\u2019attaque \u00e0 la source des allergies, pas seulement aux signes cliniques, pour un soulagement efficace et durable.<\/h2>\n\n\n\n<p>Les tests d\u2019IgE s\u00e9riques hautement sensibles et sp\u00e9cifiques permettent de formuler des recommandations personnalis\u00e9es, disponibles sous deux formes de traitement : les injections et les gouttes.<\/p>\n<\/div>\n<\/div>\n\n\n\n<ol class=\"wp-block-list\">\n<li>Olivry T, DeBoer DJ, Favrot C, et al. Traitement de la dermatite atopique canine\u00a0: directives mises \u00e0 jour en 2015 du Comit\u00e9 international des maladies allergiques animales (ICADA). BMC Vet Res. 2015\u00a0; 11(1)\u00a0: 1\u201315.<\/li>\n<\/ol>\n\n\n\n<div class=\"wp-block-firsttracks-page-section alignfull is-section-grid has-global-padding is-layout-constrained wp-block-firsttracks-page-section-is-layout-constrained\">\n<div class=\"wp-block-query alignwide is-grid-card is-layout-flow wp-block-query-is-layout-flow\"><ul class=\"wp-block-post-template is-layout-grid wp-container-core-post-template-is-layout-e3cab50b wp-block-post-template-is-layout-grid\"><li class=\"wp-block-post post-3220 antech-product type-antech-product status-publish has-post-thumbnail hentry product-category-allergy service-area-reference-lab\">\n\n<div class=\"wp-block-group is-vertical is-layout-flex wp-container-core-group-is-layout-fe9cc265 wp-block-group-is-layout-flex\"><figure class=\"wp-block-post-featured-image\"><img loading=\"lazy\" decoding=\"async\" width=\"960\" height=\"700\" src=\"https:\/\/uat.antechdiagnostics.com\/wp-content\/uploads\/2024\/12\/ALLERCEPT-Testing.png\" class=\"attachment-post-thumbnail size-post-thumbnail wp-post-image\" alt=\"\" style=\"object-fit:cover;\" srcset=\"https:\/\/uat.antechdiagnostics.com\/wp-content\/uploads\/2024\/12\/ALLERCEPT-Testing.png 960w, https:\/\/uat.antechdiagnostics.com\/wp-content\/uploads\/2024\/12\/ALLERCEPT-Testing-300x219.png 300w, https:\/\/uat.antechdiagnostics.com\/wp-content\/uploads\/2024\/12\/ALLERCEPT-Testing-768x560.png 768w, https:\/\/uat.antechdiagnostics.com\/wp-content\/uploads\/2024\/12\/ALLERCEPT-Testing-16x12.png 16w\" sizes=\"auto, (max-width: 960px) 100vw, 960px\" \/><\/figure>\n\n<h2 class=\"is-style-title-2-primary-bold wp-block-post-title\">Test Allercept\u2122<\/h2>\n\n<div class=\"wp-block-post-excerpt\"><p class=\"wp-block-post-excerpt__excerpt\">L\u2019\u00e9valuation s\u00e9rique des allergies la plus sensible et la plus sp\u00e9cifique de l\u2019industrie.<\/p><p class=\"wp-block-post-excerpt__more-text\"><a class=\"wp-block-post-excerpt__more-link\" href=\"https:\/\/uat.antechdiagnostics.com\/fr_ca\/antech-product\/allercept-testing\/\">En savoir plus<\/a><\/p><\/div><\/div>\n\n<\/li><li class=\"wp-block-post post-3219 antech-product type-antech-product status-publish has-post-thumbnail hentry product-category-allergy service-area-reference-lab\">\n\n<div class=\"wp-block-group is-vertical is-layout-flex wp-container-core-group-is-layout-fe9cc265 wp-block-group-is-layout-flex\"><figure class=\"wp-block-post-featured-image\"><img loading=\"lazy\" decoding=\"async\" width=\"960\" height=\"700\" src=\"https:\/\/uat.antechdiagnostics.com\/wp-content\/uploads\/2024\/12\/ALLERCEPT-Drops.png\" class=\"attachment-post-thumbnail size-post-thumbnail wp-post-image\" alt=\"\" style=\"object-fit:cover;\" srcset=\"https:\/\/uat.antechdiagnostics.com\/wp-content\/uploads\/2024\/12\/ALLERCEPT-Drops.png 960w, https:\/\/uat.antechdiagnostics.com\/wp-content\/uploads\/2024\/12\/ALLERCEPT-Drops-300x219.png 300w, https:\/\/uat.antechdiagnostics.com\/wp-content\/uploads\/2024\/12\/ALLERCEPT-Drops-768x560.png 768w, https:\/\/uat.antechdiagnostics.com\/wp-content\/uploads\/2024\/12\/ALLERCEPT-Drops-16x12.png 16w\" sizes=\"auto, (max-width: 960px) 100vw, 960px\" \/><\/figure>\n\n<h2 class=\"is-style-title-2-primary-bold wp-block-post-title\">Gouttes th\u00e9rapeutiques Allercept\u2122<\/h2>\n\n<div class=\"wp-block-post-excerpt\"><p class=\"wp-block-post-excerpt__excerpt\">Soulagement durable des allergies chez les chiens, les chats et les chevaux gr\u00e2ce \u00e0 l\u2019immunoth\u00e9rapie.<\/p><p class=\"wp-block-post-excerpt__more-text\"><a class=\"wp-block-post-excerpt__more-link\" href=\"https:\/\/uat.antechdiagnostics.com\/fr_ca\/antech-product\/allercept-therapy-drops\/\">En savoir plus<\/a><\/p><\/div><\/div>\n\n<\/li><li class=\"wp-block-post post-3218 antech-product type-antech-product status-publish has-post-thumbnail hentry product-category-allergy service-area-reference-lab\">\n\n<div class=\"wp-block-group is-vertical is-layout-flex wp-container-core-group-is-layout-fe9cc265 wp-block-group-is-layout-flex\"><figure class=\"wp-block-post-featured-image\"><img loading=\"lazy\" decoding=\"async\" width=\"960\" height=\"700\" src=\"https:\/\/uat.antechdiagnostics.com\/wp-content\/uploads\/2024\/12\/ALLERCEPT-Shots.png\" class=\"attachment-post-thumbnail size-post-thumbnail wp-post-image\" alt=\"\" style=\"object-fit:cover;\" srcset=\"https:\/\/uat.antechdiagnostics.com\/wp-content\/uploads\/2024\/12\/ALLERCEPT-Shots.png 960w, https:\/\/uat.antechdiagnostics.com\/wp-content\/uploads\/2024\/12\/ALLERCEPT-Shots-300x219.png 300w, https:\/\/uat.antechdiagnostics.com\/wp-content\/uploads\/2024\/12\/ALLERCEPT-Shots-768x560.png 768w, https:\/\/uat.antechdiagnostics.com\/wp-content\/uploads\/2024\/12\/ALLERCEPT-Shots-16x12.png 16w\" sizes=\"auto, (max-width: 960px) 100vw, 960px\" \/><\/figure>\n\n<h2 class=\"is-style-title-2-primary-bold wp-block-post-title\">Injections th\u00e9rapeutiques Allercept\u2122<\/h2>\n\n<div class=\"wp-block-post-excerpt\"><p class=\"wp-block-post-excerpt__excerpt\">Soulagement durable des allergies chez les chiens, les chats et les chevaux gr\u00e2ce \u00e0 l\u2019immunoth\u00e9rapie, administr\u00e9e sous la langue.<\/p><p class=\"wp-block-post-excerpt__more-text\"><a class=\"wp-block-post-excerpt__more-link\" href=\"https:\/\/uat.antechdiagnostics.com\/fr_ca\/antech-product\/allercept-therapy-shots\/\">En savoir plus<\/a><\/p><\/div><\/div>\n\n<\/li><\/ul><\/div>\n<\/div>\n\n\n\n<div class=\"wp-block-firsttracks-page-section alignfull is-section-list is-list-text is-style-section-4 has-global-padding is-layout-constrained wp-block-firsttracks-page-section-is-layout-constrained\">\n<div class=\"wp-block-columns alignwide is-layout-flex wp-container-core-columns-is-layout-28f84493 wp-block-columns-is-layout-flex\">\n<div class=\"wp-block-column is-layout-flow wp-block-column-is-layout-flow\" style=\"flex-basis:50%\">\n<h2 class=\"wp-block-heading is-style-heading-2-primary-bold\">Vous avez des questions sur Allercept\u2122 ?<\/h2>\n\n\n\n<p class=\"is-style-label-2-secondary-small-regular\">Remplissez le formulaire et un repr\u00e9sentant d'Antech vous contactera.<\/p>\n<\/div>\n\n\n\n<div class=\"wp-block-column is-layout-flow wp-block-column-is-layout-flow\" style=\"flex-basis:50%\">\n<p><\/p>\n\n\n\n<div class=\"wp-block-leadin-hubspot-form-block\">\n\t\t\t<div\n\t\t\tclass=\"hs-form-frame\"\n\t\t\tdata-region=\"na1\"\n\t\t\tdata-form-id=\"8e02e5de-4bce-41a4-bf3a-a32cd029ae00\"\n\t\t\tdata-portal-id=\"4747723\"\n\t\t\t >\n\t\t\t<\/div>\n\t\t\t<\/div>\n<\/div>\n<\/div>\n<\/div>","protected":false},"excerpt":{"rendered":"","protected":false},"author":5,"featured_media":4042,"parent":19,"menu_order":11,"comment_status":"closed","ping_status":"closed","template":"","meta":{"_acf_changed":false,"content-type":"","footnotes":""},"service-area":[42],"class_list":["post-49","page","type-page","status-publish","has-post-thumbnail","hentry","service-area-reference-lab"],"acf":[],"publishpress_future_action":{"enabled":false,"date":"2026-05-13 09:07:54","action":"change-status","newStatus":"draft","terms":[],"taxonomy":"service-area","extraData":[]},"publishpress_future_workflow_manual_trigger":{"enabledWorkflows":[]},"_links":{"self":[{"href":"https:\/\/uat.antechdiagnostics.com\/fr_ca\/wp-json\/wp\/v2\/pages\/49","targetHints":{"allow":["GET"]}}],"collection":[{"href":"https:\/\/uat.antechdiagnostics.com\/fr_ca\/wp-json\/wp\/v2\/pages"}],"about":[{"href":"https:\/\/uat.antechdiagnostics.com\/fr_ca\/wp-json\/wp\/v2\/types\/page"}],"author":[{"embeddable":true,"href":"https:\/\/uat.antechdiagnostics.com\/fr_ca\/wp-json\/wp\/v2\/users\/5"}],"replies":[{"embeddable":true,"href":"https:\/\/uat.antechdiagnostics.com\/fr_ca\/wp-json\/wp\/v2\/comments?post=49"}],"version-history":[{"count":0,"href":"https:\/\/uat.antechdiagnostics.com\/fr_ca\/wp-json\/wp\/v2\/pages\/49\/revisions"}],"up":[{"embeddable":true,"href":"https:\/\/uat.antechdiagnostics.com\/fr_ca\/wp-json\/wp\/v2\/pages\/19"}],"wp:featuredmedia":[{"embeddable":true,"href":"https:\/\/uat.antechdiagnostics.com\/fr_ca\/wp-json\/wp\/v2\/media\/4042"}],"wp:attachment":[{"href":"https:\/\/uat.antechdiagnostics.com\/fr_ca\/wp-json\/wp\/v2\/media?parent=49"}],"wp:term":[{"taxonomy":"service-area","embeddable":true,"href":"https:\/\/uat.antechdiagnostics.com\/fr_ca\/wp-json\/wp\/v2\/service-area?post=49"}],"curies":[{"name":"wp","href":"https:\/\/api.w.org\/{rel}","templated":true}]}}