    {"id":92,"date":"2024-10-23T10:03:17","date_gmt":"2024-10-23T14:03:17","guid":{"rendered":"\/?page_id=92"},"modified":"2026-02-02T15:12:12","modified_gmt":"2026-02-02T20:12:12","slug":"therapie-au-laser","status":"publish","type":"page","link":"https:\/\/uat.antechdiagnostics.com\/fr_ca\/imaging-equipment\/laser-therapy\/","title":{"rendered":"Th\u00e9rapie au laser"},"content":{"rendered":"<div class=\"wp-block-firsttracks-page-section alignfull is-section-hero is-style-section-1 is-layout-flow wp-block-firsttracks-page-section-is-layout-flow\">\n<div class=\"wp-block-columns alignwide is-layout-flex wp-container-core-columns-is-layout-28f84493 wp-block-columns-is-layout-flex\">\n<div class=\"wp-block-column is-vertically-aligned-center is-layout-flow wp-container-core-column-is-layout-7dc71cb6 wp-block-column-is-layout-flow\" style=\"padding-top:6rem;padding-right:6rem;padding-bottom:6rem;padding-left:6rem;flex-basis:50%\">\n<p class=\"is-style-body-secondary-bold\"><a href=\"\/fr_ca\/equipement-dimagerie\/\">\u00c9quipement d&#039;imagerie<\/a><\/p>\n\n\n\n<h1 class=\"wp-block-heading\">Th\u00e9rapie au laser<\/h1>\n<\/div>\n\n\n\n<div class=\"wp-block-column is-layout-flow wp-block-column-is-layout-flow\" style=\"flex-basis:50%\">\n<div class=\"wp-block-group is-style-section-8 has-global-padding is-layout-constrained wp-block-group-is-layout-constrained\">\n<figure class=\"wp-block-image size-full wp-container-content-d8344436\"><img loading=\"lazy\" decoding=\"async\" width=\"960\" height=\"700\" src=\"\/wp-content\/uploads\/2025\/01\/smartrlt-sport.png\" alt=\"\" class=\"wp-image-3786\" style=\"aspect-ratio:1;object-fit:cover\" srcset=\"https:\/\/uat.antechdiagnostics.com\/wp-content\/uploads\/2025\/01\/smartrlt-sport.png 960w, https:\/\/uat.antechdiagnostics.com\/wp-content\/uploads\/2025\/01\/smartrlt-sport-300x219.png 300w, https:\/\/uat.antechdiagnostics.com\/wp-content\/uploads\/2025\/01\/smartrlt-sport-768x560.png 768w, https:\/\/uat.antechdiagnostics.com\/wp-content\/uploads\/2025\/01\/smartrlt-sport-16x12.png 16w\" sizes=\"auto, (max-width: 960px) 100vw, 960px\" \/><\/figure>\n<\/div>\n<\/div>\n<\/div>\n<\/div>\n\n\n\n<div class=\"wp-block-firsttracks-page-section alignfull is-grid-section is-layout-flow wp-block-firsttracks-page-section-is-layout-flow\"><\/div>\n\n\n\n<div class=\"wp-block-group has-global-padding is-layout-constrained wp-block-group-is-layout-constrained\">\n<div class=\"wp-block-firsttracks-page-section alignfull is-section-content is-text-action is-layout-flow wp-block-firsttracks-page-section-is-layout-flow\">\n<h2 class=\"wp-block-heading\">Pourquoi Antech ?<\/h2>\n\n\n\n<ul class=\"wp-block-list\">\n<li>Nos clients v\u00e9t\u00e9rinaires ont acc\u00e8s 24h\/24 et 7j\/7 \u00e0 des techniciens du service client bas\u00e9s aux \u00c9tats-Unis.<\/li>\n\n\n\n<li>Nos solutions de th\u00e9rapie laser comprennent des plateformes d\u2019autoformation faciles \u00e0 utiliser avec des vid\u00e9os d\u2019aide int\u00e9gr\u00e9es.<\/li>\n\n\n\n<li>Nous valorisons et entretenons des partenariats \u00e0 long terme avec les fabricants de technologies.<\/li>\n<\/ul>\n<\/div>\n<\/div>\n\n\n\n<hr class=\"wp-block-separator alignfull has-alpha-channel-opacity\"\/>\n\n\n\n<div class=\"wp-block-firsttracks-page-section is-layout-flow wp-block-firsttracks-page-section-is-layout-flow\"><\/div>\n\n\n\n<div class=\"wp-block-firsttracks-page-section alignfull is-section-grid has-global-padding is-layout-constrained wp-block-firsttracks-page-section-is-layout-constrained\">\n<h2 class=\"wp-block-heading alignwide\">Th\u00e9rapie au laser de classe IV<\/h2>\n\n\n\n<div class=\"wp-block-query alignwide is-grid-card is-layout-flow wp-block-query-is-layout-flow\"><ul class=\"wp-block-post-template is-layout-grid wp-container-core-post-template-is-layout-e3cab50b wp-block-post-template-is-layout-grid\"><li class=\"wp-block-post post-3246 antech-product type-antech-product status-publish has-post-thumbnail hentry product-category-laser-therapy product-category-therapeutic service-area-imaging-equipment\">\n\n<div class=\"wp-block-group is-vertical is-layout-flex wp-container-core-group-is-layout-fe9cc265 wp-block-group-is-layout-flex\"><figure class=\"wp-block-post-featured-image\"><img loading=\"lazy\" decoding=\"async\" width=\"960\" height=\"700\" src=\"https:\/\/uat.antechdiagnostics.com\/wp-content\/uploads\/2025\/01\/doctorvet-plus.png\" class=\"attachment-post-thumbnail size-post-thumbnail wp-post-image\" alt=\"\" style=\"object-fit:cover;\" srcset=\"https:\/\/uat.antechdiagnostics.com\/wp-content\/uploads\/2025\/01\/doctorvet-plus.png 960w, https:\/\/uat.antechdiagnostics.com\/wp-content\/uploads\/2025\/01\/doctorvet-plus-300x219.png 300w, https:\/\/uat.antechdiagnostics.com\/wp-content\/uploads\/2025\/01\/doctorvet-plus-768x560.png 768w, https:\/\/uat.antechdiagnostics.com\/wp-content\/uploads\/2025\/01\/doctorvet-plus-16x12.png 16w\" sizes=\"auto, (max-width: 960px) 100vw, 960px\" \/><\/figure>\n\n<h3 class=\"is-style-title-2-primary-bold wp-block-post-title\">DoctorVet\u2122 Plus<\/h3>\n\n<div class=\"wp-block-post-excerpt\"><p class=\"wp-block-post-excerpt__excerpt\">Une modalit\u00e9 th\u00e9rapeutique enti\u00e8rement int\u00e9gr\u00e9e.<\/p><p class=\"wp-block-post-excerpt__more-text\"><a class=\"wp-block-post-excerpt__more-link\" href=\"https:\/\/uat.antechdiagnostics.com\/fr_ca\/antech-product\/doctorvet-plus\/\">En savoir plus<\/a><\/p><\/div><\/div>\n\n<\/li><\/ul><\/div>\n<\/div>\n\n\n\n<div class=\"wp-block-firsttracks-page-section is-layout-flow wp-block-firsttracks-page-section-is-layout-flow\"><\/div>\n\n\n\n<div class=\"wp-block-firsttracks-page-section alignfull is-section-grid has-global-padding is-layout-constrained wp-block-firsttracks-page-section-is-layout-constrained\">\n<h2 class=\"wp-block-heading alignwide\">Th\u00e9rapie laser r\u00e9g\u00e9n\u00e9rative<\/h2>\n\n\n\n<div class=\"wp-block-query alignwide is-grid-card is-layout-flow wp-block-query-is-layout-flow\"><ul class=\"wp-block-post-template is-layout-grid wp-container-core-post-template-is-layout-e3cab50b wp-block-post-template-is-layout-grid\"><li class=\"wp-block-post post-3247 antech-product type-antech-product status-publish has-post-thumbnail hentry product-category-laser-therapy product-category-regenerative service-area-imaging-equipment\">\n\n<div class=\"wp-block-group is-vertical is-layout-flex wp-container-core-group-is-layout-fe9cc265 wp-block-group-is-layout-flex\"><figure class=\"wp-block-post-featured-image\"><img loading=\"lazy\" decoding=\"async\" width=\"960\" height=\"700\" src=\"https:\/\/uat.antechdiagnostics.com\/wp-content\/uploads\/2025\/01\/smartrlt-sport.png\" class=\"attachment-post-thumbnail size-post-thumbnail wp-post-image\" alt=\"\" style=\"object-fit:cover;\" srcset=\"https:\/\/uat.antechdiagnostics.com\/wp-content\/uploads\/2025\/01\/smartrlt-sport.png 960w, https:\/\/uat.antechdiagnostics.com\/wp-content\/uploads\/2025\/01\/smartrlt-sport-300x219.png 300w, https:\/\/uat.antechdiagnostics.com\/wp-content\/uploads\/2025\/01\/smartrlt-sport-768x560.png 768w, https:\/\/uat.antechdiagnostics.com\/wp-content\/uploads\/2025\/01\/smartrlt-sport-16x12.png 16w\" sizes=\"auto, (max-width: 960px) 100vw, 960px\" \/><\/figure>\n\n<h2 class=\"is-style-title-2-primary-bold wp-block-post-title\">SmartRLT Sport\u2122<\/h2>\n\n<div class=\"wp-block-post-excerpt\"><p class=\"wp-block-post-excerpt__excerpt\">Robuste. Portable. Fiable.<\/p><p class=\"wp-block-post-excerpt__more-text\"><a class=\"wp-block-post-excerpt__more-link\" href=\"https:\/\/uat.antechdiagnostics.com\/fr_ca\/antech-product\/smartrlt-sport\/\">En savoir plus<\/a><\/p><\/div><\/div>\n\n<\/li><\/ul><\/div>\n<\/div>\n\n\n\n<div class=\"wp-block-firsttracks-page-section alignwide is-section-cta is-style-section-5 has-global-padding is-layout-constrained wp-block-firsttracks-page-section-is-layout-constrained\">\n<div class=\"wp-block-columns alignwide is-layout-flex wp-container-core-columns-is-layout-28f84493 wp-block-columns-is-layout-flex\">\n<div class=\"wp-block-column is-layout-flow wp-block-column-is-layout-flow\" style=\"flex-basis:30%\">\n<figure class=\"wp-block-image alignleft size-full\"><img loading=\"lazy\" decoding=\"async\" width=\"1920\" height=\"1280\" src=\"\/wp-content\/uploads\/2025\/01\/Antech_Thriving_Practice_3_RGB.jpg\" alt=\"\" class=\"wp-image-4788\" srcset=\"https:\/\/uat.antechdiagnostics.com\/wp-content\/uploads\/2025\/01\/Antech_Thriving_Practice_3_RGB.jpg 1920w, https:\/\/uat.antechdiagnostics.com\/wp-content\/uploads\/2025\/01\/Antech_Thriving_Practice_3_RGB-300x200.jpg 300w, https:\/\/uat.antechdiagnostics.com\/wp-content\/uploads\/2025\/01\/Antech_Thriving_Practice_3_RGB-1024x683.jpg 1024w, https:\/\/uat.antechdiagnostics.com\/wp-content\/uploads\/2025\/01\/Antech_Thriving_Practice_3_RGB-768x512.jpg 768w, https:\/\/uat.antechdiagnostics.com\/wp-content\/uploads\/2025\/01\/Antech_Thriving_Practice_3_RGB-1536x1024.jpg 1536w, https:\/\/uat.antechdiagnostics.com\/wp-content\/uploads\/2025\/01\/Antech_Thriving_Practice_3_RGB-18x12.jpg 18w\" sizes=\"auto, (max-width: 1920px) 100vw, 1920px\" \/><\/figure>\n<\/div>\n\n\n\n<div class=\"wp-block-column is-vertically-aligned-center is-layout-flow wp-block-column-is-layout-flow\" style=\"flex-basis:70%\">\n<div class=\"wp-block-group has-global-padding is-layout-constrained wp-block-group-is-layout-constrained\">\n<h2 class=\"wp-block-heading\">Visitez notre centre de connaissances.<\/h2>\n\n\n\n<p>En savoir plus sur la th\u00e9rapie au laser et la th\u00e9rapie au laser r\u00e9g\u00e9n\u00e9rative \u00e9quine<\/p>\n\n\n\n<div class=\"wp-block-buttons is-layout-flex wp-block-buttons-is-layout-flex\">\n<div class=\"wp-block-button is-style-button-6 has-icon__arrow-narrow-right\"><a class=\"wp-block-button__link wp-element-button\" href=\"\/fr_ca\/equipement-dimagerie\/centre-de-connaissances-sur-les-equipements\/\">En savoir plus<span class=\"wp-block-button__link-icon\" aria-hidden=\"true\"><svg xmlns='http:\/\/www.w3.org\/2000\/svg' viewbox='0 0 24 24'><path fill-rule='evenodd' d='m16.58 11.012-2.29-2.285v-.01a.987.987 0 0 1 0-1.418.992.992 0 0 1 1.42 0l4 3.992c.236.23.33.554.28.86a1 1 0 0 1-.39.656L15.7 16.7c-.19.18-.45.289-.71.289L15 17c-.27 0-.53-.11-.71-.29a.996.996 0 0 1-.01-1.417v-.01l2.28-2.275H5c-.56 0-1-.45-1-.998a.99.99 0 0 1 1-.998h11.58Z' clip-rule='evenodd'\/><\/svg><\/span><\/a><\/div>\n<\/div>\n<\/div>\n<\/div>\n<\/div>\n<\/div>\n\n\n\n<div class=\"wp-block-firsttracks-page-section alignfull is-section-content has-global-padding is-layout-constrained wp-block-firsttracks-page-section-is-layout-constrained\">\n<div class=\"wp-block-group has-global-padding is-layout-constrained wp-block-group-is-layout-constrained\">\n<figure class=\"wp-block-image size-full\"><img loading=\"lazy\" decoding=\"async\" width=\"200\" height=\"55\" src=\"\/wp-content\/uploads\/2025\/01\/Lmbda.webp\" alt=\"\" class=\"wp-image-4789\" srcset=\"https:\/\/uat.antechdiagnostics.com\/wp-content\/uploads\/2025\/01\/Lmbda.webp 200w, https:\/\/uat.antechdiagnostics.com\/wp-content\/uploads\/2025\/01\/Lmbda-18x5.webp 18w\" sizes=\"auto, (max-width: 200px) 100vw, 200px\" \/><\/figure>\n\n\n\n<p>Lambda garantit des produits de la plus haute qualit\u00e9 afin de satisfaire les clients les plus exigeants. Lambda est une soci\u00e9t\u00e9 de logiciels nouvelle g\u00e9n\u00e9ration. Le d\u00e9veloppement logiciel en interne lui conf\u00e8re une longueur d&#039;avance sur la concurrence. Des physiciens et des ing\u00e9nieurs en optique et en \u00e9lectronique supervisent chaque \u00e9tape de la production afin de garantir les meilleurs standards technologiques et scientifiques. Des techniciens hautement qualifi\u00e9s interviennent tout au long du processus de production pour garantir le respect des normes de qualit\u00e9 les plus strictes.<\/p>\n<\/div>\n<\/div>\n\n\n\n<div class=\"wp-block-firsttracks-page-section alignfull is-section-list is-list-text is-style-section-3 has-global-padding is-layout-constrained wp-block-firsttracks-page-section-is-layout-constrained\">\n<div class=\"wp-block-columns alignwide is-layout-flex wp-container-core-columns-is-layout-28f84493 wp-block-columns-is-layout-flex\">\n<div class=\"wp-block-column is-layout-flow wp-block-column-is-layout-flow\" style=\"flex-basis:50%\">\n<h2 class=\"wp-block-heading is-style-heading-2-primary-bold\">Vous avez des questions sur la th\u00e9rapie au laser ?<\/h2>\n\n\n\n<p class=\"is-style-label-2-secondary-small-regular\">Remplissez le formulaire et un repr\u00e9sentant d'Antech vous contactera.<\/p>\n<\/div>\n\n\n\n<div class=\"wp-block-column is-layout-flow wp-block-column-is-layout-flow\" style=\"flex-basis:50%\">\n<p><\/p>\n\n\n\n<div class=\"wp-block-leadin-hubspot-form-block\">\n\t\t\t<div\n\t\t\tclass=\"hs-form-frame\"\n\t\t\tdata-region=\"na1\"\n\t\t\tdata-form-id=\"9097c8ef-0982-469d-83dd-bc522d460420\"\n\t\t\tdata-portal-id=\"4747723\"\n\t\t\t >\n\t\t\t<\/div>\n\t\t\t<\/div>\n<\/div>\n<\/div>\n<\/div>","protected":false},"excerpt":{"rendered":"","protected":false},"author":5,"featured_media":0,"parent":13,"menu_order":4,"comment_status":"closed","ping_status":"closed","template":"","meta":{"_acf_changed":false,"content-type":"","footnotes":""},"service-area":[],"class_list":["post-92","page","type-page","status-publish","hentry"],"acf":[],"publishpress_future_action":{"enabled":false,"date":"2026-05-13 12:35:18","action":"change-status","newStatus":"draft","terms":[],"taxonomy":"service-area","extraData":[]},"publishpress_future_workflow_manual_trigger":{"enabledWorkflows":[]},"_links":{"self":[{"href":"https:\/\/uat.antechdiagnostics.com\/fr_ca\/wp-json\/wp\/v2\/pages\/92","targetHints":{"allow":["GET"]}}],"collection":[{"href":"https:\/\/uat.antechdiagnostics.com\/fr_ca\/wp-json\/wp\/v2\/pages"}],"about":[{"href":"https:\/\/uat.antechdiagnostics.com\/fr_ca\/wp-json\/wp\/v2\/types\/page"}],"author":[{"embeddable":true,"href":"https:\/\/uat.antechdiagnostics.com\/fr_ca\/wp-json\/wp\/v2\/users\/5"}],"replies":[{"embeddable":true,"href":"https:\/\/uat.antechdiagnostics.com\/fr_ca\/wp-json\/wp\/v2\/comments?post=92"}],"version-history":[{"count":0,"href":"https:\/\/uat.antechdiagnostics.com\/fr_ca\/wp-json\/wp\/v2\/pages\/92\/revisions"}],"up":[{"embeddable":true,"href":"https:\/\/uat.antechdiagnostics.com\/fr_ca\/wp-json\/wp\/v2\/pages\/13"}],"wp:attachment":[{"href":"https:\/\/uat.antechdiagnostics.com\/fr_ca\/wp-json\/wp\/v2\/media?parent=92"}],"wp:term":[{"taxonomy":"service-area","embeddable":true,"href":"https:\/\/uat.antechdiagnostics.com\/fr_ca\/wp-json\/wp\/v2\/service-area?post=92"}],"curies":[{"name":"wp","href":"https:\/\/api.w.org\/{rel}","templated":true}]}}