    {"id":97,"date":"2024-10-23T10:05:21","date_gmt":"2024-10-23T14:05:21","guid":{"rendered":"\/?page_id=97"},"modified":"2026-02-26T18:35:38","modified_gmt":"2026-02-26T23:35:38","slug":"ct","status":"publish","type":"page","link":"https:\/\/uat.antechdiagnostics.com\/fr_ca\/imaging-equipment\/ct\/","title":{"rendered":"Tomodensitom\u00e9trie"},"content":{"rendered":"<div class=\"wp-block-firsttracks-page-section alignfull is-section-hero is-style-section-1 is-layout-flow wp-block-firsttracks-page-section-is-layout-flow\">\n<div class=\"wp-block-columns alignwide is-layout-flex wp-container-core-columns-is-layout-28f84493 wp-block-columns-is-layout-flex\">\n<div class=\"wp-block-column is-vertically-aligned-center is-layout-flow wp-container-core-column-is-layout-7dc71cb6 wp-block-column-is-layout-flow\" style=\"padding-top:6rem;padding-right:6rem;padding-bottom:6rem;padding-left:6rem;flex-basis:50%\"><nav class=\"breadcrumb\"><p><h1 class=\"wp-block-heading is-style-body-secondary-bold\"><a href=\"https:\/\/uat.antechdiagnostics.com\/fr_ca\/imaging-equipment\/\">Sound\u2122<\/a><\/h1><\/p><\/nav>\n\n\n<h1 class=\"wp-block-heading\">Tomodensitom\u00e9trie<\/h1>\n<\/div>\n\n\n\n<div class=\"wp-block-column is-layout-flow wp-block-column-is-layout-flow\" style=\"flex-basis:50%\">\n<div class=\"wp-block-group is-style-section-8 has-global-padding is-layout-constrained wp-block-group-is-layout-constrained\">\n<figure class=\"wp-block-image size-full wp-container-content-d8344436\"><img loading=\"lazy\" decoding=\"async\" width=\"960\" height=\"700\" src=\"\/wp-content\/uploads\/2025\/01\/CereTom.png\" alt=\"\" class=\"wp-image-3788\" style=\"aspect-ratio:1;object-fit:cover\" srcset=\"https:\/\/uat.antechdiagnostics.com\/wp-content\/uploads\/2025\/01\/CereTom.png 960w, https:\/\/uat.antechdiagnostics.com\/wp-content\/uploads\/2025\/01\/CereTom-300x219.png 300w, https:\/\/uat.antechdiagnostics.com\/wp-content\/uploads\/2025\/01\/CereTom-768x560.png 768w, https:\/\/uat.antechdiagnostics.com\/wp-content\/uploads\/2025\/01\/CereTom-16x12.png 16w\" sizes=\"auto, (max-width: 960px) 100vw, 960px\" \/><\/figure>\n<\/div>\n<\/div>\n<\/div>\n<\/div>\n\n\n\n<div class=\"wp-block-firsttracks-page-section alignfull is-section-content has-global-padding is-layout-constrained wp-block-firsttracks-page-section-is-layout-constrained\">\n<div class=\"wp-block-group has-global-padding is-layout-constrained wp-block-group-is-layout-constrained\">\n<h2 class=\"wp-block-heading is-style-heading-3-primary-bold\">Pourquoi Antech ?<\/h2>\n\n\n\n<ul class=\"wp-block-list\">\n<li>Nous pensons que des partenariats de confiance permettent une prise de d\u00e9cision diagnostique plus efficace et efficiente pour de meilleurs r\u00e9sultats en mati\u00e8re de sant\u00e9 animale.<\/li>\n\n\n\n<li>Nous sommes fiers de proposer des CT adapt\u00e9s \u00e0 chaque pratique v\u00e9t\u00e9rinaire et \u00e0 chaque budget.<\/li>\n\n\n\n<li>Nos v\u00e9t\u00e9rinaires ont acc\u00e8s 24h\/24 et 7j\/7 \u00e0 des techniciens du service client bas\u00e9s aux \u00c9tats-Unis et \u00e0 des plateformes d&#039;autoformation faciles \u00e0 utiliser avec des vid\u00e9os d&#039;aide int\u00e9gr\u00e9es.<\/li>\n\n\n\n<li>Nous valorisons et entretenons des partenariats \u00e0 long terme avec les fabricants de technologies.<\/li>\n<\/ul>\n<\/div>\n<\/div>\n\n\n\n<hr class=\"wp-block-separator alignfull has-alpha-channel-opacity\"\/>\n\n\n\n<div class=\"wp-block-firsttracks-page-section alignfull is-section-grid has-global-padding is-layout-constrained wp-block-firsttracks-page-section-is-layout-constrained\">\n<h2 class=\"wp-block-heading alignwide\">Portable<\/h2>\n\n\n\n<div class=\"wp-block-query alignwide is-grid-card is-layout-flow wp-block-query-is-layout-flow\"><ul class=\"wp-block-post-template is-layout-grid wp-container-core-post-template-is-layout-1d2e20b7 wp-block-post-template-is-layout-grid\"><li class=\"wp-block-post post-28476 antech-product type-antech-product status-publish has-post-thumbnail hentry product-category-ct product-category-mobile service-area-imaging-equipment\">\n\n<div class=\"wp-block-group is-vertical is-layout-flex wp-container-core-group-is-layout-fe9cc265 wp-block-group-is-layout-flex\"><figure class=\"wp-block-post-featured-image\"><img loading=\"lazy\" decoding=\"async\" width=\"200\" height=\"202\" src=\"https:\/\/uat.antechdiagnostics.com\/wp-content\/uploads\/2025\/06\/OmniTom-Elite_Front-e1750796822391.png\" class=\"attachment-post-thumbnail size-post-thumbnail wp-post-image\" alt=\"OmniTom Elite\" style=\"object-fit:cover;\" \/><\/figure>\n\n<h3 class=\"is-style-title-2-primary-bold wp-block-post-title\">OmniTom\u2122 Elite<\/h3>\n\n<div class=\"wp-block-post-excerpt\"><p class=\"wp-block-post-excerpt__excerpt\">Imagerie sup\u00e9rieure. Soins plus intelligents.<\/p><p class=\"wp-block-post-excerpt__more-text\"><a class=\"wp-block-post-excerpt__more-link\" href=\"https:\/\/uat.antechdiagnostics.com\/fr_ca\/antech-product\/omnitom-mobile-ct\/\">En savoir plus<\/a><\/p><\/div><\/div>\n\n<\/li><li class=\"wp-block-post post-3249 antech-product type-antech-product status-publish has-post-thumbnail hentry product-category-ct product-category-mobile service-area-imaging-equipment\">\n\n<div class=\"wp-block-group is-vertical is-layout-flex wp-container-core-group-is-layout-fe9cc265 wp-block-group-is-layout-flex\"><figure class=\"wp-block-post-featured-image\"><img loading=\"lazy\" decoding=\"async\" width=\"960\" height=\"700\" src=\"https:\/\/uat.antechdiagnostics.com\/wp-content\/uploads\/2025\/01\/BodyTom.png\" class=\"attachment-post-thumbnail size-post-thumbnail wp-post-image\" alt=\"\" style=\"object-fit:cover;\" srcset=\"https:\/\/uat.antechdiagnostics.com\/wp-content\/uploads\/2025\/01\/BodyTom.png 960w, https:\/\/uat.antechdiagnostics.com\/wp-content\/uploads\/2025\/01\/BodyTom-300x219.png 300w, https:\/\/uat.antechdiagnostics.com\/wp-content\/uploads\/2025\/01\/BodyTom-768x560.png 768w, https:\/\/uat.antechdiagnostics.com\/wp-content\/uploads\/2025\/01\/BodyTom-16x12.png 16w\" sizes=\"auto, (max-width: 960px) 100vw, 960px\" \/><\/figure>\n\n<h3 class=\"is-style-title-2-primary-bold wp-block-post-title\">BodyTom\u00ae<\/h3>\n\n<div class=\"wp-block-post-excerpt\"><p class=\"wp-block-post-excerpt__excerpt\">Ce v\u00e9ritable scanner 32 coupes permet d&#039;obtenir des images de la totalit\u00e9 du rachis cervical d&#039;un cheval adulte (C6, C7, T1) pour des examens rapides de la t\u00eate et du cou, en position debout et sous s\u00e9dation. Mobile et auto-prot\u00e9g\u00e9, le BodyTom\u00ae se d\u00e9place jusqu&#039;au patient pour une imagerie avanc\u00e9e et fluide.<\/p><p class=\"wp-block-post-excerpt__more-text\"><a class=\"wp-block-post-excerpt__more-link\" href=\"https:\/\/uat.antechdiagnostics.com\/fr_ca\/antech-product\/bodytom\/\">En savoir plus<\/a><\/p><\/div><\/div>\n\n<\/li><li class=\"wp-block-post post-3248 antech-product type-antech-product status-publish has-post-thumbnail hentry product-category-ct product-category-mobile service-area-imaging-equipment\">\n\n<div class=\"wp-block-group is-vertical is-layout-flex wp-container-core-group-is-layout-fe9cc265 wp-block-group-is-layout-flex\"><figure class=\"wp-block-post-featured-image\"><img loading=\"lazy\" decoding=\"async\" width=\"960\" height=\"700\" src=\"https:\/\/uat.antechdiagnostics.com\/wp-content\/uploads\/2025\/01\/CereTom.png\" class=\"attachment-post-thumbnail size-post-thumbnail wp-post-image\" alt=\"\" style=\"object-fit:cover;\" srcset=\"https:\/\/uat.antechdiagnostics.com\/wp-content\/uploads\/2025\/01\/CereTom.png 960w, https:\/\/uat.antechdiagnostics.com\/wp-content\/uploads\/2025\/01\/CereTom-300x219.png 300w, https:\/\/uat.antechdiagnostics.com\/wp-content\/uploads\/2025\/01\/CereTom-768x560.png 768w, https:\/\/uat.antechdiagnostics.com\/wp-content\/uploads\/2025\/01\/CereTom-16x12.png 16w\" sizes=\"auto, (max-width: 960px) 100vw, 960px\" \/><\/figure>\n\n<h3 class=\"is-style-title-2-primary-bold wp-block-post-title\">CereTom\u00ae<\/h3>\n\n<div class=\"wp-block-post-excerpt\"><p class=\"wp-block-post-excerpt__excerpt\">Puissant. Mobile. \u00c9conomique.<\/p><p class=\"wp-block-post-excerpt__more-text\"><a class=\"wp-block-post-excerpt__more-link\" href=\"https:\/\/uat.antechdiagnostics.com\/fr_ca\/antech-product\/ceretom\/\">En savoir plus<\/a><\/p><\/div><\/div>\n\n<\/li><\/ul><\/div>\n<\/div>\n\n\n\n<div class=\"wp-block-firsttracks-page-section alignfull is-section-grid has-global-padding is-layout-constrained wp-block-firsttracks-page-section-is-layout-constrained\">\n<h2 class=\"wp-block-heading alignwide\">Conventionnel<\/h2>\n\n\n\n<div class=\"wp-block-query alignwide is-grid-card is-layout-flow wp-block-query-is-layout-flow\"><ul class=\"columns-3 wp-block-post-template is-layout-grid wp-container-core-post-template-is-layout-1176169d wp-block-post-template-is-layout-grid\"><li class=\"wp-block-post post-29876 antech-product type-antech-product status-publish has-post-thumbnail hentry product-category-ct product-category-fixed service-area-imaging-equipment\">\n\n<div class=\"wp-block-group is-vertical is-layout-flex wp-container-core-group-is-layout-fe9cc265 wp-block-group-is-layout-flex\"><figure class=\"wp-block-post-featured-image\"><img loading=\"lazy\" decoding=\"async\" width=\"960\" height=\"700\" src=\"https:\/\/uat.antechdiagnostics.com\/wp-content\/uploads\/2025\/09\/revolution-maxima-hero.png\" class=\"attachment-post-thumbnail size-post-thumbnail wp-post-image\" alt=\"\" style=\"object-fit:cover;\" srcset=\"https:\/\/uat.antechdiagnostics.com\/wp-content\/uploads\/2025\/09\/revolution-maxima-hero.png 960w, https:\/\/uat.antechdiagnostics.com\/wp-content\/uploads\/2025\/09\/revolution-maxima-hero-300x219.png 300w, https:\/\/uat.antechdiagnostics.com\/wp-content\/uploads\/2025\/09\/revolution-maxima-hero-768x560.png 768w, https:\/\/uat.antechdiagnostics.com\/wp-content\/uploads\/2025\/09\/revolution-maxima-hero-16x12.png 16w\" sizes=\"auto, (max-width: 960px) 100vw, 960px\" \/><\/figure>\n\n<h3 class=\"is-style-title-2-primary-bold wp-block-post-title\">Revolution\u2122 Maxima CT<\/h3>\n\n<div class=\"wp-block-post-excerpt\"><p class=\"wp-block-post-excerpt__excerpt\">D\u00e9couvrez Revolution\u2122 Maxima de GE HealthCare, une solution de tomodensitom\u00e9trie avanc\u00e9e con\u00e7ue pour offrir l&#039;efficacit\u00e9, la pr\u00e9cision et la fiabilit\u00e9 dont votre pratique a besoin. Con\u00e7u pour l&#039;imagerie du corps entier chez les patients de toutes tailles, Revolution Maxima simplifie votre flux de travail tout en optimisant la fiabilit\u00e9 du diagnostic. Gr\u00e2ce \u00e0 son automatisation intelligente, sa faible dose d&#039;oxyg\u00e8ne et sa qualit\u00e9 d&#039;image exceptionnelle, ce syst\u00e8me vous permet de\u2026<\/p><p class=\"wp-block-post-excerpt__more-text\"><a class=\"wp-block-post-excerpt__more-link\" href=\"https:\/\/uat.antechdiagnostics.com\/fr_ca\/antech-product\/revolution-maxima-ct\/\">En savoir plus<\/a><\/p><\/div><\/div>\n\n<\/li><li class=\"wp-block-post post-3250 antech-product type-antech-product status-publish has-post-thumbnail hentry product-category-ct product-category-fixed service-area-imaging-equipment\">\n\n<div class=\"wp-block-group is-vertical is-layout-flex wp-container-core-group-is-layout-fe9cc265 wp-block-group-is-layout-flex\"><figure class=\"wp-block-post-featured-image\"><img loading=\"lazy\" decoding=\"async\" width=\"960\" height=\"700\" src=\"https:\/\/uat.antechdiagnostics.com\/wp-content\/uploads\/2025\/01\/revolution-act.png\" class=\"attachment-post-thumbnail size-post-thumbnail wp-post-image\" alt=\"\" style=\"object-fit:cover;\" srcset=\"https:\/\/uat.antechdiagnostics.com\/wp-content\/uploads\/2025\/01\/revolution-act.png 960w, https:\/\/uat.antechdiagnostics.com\/wp-content\/uploads\/2025\/01\/revolution-act-300x219.png 300w, https:\/\/uat.antechdiagnostics.com\/wp-content\/uploads\/2025\/01\/revolution-act-768x560.png 768w, https:\/\/uat.antechdiagnostics.com\/wp-content\/uploads\/2025\/01\/revolution-act-16x12.png 16w\" sizes=\"auto, (max-width: 960px) 100vw, 960px\" \/><\/figure>\n\n<h3 class=\"is-style-title-2-primary-bold wp-block-post-title\">Revolution\u00ae ACT<\/h3>\n\n<div class=\"wp-block-post-excerpt\"><p class=\"wp-block-post-excerpt__excerpt\">La technologie Fixed Revolution\u00ae ACT de GE HealthCare contribue \u00e0 am\u00e9liorer les soins aux patients en offrant qualit\u00e9 d&#039;image, s\u00e9curit\u00e9 des patients, rentabilit\u00e9 et applications avanc\u00e9es. Ces avanc\u00e9es reposent sur une multitude de technologies int\u00e9gr\u00e9es, largement exclusives.<\/p><p class=\"wp-block-post-excerpt__more-text\"><a class=\"wp-block-post-excerpt__more-link\" href=\"https:\/\/uat.antechdiagnostics.com\/fr_ca\/antech-product\/revolution-act\/\">En savoir plus<\/a><\/p><\/div><\/div>\n\n<\/li><\/ul><\/div>\n<\/div>\n\n\n\n<div class=\"wp-block-firsttracks-page-section alignfull is-section-grid has-global-padding is-layout-constrained wp-block-firsttracks-page-section-is-layout-constrained\">\n<h2 class=\"wp-block-heading alignwide\">Faisceau conique<\/h2>\n\n\n\n<div class=\"wp-block-query alignwide is-grid-card is-layout-flow wp-block-query-is-layout-flow\"><ul class=\"columns-3 wp-block-post-template is-layout-grid wp-container-core-post-template-is-layout-1176169d wp-block-post-template-is-layout-grid\"><li class=\"wp-block-post post-26189 antech-product type-antech-product status-publish has-post-thumbnail hentry product-category-cone-beam product-category-ct service-area-imaging-equipment\">\n\n<div class=\"wp-block-group is-vertical is-layout-flex wp-container-core-group-is-layout-fe9cc265 wp-block-group-is-layout-flex\"><figure class=\"wp-block-post-featured-image\"><img loading=\"lazy\" decoding=\"async\" width=\"960\" height=\"700\" src=\"https:\/\/uat.antechdiagnostics.com\/wp-content\/uploads\/2025\/01\/Clarius-v.png\" class=\"attachment-post-thumbnail size-post-thumbnail wp-post-image\" alt=\"\" style=\"object-fit:cover;\" srcset=\"https:\/\/uat.antechdiagnostics.com\/wp-content\/uploads\/2025\/01\/Clarius-v.png 960w, https:\/\/uat.antechdiagnostics.com\/wp-content\/uploads\/2025\/01\/Clarius-v-300x219.png 300w, https:\/\/uat.antechdiagnostics.com\/wp-content\/uploads\/2025\/01\/Clarius-v-768x560.png 768w, https:\/\/uat.antechdiagnostics.com\/wp-content\/uploads\/2025\/01\/Clarius-v-16x12.png 16w\" sizes=\"auto, (max-width: 960px) 100vw, 960px\" \/><\/figure>\n\n<h3 class=\"is-style-title-2-primary-bold wp-block-post-title\">Claris V\u00ae<\/h3>\n\n<div class=\"wp-block-post-excerpt\"><p class=\"wp-block-post-excerpt__excerpt\">Puissant. Mobile. \u00c9conomique.<\/p><p class=\"wp-block-post-excerpt__more-text\"><a class=\"wp-block-post-excerpt__more-link\" href=\"https:\/\/uat.antechdiagnostics.com\/fr_ca\/antech-product\/claris-v\/\">En savoir plus<\/a><\/p><\/div><\/div>\n\n<\/li><\/ul><\/div>\n<\/div>\n\n\n\n<div class=\"wp-block-firsttracks-page-section alignfull is-section-list is-style-section-8 is-list-text has-global-padding is-layout-constrained wp-block-firsttracks-page-section-is-layout-constrained\">\n<div class=\"wp-block-columns alignwide is-layout-flex wp-container-core-columns-is-layout-28f84493 wp-block-columns-is-layout-flex\">\n<div class=\"wp-block-column is-layout-flow wp-block-column-is-layout-flow\" style=\"flex-basis:50%\">\n<h2 class=\"wp-block-heading is-style-heading-2-primary-bold\">Planifiez votre prochain achat d\u2019\u00e9quipement en toute confiance.<\/h2>\n\n\n\n<h3 class=\"wp-block-heading is-style-body-secondary-bold\">T\u00e9l\u00e9chargez notre guide d&#039;achat CT<\/h3>\n\n\n\n<script charset=\"utf-8\" type=\"text\/javascript\" src=\"\/\/js.hsforms.net\/forms\/v2.js\"><\/script><br \/>\n<script>\n  hbspt.forms.create({\n    region: \"na1\",\n    portalId: \"3195779\",\n    formId: \"ecc88fd3-ad9f-4de0-8da1-12be740cc262\"\n  });\n<\/script>\n<\/div>\n\n\n\n<div class=\"wp-block-column is-layout-flow wp-block-column-is-layout-flow\" style=\"flex-basis:50%\">\n<figure class=\"wp-block-image size-full\"><img loading=\"lazy\" decoding=\"async\" width=\"800\" height=\"800\" src=\"\/wp-content\/uploads\/2025\/01\/ct-buyers-guide-thumb-2019.webp\" alt=\"\" class=\"wp-image-4570\" srcset=\"https:\/\/uat.antechdiagnostics.com\/wp-content\/uploads\/2025\/01\/ct-buyers-guide-thumb-2019.webp 800w, https:\/\/uat.antechdiagnostics.com\/wp-content\/uploads\/2025\/01\/ct-buyers-guide-thumb-2019-300x300.webp 300w, https:\/\/uat.antechdiagnostics.com\/wp-content\/uploads\/2025\/01\/ct-buyers-guide-thumb-2019-150x150.webp 150w, https:\/\/uat.antechdiagnostics.com\/wp-content\/uploads\/2025\/01\/ct-buyers-guide-thumb-2019-768x768.webp 768w, https:\/\/uat.antechdiagnostics.com\/wp-content\/uploads\/2025\/01\/ct-buyers-guide-thumb-2019-12x12.webp 12w, https:\/\/uat.antechdiagnostics.com\/wp-content\/uploads\/2025\/01\/ct-buyers-guide-thumb-2019-400x400.webp 400w, https:\/\/uat.antechdiagnostics.com\/wp-content\/uploads\/2025\/01\/ct-buyers-guide-thumb-2019-600x600.webp 600w\" sizes=\"auto, (max-width: 800px) 100vw, 800px\" \/><\/figure>\n<\/div>\n<\/div>\n<\/div>\n\n\n\n<div class=\"wp-block-firsttracks-page-section alignfull is-section-content has-global-padding is-layout-constrained wp-block-firsttracks-page-section-is-layout-constrained\">\n<h2 class=\"wp-block-heading alignwide\">Les leaders s\u2019associent aux leaders<\/h2>\n\n\n\n<div class=\"wp-block-columns alignwide is-layout-flex wp-container-core-columns-is-layout-28f84493 wp-block-columns-is-layout-flex\">\n<div class=\"wp-block-column is-layout-flow wp-block-column-is-layout-flow\" style=\"flex-basis:50%\">\n<figure class=\"wp-block-image size-full\"><img loading=\"lazy\" decoding=\"async\" width=\"371\" height=\"371\" src=\"\/wp-content\/uploads\/2025\/01\/image-6.png\" alt=\"\" class=\"wp-image-4713\" srcset=\"https:\/\/uat.antechdiagnostics.com\/wp-content\/uploads\/2025\/01\/image-6.png 371w, https:\/\/uat.antechdiagnostics.com\/wp-content\/uploads\/2025\/01\/image-6-300x300.png 300w, https:\/\/uat.antechdiagnostics.com\/wp-content\/uploads\/2025\/01\/image-6-150x150.png 150w, https:\/\/uat.antechdiagnostics.com\/wp-content\/uploads\/2025\/01\/image-6-12x12.png 12w\" sizes=\"auto, (max-width: 371px) 100vw, 371px\" \/><\/figure>\n\n\n\n<h2 class=\"wp-block-heading is-style-heading-3-primary-bold\">Partenaire v\u00e9t\u00e9rinaire exclusif de GE HealthCare aux \u00c9tats-Unis depuis 2001<\/h2>\n\n\n\n<p>Images exceptionnelles. Syst\u00e8mes sp\u00e9cialis\u00e9s. Solutions innovantes. Chaque syst\u00e8me d'imagerie GE HealthCare est con\u00e7u en pensant \u00e0 vous, \u00e0 votre sp\u00e9cialit\u00e9 et \u00e0 vos patients. Vous vous engagez \u00e0 offrir les meilleurs soins possibles. Nous nous engageons \u00e0 vous fournir des technologies qui vous permettent d'exceller au quotidien.<\/p>\n<\/div>\n\n\n\n<div class=\"wp-block-column is-layout-flow wp-block-column-is-layout-flow\" style=\"flex-basis:50%\">\n<figure class=\"wp-block-image size-full\"><img loading=\"lazy\" decoding=\"async\" width=\"294\" height=\"40\" src=\"\/wp-content\/uploads\/2025\/01\/NeuroLogica-Logo_WhitewBlueCircle-1-1.webp\" alt=\"\" class=\"wp-image-4795\" srcset=\"https:\/\/uat.antechdiagnostics.com\/wp-content\/uploads\/2025\/01\/NeuroLogica-Logo_WhitewBlueCircle-1-1.webp 294w, https:\/\/uat.antechdiagnostics.com\/wp-content\/uploads\/2025\/01\/NeuroLogica-Logo_WhitewBlueCircle-1-1-18x2.webp 18w\" sizes=\"auto, (max-width: 294px) 100vw, 294px\" \/><\/figure>\n\n\n\n<h2 class=\"wp-block-heading is-style-heading-3-primary-bold\">NeuroLogica Corporation<\/h2>\n\n\n\n<p>NeuroLogica Corporation, filiale de Samsung Electronics, est sp\u00e9cialis\u00e9e dans le d\u00e9veloppement, la production et la distribution de scanners de tomodensitom\u00e9trie (TDM) destin\u00e9s aux soins de proximit\u00e9 pour les \u00e9tablissements et les cabinets m\u00e9dicaux du monde entier. NeuroLogica a \u00e9t\u00e9 fond\u00e9e en 2004 dans la r\u00e9gion m\u00e9tropolitaine de Boston, o\u00f9 l'entreprise est toujours pr\u00e9sente aujourd'hui.<\/p>\n<\/div>\n<\/div>\n<\/div>\n\n\n\n<div class=\"wp-block-firsttracks-page-section alignfull is-section-list is-list-text is-style-section-3 has-global-padding is-layout-constrained wp-block-firsttracks-page-section-is-layout-constrained\">\n<div class=\"wp-block-columns alignwide is-layout-flex wp-container-core-columns-is-layout-28f84493 wp-block-columns-is-layout-flex\">\n<div class=\"wp-block-column is-layout-flow wp-block-column-is-layout-flow\" style=\"flex-basis:50%\">\n<h2 class=\"wp-block-heading is-style-heading-2-primary-bold\">Vous avez des questions sur la tomodensitom\u00e9trie ?<\/h2>\n\n\n\n<p class=\"is-style-label-2-secondary-small-regular\">Remplissez le formulaire et un repr\u00e9sentant d'Antech vous contactera.<\/p>\n<\/div>\n\n\n\n<div class=\"wp-block-column is-layout-flow wp-block-column-is-layout-flow\" style=\"flex-basis:50%\">\n<p><\/p>\n\n\n\n<div class=\"wp-block-leadin-hubspot-form-block\">\n\t\t\t<div\n\t\t\tclass=\"hs-form-frame\"\n\t\t\tdata-region=\"na1\"\n\t\t\tdata-form-id=\"391f752b-ae97-49db-aacb-83f2dc98a1f1\"\n\t\t\tdata-portal-id=\"4747723\"\n\t\t\t >\n\t\t\t<\/div>\n\t\t\t<\/div>\n<\/div>\n<\/div>\n<\/div>\n\n\n\n<p><\/p>","protected":false},"excerpt":{"rendered":"","protected":false},"author":5,"featured_media":0,"parent":13,"menu_order":5,"comment_status":"closed","ping_status":"closed","template":"","meta":{"_acf_changed":false,"content-type":"","footnotes":""},"service-area":[41],"class_list":["post-97","page","type-page","status-publish","hentry","service-area-imaging-equipment"],"acf":[],"publishpress_future_action":{"enabled":false,"date":"2026-05-13 09:07:32","action":"change-status","newStatus":"draft","terms":[],"taxonomy":"service-area","extraData":[]},"publishpress_future_workflow_manual_trigger":{"enabledWorkflows":[]},"_links":{"self":[{"href":"https:\/\/uat.antechdiagnostics.com\/fr_ca\/wp-json\/wp\/v2\/pages\/97","targetHints":{"allow":["GET"]}}],"collection":[{"href":"https:\/\/uat.antechdiagnostics.com\/fr_ca\/wp-json\/wp\/v2\/pages"}],"about":[{"href":"https:\/\/uat.antechdiagnostics.com\/fr_ca\/wp-json\/wp\/v2\/types\/page"}],"author":[{"embeddable":true,"href":"https:\/\/uat.antechdiagnostics.com\/fr_ca\/wp-json\/wp\/v2\/users\/5"}],"replies":[{"embeddable":true,"href":"https:\/\/uat.antechdiagnostics.com\/fr_ca\/wp-json\/wp\/v2\/comments?post=97"}],"version-history":[{"count":0,"href":"https:\/\/uat.antechdiagnostics.com\/fr_ca\/wp-json\/wp\/v2\/pages\/97\/revisions"}],"up":[{"embeddable":true,"href":"https:\/\/uat.antechdiagnostics.com\/fr_ca\/wp-json\/wp\/v2\/pages\/13"}],"wp:attachment":[{"href":"https:\/\/uat.antechdiagnostics.com\/fr_ca\/wp-json\/wp\/v2\/media?parent=97"}],"wp:term":[{"taxonomy":"service-area","embeddable":true,"href":"https:\/\/uat.antechdiagnostics.com\/fr_ca\/wp-json\/wp\/v2\/service-area?post=97"}],"curies":[{"name":"wp","href":"https:\/\/api.w.org\/{rel}","templated":true}]}}